{"id":15350,"date":"2021-03-20T01:39:37","date_gmt":"2020-07-09T15:04:37","guid":{"rendered":"https:\/\/colourofstone.com\/shop\/bez-kategorii\/rosso-alicante\/"},"modified":"2023-02-11T10:20:41","modified_gmt":"2023-02-11T10:20:41","slug":"rosso-alicante","status":"publish","type":"product","link":"https:\/\/colourofstone.com\/pl\/shop\/kamienia-naturalnego\/plytki\/rosso-alicante\/","title":{"rendered":"Rosso Alicante"},"content":{"rendered":"<p>Rosso Alicante jest drobnoziarnistym czerwonym marmurem z jasnymi \u017cy\u0142kami. Rosso Alicante doskonale nadaje si\u0119 do eleganckiego stylu wn\u0119trza. Ten hiszpa\u0144ski kamie\u0144 naturalny jest wydobywany w r\u00f3\u017cnych kamienio\u0142omach, mi\u0119dzy innymi w La Romana, w pobli\u017cu Novelda, w okolicach Alicante.<\/p>\n<p>&nbsp;<\/p>\n<p>Ten naturalny kamie\u0144 nie jest odporny na mr\u00f3z i kwasy. Doskonale nadaje si\u0119 do stosowania wewn\u0105trz pomieszcze\u0144. Dzi\u0119ki odpowiedniej wra\u017cliwo\u015bci i wiedzy, ten naturalny kamie\u0144 mo\u017ce by\u0107 wykorzystywany r\u00f3wnie\u017c w innych dziedzinach.<\/p>\n\n        <script>\n        function toggleInchInfo(el) {\n            const infoBox = el.nextElementSibling;\n            if (infoBox.style.display === \"none\") {\n                infoBox.style.display = \"inline\";\n            } else {\n                infoBox.style.display = \"none\";\n            }\n        }\n        <\/script>\n        <style>\n            .cm-info {\n                cursor: pointer;\n                color: #0073aa;\n                font-weight: bold;\n                margin-left: 4px;\n            }\n            .inch-info {\n                display: none;\n                background: #f8f8f8;\n                border: 1px solid #ccc;\n                padding: 4px 8px;\n                margin-left: 5px;\n                font-size: 0.9em;\n                border-radius: 4px;\n            }\n        <\/style>","protected":false},"excerpt":{"rendered":"<p>Rosso Alicante jest drobnoziarnistym czerwonym marmurem z jasnymi \u017cy\u0142kami. Rosso Alicante doskonale nadaje si\u0119 do eleganckiego stylu wn\u0119trza. Ten hiszpa\u0144ski kamie\u0144 naturalny jest wydobywany w r\u00f3\u017cnych kamienio\u0142omach, mi\u0119dzy innymi w La Romana, w pobli\u017cu Novelda, w okolicach Alicante. &nbsp; Ten naturalny kamie\u0144 nie jest odporny na mr\u00f3z i kwasy. Doskonale nadaje si\u0119 do stosowania wewn\u0105trz <a href=\"https:\/\/colourofstone.com\/pl\/shop\/kamienia-naturalnego\/plytki\/rosso-alicante\/\" class=\"more-link\">&#8230;<\/a><\/p>\n","protected":false},"featured_media":28679,"template":"","meta":[],"product_brand":[],"product_cat":[613],"product_tag":[1071],"class_list":{"0":"post-15350","1":"product","2":"type-product","3":"status-publish","4":"has-post-thumbnail","6":"product_cat-plytki","7":"product_tag-rojo-alicante-pl","8":"pa_farbe-czerwony","9":"pa_farbe-ciemny","10":"pa_masseinheit-305-x-305-cm","11":"pa_masseinheit-61-x-305-cm","12":"pa_masseinheit-40-x-40-cm","13":"pa_masseinheit-457-x-457-cm","14":"pa_masseinheit-60-x-40-cm","15":"pa_masseinheit-60-x-60-cm","16":"pa_material-marmur","17":"pa_oberflaeche-wypolerowana","18":"pa_oberflaeche-wyszlifowana","19":"pa_oberflaeche-wyszczotkowana","21":"first","22":"instock","23":"taxable","24":"shipping-taxable","25":"purchasable","26":"product-type-variable","27":"has-default-attributes"},"yoast_head":"<!-- This site is optimized with the Yoast SEO plugin v27.3 - https:\/\/yoast.com\/product\/yoast-seo-wordpress\/ -->\n<title>Rosso Alicante - Marmur Plytki bezp\u0142atny transport - Colour of Stone<\/title>\n<meta name=\"description\" content=\"Rosso Alicante jest drobnoziarnistym czerwonym marmurem z jasnymi \u017cy\u0142kami. Rosso Alicante doskonale nadaje si\u0119 do eleganckiego stylu wn\u0119trza. Ten ...\" \/>\n<meta name=\"robots\" content=\"index, follow, max-snippet:-1, max-image-preview:large, max-video-preview:-1\" \/>\n<link rel=\"canonical\" href=\"https:\/\/colourofstone.com\/pl\/shop\/kamienia-naturalnego\/plytki\/rosso-alicante\/\" \/>\n<meta property=\"og:locale\" content=\"pl_PL\" \/>\n<meta property=\"og:type\" content=\"article\" \/>\n<meta property=\"og:title\" content=\"Rosso Alicante - Marmur Plytki bezp\u0142atny transport - Colour of Stone\" \/>\n<meta property=\"og:description\" content=\"Rosso Alicante jest drobnoziarnistym czerwonym marmurem z jasnymi \u017cy\u0142kami. Rosso Alicante doskonale nadaje si\u0119 do eleganckiego stylu wn\u0119trza. Ten ...\" \/>\n<meta property=\"og:url\" content=\"https:\/\/colourofstone.com\/pl\/shop\/kamienia-naturalnego\/plytki\/rosso-alicante\/\" \/>\n<meta property=\"og:site_name\" content=\"Colour of Stone\" \/>\n<meta property=\"article:modified_time\" content=\"2023-02-11T10:20:41+00:00\" \/>\n<meta property=\"og:image\" content=\"https:\/\/colourofstone.com\/wp-content\/uploads\/RossoAlicante1.jpg\" \/>\n\t<meta property=\"og:image:width\" content=\"1600\" \/>\n\t<meta property=\"og:image:height\" content=\"1600\" \/>\n\t<meta property=\"og:image:type\" content=\"image\/jpeg\" \/>\n<meta name=\"twitter:card\" content=\"summary_large_image\" \/>\n<meta name=\"twitter:label1\" content=\"Szacowany czas czytania\" \/>\n\t<meta name=\"twitter:data1\" content=\"1 minuta\" \/>\n<script type=\"application\/ld+json\" class=\"yoast-schema-graph\">{\"@context\":\"https:\\\/\\\/schema.org\",\"@graph\":[{\"@type\":\"WebPage\",\"@id\":\"https:\\\/\\\/colourofstone.com\\\/pl\\\/shop\\\/kamienia-naturalnego\\\/plytki\\\/rosso-alicante\\\/\",\"url\":\"https:\\\/\\\/colourofstone.com\\\/pl\\\/shop\\\/kamienia-naturalnego\\\/plytki\\\/rosso-alicante\\\/\",\"name\":\"Rosso Alicante - Marmur Plytki bezp\u0142atny transport - Colour of Stone\",\"isPartOf\":{\"@id\":\"https:\\\/\\\/colourofstone.com\\\/pl\\\/#website\"},\"primaryImageOfPage\":{\"@id\":\"https:\\\/\\\/colourofstone.com\\\/pl\\\/shop\\\/kamienia-naturalnego\\\/plytki\\\/rosso-alicante\\\/#primaryimage\"},\"image\":{\"@id\":\"https:\\\/\\\/colourofstone.com\\\/pl\\\/shop\\\/kamienia-naturalnego\\\/plytki\\\/rosso-alicante\\\/#primaryimage\"},\"thumbnailUrl\":\"https:\\\/\\\/colourofstone.com\\\/wp-content\\\/uploads\\\/RossoAlicante1.jpg\",\"datePublished\":\"2020-07-09T15:04:37+00:00\",\"dateModified\":\"2023-02-11T10:20:41+00:00\",\"description\":\"Rosso Alicante jest drobnoziarnistym czerwonym marmurem z jasnymi \u017cy\u0142kami. Rosso Alicante doskonale nadaje si\u0119 do eleganckiego stylu wn\u0119trza. Ten ...\",\"breadcrumb\":{\"@id\":\"https:\\\/\\\/colourofstone.com\\\/pl\\\/shop\\\/kamienia-naturalnego\\\/plytki\\\/rosso-alicante\\\/#breadcrumb\"},\"inLanguage\":\"pl-PL\",\"potentialAction\":[{\"@type\":\"ReadAction\",\"target\":[\"https:\\\/\\\/colourofstone.com\\\/pl\\\/shop\\\/kamienia-naturalnego\\\/plytki\\\/rosso-alicante\\\/\"]}]},{\"@type\":\"ImageObject\",\"inLanguage\":\"pl-PL\",\"@id\":\"https:\\\/\\\/colourofstone.com\\\/pl\\\/shop\\\/kamienia-naturalnego\\\/plytki\\\/rosso-alicante\\\/#primaryimage\",\"url\":\"https:\\\/\\\/colourofstone.com\\\/wp-content\\\/uploads\\\/RossoAlicante1.jpg\",\"contentUrl\":\"https:\\\/\\\/colourofstone.com\\\/wp-content\\\/uploads\\\/RossoAlicante1.jpg\",\"width\":1600,\"height\":1600,\"caption\":\"Rosso Alicante\"},{\"@type\":\"BreadcrumbList\",\"@id\":\"https:\\\/\\\/colourofstone.com\\\/pl\\\/shop\\\/kamienia-naturalnego\\\/plytki\\\/rosso-alicante\\\/#breadcrumb\",\"itemListElement\":[{\"@type\":\"ListItem\",\"position\":1,\"name\":\"Home\",\"item\":\"https:\\\/\\\/colourofstone.com\\\/pl\\\/\"},{\"@type\":\"ListItem\",\"position\":2,\"name\":\"Shop\",\"item\":\"https:\\\/\\\/colourofstone.com\\\/pl\\\/shop\\\/\"},{\"@type\":\"ListItem\",\"position\":3,\"name\":\"Marmur\",\"item\":\"https:\\\/\\\/colourofstone.com\\\/pl\\\/material\\\/marmur\\\/\"},{\"@type\":\"ListItem\",\"position\":4,\"name\":\"Rosso Alicante\"}]},{\"@type\":\"WebSite\",\"@id\":\"https:\\\/\\\/colourofstone.com\\\/pl\\\/#website\",\"url\":\"https:\\\/\\\/colourofstone.com\\\/pl\\\/\",\"name\":\"Colour of Stone\",\"description\":\"Fliesen, Haus und Garten Produkte aus Naturstein - Online Shop\",\"publisher\":{\"@id\":\"https:\\\/\\\/colourofstone.com\\\/pl\\\/#organization\"},\"potentialAction\":[{\"@type\":\"SearchAction\",\"target\":{\"@type\":\"EntryPoint\",\"urlTemplate\":\"https:\\\/\\\/colourofstone.com\\\/pl\\\/?s={search_term_string}\"},\"query-input\":{\"@type\":\"PropertyValueSpecification\",\"valueRequired\":true,\"valueName\":\"search_term_string\"}}],\"inLanguage\":\"pl-PL\"},{\"@type\":\"Organization\",\"@id\":\"https:\\\/\\\/colourofstone.com\\\/pl\\\/#organization\",\"name\":\"Colour of Stone GmbH\",\"url\":\"https:\\\/\\\/colourofstone.com\\\/pl\\\/\",\"logo\":{\"@type\":\"ImageObject\",\"inLanguage\":\"pl-PL\",\"@id\":\"https:\\\/\\\/colourofstone.com\\\/pl\\\/#\\\/schema\\\/logo\\\/image\\\/\",\"url\":\"https:\\\/\\\/colourofstone.com\\\/wp-content\\\/uploads\\\/99FC1526-DF3B-44F1-9816-9278D3194252-scaled.jpeg\",\"contentUrl\":\"https:\\\/\\\/colourofstone.com\\\/wp-content\\\/uploads\\\/99FC1526-DF3B-44F1-9816-9278D3194252-scaled.jpeg\",\"width\":2125,\"height\":2560,\"caption\":\"Colour of Stone GmbH\"},\"image\":{\"@id\":\"https:\\\/\\\/colourofstone.com\\\/pl\\\/#\\\/schema\\\/logo\\\/image\\\/\"},\"sameAs\":[\"https:\\\/\\\/www.instagram.com\\\/colourofstone\\\/\"]}]}<\/script>\n<!-- \/ Yoast SEO plugin. -->","yoast_head_json":{"title":"Rosso Alicante - Marmur Plytki bezp\u0142atny transport - Colour of Stone","description":"Rosso Alicante jest drobnoziarnistym czerwonym marmurem z jasnymi \u017cy\u0142kami. Rosso Alicante doskonale nadaje si\u0119 do eleganckiego stylu wn\u0119trza. Ten ...","robots":{"index":"index","follow":"follow","max-snippet":"max-snippet:-1","max-image-preview":"max-image-preview:large","max-video-preview":"max-video-preview:-1"},"canonical":"https:\/\/colourofstone.com\/pl\/shop\/kamienia-naturalnego\/plytki\/rosso-alicante\/","og_locale":"pl_PL","og_type":"article","og_title":"Rosso Alicante - Marmur Plytki bezp\u0142atny transport - Colour of Stone","og_description":"Rosso Alicante jest drobnoziarnistym czerwonym marmurem z jasnymi \u017cy\u0142kami. Rosso Alicante doskonale nadaje si\u0119 do eleganckiego stylu wn\u0119trza. Ten ...","og_url":"https:\/\/colourofstone.com\/pl\/shop\/kamienia-naturalnego\/plytki\/rosso-alicante\/","og_site_name":"Colour of Stone","article_modified_time":"2023-02-11T10:20:41+00:00","og_image":[{"width":1600,"height":1600,"url":"https:\/\/colourofstone.com\/wp-content\/uploads\/RossoAlicante1.jpg","type":"image\/jpeg"}],"twitter_card":"summary_large_image","twitter_misc":{"Szacowany czas czytania":"1 minuta"},"schema":{"@context":"https:\/\/schema.org","@graph":[{"@type":"WebPage","@id":"https:\/\/colourofstone.com\/pl\/shop\/kamienia-naturalnego\/plytki\/rosso-alicante\/","url":"https:\/\/colourofstone.com\/pl\/shop\/kamienia-naturalnego\/plytki\/rosso-alicante\/","name":"Rosso Alicante - Marmur Plytki bezp\u0142atny transport - Colour of Stone","isPartOf":{"@id":"https:\/\/colourofstone.com\/pl\/#website"},"primaryImageOfPage":{"@id":"https:\/\/colourofstone.com\/pl\/shop\/kamienia-naturalnego\/plytki\/rosso-alicante\/#primaryimage"},"image":{"@id":"https:\/\/colourofstone.com\/pl\/shop\/kamienia-naturalnego\/plytki\/rosso-alicante\/#primaryimage"},"thumbnailUrl":"https:\/\/colourofstone.com\/wp-content\/uploads\/RossoAlicante1.jpg","datePublished":"2020-07-09T15:04:37+00:00","dateModified":"2023-02-11T10:20:41+00:00","description":"Rosso Alicante jest drobnoziarnistym czerwonym marmurem z jasnymi \u017cy\u0142kami. Rosso Alicante doskonale nadaje si\u0119 do eleganckiego stylu wn\u0119trza. Ten ...","breadcrumb":{"@id":"https:\/\/colourofstone.com\/pl\/shop\/kamienia-naturalnego\/plytki\/rosso-alicante\/#breadcrumb"},"inLanguage":"pl-PL","potentialAction":[{"@type":"ReadAction","target":["https:\/\/colourofstone.com\/pl\/shop\/kamienia-naturalnego\/plytki\/rosso-alicante\/"]}]},{"@type":"ImageObject","inLanguage":"pl-PL","@id":"https:\/\/colourofstone.com\/pl\/shop\/kamienia-naturalnego\/plytki\/rosso-alicante\/#primaryimage","url":"https:\/\/colourofstone.com\/wp-content\/uploads\/RossoAlicante1.jpg","contentUrl":"https:\/\/colourofstone.com\/wp-content\/uploads\/RossoAlicante1.jpg","width":1600,"height":1600,"caption":"Rosso Alicante"},{"@type":"BreadcrumbList","@id":"https:\/\/colourofstone.com\/pl\/shop\/kamienia-naturalnego\/plytki\/rosso-alicante\/#breadcrumb","itemListElement":[{"@type":"ListItem","position":1,"name":"Home","item":"https:\/\/colourofstone.com\/pl\/"},{"@type":"ListItem","position":2,"name":"Shop","item":"https:\/\/colourofstone.com\/pl\/shop\/"},{"@type":"ListItem","position":3,"name":"Marmur","item":"https:\/\/colourofstone.com\/pl\/material\/marmur\/"},{"@type":"ListItem","position":4,"name":"Rosso Alicante"}]},{"@type":"WebSite","@id":"https:\/\/colourofstone.com\/pl\/#website","url":"https:\/\/colourofstone.com\/pl\/","name":"Colour of Stone","description":"Fliesen, Haus und Garten Produkte aus Naturstein - Online Shop","publisher":{"@id":"https:\/\/colourofstone.com\/pl\/#organization"},"potentialAction":[{"@type":"SearchAction","target":{"@type":"EntryPoint","urlTemplate":"https:\/\/colourofstone.com\/pl\/?s={search_term_string}"},"query-input":{"@type":"PropertyValueSpecification","valueRequired":true,"valueName":"search_term_string"}}],"inLanguage":"pl-PL"},{"@type":"Organization","@id":"https:\/\/colourofstone.com\/pl\/#organization","name":"Colour of Stone GmbH","url":"https:\/\/colourofstone.com\/pl\/","logo":{"@type":"ImageObject","inLanguage":"pl-PL","@id":"https:\/\/colourofstone.com\/pl\/#\/schema\/logo\/image\/","url":"https:\/\/colourofstone.com\/wp-content\/uploads\/99FC1526-DF3B-44F1-9816-9278D3194252-scaled.jpeg","contentUrl":"https:\/\/colourofstone.com\/wp-content\/uploads\/99FC1526-DF3B-44F1-9816-9278D3194252-scaled.jpeg","width":2125,"height":2560,"caption":"Colour of Stone GmbH"},"image":{"@id":"https:\/\/colourofstone.com\/pl\/#\/schema\/logo\/image\/"},"sameAs":["https:\/\/www.instagram.com\/colourofstone\/"]}]}},"_links":{"self":[{"href":"https:\/\/colourofstone.com\/pl\/wp-json\/wp\/v2\/product\/15350","targetHints":{"allow":["GET"]}}],"collection":[{"href":"https:\/\/colourofstone.com\/pl\/wp-json\/wp\/v2\/product"}],"about":[{"href":"https:\/\/colourofstone.com\/pl\/wp-json\/wp\/v2\/types\/product"}],"wp:featuredmedia":[{"embeddable":true,"href":"https:\/\/colourofstone.com\/pl\/wp-json\/wp\/v2\/media\/28679"}],"wp:attachment":[{"href":"https:\/\/colourofstone.com\/pl\/wp-json\/wp\/v2\/media?parent=15350"}],"wp:term":[{"taxonomy":"product_brand","embeddable":true,"href":"https:\/\/colourofstone.com\/pl\/wp-json\/wp\/v2\/product_brand?post=15350"},{"taxonomy":"product_cat","embeddable":true,"href":"https:\/\/colourofstone.com\/pl\/wp-json\/wp\/v2\/product_cat?post=15350"},{"taxonomy":"product_tag","embeddable":true,"href":"https:\/\/colourofstone.com\/pl\/wp-json\/wp\/v2\/product_tag?post=15350"}],"curies":[{"name":"wp","href":"https:\/\/api.w.org\/{rel}","templated":true}]}}