{"id":15815,"date":"2021-03-20T01:54:20","date_gmt":"2020-08-06T14:49:20","guid":{"rendered":"https:\/\/colourofstone.com\/shop\/bez-kategorii\/travertino-rosso\/"},"modified":"2023-02-10T06:01:45","modified_gmt":"2023-02-10T06:01:45","slug":"travertino-rosso","status":"publish","type":"product","link":"https:\/\/colourofstone.com\/pl\/shop\/kamienia-naturalnego\/plytki\/travertino-rosso\/","title":{"rendered":"Travertino Rosso (wype\u0142niony)"},"content":{"rendered":"<p>Travertino Rosso, dzi\u0119ki swoim jasnym i ciemniejszym czerwonawym ziarnom, oferuje szeroki wachlarz mo\u017cliwo\u015bci projektowania. Jego indywidualny wygl\u0105d oferuje Travertino Rosso bardzo zr\u00f3\u017cnicowany zakres zastosowa\u0144. Otwarte pory s\u0105 zacieraj\u0105ce. Ten trawertyn jest wydobywany w Iranie w pobli\u017cu Azarshahr.<\/p>\n<p>&nbsp;<\/p>\n<p>Trawertyn jest zawsze dostarczany wype\u0142niony. Zapytania o trawertyn z otwartymi porami mo\u017cna wysy\u0142a\u0107 poczt\u0105.<\/p>\n<p>&nbsp;<\/p>\n<p>Ten naturalny kamie\u0144 nie jest odporny na mr\u00f3z i kwasy. Doskonale nadaje si\u0119 do u\u017cytku wewn\u0119trznego. Dzi\u0119ki odpowiedniej wra\u017cliwo\u015bci i wiedzy, ten naturalny kamie\u0144 mo\u017ce by\u0107 wykorzystywany r\u00f3wnie\u017c w innych dziedzinach.<\/p>\n\n        <script>\n        function toggleInchInfo(el) {\n            const infoBox = el.nextElementSibling;\n            if (infoBox.style.display === \"none\") {\n                infoBox.style.display = \"inline\";\n            } else {\n                infoBox.style.display = \"none\";\n            }\n        }\n        <\/script>\n        <style>\n            .cm-info {\n                cursor: pointer;\n                color: #0073aa;\n                font-weight: bold;\n                margin-left: 4px;\n            }\n            .inch-info {\n                display: none;\n                background: #f8f8f8;\n                border: 1px solid #ccc;\n                padding: 4px 8px;\n                margin-left: 5px;\n                font-size: 0.9em;\n                border-radius: 4px;\n            }\n        <\/style>","protected":false},"excerpt":{"rendered":"<p>Travertino Rosso, dzi\u0119ki swoim jasnym i ciemniejszym czerwonawym ziarnom, oferuje szeroki wachlarz mo\u017cliwo\u015bci projektowania. Jego indywidualny wygl\u0105d oferuje Travertino Rosso bardzo zr\u00f3\u017cnicowany zakres zastosowa\u0144. Otwarte pory s\u0105 zacieraj\u0105ce. Ten trawertyn jest wydobywany w Iranie w pobli\u017cu Azarshahr. &nbsp; Trawertyn jest zawsze dostarczany wype\u0142niony. Zapytania o trawertyn z otwartymi porami mo\u017cna wysy\u0142a\u0107 poczt\u0105. &nbsp; Ten naturalny <a href=\"https:\/\/colourofstone.com\/pl\/shop\/kamienia-naturalnego\/plytki\/travertino-rosso\/\" class=\"more-link\">&#8230;<\/a><\/p>\n","protected":false},"featured_media":29085,"template":"","meta":[],"product_brand":[],"product_cat":[613],"product_tag":[],"class_list":{"0":"post-15815","1":"product","2":"type-product","3":"status-publish","4":"has-post-thumbnail","6":"product_cat-plytki","7":"pa_farbe-czerwony","8":"pa_farbe-ciemny","9":"pa_farbe-jasny","10":"pa_masseinheit-305-x-305-cm","11":"pa_masseinheit-61-x-305-cm","12":"pa_masseinheit-40-x-40-cm","13":"pa_masseinheit-457-x-457-cm","14":"pa_masseinheit-60-x-40-cm","15":"pa_masseinheit-60-x-60-cm","16":"pa_material-trawertyn","17":"pa_oberflaeche-wypolerowana","18":"pa_oberflaeche-wyszlifowana","19":"pa_oberflaeche-wyszczotkowana","21":"first","22":"instock","23":"taxable","24":"shipping-taxable","25":"purchasable","26":"product-type-variable","27":"has-default-attributes"},"yoast_head":"<!-- This site is optimized with the Yoast SEO plugin v27.3 - https:\/\/yoast.com\/product\/yoast-seo-wordpress\/ -->\n<title>Travertino Rosso (wype\u0142niony) - Trawertyn Plytki bezp\u0142atny transport - Colour of Stone<\/title>\n<meta name=\"description\" content=\"Travertino Rosso, dzi\u0119ki swoim jasnym i ciemniejszym czerwonawym ziarnom, oferuje szeroki wachlarz mo\u017cliwo\u015bci projektowania. Jego indywidualny wygl\u0105d ...\" \/>\n<meta name=\"robots\" content=\"index, follow, max-snippet:-1, max-image-preview:large, max-video-preview:-1\" \/>\n<link rel=\"canonical\" href=\"https:\/\/colourofstone.com\/pl\/shop\/kamienia-naturalnego\/plytki\/travertino-rosso\/\" \/>\n<meta property=\"og:locale\" content=\"pl_PL\" \/>\n<meta property=\"og:type\" content=\"article\" \/>\n<meta property=\"og:title\" content=\"Travertino Rosso (wype\u0142niony) - Trawertyn Plytki bezp\u0142atny transport - Colour of Stone\" \/>\n<meta property=\"og:description\" content=\"Travertino Rosso, dzi\u0119ki swoim jasnym i ciemniejszym czerwonawym ziarnom, oferuje szeroki wachlarz mo\u017cliwo\u015bci projektowania. Jego indywidualny wygl\u0105d ...\" \/>\n<meta property=\"og:url\" content=\"https:\/\/colourofstone.com\/pl\/shop\/kamienia-naturalnego\/plytki\/travertino-rosso\/\" \/>\n<meta property=\"og:site_name\" content=\"Colour of Stone\" \/>\n<meta property=\"article:modified_time\" content=\"2023-02-10T06:01:45+00:00\" \/>\n<meta property=\"og:image\" content=\"https:\/\/colourofstone.com\/wp-content\/uploads\/Travertino-Rosso-901_1-1024x1024.jpg\" \/>\n\t<meta property=\"og:image:width\" content=\"1024\" \/>\n\t<meta property=\"og:image:height\" content=\"1024\" \/>\n\t<meta property=\"og:image:type\" content=\"image\/jpeg\" \/>\n<meta name=\"twitter:card\" content=\"summary_large_image\" \/>\n<meta name=\"twitter:label1\" content=\"Szacowany czas czytania\" \/>\n\t<meta name=\"twitter:data1\" content=\"1 minuta\" \/>\n<script type=\"application\/ld+json\" class=\"yoast-schema-graph\">{\"@context\":\"https:\\\/\\\/schema.org\",\"@graph\":[{\"@type\":\"WebPage\",\"@id\":\"https:\\\/\\\/colourofstone.com\\\/pl\\\/shop\\\/kamienia-naturalnego\\\/plytki\\\/travertino-rosso\\\/\",\"url\":\"https:\\\/\\\/colourofstone.com\\\/pl\\\/shop\\\/kamienia-naturalnego\\\/plytki\\\/travertino-rosso\\\/\",\"name\":\"Travertino Rosso (wype\u0142niony) - Trawertyn Plytki bezp\u0142atny transport - Colour of Stone\",\"isPartOf\":{\"@id\":\"https:\\\/\\\/colourofstone.com\\\/pl\\\/#website\"},\"primaryImageOfPage\":{\"@id\":\"https:\\\/\\\/colourofstone.com\\\/pl\\\/shop\\\/kamienia-naturalnego\\\/plytki\\\/travertino-rosso\\\/#primaryimage\"},\"image\":{\"@id\":\"https:\\\/\\\/colourofstone.com\\\/pl\\\/shop\\\/kamienia-naturalnego\\\/plytki\\\/travertino-rosso\\\/#primaryimage\"},\"thumbnailUrl\":\"https:\\\/\\\/colourofstone.com\\\/wp-content\\\/uploads\\\/Travertino-Rosso-901_1.jpg\",\"datePublished\":\"2020-08-06T14:49:20+00:00\",\"dateModified\":\"2023-02-10T06:01:45+00:00\",\"description\":\"Travertino Rosso, dzi\u0119ki swoim jasnym i ciemniejszym czerwonawym ziarnom, oferuje szeroki wachlarz mo\u017cliwo\u015bci projektowania. Jego indywidualny wygl\u0105d ...\",\"breadcrumb\":{\"@id\":\"https:\\\/\\\/colourofstone.com\\\/pl\\\/shop\\\/kamienia-naturalnego\\\/plytki\\\/travertino-rosso\\\/#breadcrumb\"},\"inLanguage\":\"pl-PL\",\"potentialAction\":[{\"@type\":\"ReadAction\",\"target\":[\"https:\\\/\\\/colourofstone.com\\\/pl\\\/shop\\\/kamienia-naturalnego\\\/plytki\\\/travertino-rosso\\\/\"]}]},{\"@type\":\"ImageObject\",\"inLanguage\":\"pl-PL\",\"@id\":\"https:\\\/\\\/colourofstone.com\\\/pl\\\/shop\\\/kamienia-naturalnego\\\/plytki\\\/travertino-rosso\\\/#primaryimage\",\"url\":\"https:\\\/\\\/colourofstone.com\\\/wp-content\\\/uploads\\\/Travertino-Rosso-901_1.jpg\",\"contentUrl\":\"https:\\\/\\\/colourofstone.com\\\/wp-content\\\/uploads\\\/Travertino-Rosso-901_1.jpg\",\"width\":1600,\"height\":1600,\"caption\":\"Travertino Rosso\"},{\"@type\":\"BreadcrumbList\",\"@id\":\"https:\\\/\\\/colourofstone.com\\\/pl\\\/shop\\\/kamienia-naturalnego\\\/plytki\\\/travertino-rosso\\\/#breadcrumb\",\"itemListElement\":[{\"@type\":\"ListItem\",\"position\":1,\"name\":\"Home\",\"item\":\"https:\\\/\\\/colourofstone.com\\\/pl\\\/\"},{\"@type\":\"ListItem\",\"position\":2,\"name\":\"Shop\",\"item\":\"https:\\\/\\\/colourofstone.com\\\/pl\\\/shop\\\/\"},{\"@type\":\"ListItem\",\"position\":3,\"name\":\"Trawertyn\",\"item\":\"https:\\\/\\\/colourofstone.com\\\/pl\\\/material\\\/trawertyn\\\/\"},{\"@type\":\"ListItem\",\"position\":4,\"name\":\"Travertino Rosso (wype\u0142niony)\"}]},{\"@type\":\"WebSite\",\"@id\":\"https:\\\/\\\/colourofstone.com\\\/pl\\\/#website\",\"url\":\"https:\\\/\\\/colourofstone.com\\\/pl\\\/\",\"name\":\"Colour of Stone\",\"description\":\"Fliesen, Haus und Garten Produkte aus Naturstein - Online Shop\",\"publisher\":{\"@id\":\"https:\\\/\\\/colourofstone.com\\\/pl\\\/#organization\"},\"potentialAction\":[{\"@type\":\"SearchAction\",\"target\":{\"@type\":\"EntryPoint\",\"urlTemplate\":\"https:\\\/\\\/colourofstone.com\\\/pl\\\/?s={search_term_string}\"},\"query-input\":{\"@type\":\"PropertyValueSpecification\",\"valueRequired\":true,\"valueName\":\"search_term_string\"}}],\"inLanguage\":\"pl-PL\"},{\"@type\":\"Organization\",\"@id\":\"https:\\\/\\\/colourofstone.com\\\/pl\\\/#organization\",\"name\":\"Colour of Stone GmbH\",\"url\":\"https:\\\/\\\/colourofstone.com\\\/pl\\\/\",\"logo\":{\"@type\":\"ImageObject\",\"inLanguage\":\"pl-PL\",\"@id\":\"https:\\\/\\\/colourofstone.com\\\/pl\\\/#\\\/schema\\\/logo\\\/image\\\/\",\"url\":\"https:\\\/\\\/colourofstone.com\\\/wp-content\\\/uploads\\\/99FC1526-DF3B-44F1-9816-9278D3194252-scaled.jpeg\",\"contentUrl\":\"https:\\\/\\\/colourofstone.com\\\/wp-content\\\/uploads\\\/99FC1526-DF3B-44F1-9816-9278D3194252-scaled.jpeg\",\"width\":2125,\"height\":2560,\"caption\":\"Colour of Stone GmbH\"},\"image\":{\"@id\":\"https:\\\/\\\/colourofstone.com\\\/pl\\\/#\\\/schema\\\/logo\\\/image\\\/\"},\"sameAs\":[\"https:\\\/\\\/www.instagram.com\\\/colourofstone\\\/\"]}]}<\/script>\n<!-- \/ Yoast SEO plugin. -->","yoast_head_json":{"title":"Travertino Rosso (wype\u0142niony) - Trawertyn Plytki bezp\u0142atny transport - Colour of Stone","description":"Travertino Rosso, dzi\u0119ki swoim jasnym i ciemniejszym czerwonawym ziarnom, oferuje szeroki wachlarz mo\u017cliwo\u015bci projektowania. Jego indywidualny wygl\u0105d ...","robots":{"index":"index","follow":"follow","max-snippet":"max-snippet:-1","max-image-preview":"max-image-preview:large","max-video-preview":"max-video-preview:-1"},"canonical":"https:\/\/colourofstone.com\/pl\/shop\/kamienia-naturalnego\/plytki\/travertino-rosso\/","og_locale":"pl_PL","og_type":"article","og_title":"Travertino Rosso (wype\u0142niony) - Trawertyn Plytki bezp\u0142atny transport - Colour of Stone","og_description":"Travertino Rosso, dzi\u0119ki swoim jasnym i ciemniejszym czerwonawym ziarnom, oferuje szeroki wachlarz mo\u017cliwo\u015bci projektowania. Jego indywidualny wygl\u0105d ...","og_url":"https:\/\/colourofstone.com\/pl\/shop\/kamienia-naturalnego\/plytki\/travertino-rosso\/","og_site_name":"Colour of Stone","article_modified_time":"2023-02-10T06:01:45+00:00","og_image":[{"width":1024,"height":1024,"url":"https:\/\/colourofstone.com\/wp-content\/uploads\/Travertino-Rosso-901_1-1024x1024.jpg","type":"image\/jpeg"}],"twitter_card":"summary_large_image","twitter_misc":{"Szacowany czas czytania":"1 minuta"},"schema":{"@context":"https:\/\/schema.org","@graph":[{"@type":"WebPage","@id":"https:\/\/colourofstone.com\/pl\/shop\/kamienia-naturalnego\/plytki\/travertino-rosso\/","url":"https:\/\/colourofstone.com\/pl\/shop\/kamienia-naturalnego\/plytki\/travertino-rosso\/","name":"Travertino Rosso (wype\u0142niony) - Trawertyn Plytki bezp\u0142atny transport - Colour of Stone","isPartOf":{"@id":"https:\/\/colourofstone.com\/pl\/#website"},"primaryImageOfPage":{"@id":"https:\/\/colourofstone.com\/pl\/shop\/kamienia-naturalnego\/plytki\/travertino-rosso\/#primaryimage"},"image":{"@id":"https:\/\/colourofstone.com\/pl\/shop\/kamienia-naturalnego\/plytki\/travertino-rosso\/#primaryimage"},"thumbnailUrl":"https:\/\/colourofstone.com\/wp-content\/uploads\/Travertino-Rosso-901_1.jpg","datePublished":"2020-08-06T14:49:20+00:00","dateModified":"2023-02-10T06:01:45+00:00","description":"Travertino Rosso, dzi\u0119ki swoim jasnym i ciemniejszym czerwonawym ziarnom, oferuje szeroki wachlarz mo\u017cliwo\u015bci projektowania. Jego indywidualny wygl\u0105d ...","breadcrumb":{"@id":"https:\/\/colourofstone.com\/pl\/shop\/kamienia-naturalnego\/plytki\/travertino-rosso\/#breadcrumb"},"inLanguage":"pl-PL","potentialAction":[{"@type":"ReadAction","target":["https:\/\/colourofstone.com\/pl\/shop\/kamienia-naturalnego\/plytki\/travertino-rosso\/"]}]},{"@type":"ImageObject","inLanguage":"pl-PL","@id":"https:\/\/colourofstone.com\/pl\/shop\/kamienia-naturalnego\/plytki\/travertino-rosso\/#primaryimage","url":"https:\/\/colourofstone.com\/wp-content\/uploads\/Travertino-Rosso-901_1.jpg","contentUrl":"https:\/\/colourofstone.com\/wp-content\/uploads\/Travertino-Rosso-901_1.jpg","width":1600,"height":1600,"caption":"Travertino Rosso"},{"@type":"BreadcrumbList","@id":"https:\/\/colourofstone.com\/pl\/shop\/kamienia-naturalnego\/plytki\/travertino-rosso\/#breadcrumb","itemListElement":[{"@type":"ListItem","position":1,"name":"Home","item":"https:\/\/colourofstone.com\/pl\/"},{"@type":"ListItem","position":2,"name":"Shop","item":"https:\/\/colourofstone.com\/pl\/shop\/"},{"@type":"ListItem","position":3,"name":"Trawertyn","item":"https:\/\/colourofstone.com\/pl\/material\/trawertyn\/"},{"@type":"ListItem","position":4,"name":"Travertino Rosso (wype\u0142niony)"}]},{"@type":"WebSite","@id":"https:\/\/colourofstone.com\/pl\/#website","url":"https:\/\/colourofstone.com\/pl\/","name":"Colour of Stone","description":"Fliesen, Haus und Garten Produkte aus Naturstein - Online Shop","publisher":{"@id":"https:\/\/colourofstone.com\/pl\/#organization"},"potentialAction":[{"@type":"SearchAction","target":{"@type":"EntryPoint","urlTemplate":"https:\/\/colourofstone.com\/pl\/?s={search_term_string}"},"query-input":{"@type":"PropertyValueSpecification","valueRequired":true,"valueName":"search_term_string"}}],"inLanguage":"pl-PL"},{"@type":"Organization","@id":"https:\/\/colourofstone.com\/pl\/#organization","name":"Colour of Stone GmbH","url":"https:\/\/colourofstone.com\/pl\/","logo":{"@type":"ImageObject","inLanguage":"pl-PL","@id":"https:\/\/colourofstone.com\/pl\/#\/schema\/logo\/image\/","url":"https:\/\/colourofstone.com\/wp-content\/uploads\/99FC1526-DF3B-44F1-9816-9278D3194252-scaled.jpeg","contentUrl":"https:\/\/colourofstone.com\/wp-content\/uploads\/99FC1526-DF3B-44F1-9816-9278D3194252-scaled.jpeg","width":2125,"height":2560,"caption":"Colour of Stone GmbH"},"image":{"@id":"https:\/\/colourofstone.com\/pl\/#\/schema\/logo\/image\/"},"sameAs":["https:\/\/www.instagram.com\/colourofstone\/"]}]}},"_links":{"self":[{"href":"https:\/\/colourofstone.com\/pl\/wp-json\/wp\/v2\/product\/15815","targetHints":{"allow":["GET"]}}],"collection":[{"href":"https:\/\/colourofstone.com\/pl\/wp-json\/wp\/v2\/product"}],"about":[{"href":"https:\/\/colourofstone.com\/pl\/wp-json\/wp\/v2\/types\/product"}],"wp:featuredmedia":[{"embeddable":true,"href":"https:\/\/colourofstone.com\/pl\/wp-json\/wp\/v2\/media\/29085"}],"wp:attachment":[{"href":"https:\/\/colourofstone.com\/pl\/wp-json\/wp\/v2\/media?parent=15815"}],"wp:term":[{"taxonomy":"product_brand","embeddable":true,"href":"https:\/\/colourofstone.com\/pl\/wp-json\/wp\/v2\/product_brand?post=15815"},{"taxonomy":"product_cat","embeddable":true,"href":"https:\/\/colourofstone.com\/pl\/wp-json\/wp\/v2\/product_cat?post=15815"},{"taxonomy":"product_tag","embeddable":true,"href":"https:\/\/colourofstone.com\/pl\/wp-json\/wp\/v2\/product_tag?post=15815"}],"curies":[{"name":"wp","href":"https:\/\/api.w.org\/{rel}","templated":true}]}}