{"id":36409,"date":"2022-01-25T10:15:11","date_gmt":"2021-10-26T21:42:11","guid":{"rendered":"https:\/\/colourofstone.com\/shop\/bez-kategorii\/new-venetian-gold\/"},"modified":"2023-02-11T17:06:05","modified_gmt":"2023-02-11T17:06:05","slug":"new-venetian-gold","status":"publish","type":"product","link":"https:\/\/colourofstone.com\/pl\/shop\/kamienia-naturalnego\/plytki\/new-venetian-gold\/","title":{"rendered":"New Venetian Gold"},"content":{"rendered":"<p>New Venetian Gold emanuje solidno\u015bci\u0105 i odporno\u015bci\u0105. P\u0142ytki z tego \u015brednioziarnistego granitu (gnejs) o atrakcyjnym \u017c\u00f3\u0142to-br\u0105zowym zabarwieniu s\u0105 bardzo poszukiwane. New Venetian Gold doskonale nadaje si\u0119 do urozmaiconego, pi\u0119knie ukszta\u0142towanego designu. Tak tajemnicze jak ka\u017cdy kamie\u0144 naturalny jest miejsce Aqua Doce do Norte. Kamienio\u0142om znajduje si\u0119 tam w brazylijskiej prowincji Espirito Santo.<\/p>\n<p>&nbsp;<\/p>\n<p>Ten naturalny kamie\u0144 jest mrozoodporny i kwasoodporny. Doskonale nadaje si\u0119 do wn\u0119trz i na zewn\u0105trz.<\/p>\n\n        <script>\n        function toggleInchInfo(el) {\n            const infoBox = el.nextElementSibling;\n            if (infoBox.style.display === \"none\") {\n                infoBox.style.display = \"inline\";\n            } else {\n                infoBox.style.display = \"none\";\n            }\n        }\n        <\/script>\n        <style>\n            .cm-info {\n                cursor: pointer;\n                color: #0073aa;\n                font-weight: bold;\n                margin-left: 4px;\n            }\n            .inch-info {\n                display: none;\n                background: #f8f8f8;\n                border: 1px solid #ccc;\n                padding: 4px 8px;\n                margin-left: 5px;\n                font-size: 0.9em;\n                border-radius: 4px;\n            }\n        <\/style>","protected":false},"excerpt":{"rendered":"<p>New Venetian Gold emanuje solidno\u015bci\u0105 i odporno\u015bci\u0105. P\u0142ytki z tego \u015brednioziarnistego granitu (gnejs) o atrakcyjnym \u017c\u00f3\u0142to-br\u0105zowym zabarwieniu s\u0105 bardzo poszukiwane. New Venetian Gold doskonale nadaje si\u0119 do urozmaiconego, pi\u0119knie ukszta\u0142towanego designu. Tak tajemnicze jak ka\u017cdy kamie\u0144 naturalny jest miejsce Aqua Doce do Norte. Kamienio\u0142om znajduje si\u0119 tam w brazylijskiej prowincji Espirito Santo. &nbsp; Ten naturalny <a href=\"https:\/\/colourofstone.com\/pl\/shop\/kamienia-naturalnego\/plytki\/new-venetian-gold\/\" class=\"more-link\">&#8230;<\/a><\/p>\n","protected":false},"featured_media":45161,"template":"","meta":[],"product_brand":[],"product_cat":[613],"product_tag":[],"class_list":{"0":"post-36409","1":"product","2":"type-product","3":"status-publish","4":"has-post-thumbnail","6":"product_cat-plytki","7":"pa_farbe-zolty","8":"pa_farbe-brazowy","9":"pa_farbe-jasny","10":"pa_masseinheit-305-x-305-cm","11":"pa_masseinheit-61-x-305-cm","12":"pa_masseinheit-40-x-40-cm","13":"pa_masseinheit-60-x-40-cm","14":"pa_material-granit","15":"pa_oberflaeche-wypolerowana","16":"pa_oberflaeche-wyszlifowana","17":"pa_oberflaeche-wyszczotkowana","18":"pa_oberflaeche-patynowany","20":"first","21":"instock","22":"taxable","23":"shipping-taxable","24":"purchasable","25":"product-type-variable","26":"has-default-attributes"},"yoast_head":"<!-- This site is optimized with the Yoast SEO plugin v27.3 - https:\/\/yoast.com\/product\/yoast-seo-wordpress\/ -->\n<title>New Venetian Gold - Gnejs Plytki bezp\u0142atny transport - Colour of Stone<\/title>\n<meta name=\"description\" content=\"New Venetian Gold emanuje solidno\u015bci\u0105 i odporno\u015bci\u0105. P\u0142ytki z tego \u015brednioziarnistego granitu (gnejs) o atrakcyjnym \u017c\u00f3\u0142to-br\u0105zowym zabarwieniu s\u0105 bardzo ...\" \/>\n<meta name=\"robots\" content=\"index, follow, max-snippet:-1, max-image-preview:large, max-video-preview:-1\" \/>\n<link rel=\"canonical\" href=\"https:\/\/colourofstone.com\/pl\/shop\/kamienia-naturalnego\/plytki\/new-venetian-gold\/\" \/>\n<meta property=\"og:locale\" content=\"pl_PL\" \/>\n<meta property=\"og:type\" content=\"article\" \/>\n<meta property=\"og:title\" content=\"New Venetian Gold - Gnejs Plytki bezp\u0142atny transport - Colour of Stone\" \/>\n<meta property=\"og:description\" content=\"New Venetian Gold emanuje solidno\u015bci\u0105 i odporno\u015bci\u0105. P\u0142ytki z tego \u015brednioziarnistego granitu (gnejs) o atrakcyjnym \u017c\u00f3\u0142to-br\u0105zowym zabarwieniu s\u0105 bardzo ...\" \/>\n<meta property=\"og:url\" content=\"https:\/\/colourofstone.com\/pl\/shop\/kamienia-naturalnego\/plytki\/new-venetian-gold\/\" \/>\n<meta property=\"og:site_name\" content=\"Colour of Stone\" \/>\n<meta property=\"article:modified_time\" content=\"2023-02-11T17:06:05+00:00\" \/>\n<meta property=\"og:image\" content=\"https:\/\/colourofstone.com\/wp-content\/uploads\/GialloNewVenetianGold-Oro-Brazil-1600-1.jpg\" \/>\n\t<meta property=\"og:image:width\" content=\"1600\" \/>\n\t<meta property=\"og:image:height\" content=\"1600\" \/>\n\t<meta property=\"og:image:type\" content=\"image\/jpeg\" \/>\n<meta name=\"twitter:card\" content=\"summary_large_image\" \/>\n<script type=\"application\/ld+json\" class=\"yoast-schema-graph\">{\"@context\":\"https:\\\/\\\/schema.org\",\"@graph\":[{\"@type\":\"WebPage\",\"@id\":\"https:\\\/\\\/colourofstone.com\\\/pl\\\/shop\\\/kamienia-naturalnego\\\/plytki\\\/new-venetian-gold\\\/\",\"url\":\"https:\\\/\\\/colourofstone.com\\\/pl\\\/shop\\\/kamienia-naturalnego\\\/plytki\\\/new-venetian-gold\\\/\",\"name\":\"New Venetian Gold - Gnejs Plytki bezp\u0142atny transport - Colour of Stone\",\"isPartOf\":{\"@id\":\"https:\\\/\\\/colourofstone.com\\\/pl\\\/#website\"},\"primaryImageOfPage\":{\"@id\":\"https:\\\/\\\/colourofstone.com\\\/pl\\\/shop\\\/kamienia-naturalnego\\\/plytki\\\/new-venetian-gold\\\/#primaryimage\"},\"image\":{\"@id\":\"https:\\\/\\\/colourofstone.com\\\/pl\\\/shop\\\/kamienia-naturalnego\\\/plytki\\\/new-venetian-gold\\\/#primaryimage\"},\"thumbnailUrl\":\"https:\\\/\\\/colourofstone.com\\\/wp-content\\\/uploads\\\/GialloNewVenetianGold-Oro-Brazil-1600-1.jpg\",\"datePublished\":\"2021-10-26T21:42:11+00:00\",\"dateModified\":\"2023-02-11T17:06:05+00:00\",\"description\":\"New Venetian Gold emanuje solidno\u015bci\u0105 i odporno\u015bci\u0105. P\u0142ytki z tego \u015brednioziarnistego granitu (gnejs) o atrakcyjnym \u017c\u00f3\u0142to-br\u0105zowym zabarwieniu s\u0105 bardzo ...\",\"breadcrumb\":{\"@id\":\"https:\\\/\\\/colourofstone.com\\\/pl\\\/shop\\\/kamienia-naturalnego\\\/plytki\\\/new-venetian-gold\\\/#breadcrumb\"},\"inLanguage\":\"pl-PL\",\"potentialAction\":[{\"@type\":\"ReadAction\",\"target\":[\"https:\\\/\\\/colourofstone.com\\\/pl\\\/shop\\\/kamienia-naturalnego\\\/plytki\\\/new-venetian-gold\\\/\"]}]},{\"@type\":\"ImageObject\",\"inLanguage\":\"pl-PL\",\"@id\":\"https:\\\/\\\/colourofstone.com\\\/pl\\\/shop\\\/kamienia-naturalnego\\\/plytki\\\/new-venetian-gold\\\/#primaryimage\",\"url\":\"https:\\\/\\\/colourofstone.com\\\/wp-content\\\/uploads\\\/GialloNewVenetianGold-Oro-Brazil-1600-1.jpg\",\"contentUrl\":\"https:\\\/\\\/colourofstone.com\\\/wp-content\\\/uploads\\\/GialloNewVenetianGold-Oro-Brazil-1600-1.jpg\",\"width\":1600,\"height\":1600,\"caption\":\"Giallo New Venetian Gold\"},{\"@type\":\"BreadcrumbList\",\"@id\":\"https:\\\/\\\/colourofstone.com\\\/pl\\\/shop\\\/kamienia-naturalnego\\\/plytki\\\/new-venetian-gold\\\/#breadcrumb\",\"itemListElement\":[{\"@type\":\"ListItem\",\"position\":1,\"name\":\"Home\",\"item\":\"https:\\\/\\\/colourofstone.com\\\/pl\\\/\"},{\"@type\":\"ListItem\",\"position\":2,\"name\":\"Shop\",\"item\":\"https:\\\/\\\/colourofstone.com\\\/pl\\\/shop\\\/\"},{\"@type\":\"ListItem\",\"position\":3,\"name\":\"Granit\",\"item\":\"https:\\\/\\\/colourofstone.com\\\/pl\\\/material\\\/granit\\\/\"},{\"@type\":\"ListItem\",\"position\":4,\"name\":\"New Venetian Gold\"}]},{\"@type\":\"WebSite\",\"@id\":\"https:\\\/\\\/colourofstone.com\\\/pl\\\/#website\",\"url\":\"https:\\\/\\\/colourofstone.com\\\/pl\\\/\",\"name\":\"Colour of Stone\",\"description\":\"Fliesen, Haus und Garten Produkte aus Naturstein - Online Shop\",\"publisher\":{\"@id\":\"https:\\\/\\\/colourofstone.com\\\/pl\\\/#organization\"},\"potentialAction\":[{\"@type\":\"SearchAction\",\"target\":{\"@type\":\"EntryPoint\",\"urlTemplate\":\"https:\\\/\\\/colourofstone.com\\\/pl\\\/?s={search_term_string}\"},\"query-input\":{\"@type\":\"PropertyValueSpecification\",\"valueRequired\":true,\"valueName\":\"search_term_string\"}}],\"inLanguage\":\"pl-PL\"},{\"@type\":\"Organization\",\"@id\":\"https:\\\/\\\/colourofstone.com\\\/pl\\\/#organization\",\"name\":\"Colour of Stone GmbH\",\"url\":\"https:\\\/\\\/colourofstone.com\\\/pl\\\/\",\"logo\":{\"@type\":\"ImageObject\",\"inLanguage\":\"pl-PL\",\"@id\":\"https:\\\/\\\/colourofstone.com\\\/pl\\\/#\\\/schema\\\/logo\\\/image\\\/\",\"url\":\"https:\\\/\\\/colourofstone.com\\\/wp-content\\\/uploads\\\/99FC1526-DF3B-44F1-9816-9278D3194252-scaled.jpeg\",\"contentUrl\":\"https:\\\/\\\/colourofstone.com\\\/wp-content\\\/uploads\\\/99FC1526-DF3B-44F1-9816-9278D3194252-scaled.jpeg\",\"width\":2125,\"height\":2560,\"caption\":\"Colour of Stone GmbH\"},\"image\":{\"@id\":\"https:\\\/\\\/colourofstone.com\\\/pl\\\/#\\\/schema\\\/logo\\\/image\\\/\"},\"sameAs\":[\"https:\\\/\\\/www.instagram.com\\\/colourofstone\\\/\"]}]}<\/script>\n<!-- \/ Yoast SEO plugin. -->","yoast_head_json":{"title":"New Venetian Gold - Gnejs Plytki bezp\u0142atny transport - Colour of Stone","description":"New Venetian Gold emanuje solidno\u015bci\u0105 i odporno\u015bci\u0105. P\u0142ytki z tego \u015brednioziarnistego granitu (gnejs) o atrakcyjnym \u017c\u00f3\u0142to-br\u0105zowym zabarwieniu s\u0105 bardzo ...","robots":{"index":"index","follow":"follow","max-snippet":"max-snippet:-1","max-image-preview":"max-image-preview:large","max-video-preview":"max-video-preview:-1"},"canonical":"https:\/\/colourofstone.com\/pl\/shop\/kamienia-naturalnego\/plytki\/new-venetian-gold\/","og_locale":"pl_PL","og_type":"article","og_title":"New Venetian Gold - Gnejs Plytki bezp\u0142atny transport - Colour of Stone","og_description":"New Venetian Gold emanuje solidno\u015bci\u0105 i odporno\u015bci\u0105. P\u0142ytki z tego \u015brednioziarnistego granitu (gnejs) o atrakcyjnym \u017c\u00f3\u0142to-br\u0105zowym zabarwieniu s\u0105 bardzo ...","og_url":"https:\/\/colourofstone.com\/pl\/shop\/kamienia-naturalnego\/plytki\/new-venetian-gold\/","og_site_name":"Colour of Stone","article_modified_time":"2023-02-11T17:06:05+00:00","og_image":[{"width":1600,"height":1600,"url":"https:\/\/colourofstone.com\/wp-content\/uploads\/GialloNewVenetianGold-Oro-Brazil-1600-1.jpg","type":"image\/jpeg"}],"twitter_card":"summary_large_image","schema":{"@context":"https:\/\/schema.org","@graph":[{"@type":"WebPage","@id":"https:\/\/colourofstone.com\/pl\/shop\/kamienia-naturalnego\/plytki\/new-venetian-gold\/","url":"https:\/\/colourofstone.com\/pl\/shop\/kamienia-naturalnego\/plytki\/new-venetian-gold\/","name":"New Venetian Gold - Gnejs Plytki bezp\u0142atny transport - Colour of Stone","isPartOf":{"@id":"https:\/\/colourofstone.com\/pl\/#website"},"primaryImageOfPage":{"@id":"https:\/\/colourofstone.com\/pl\/shop\/kamienia-naturalnego\/plytki\/new-venetian-gold\/#primaryimage"},"image":{"@id":"https:\/\/colourofstone.com\/pl\/shop\/kamienia-naturalnego\/plytki\/new-venetian-gold\/#primaryimage"},"thumbnailUrl":"https:\/\/colourofstone.com\/wp-content\/uploads\/GialloNewVenetianGold-Oro-Brazil-1600-1.jpg","datePublished":"2021-10-26T21:42:11+00:00","dateModified":"2023-02-11T17:06:05+00:00","description":"New Venetian Gold emanuje solidno\u015bci\u0105 i odporno\u015bci\u0105. P\u0142ytki z tego \u015brednioziarnistego granitu (gnejs) o atrakcyjnym \u017c\u00f3\u0142to-br\u0105zowym zabarwieniu s\u0105 bardzo ...","breadcrumb":{"@id":"https:\/\/colourofstone.com\/pl\/shop\/kamienia-naturalnego\/plytki\/new-venetian-gold\/#breadcrumb"},"inLanguage":"pl-PL","potentialAction":[{"@type":"ReadAction","target":["https:\/\/colourofstone.com\/pl\/shop\/kamienia-naturalnego\/plytki\/new-venetian-gold\/"]}]},{"@type":"ImageObject","inLanguage":"pl-PL","@id":"https:\/\/colourofstone.com\/pl\/shop\/kamienia-naturalnego\/plytki\/new-venetian-gold\/#primaryimage","url":"https:\/\/colourofstone.com\/wp-content\/uploads\/GialloNewVenetianGold-Oro-Brazil-1600-1.jpg","contentUrl":"https:\/\/colourofstone.com\/wp-content\/uploads\/GialloNewVenetianGold-Oro-Brazil-1600-1.jpg","width":1600,"height":1600,"caption":"Giallo New Venetian Gold"},{"@type":"BreadcrumbList","@id":"https:\/\/colourofstone.com\/pl\/shop\/kamienia-naturalnego\/plytki\/new-venetian-gold\/#breadcrumb","itemListElement":[{"@type":"ListItem","position":1,"name":"Home","item":"https:\/\/colourofstone.com\/pl\/"},{"@type":"ListItem","position":2,"name":"Shop","item":"https:\/\/colourofstone.com\/pl\/shop\/"},{"@type":"ListItem","position":3,"name":"Granit","item":"https:\/\/colourofstone.com\/pl\/material\/granit\/"},{"@type":"ListItem","position":4,"name":"New Venetian Gold"}]},{"@type":"WebSite","@id":"https:\/\/colourofstone.com\/pl\/#website","url":"https:\/\/colourofstone.com\/pl\/","name":"Colour of Stone","description":"Fliesen, Haus und Garten Produkte aus Naturstein - Online Shop","publisher":{"@id":"https:\/\/colourofstone.com\/pl\/#organization"},"potentialAction":[{"@type":"SearchAction","target":{"@type":"EntryPoint","urlTemplate":"https:\/\/colourofstone.com\/pl\/?s={search_term_string}"},"query-input":{"@type":"PropertyValueSpecification","valueRequired":true,"valueName":"search_term_string"}}],"inLanguage":"pl-PL"},{"@type":"Organization","@id":"https:\/\/colourofstone.com\/pl\/#organization","name":"Colour of Stone GmbH","url":"https:\/\/colourofstone.com\/pl\/","logo":{"@type":"ImageObject","inLanguage":"pl-PL","@id":"https:\/\/colourofstone.com\/pl\/#\/schema\/logo\/image\/","url":"https:\/\/colourofstone.com\/wp-content\/uploads\/99FC1526-DF3B-44F1-9816-9278D3194252-scaled.jpeg","contentUrl":"https:\/\/colourofstone.com\/wp-content\/uploads\/99FC1526-DF3B-44F1-9816-9278D3194252-scaled.jpeg","width":2125,"height":2560,"caption":"Colour of Stone GmbH"},"image":{"@id":"https:\/\/colourofstone.com\/pl\/#\/schema\/logo\/image\/"},"sameAs":["https:\/\/www.instagram.com\/colourofstone\/"]}]}},"_links":{"self":[{"href":"https:\/\/colourofstone.com\/pl\/wp-json\/wp\/v2\/product\/36409","targetHints":{"allow":["GET"]}}],"collection":[{"href":"https:\/\/colourofstone.com\/pl\/wp-json\/wp\/v2\/product"}],"about":[{"href":"https:\/\/colourofstone.com\/pl\/wp-json\/wp\/v2\/types\/product"}],"wp:featuredmedia":[{"embeddable":true,"href":"https:\/\/colourofstone.com\/pl\/wp-json\/wp\/v2\/media\/45161"}],"wp:attachment":[{"href":"https:\/\/colourofstone.com\/pl\/wp-json\/wp\/v2\/media?parent=36409"}],"wp:term":[{"taxonomy":"product_brand","embeddable":true,"href":"https:\/\/colourofstone.com\/pl\/wp-json\/wp\/v2\/product_brand?post=36409"},{"taxonomy":"product_cat","embeddable":true,"href":"https:\/\/colourofstone.com\/pl\/wp-json\/wp\/v2\/product_cat?post=36409"},{"taxonomy":"product_tag","embeddable":true,"href":"https:\/\/colourofstone.com\/pl\/wp-json\/wp\/v2\/product_tag?post=36409"}],"curies":[{"name":"wp","href":"https:\/\/api.w.org\/{rel}","templated":true}]}}