{"id":37928,"date":"2021-11-04T18:25:47","date_gmt":"2021-11-04T18:25:47","guid":{"rendered":"https:\/\/colourofstone.com\/shop\/bez-kategorii\/verde-ubatuba\/"},"modified":"2023-02-11T13:18:51","modified_gmt":"2023-02-11T13:18:51","slug":"verde-ubatuba","status":"publish","type":"product","link":"https:\/\/colourofstone.com\/pl\/shop\/kamienia-naturalnego\/plytki\/verde-ubatuba\/","title":{"rendered":"Verde Ubatuba"},"content":{"rendered":"<p>Verde Ubatuba to kamie\u0144 naturalny na ka\u017cdy gust. Granit (Charnokite) z Brazylii urzeka pi\u0119kn\u0105 oliwkowo-zielon\u0105 barw\u0105. Verde Ubatuba jest trwa\u0142a i nieskomplikowana. Stosunek ceny do jako\u015bci jest bezkonkurencyjny. Obszar wydobywczy znajduje si\u0119 w znanej prowincji Sao Paolo, w pobli\u017cu miasta Ubatuba.<\/p>\n<p>&nbsp;<\/p>\n<p>Ten naturalny kamie\u0144 jest mrozoodporny i kwasoodporny. Doskonale nadaje si\u0119 do wn\u0119trz i na zewn\u0105trz.<\/p>\n\n        <script>\n        function toggleInchInfo(el) {\n            const infoBox = el.nextElementSibling;\n            if (infoBox.style.display === \"none\") {\n                infoBox.style.display = \"inline\";\n            } else {\n                infoBox.style.display = \"none\";\n            }\n        }\n        <\/script>\n        <style>\n            .cm-info {\n                cursor: pointer;\n                color: #0073aa;\n                font-weight: bold;\n                margin-left: 4px;\n            }\n            .inch-info {\n                display: none;\n                background: #f8f8f8;\n                border: 1px solid #ccc;\n                padding: 4px 8px;\n                margin-left: 5px;\n                font-size: 0.9em;\n                border-radius: 4px;\n            }\n        <\/style>","protected":false},"excerpt":{"rendered":"<p>Verde Ubatuba to kamie\u0144 naturalny na ka\u017cdy gust. Granit (Charnokite) z Brazylii urzeka pi\u0119kn\u0105 oliwkowo-zielon\u0105 barw\u0105. Verde Ubatuba jest trwa\u0142a i nieskomplikowana. Stosunek ceny do jako\u015bci jest bezkonkurencyjny. Obszar wydobywczy znajduje si\u0119 w znanej prowincji Sao Paolo, w pobli\u017cu miasta Ubatuba. &nbsp; Ten naturalny kamie\u0144 jest mrozoodporny i kwasoodporny. Doskonale nadaje si\u0119 do wn\u0119trz i <a href=\"https:\/\/colourofstone.com\/pl\/shop\/kamienia-naturalnego\/plytki\/verde-ubatuba\/\" class=\"more-link\">&#8230;<\/a><\/p>\n","protected":false},"featured_media":45764,"template":"","meta":[],"product_brand":[],"product_cat":[613],"product_tag":[2050,2049],"class_list":{"0":"post-37928","1":"product","2":"type-product","3":"status-publish","4":"has-post-thumbnail","6":"product_cat-plytki","7":"product_tag-atlantic-green-pl","8":"product_tag-verde-bahia-pl","9":"pa_farbe-zielony","10":"pa_farbe-ciemny","11":"pa_masseinheit-305-x-305-cm","12":"pa_masseinheit-61-x-305-cm","13":"pa_masseinheit-40-x-40-cm","14":"pa_masseinheit-60-x-40-cm","15":"pa_material-granit","16":"pa_oberflaeche-wypolerowana","17":"pa_oberflaeche-wyszlifowana","18":"pa_oberflaeche-wyszczotkowana","19":"pa_oberflaeche-patynowany","21":"first","22":"instock","23":"taxable","24":"shipping-taxable","25":"purchasable","26":"product-type-variable","27":"has-default-attributes"},"yoast_head":"<!-- This site is optimized with the Yoast SEO plugin v27.3 - https:\/\/yoast.com\/product\/yoast-seo-wordpress\/ -->\n<title>Verde Ubatuba - Charnockite Plytki bezp\u0142atny transport - Colour of Stone<\/title>\n<meta name=\"description\" content=\"Verde Ubatuba to kamie\u0144 naturalny na ka\u017cdy gust. Granit (Charnokite) z Brazylii urzeka pi\u0119kn\u0105 oliwkowo-zielon\u0105 barw\u0105. Verde Ubatuba jest trwa\u0142a i ...\" \/>\n<meta name=\"robots\" content=\"index, follow, max-snippet:-1, max-image-preview:large, max-video-preview:-1\" \/>\n<link rel=\"canonical\" href=\"https:\/\/colourofstone.com\/pl\/shop\/kamienia-naturalnego\/plytki\/verde-ubatuba\/\" \/>\n<meta property=\"og:locale\" content=\"pl_PL\" \/>\n<meta property=\"og:type\" content=\"article\" \/>\n<meta property=\"og:title\" content=\"Verde Ubatuba - Charnockite Plytki bezp\u0142atny transport - Colour of Stone\" \/>\n<meta property=\"og:description\" content=\"Verde Ubatuba to kamie\u0144 naturalny na ka\u017cdy gust. Granit (Charnokite) z Brazylii urzeka pi\u0119kn\u0105 oliwkowo-zielon\u0105 barw\u0105. Verde Ubatuba jest trwa\u0142a i ...\" \/>\n<meta property=\"og:url\" content=\"https:\/\/colourofstone.com\/pl\/shop\/kamienia-naturalnego\/plytki\/verde-ubatuba\/\" \/>\n<meta property=\"og:site_name\" content=\"Colour of Stone\" \/>\n<meta property=\"article:modified_time\" content=\"2023-02-11T13:18:51+00:00\" \/>\n<meta property=\"og:image\" content=\"https:\/\/colourofstone.com\/wp-content\/uploads\/VerdeUbatuba-1600.jpg\" \/>\n\t<meta property=\"og:image:width\" content=\"1600\" \/>\n\t<meta property=\"og:image:height\" content=\"1600\" \/>\n\t<meta property=\"og:image:type\" content=\"image\/jpeg\" \/>\n<meta name=\"twitter:card\" content=\"summary_large_image\" \/>\n<script type=\"application\/ld+json\" class=\"yoast-schema-graph\">{\"@context\":\"https:\\\/\\\/schema.org\",\"@graph\":[{\"@type\":\"WebPage\",\"@id\":\"https:\\\/\\\/colourofstone.com\\\/pl\\\/shop\\\/kamienia-naturalnego\\\/plytki\\\/verde-ubatuba\\\/\",\"url\":\"https:\\\/\\\/colourofstone.com\\\/pl\\\/shop\\\/kamienia-naturalnego\\\/plytki\\\/verde-ubatuba\\\/\",\"name\":\"Verde Ubatuba - Charnockite Plytki bezp\u0142atny transport - Colour of Stone\",\"isPartOf\":{\"@id\":\"https:\\\/\\\/colourofstone.com\\\/pl\\\/#website\"},\"primaryImageOfPage\":{\"@id\":\"https:\\\/\\\/colourofstone.com\\\/pl\\\/shop\\\/kamienia-naturalnego\\\/plytki\\\/verde-ubatuba\\\/#primaryimage\"},\"image\":{\"@id\":\"https:\\\/\\\/colourofstone.com\\\/pl\\\/shop\\\/kamienia-naturalnego\\\/plytki\\\/verde-ubatuba\\\/#primaryimage\"},\"thumbnailUrl\":\"https:\\\/\\\/colourofstone.com\\\/wp-content\\\/uploads\\\/VerdeUbatuba-1600.jpg\",\"datePublished\":\"2021-11-04T18:25:47+00:00\",\"dateModified\":\"2023-02-11T13:18:51+00:00\",\"description\":\"Verde Ubatuba to kamie\u0144 naturalny na ka\u017cdy gust. Granit (Charnokite) z Brazylii urzeka pi\u0119kn\u0105 oliwkowo-zielon\u0105 barw\u0105. Verde Ubatuba jest trwa\u0142a i ...\",\"breadcrumb\":{\"@id\":\"https:\\\/\\\/colourofstone.com\\\/pl\\\/shop\\\/kamienia-naturalnego\\\/plytki\\\/verde-ubatuba\\\/#breadcrumb\"},\"inLanguage\":\"pl-PL\",\"potentialAction\":[{\"@type\":\"ReadAction\",\"target\":[\"https:\\\/\\\/colourofstone.com\\\/pl\\\/shop\\\/kamienia-naturalnego\\\/plytki\\\/verde-ubatuba\\\/\"]}]},{\"@type\":\"ImageObject\",\"inLanguage\":\"pl-PL\",\"@id\":\"https:\\\/\\\/colourofstone.com\\\/pl\\\/shop\\\/kamienia-naturalnego\\\/plytki\\\/verde-ubatuba\\\/#primaryimage\",\"url\":\"https:\\\/\\\/colourofstone.com\\\/wp-content\\\/uploads\\\/VerdeUbatuba-1600.jpg\",\"contentUrl\":\"https:\\\/\\\/colourofstone.com\\\/wp-content\\\/uploads\\\/VerdeUbatuba-1600.jpg\",\"width\":1600,\"height\":1600,\"caption\":\"Verde Ubatuba\"},{\"@type\":\"BreadcrumbList\",\"@id\":\"https:\\\/\\\/colourofstone.com\\\/pl\\\/shop\\\/kamienia-naturalnego\\\/plytki\\\/verde-ubatuba\\\/#breadcrumb\",\"itemListElement\":[{\"@type\":\"ListItem\",\"position\":1,\"name\":\"Home\",\"item\":\"https:\\\/\\\/colourofstone.com\\\/pl\\\/\"},{\"@type\":\"ListItem\",\"position\":2,\"name\":\"Shop\",\"item\":\"https:\\\/\\\/colourofstone.com\\\/pl\\\/shop\\\/\"},{\"@type\":\"ListItem\",\"position\":3,\"name\":\"Granit\",\"item\":\"https:\\\/\\\/colourofstone.com\\\/pl\\\/material\\\/granit\\\/\"},{\"@type\":\"ListItem\",\"position\":4,\"name\":\"Verde Ubatuba\"}]},{\"@type\":\"WebSite\",\"@id\":\"https:\\\/\\\/colourofstone.com\\\/pl\\\/#website\",\"url\":\"https:\\\/\\\/colourofstone.com\\\/pl\\\/\",\"name\":\"Colour of Stone\",\"description\":\"Fliesen, Haus und Garten Produkte aus Naturstein - Online Shop\",\"publisher\":{\"@id\":\"https:\\\/\\\/colourofstone.com\\\/pl\\\/#organization\"},\"potentialAction\":[{\"@type\":\"SearchAction\",\"target\":{\"@type\":\"EntryPoint\",\"urlTemplate\":\"https:\\\/\\\/colourofstone.com\\\/pl\\\/?s={search_term_string}\"},\"query-input\":{\"@type\":\"PropertyValueSpecification\",\"valueRequired\":true,\"valueName\":\"search_term_string\"}}],\"inLanguage\":\"pl-PL\"},{\"@type\":\"Organization\",\"@id\":\"https:\\\/\\\/colourofstone.com\\\/pl\\\/#organization\",\"name\":\"Colour of Stone GmbH\",\"url\":\"https:\\\/\\\/colourofstone.com\\\/pl\\\/\",\"logo\":{\"@type\":\"ImageObject\",\"inLanguage\":\"pl-PL\",\"@id\":\"https:\\\/\\\/colourofstone.com\\\/pl\\\/#\\\/schema\\\/logo\\\/image\\\/\",\"url\":\"https:\\\/\\\/colourofstone.com\\\/wp-content\\\/uploads\\\/99FC1526-DF3B-44F1-9816-9278D3194252-scaled.jpeg\",\"contentUrl\":\"https:\\\/\\\/colourofstone.com\\\/wp-content\\\/uploads\\\/99FC1526-DF3B-44F1-9816-9278D3194252-scaled.jpeg\",\"width\":2125,\"height\":2560,\"caption\":\"Colour of Stone GmbH\"},\"image\":{\"@id\":\"https:\\\/\\\/colourofstone.com\\\/pl\\\/#\\\/schema\\\/logo\\\/image\\\/\"},\"sameAs\":[\"https:\\\/\\\/www.instagram.com\\\/colourofstone\\\/\"]}]}<\/script>\n<!-- \/ Yoast SEO plugin. -->","yoast_head_json":{"title":"Verde Ubatuba - Charnockite Plytki bezp\u0142atny transport - Colour of Stone","description":"Verde Ubatuba to kamie\u0144 naturalny na ka\u017cdy gust. Granit (Charnokite) z Brazylii urzeka pi\u0119kn\u0105 oliwkowo-zielon\u0105 barw\u0105. Verde Ubatuba jest trwa\u0142a i ...","robots":{"index":"index","follow":"follow","max-snippet":"max-snippet:-1","max-image-preview":"max-image-preview:large","max-video-preview":"max-video-preview:-1"},"canonical":"https:\/\/colourofstone.com\/pl\/shop\/kamienia-naturalnego\/plytki\/verde-ubatuba\/","og_locale":"pl_PL","og_type":"article","og_title":"Verde Ubatuba - Charnockite Plytki bezp\u0142atny transport - Colour of Stone","og_description":"Verde Ubatuba to kamie\u0144 naturalny na ka\u017cdy gust. Granit (Charnokite) z Brazylii urzeka pi\u0119kn\u0105 oliwkowo-zielon\u0105 barw\u0105. Verde Ubatuba jest trwa\u0142a i ...","og_url":"https:\/\/colourofstone.com\/pl\/shop\/kamienia-naturalnego\/plytki\/verde-ubatuba\/","og_site_name":"Colour of Stone","article_modified_time":"2023-02-11T13:18:51+00:00","og_image":[{"width":1600,"height":1600,"url":"https:\/\/colourofstone.com\/wp-content\/uploads\/VerdeUbatuba-1600.jpg","type":"image\/jpeg"}],"twitter_card":"summary_large_image","schema":{"@context":"https:\/\/schema.org","@graph":[{"@type":"WebPage","@id":"https:\/\/colourofstone.com\/pl\/shop\/kamienia-naturalnego\/plytki\/verde-ubatuba\/","url":"https:\/\/colourofstone.com\/pl\/shop\/kamienia-naturalnego\/plytki\/verde-ubatuba\/","name":"Verde Ubatuba - Charnockite Plytki bezp\u0142atny transport - Colour of Stone","isPartOf":{"@id":"https:\/\/colourofstone.com\/pl\/#website"},"primaryImageOfPage":{"@id":"https:\/\/colourofstone.com\/pl\/shop\/kamienia-naturalnego\/plytki\/verde-ubatuba\/#primaryimage"},"image":{"@id":"https:\/\/colourofstone.com\/pl\/shop\/kamienia-naturalnego\/plytki\/verde-ubatuba\/#primaryimage"},"thumbnailUrl":"https:\/\/colourofstone.com\/wp-content\/uploads\/VerdeUbatuba-1600.jpg","datePublished":"2021-11-04T18:25:47+00:00","dateModified":"2023-02-11T13:18:51+00:00","description":"Verde Ubatuba to kamie\u0144 naturalny na ka\u017cdy gust. Granit (Charnokite) z Brazylii urzeka pi\u0119kn\u0105 oliwkowo-zielon\u0105 barw\u0105. Verde Ubatuba jest trwa\u0142a i ...","breadcrumb":{"@id":"https:\/\/colourofstone.com\/pl\/shop\/kamienia-naturalnego\/plytki\/verde-ubatuba\/#breadcrumb"},"inLanguage":"pl-PL","potentialAction":[{"@type":"ReadAction","target":["https:\/\/colourofstone.com\/pl\/shop\/kamienia-naturalnego\/plytki\/verde-ubatuba\/"]}]},{"@type":"ImageObject","inLanguage":"pl-PL","@id":"https:\/\/colourofstone.com\/pl\/shop\/kamienia-naturalnego\/plytki\/verde-ubatuba\/#primaryimage","url":"https:\/\/colourofstone.com\/wp-content\/uploads\/VerdeUbatuba-1600.jpg","contentUrl":"https:\/\/colourofstone.com\/wp-content\/uploads\/VerdeUbatuba-1600.jpg","width":1600,"height":1600,"caption":"Verde Ubatuba"},{"@type":"BreadcrumbList","@id":"https:\/\/colourofstone.com\/pl\/shop\/kamienia-naturalnego\/plytki\/verde-ubatuba\/#breadcrumb","itemListElement":[{"@type":"ListItem","position":1,"name":"Home","item":"https:\/\/colourofstone.com\/pl\/"},{"@type":"ListItem","position":2,"name":"Shop","item":"https:\/\/colourofstone.com\/pl\/shop\/"},{"@type":"ListItem","position":3,"name":"Granit","item":"https:\/\/colourofstone.com\/pl\/material\/granit\/"},{"@type":"ListItem","position":4,"name":"Verde Ubatuba"}]},{"@type":"WebSite","@id":"https:\/\/colourofstone.com\/pl\/#website","url":"https:\/\/colourofstone.com\/pl\/","name":"Colour of Stone","description":"Fliesen, Haus und Garten Produkte aus Naturstein - Online Shop","publisher":{"@id":"https:\/\/colourofstone.com\/pl\/#organization"},"potentialAction":[{"@type":"SearchAction","target":{"@type":"EntryPoint","urlTemplate":"https:\/\/colourofstone.com\/pl\/?s={search_term_string}"},"query-input":{"@type":"PropertyValueSpecification","valueRequired":true,"valueName":"search_term_string"}}],"inLanguage":"pl-PL"},{"@type":"Organization","@id":"https:\/\/colourofstone.com\/pl\/#organization","name":"Colour of Stone GmbH","url":"https:\/\/colourofstone.com\/pl\/","logo":{"@type":"ImageObject","inLanguage":"pl-PL","@id":"https:\/\/colourofstone.com\/pl\/#\/schema\/logo\/image\/","url":"https:\/\/colourofstone.com\/wp-content\/uploads\/99FC1526-DF3B-44F1-9816-9278D3194252-scaled.jpeg","contentUrl":"https:\/\/colourofstone.com\/wp-content\/uploads\/99FC1526-DF3B-44F1-9816-9278D3194252-scaled.jpeg","width":2125,"height":2560,"caption":"Colour of Stone GmbH"},"image":{"@id":"https:\/\/colourofstone.com\/pl\/#\/schema\/logo\/image\/"},"sameAs":["https:\/\/www.instagram.com\/colourofstone\/"]}]}},"_links":{"self":[{"href":"https:\/\/colourofstone.com\/pl\/wp-json\/wp\/v2\/product\/37928","targetHints":{"allow":["GET"]}}],"collection":[{"href":"https:\/\/colourofstone.com\/pl\/wp-json\/wp\/v2\/product"}],"about":[{"href":"https:\/\/colourofstone.com\/pl\/wp-json\/wp\/v2\/types\/product"}],"wp:featuredmedia":[{"embeddable":true,"href":"https:\/\/colourofstone.com\/pl\/wp-json\/wp\/v2\/media\/45764"}],"wp:attachment":[{"href":"https:\/\/colourofstone.com\/pl\/wp-json\/wp\/v2\/media?parent=37928"}],"wp:term":[{"taxonomy":"product_brand","embeddable":true,"href":"https:\/\/colourofstone.com\/pl\/wp-json\/wp\/v2\/product_brand?post=37928"},{"taxonomy":"product_cat","embeddable":true,"href":"https:\/\/colourofstone.com\/pl\/wp-json\/wp\/v2\/product_cat?post=37928"},{"taxonomy":"product_tag","embeddable":true,"href":"https:\/\/colourofstone.com\/pl\/wp-json\/wp\/v2\/product_tag?post=37928"}],"curies":[{"name":"wp","href":"https:\/\/api.w.org\/{rel}","templated":true}]}}