{"id":48609,"date":"2022-10-14T14:37:30","date_gmt":"2022-10-14T14:38:26","guid":{"rendered":"https:\/\/colourofstone.com\/?post_type=product&#038;p=48609"},"modified":"2023-02-11T13:19:01","modified_gmt":"2023-02-11T13:19:01","slug":"rosso-verona-2cm","status":"publish","type":"product","link":"https:\/\/colourofstone.com\/pl\/shop\/kamienia-naturalnego\/podloga\/rosso-verona-2cm\/","title":{"rendered":"Rosso Verona"},"content":{"rendered":"<p>Rosso Verona to znany na ca\u0142ym \u015bwiecie marmur z W\u0142och. Jego charakterystyczn\u0105 cech\u0105 jest czerwono-br\u0105zowa i czerwono-pomara\u0144czowa kolorystyka. Jest to absolutnie klasyczny kamie\u0144 naturalny. Rosso Verona jest kamienio\u0142omem na p\u00f3\u0142noc od miasta Werona, w miejscowo\u015bci Valpolicella (s\u0142yn\u0105cej z czerwonych win).<\/p>\n<p>&nbsp;<\/p>\n<p>Ten naturalny kamie\u0144 nie jest odporny na mr\u00f3z i kwasy. Doskonale nadaje si\u0119 do stosowania wewn\u0105trz pomieszcze\u0144. Dzi\u0119ki odpowiedniej wra\u017cliwo\u015bci i wiedzy, ten naturalny kamie\u0144 mo\u017ce by\u0107 wykorzystywany r\u00f3wnie\u017c w innych dziedzinach.<\/p>\n\n        <script>\n        function toggleInchInfo(el) {\n            const infoBox = el.nextElementSibling;\n            if (infoBox.style.display === \"none\") {\n                infoBox.style.display = \"inline\";\n            } else {\n                infoBox.style.display = \"none\";\n            }\n        }\n        <\/script>\n        <style>\n            .cm-info {\n                cursor: pointer;\n                color: #0073aa;\n                font-weight: bold;\n                margin-left: 4px;\n            }\n            .inch-info {\n                display: none;\n                background: #f8f8f8;\n                border: 1px solid #ccc;\n                padding: 4px 8px;\n                margin-left: 5px;\n                font-size: 0.9em;\n                border-radius: 4px;\n            }\n        <\/style>","protected":false},"excerpt":{"rendered":"<p>Rosso Verona to znany na ca\u0142ym \u015bwiecie marmur z W\u0142och. Jego charakterystyczn\u0105 cech\u0105 jest czerwono-br\u0105zowa i czerwono-pomara\u0144czowa kolorystyka. Jest to absolutnie klasyczny kamie\u0144 naturalny. Rosso Verona jest kamienio\u0142omem na p\u00f3\u0142noc od miasta Werona, w miejscowo\u015bci Valpolicella (s\u0142yn\u0105cej z czerwonych win). &nbsp; Ten naturalny kamie\u0144 nie jest odporny na mr\u00f3z i kwasy. Doskonale nadaje si\u0119 do <a href=\"https:\/\/colourofstone.com\/pl\/shop\/kamienia-naturalnego\/podloga\/rosso-verona-2cm\/\" class=\"more-link\">&#8230;<\/a><\/p>\n","protected":false},"featured_media":28644,"template":"","meta":[],"product_brand":[],"product_cat":[2350],"product_tag":[],"class_list":{"0":"post-48609","1":"product","2":"type-product","3":"status-publish","4":"has-post-thumbnail","6":"product_cat-podloga","7":"product_shipping_class-termin-dostawy-ok-3-tygodnie","8":"pa_farbe-czerwony","9":"pa_farbe-ciemny","10":"pa_masseinheit-30-x-30-cm","11":"pa_masseinheit-60-x-30-cm","12":"pa_masseinheit-40-x-40-cm","13":"pa_masseinheit-60-x-40-cm","14":"pa_masseinheit-60-x-60-cm","15":"pa_material-marmur","16":"pa_oberflaeche-wypolerowana","17":"pa_oberflaeche-wyszlifowana","18":"pa_oberflaeche-wyszczotkowana","20":"first","21":"instock","22":"taxable","23":"shipping-taxable","24":"purchasable","25":"product-type-variable","26":"has-default-attributes"},"yoast_head":"<!-- This site is optimized with the Yoast SEO plugin v27.3 - https:\/\/yoast.com\/product\/yoast-seo-wordpress\/ -->\n<title>Rosso Verona - Marmur Pod\u0142oga bezp\u0142atny transport - Colour of Stone<\/title>\n<meta name=\"description\" content=\"Rosso Verona to znany na ca\u0142ym \u015bwiecie marmur z W\u0142och. Jego charakterystyczn\u0105 cech\u0105 jest czerwono-br\u0105zowa i czerwono-pomara\u0144czowa kolorystyka. Jest to ...\" \/>\n<meta name=\"robots\" content=\"index, follow, max-snippet:-1, max-image-preview:large, max-video-preview:-1\" \/>\n<link rel=\"canonical\" href=\"https:\/\/colourofstone.com\/pl\/shop\/kamienia-naturalnego\/podloga\/rosso-verona-2cm\/\" \/>\n<meta property=\"og:locale\" content=\"pl_PL\" \/>\n<meta property=\"og:type\" content=\"article\" \/>\n<meta property=\"og:title\" content=\"Rosso Verona - Marmur Pod\u0142oga bezp\u0142atny transport - Colour of Stone\" \/>\n<meta property=\"og:description\" content=\"Rosso Verona to znany na ca\u0142ym \u015bwiecie marmur z W\u0142och. Jego charakterystyczn\u0105 cech\u0105 jest czerwono-br\u0105zowa i czerwono-pomara\u0144czowa kolorystyka. Jest to ...\" \/>\n<meta property=\"og:url\" content=\"https:\/\/colourofstone.com\/pl\/shop\/kamienia-naturalnego\/podloga\/rosso-verona-2cm\/\" \/>\n<meta property=\"og:site_name\" content=\"Colour of Stone\" \/>\n<meta property=\"article:modified_time\" content=\"2023-02-11T13:19:01+00:00\" \/>\n<meta property=\"og:image\" content=\"https:\/\/colourofstone.com\/wp-content\/uploads\/Rosso-Verona-901_1.jpg\" \/>\n\t<meta property=\"og:image:width\" content=\"1600\" \/>\n\t<meta property=\"og:image:height\" content=\"1600\" \/>\n\t<meta property=\"og:image:type\" content=\"image\/jpeg\" \/>\n<meta name=\"twitter:card\" content=\"summary_large_image\" \/>\n<meta name=\"twitter:label1\" content=\"Szacowany czas czytania\" \/>\n\t<meta name=\"twitter:data1\" content=\"1 minuta\" \/>\n<script type=\"application\/ld+json\" class=\"yoast-schema-graph\">{\"@context\":\"https:\\\/\\\/schema.org\",\"@graph\":[{\"@type\":\"WebPage\",\"@id\":\"https:\\\/\\\/colourofstone.com\\\/pl\\\/shop\\\/kamienia-naturalnego\\\/podloga\\\/rosso-verona-2cm\\\/\",\"url\":\"https:\\\/\\\/colourofstone.com\\\/pl\\\/shop\\\/kamienia-naturalnego\\\/podloga\\\/rosso-verona-2cm\\\/\",\"name\":\"Rosso Verona - Marmur Pod\u0142oga bezp\u0142atny transport - Colour of Stone\",\"isPartOf\":{\"@id\":\"https:\\\/\\\/colourofstone.com\\\/pl\\\/#website\"},\"primaryImageOfPage\":{\"@id\":\"https:\\\/\\\/colourofstone.com\\\/pl\\\/shop\\\/kamienia-naturalnego\\\/podloga\\\/rosso-verona-2cm\\\/#primaryimage\"},\"image\":{\"@id\":\"https:\\\/\\\/colourofstone.com\\\/pl\\\/shop\\\/kamienia-naturalnego\\\/podloga\\\/rosso-verona-2cm\\\/#primaryimage\"},\"thumbnailUrl\":\"https:\\\/\\\/colourofstone.com\\\/wp-content\\\/uploads\\\/Rosso-Verona-901_1.jpg\",\"datePublished\":\"2022-10-14T14:38:26+00:00\",\"dateModified\":\"2023-02-11T13:19:01+00:00\",\"description\":\"Rosso Verona to znany na ca\u0142ym \u015bwiecie marmur z W\u0142och. Jego charakterystyczn\u0105 cech\u0105 jest czerwono-br\u0105zowa i czerwono-pomara\u0144czowa kolorystyka. Jest to ...\",\"breadcrumb\":{\"@id\":\"https:\\\/\\\/colourofstone.com\\\/pl\\\/shop\\\/kamienia-naturalnego\\\/podloga\\\/rosso-verona-2cm\\\/#breadcrumb\"},\"inLanguage\":\"pl-PL\",\"potentialAction\":[{\"@type\":\"ReadAction\",\"target\":[\"https:\\\/\\\/colourofstone.com\\\/pl\\\/shop\\\/kamienia-naturalnego\\\/podloga\\\/rosso-verona-2cm\\\/\"]}]},{\"@type\":\"ImageObject\",\"inLanguage\":\"pl-PL\",\"@id\":\"https:\\\/\\\/colourofstone.com\\\/pl\\\/shop\\\/kamienia-naturalnego\\\/podloga\\\/rosso-verona-2cm\\\/#primaryimage\",\"url\":\"https:\\\/\\\/colourofstone.com\\\/wp-content\\\/uploads\\\/Rosso-Verona-901_1.jpg\",\"contentUrl\":\"https:\\\/\\\/colourofstone.com\\\/wp-content\\\/uploads\\\/Rosso-Verona-901_1.jpg\",\"width\":1600,\"height\":1600,\"caption\":\"Rosso Verona\"},{\"@type\":\"BreadcrumbList\",\"@id\":\"https:\\\/\\\/colourofstone.com\\\/pl\\\/shop\\\/kamienia-naturalnego\\\/podloga\\\/rosso-verona-2cm\\\/#breadcrumb\",\"itemListElement\":[{\"@type\":\"ListItem\",\"position\":1,\"name\":\"Home\",\"item\":\"https:\\\/\\\/colourofstone.com\\\/pl\\\/\"},{\"@type\":\"ListItem\",\"position\":2,\"name\":\"Shop\",\"item\":\"https:\\\/\\\/colourofstone.com\\\/pl\\\/shop\\\/\"},{\"@type\":\"ListItem\",\"position\":3,\"name\":\"Marmur\",\"item\":\"https:\\\/\\\/colourofstone.com\\\/pl\\\/material\\\/marmur\\\/\"},{\"@type\":\"ListItem\",\"position\":4,\"name\":\"Rosso Verona\"}]},{\"@type\":\"WebSite\",\"@id\":\"https:\\\/\\\/colourofstone.com\\\/pl\\\/#website\",\"url\":\"https:\\\/\\\/colourofstone.com\\\/pl\\\/\",\"name\":\"Colour of Stone\",\"description\":\"Fliesen, Haus und Garten Produkte aus Naturstein - Online Shop\",\"publisher\":{\"@id\":\"https:\\\/\\\/colourofstone.com\\\/pl\\\/#organization\"},\"potentialAction\":[{\"@type\":\"SearchAction\",\"target\":{\"@type\":\"EntryPoint\",\"urlTemplate\":\"https:\\\/\\\/colourofstone.com\\\/pl\\\/?s={search_term_string}\"},\"query-input\":{\"@type\":\"PropertyValueSpecification\",\"valueRequired\":true,\"valueName\":\"search_term_string\"}}],\"inLanguage\":\"pl-PL\"},{\"@type\":\"Organization\",\"@id\":\"https:\\\/\\\/colourofstone.com\\\/pl\\\/#organization\",\"name\":\"Colour of Stone GmbH\",\"url\":\"https:\\\/\\\/colourofstone.com\\\/pl\\\/\",\"logo\":{\"@type\":\"ImageObject\",\"inLanguage\":\"pl-PL\",\"@id\":\"https:\\\/\\\/colourofstone.com\\\/pl\\\/#\\\/schema\\\/logo\\\/image\\\/\",\"url\":\"https:\\\/\\\/colourofstone.com\\\/wp-content\\\/uploads\\\/99FC1526-DF3B-44F1-9816-9278D3194252-scaled.jpeg\",\"contentUrl\":\"https:\\\/\\\/colourofstone.com\\\/wp-content\\\/uploads\\\/99FC1526-DF3B-44F1-9816-9278D3194252-scaled.jpeg\",\"width\":2125,\"height\":2560,\"caption\":\"Colour of Stone GmbH\"},\"image\":{\"@id\":\"https:\\\/\\\/colourofstone.com\\\/pl\\\/#\\\/schema\\\/logo\\\/image\\\/\"},\"sameAs\":[\"https:\\\/\\\/www.instagram.com\\\/colourofstone\\\/\"]}]}<\/script>\n<!-- \/ Yoast SEO plugin. -->","yoast_head_json":{"title":"Rosso Verona - Marmur Pod\u0142oga bezp\u0142atny transport - Colour of Stone","description":"Rosso Verona to znany na ca\u0142ym \u015bwiecie marmur z W\u0142och. Jego charakterystyczn\u0105 cech\u0105 jest czerwono-br\u0105zowa i czerwono-pomara\u0144czowa kolorystyka. Jest to ...","robots":{"index":"index","follow":"follow","max-snippet":"max-snippet:-1","max-image-preview":"max-image-preview:large","max-video-preview":"max-video-preview:-1"},"canonical":"https:\/\/colourofstone.com\/pl\/shop\/kamienia-naturalnego\/podloga\/rosso-verona-2cm\/","og_locale":"pl_PL","og_type":"article","og_title":"Rosso Verona - Marmur Pod\u0142oga bezp\u0142atny transport - Colour of Stone","og_description":"Rosso Verona to znany na ca\u0142ym \u015bwiecie marmur z W\u0142och. Jego charakterystyczn\u0105 cech\u0105 jest czerwono-br\u0105zowa i czerwono-pomara\u0144czowa kolorystyka. Jest to ...","og_url":"https:\/\/colourofstone.com\/pl\/shop\/kamienia-naturalnego\/podloga\/rosso-verona-2cm\/","og_site_name":"Colour of Stone","article_modified_time":"2023-02-11T13:19:01+00:00","og_image":[{"width":1600,"height":1600,"url":"https:\/\/colourofstone.com\/wp-content\/uploads\/Rosso-Verona-901_1.jpg","type":"image\/jpeg"}],"twitter_card":"summary_large_image","twitter_misc":{"Szacowany czas czytania":"1 minuta"},"schema":{"@context":"https:\/\/schema.org","@graph":[{"@type":"WebPage","@id":"https:\/\/colourofstone.com\/pl\/shop\/kamienia-naturalnego\/podloga\/rosso-verona-2cm\/","url":"https:\/\/colourofstone.com\/pl\/shop\/kamienia-naturalnego\/podloga\/rosso-verona-2cm\/","name":"Rosso Verona - Marmur Pod\u0142oga bezp\u0142atny transport - Colour of Stone","isPartOf":{"@id":"https:\/\/colourofstone.com\/pl\/#website"},"primaryImageOfPage":{"@id":"https:\/\/colourofstone.com\/pl\/shop\/kamienia-naturalnego\/podloga\/rosso-verona-2cm\/#primaryimage"},"image":{"@id":"https:\/\/colourofstone.com\/pl\/shop\/kamienia-naturalnego\/podloga\/rosso-verona-2cm\/#primaryimage"},"thumbnailUrl":"https:\/\/colourofstone.com\/wp-content\/uploads\/Rosso-Verona-901_1.jpg","datePublished":"2022-10-14T14:38:26+00:00","dateModified":"2023-02-11T13:19:01+00:00","description":"Rosso Verona to znany na ca\u0142ym \u015bwiecie marmur z W\u0142och. Jego charakterystyczn\u0105 cech\u0105 jest czerwono-br\u0105zowa i czerwono-pomara\u0144czowa kolorystyka. Jest to ...","breadcrumb":{"@id":"https:\/\/colourofstone.com\/pl\/shop\/kamienia-naturalnego\/podloga\/rosso-verona-2cm\/#breadcrumb"},"inLanguage":"pl-PL","potentialAction":[{"@type":"ReadAction","target":["https:\/\/colourofstone.com\/pl\/shop\/kamienia-naturalnego\/podloga\/rosso-verona-2cm\/"]}]},{"@type":"ImageObject","inLanguage":"pl-PL","@id":"https:\/\/colourofstone.com\/pl\/shop\/kamienia-naturalnego\/podloga\/rosso-verona-2cm\/#primaryimage","url":"https:\/\/colourofstone.com\/wp-content\/uploads\/Rosso-Verona-901_1.jpg","contentUrl":"https:\/\/colourofstone.com\/wp-content\/uploads\/Rosso-Verona-901_1.jpg","width":1600,"height":1600,"caption":"Rosso Verona"},{"@type":"BreadcrumbList","@id":"https:\/\/colourofstone.com\/pl\/shop\/kamienia-naturalnego\/podloga\/rosso-verona-2cm\/#breadcrumb","itemListElement":[{"@type":"ListItem","position":1,"name":"Home","item":"https:\/\/colourofstone.com\/pl\/"},{"@type":"ListItem","position":2,"name":"Shop","item":"https:\/\/colourofstone.com\/pl\/shop\/"},{"@type":"ListItem","position":3,"name":"Marmur","item":"https:\/\/colourofstone.com\/pl\/material\/marmur\/"},{"@type":"ListItem","position":4,"name":"Rosso Verona"}]},{"@type":"WebSite","@id":"https:\/\/colourofstone.com\/pl\/#website","url":"https:\/\/colourofstone.com\/pl\/","name":"Colour of Stone","description":"Fliesen, Haus und Garten Produkte aus Naturstein - Online Shop","publisher":{"@id":"https:\/\/colourofstone.com\/pl\/#organization"},"potentialAction":[{"@type":"SearchAction","target":{"@type":"EntryPoint","urlTemplate":"https:\/\/colourofstone.com\/pl\/?s={search_term_string}"},"query-input":{"@type":"PropertyValueSpecification","valueRequired":true,"valueName":"search_term_string"}}],"inLanguage":"pl-PL"},{"@type":"Organization","@id":"https:\/\/colourofstone.com\/pl\/#organization","name":"Colour of Stone GmbH","url":"https:\/\/colourofstone.com\/pl\/","logo":{"@type":"ImageObject","inLanguage":"pl-PL","@id":"https:\/\/colourofstone.com\/pl\/#\/schema\/logo\/image\/","url":"https:\/\/colourofstone.com\/wp-content\/uploads\/99FC1526-DF3B-44F1-9816-9278D3194252-scaled.jpeg","contentUrl":"https:\/\/colourofstone.com\/wp-content\/uploads\/99FC1526-DF3B-44F1-9816-9278D3194252-scaled.jpeg","width":2125,"height":2560,"caption":"Colour of Stone GmbH"},"image":{"@id":"https:\/\/colourofstone.com\/pl\/#\/schema\/logo\/image\/"},"sameAs":["https:\/\/www.instagram.com\/colourofstone\/"]}]}},"_links":{"self":[{"href":"https:\/\/colourofstone.com\/pl\/wp-json\/wp\/v2\/product\/48609","targetHints":{"allow":["GET"]}}],"collection":[{"href":"https:\/\/colourofstone.com\/pl\/wp-json\/wp\/v2\/product"}],"about":[{"href":"https:\/\/colourofstone.com\/pl\/wp-json\/wp\/v2\/types\/product"}],"wp:featuredmedia":[{"embeddable":true,"href":"https:\/\/colourofstone.com\/pl\/wp-json\/wp\/v2\/media\/28644"}],"wp:attachment":[{"href":"https:\/\/colourofstone.com\/pl\/wp-json\/wp\/v2\/media?parent=48609"}],"wp:term":[{"taxonomy":"product_brand","embeddable":true,"href":"https:\/\/colourofstone.com\/pl\/wp-json\/wp\/v2\/product_brand?post=48609"},{"taxonomy":"product_cat","embeddable":true,"href":"https:\/\/colourofstone.com\/pl\/wp-json\/wp\/v2\/product_cat?post=48609"},{"taxonomy":"product_tag","embeddable":true,"href":"https:\/\/colourofstone.com\/pl\/wp-json\/wp\/v2\/product_tag?post=48609"}],"curies":[{"name":"wp","href":"https:\/\/api.w.org\/{rel}","templated":true}]}}