{"id":51315,"date":"2022-11-09T21:15:19","date_gmt":"2022-11-09T21:16:00","guid":{"rendered":"https:\/\/colourofstone.com\/?post_type=product&#038;p=51315"},"modified":"2023-02-11T12:28:13","modified_gmt":"2023-02-11T12:28:13","slug":"nero-africa-impala-2cm","status":"publish","type":"product","link":"https:\/\/colourofstone.com\/pl\/shop\/kamienia-naturalnego\/podloga\/nero-africa-impala-2cm\/","title":{"rendered":"Nero Africa Impala"},"content":{"rendered":"<p>Nero Africa Impala to bardzo popularny czarny jednolity granit (noryt) z RPA. Wygl\u0105d p\u0142ytki jest bardzo nowoczesny i wsp\u00f3\u0142czesny. Jego zastosowanie w miejscach prywatnych jest dyskretne i nie rzuca si\u0119 w oczy. Nero Africa Impala jest wydobywana w r\u00f3\u017cnych kamienio\u0142omach w kompleksie Bushveld w pobli\u017cu miasta Rustenburg.<\/p>\n<p>&nbsp;<\/p>\n<p>Ten naturalny kamie\u0144 jest mrozoodporny i kwasoodporny. Doskonale nadaje si\u0119 do wn\u0119trz i na zewn\u0105trz.<\/p>\n\n        <script>\n        function toggleInchInfo(el) {\n            const infoBox = el.nextElementSibling;\n            if (infoBox.style.display === \"none\") {\n                infoBox.style.display = \"inline\";\n            } else {\n                infoBox.style.display = \"none\";\n            }\n        }\n        <\/script>\n        <style>\n            .cm-info {\n                cursor: pointer;\n                color: #0073aa;\n                font-weight: bold;\n                margin-left: 4px;\n            }\n            .inch-info {\n                display: none;\n                background: #f8f8f8;\n                border: 1px solid #ccc;\n                padding: 4px 8px;\n                margin-left: 5px;\n                font-size: 0.9em;\n                border-radius: 4px;\n            }\n        <\/style>","protected":false},"excerpt":{"rendered":"<p>Nero Africa Impala to bardzo popularny czarny jednolity granit (noryt) z RPA. Wygl\u0105d p\u0142ytki jest bardzo nowoczesny i wsp\u00f3\u0142czesny. Jego zastosowanie w miejscach prywatnych jest dyskretne i nie rzuca si\u0119 w oczy. Nero Africa Impala jest wydobywana w r\u00f3\u017cnych kamienio\u0142omach w kompleksie Bushveld w pobli\u017cu miasta Rustenburg. &nbsp; Ten naturalny kamie\u0144 jest mrozoodporny i kwasoodporny. <a href=\"https:\/\/colourofstone.com\/pl\/shop\/kamienia-naturalnego\/podloga\/nero-africa-impala-2cm\/\" class=\"more-link\">&#8230;<\/a><\/p>\n","protected":false},"featured_media":45658,"template":"","meta":[],"product_brand":[],"product_cat":[2350],"product_tag":[1773,1774],"class_list":{"0":"post-51315","1":"product","2":"type-product","3":"status-publish","4":"has-post-thumbnail","6":"product_cat-podloga","7":"product_tag-nero-impala-pl","8":"product_tag-nero-rustenburg-pl","9":"product_shipping_class-termin-dostawy-ok-3-tygodnie","10":"pa_farbe-szary","11":"pa_farbe-czarny","12":"pa_farbe-ciemny","13":"pa_masseinheit-30-x-30-cm","14":"pa_masseinheit-60-x-30-cm","15":"pa_masseinheit-40-x-40-cm","16":"pa_masseinheit-60-x-40-cm","17":"pa_masseinheit-60-x-60-cm","18":"pa_material-granit","19":"pa_oberflaeche-wypolerowana","20":"pa_oberflaeche-wyszlifowana","21":"pa_oberflaeche-wyszczotkowana","22":"pa_oberflaeche-patynowany","24":"first","25":"instock","26":"taxable","27":"shipping-taxable","28":"purchasable","29":"product-type-variable","30":"has-default-attributes"},"yoast_head":"<!-- This site is optimized with the Yoast SEO plugin v27.3 - https:\/\/yoast.com\/product\/yoast-seo-wordpress\/ -->\n<title>Nero Africa Impala - Norite Pod\u0142oga bezp\u0142atny transport - Colour of Stone<\/title>\n<meta name=\"description\" content=\"Nero Africa Impala to bardzo popularny czarny jednolity granit (noryt) z RPA. Wygl\u0105d p\u0142ytki jest bardzo nowoczesny i wsp\u00f3\u0142czesny. Jego zastosowanie w ...\" \/>\n<meta name=\"robots\" content=\"index, follow, max-snippet:-1, max-image-preview:large, max-video-preview:-1\" \/>\n<link rel=\"canonical\" href=\"https:\/\/colourofstone.com\/pl\/shop\/kamienia-naturalnego\/podloga\/nero-africa-impala-2cm\/\" \/>\n<meta property=\"og:locale\" content=\"pl_PL\" \/>\n<meta property=\"og:type\" content=\"article\" \/>\n<meta property=\"og:title\" content=\"Nero Africa Impala - Norite Pod\u0142oga bezp\u0142atny transport - Colour of Stone\" \/>\n<meta property=\"og:description\" content=\"Nero Africa Impala to bardzo popularny czarny jednolity granit (noryt) z RPA. Wygl\u0105d p\u0142ytki jest bardzo nowoczesny i wsp\u00f3\u0142czesny. Jego zastosowanie w ...\" \/>\n<meta property=\"og:url\" content=\"https:\/\/colourofstone.com\/pl\/shop\/kamienia-naturalnego\/podloga\/nero-africa-impala-2cm\/\" \/>\n<meta property=\"og:site_name\" content=\"Colour of Stone\" \/>\n<meta property=\"article:modified_time\" content=\"2023-02-11T12:28:13+00:00\" \/>\n<meta property=\"og:image\" content=\"https:\/\/colourofstone.com\/wp-content\/uploads\/Nero-Impala-1600.jpg\" \/>\n\t<meta property=\"og:image:width\" content=\"1600\" \/>\n\t<meta property=\"og:image:height\" content=\"1600\" \/>\n\t<meta property=\"og:image:type\" content=\"image\/jpeg\" \/>\n<meta name=\"twitter:card\" content=\"summary_large_image\" \/>\n<script type=\"application\/ld+json\" class=\"yoast-schema-graph\">{\"@context\":\"https:\\\/\\\/schema.org\",\"@graph\":[{\"@type\":\"WebPage\",\"@id\":\"https:\\\/\\\/colourofstone.com\\\/pl\\\/shop\\\/kamienia-naturalnego\\\/podloga\\\/nero-africa-impala-2cm\\\/\",\"url\":\"https:\\\/\\\/colourofstone.com\\\/pl\\\/shop\\\/kamienia-naturalnego\\\/podloga\\\/nero-africa-impala-2cm\\\/\",\"name\":\"Nero Africa Impala - Norite Pod\u0142oga bezp\u0142atny transport - Colour of Stone\",\"isPartOf\":{\"@id\":\"https:\\\/\\\/colourofstone.com\\\/pl\\\/#website\"},\"primaryImageOfPage\":{\"@id\":\"https:\\\/\\\/colourofstone.com\\\/pl\\\/shop\\\/kamienia-naturalnego\\\/podloga\\\/nero-africa-impala-2cm\\\/#primaryimage\"},\"image\":{\"@id\":\"https:\\\/\\\/colourofstone.com\\\/pl\\\/shop\\\/kamienia-naturalnego\\\/podloga\\\/nero-africa-impala-2cm\\\/#primaryimage\"},\"thumbnailUrl\":\"https:\\\/\\\/colourofstone.com\\\/wp-content\\\/uploads\\\/Nero-Impala-1600.jpg\",\"datePublished\":\"2022-11-09T21:16:00+00:00\",\"dateModified\":\"2023-02-11T12:28:13+00:00\",\"description\":\"Nero Africa Impala to bardzo popularny czarny jednolity granit (noryt) z RPA. Wygl\u0105d p\u0142ytki jest bardzo nowoczesny i wsp\u00f3\u0142czesny. Jego zastosowanie w ...\",\"breadcrumb\":{\"@id\":\"https:\\\/\\\/colourofstone.com\\\/pl\\\/shop\\\/kamienia-naturalnego\\\/podloga\\\/nero-africa-impala-2cm\\\/#breadcrumb\"},\"inLanguage\":\"pl-PL\",\"potentialAction\":[{\"@type\":\"ReadAction\",\"target\":[\"https:\\\/\\\/colourofstone.com\\\/pl\\\/shop\\\/kamienia-naturalnego\\\/podloga\\\/nero-africa-impala-2cm\\\/\"]}]},{\"@type\":\"ImageObject\",\"inLanguage\":\"pl-PL\",\"@id\":\"https:\\\/\\\/colourofstone.com\\\/pl\\\/shop\\\/kamienia-naturalnego\\\/podloga\\\/nero-africa-impala-2cm\\\/#primaryimage\",\"url\":\"https:\\\/\\\/colourofstone.com\\\/wp-content\\\/uploads\\\/Nero-Impala-1600.jpg\",\"contentUrl\":\"https:\\\/\\\/colourofstone.com\\\/wp-content\\\/uploads\\\/Nero-Impala-1600.jpg\",\"width\":1600,\"height\":1600,\"caption\":\"Nero Impala\"},{\"@type\":\"BreadcrumbList\",\"@id\":\"https:\\\/\\\/colourofstone.com\\\/pl\\\/shop\\\/kamienia-naturalnego\\\/podloga\\\/nero-africa-impala-2cm\\\/#breadcrumb\",\"itemListElement\":[{\"@type\":\"ListItem\",\"position\":1,\"name\":\"Home\",\"item\":\"https:\\\/\\\/colourofstone.com\\\/pl\\\/\"},{\"@type\":\"ListItem\",\"position\":2,\"name\":\"Shop\",\"item\":\"https:\\\/\\\/colourofstone.com\\\/pl\\\/shop\\\/\"},{\"@type\":\"ListItem\",\"position\":3,\"name\":\"Granit\",\"item\":\"https:\\\/\\\/colourofstone.com\\\/pl\\\/material\\\/granit\\\/\"},{\"@type\":\"ListItem\",\"position\":4,\"name\":\"Nero Africa Impala\"}]},{\"@type\":\"WebSite\",\"@id\":\"https:\\\/\\\/colourofstone.com\\\/pl\\\/#website\",\"url\":\"https:\\\/\\\/colourofstone.com\\\/pl\\\/\",\"name\":\"Colour of Stone\",\"description\":\"Fliesen, Haus und Garten Produkte aus Naturstein - Online Shop\",\"publisher\":{\"@id\":\"https:\\\/\\\/colourofstone.com\\\/pl\\\/#organization\"},\"potentialAction\":[{\"@type\":\"SearchAction\",\"target\":{\"@type\":\"EntryPoint\",\"urlTemplate\":\"https:\\\/\\\/colourofstone.com\\\/pl\\\/?s={search_term_string}\"},\"query-input\":{\"@type\":\"PropertyValueSpecification\",\"valueRequired\":true,\"valueName\":\"search_term_string\"}}],\"inLanguage\":\"pl-PL\"},{\"@type\":\"Organization\",\"@id\":\"https:\\\/\\\/colourofstone.com\\\/pl\\\/#organization\",\"name\":\"Colour of Stone GmbH\",\"url\":\"https:\\\/\\\/colourofstone.com\\\/pl\\\/\",\"logo\":{\"@type\":\"ImageObject\",\"inLanguage\":\"pl-PL\",\"@id\":\"https:\\\/\\\/colourofstone.com\\\/pl\\\/#\\\/schema\\\/logo\\\/image\\\/\",\"url\":\"https:\\\/\\\/colourofstone.com\\\/wp-content\\\/uploads\\\/99FC1526-DF3B-44F1-9816-9278D3194252-scaled.jpeg\",\"contentUrl\":\"https:\\\/\\\/colourofstone.com\\\/wp-content\\\/uploads\\\/99FC1526-DF3B-44F1-9816-9278D3194252-scaled.jpeg\",\"width\":2125,\"height\":2560,\"caption\":\"Colour of Stone GmbH\"},\"image\":{\"@id\":\"https:\\\/\\\/colourofstone.com\\\/pl\\\/#\\\/schema\\\/logo\\\/image\\\/\"},\"sameAs\":[\"https:\\\/\\\/www.instagram.com\\\/colourofstone\\\/\"]}]}<\/script>\n<!-- \/ Yoast SEO plugin. -->","yoast_head_json":{"title":"Nero Africa Impala - Norite Pod\u0142oga bezp\u0142atny transport - Colour of Stone","description":"Nero Africa Impala to bardzo popularny czarny jednolity granit (noryt) z RPA. Wygl\u0105d p\u0142ytki jest bardzo nowoczesny i wsp\u00f3\u0142czesny. Jego zastosowanie w ...","robots":{"index":"index","follow":"follow","max-snippet":"max-snippet:-1","max-image-preview":"max-image-preview:large","max-video-preview":"max-video-preview:-1"},"canonical":"https:\/\/colourofstone.com\/pl\/shop\/kamienia-naturalnego\/podloga\/nero-africa-impala-2cm\/","og_locale":"pl_PL","og_type":"article","og_title":"Nero Africa Impala - Norite Pod\u0142oga bezp\u0142atny transport - Colour of Stone","og_description":"Nero Africa Impala to bardzo popularny czarny jednolity granit (noryt) z RPA. Wygl\u0105d p\u0142ytki jest bardzo nowoczesny i wsp\u00f3\u0142czesny. Jego zastosowanie w ...","og_url":"https:\/\/colourofstone.com\/pl\/shop\/kamienia-naturalnego\/podloga\/nero-africa-impala-2cm\/","og_site_name":"Colour of Stone","article_modified_time":"2023-02-11T12:28:13+00:00","og_image":[{"width":1600,"height":1600,"url":"https:\/\/colourofstone.com\/wp-content\/uploads\/Nero-Impala-1600.jpg","type":"image\/jpeg"}],"twitter_card":"summary_large_image","schema":{"@context":"https:\/\/schema.org","@graph":[{"@type":"WebPage","@id":"https:\/\/colourofstone.com\/pl\/shop\/kamienia-naturalnego\/podloga\/nero-africa-impala-2cm\/","url":"https:\/\/colourofstone.com\/pl\/shop\/kamienia-naturalnego\/podloga\/nero-africa-impala-2cm\/","name":"Nero Africa Impala - Norite Pod\u0142oga bezp\u0142atny transport - Colour of Stone","isPartOf":{"@id":"https:\/\/colourofstone.com\/pl\/#website"},"primaryImageOfPage":{"@id":"https:\/\/colourofstone.com\/pl\/shop\/kamienia-naturalnego\/podloga\/nero-africa-impala-2cm\/#primaryimage"},"image":{"@id":"https:\/\/colourofstone.com\/pl\/shop\/kamienia-naturalnego\/podloga\/nero-africa-impala-2cm\/#primaryimage"},"thumbnailUrl":"https:\/\/colourofstone.com\/wp-content\/uploads\/Nero-Impala-1600.jpg","datePublished":"2022-11-09T21:16:00+00:00","dateModified":"2023-02-11T12:28:13+00:00","description":"Nero Africa Impala to bardzo popularny czarny jednolity granit (noryt) z RPA. Wygl\u0105d p\u0142ytki jest bardzo nowoczesny i wsp\u00f3\u0142czesny. Jego zastosowanie w ...","breadcrumb":{"@id":"https:\/\/colourofstone.com\/pl\/shop\/kamienia-naturalnego\/podloga\/nero-africa-impala-2cm\/#breadcrumb"},"inLanguage":"pl-PL","potentialAction":[{"@type":"ReadAction","target":["https:\/\/colourofstone.com\/pl\/shop\/kamienia-naturalnego\/podloga\/nero-africa-impala-2cm\/"]}]},{"@type":"ImageObject","inLanguage":"pl-PL","@id":"https:\/\/colourofstone.com\/pl\/shop\/kamienia-naturalnego\/podloga\/nero-africa-impala-2cm\/#primaryimage","url":"https:\/\/colourofstone.com\/wp-content\/uploads\/Nero-Impala-1600.jpg","contentUrl":"https:\/\/colourofstone.com\/wp-content\/uploads\/Nero-Impala-1600.jpg","width":1600,"height":1600,"caption":"Nero Impala"},{"@type":"BreadcrumbList","@id":"https:\/\/colourofstone.com\/pl\/shop\/kamienia-naturalnego\/podloga\/nero-africa-impala-2cm\/#breadcrumb","itemListElement":[{"@type":"ListItem","position":1,"name":"Home","item":"https:\/\/colourofstone.com\/pl\/"},{"@type":"ListItem","position":2,"name":"Shop","item":"https:\/\/colourofstone.com\/pl\/shop\/"},{"@type":"ListItem","position":3,"name":"Granit","item":"https:\/\/colourofstone.com\/pl\/material\/granit\/"},{"@type":"ListItem","position":4,"name":"Nero Africa Impala"}]},{"@type":"WebSite","@id":"https:\/\/colourofstone.com\/pl\/#website","url":"https:\/\/colourofstone.com\/pl\/","name":"Colour of Stone","description":"Fliesen, Haus und Garten Produkte aus Naturstein - Online Shop","publisher":{"@id":"https:\/\/colourofstone.com\/pl\/#organization"},"potentialAction":[{"@type":"SearchAction","target":{"@type":"EntryPoint","urlTemplate":"https:\/\/colourofstone.com\/pl\/?s={search_term_string}"},"query-input":{"@type":"PropertyValueSpecification","valueRequired":true,"valueName":"search_term_string"}}],"inLanguage":"pl-PL"},{"@type":"Organization","@id":"https:\/\/colourofstone.com\/pl\/#organization","name":"Colour of Stone GmbH","url":"https:\/\/colourofstone.com\/pl\/","logo":{"@type":"ImageObject","inLanguage":"pl-PL","@id":"https:\/\/colourofstone.com\/pl\/#\/schema\/logo\/image\/","url":"https:\/\/colourofstone.com\/wp-content\/uploads\/99FC1526-DF3B-44F1-9816-9278D3194252-scaled.jpeg","contentUrl":"https:\/\/colourofstone.com\/wp-content\/uploads\/99FC1526-DF3B-44F1-9816-9278D3194252-scaled.jpeg","width":2125,"height":2560,"caption":"Colour of Stone GmbH"},"image":{"@id":"https:\/\/colourofstone.com\/pl\/#\/schema\/logo\/image\/"},"sameAs":["https:\/\/www.instagram.com\/colourofstone\/"]}]}},"_links":{"self":[{"href":"https:\/\/colourofstone.com\/pl\/wp-json\/wp\/v2\/product\/51315","targetHints":{"allow":["GET"]}}],"collection":[{"href":"https:\/\/colourofstone.com\/pl\/wp-json\/wp\/v2\/product"}],"about":[{"href":"https:\/\/colourofstone.com\/pl\/wp-json\/wp\/v2\/types\/product"}],"wp:featuredmedia":[{"embeddable":true,"href":"https:\/\/colourofstone.com\/pl\/wp-json\/wp\/v2\/media\/45658"}],"wp:attachment":[{"href":"https:\/\/colourofstone.com\/pl\/wp-json\/wp\/v2\/media?parent=51315"}],"wp:term":[{"taxonomy":"product_brand","embeddable":true,"href":"https:\/\/colourofstone.com\/pl\/wp-json\/wp\/v2\/product_brand?post=51315"},{"taxonomy":"product_cat","embeddable":true,"href":"https:\/\/colourofstone.com\/pl\/wp-json\/wp\/v2\/product_cat?post=51315"},{"taxonomy":"product_tag","embeddable":true,"href":"https:\/\/colourofstone.com\/pl\/wp-json\/wp\/v2\/product_tag?post=51315"}],"curies":[{"name":"wp","href":"https:\/\/api.w.org\/{rel}","templated":true}]}}