{"id":16955,"date":"2021-03-02T07:21:00","date_gmt":"2021-03-02T07:21:00","guid":{"rendered":"https:\/\/colourofstone.com\/consulta\/"},"modified":"2025-06-17T20:11:41","modified_gmt":"2025-06-17T20:11:41","slug":"informacoes-sobre-pedidos","status":"publish","type":"page","link":"https:\/\/colourofstone.com\/pt-pt\/informacoes-sobre-pedidos\/","title":{"rendered":"Informa\u00e7\u00f5es sobre pedidos"},"content":{"rendered":"\n<h5 class=\"wp-block-heading is-style-border-s\"><strong><strong>Azulejos<\/strong><\/strong> \/ PAVIMENTOS<\/h5>\n\n\n\n<div style=\"height:20px\" aria-hidden=\"true\" class=\"wp-block-spacer\"><\/div>\n\n\n\n<p class=\"is-style-border-s\">A partir de 15 m2, entregamos de acordo com as <a href=\"https:\/\/colourofstone.com\/pt-pt\/informacao-de-entrega\/\">informa\u00e7\u00f5es de envio<\/a>, sem custos de envio, exceto se indicado em contr\u00e1rio. Para quantidades de encomenda de 5 m2 at\u00e9 15 m2, cobramos uma sobretaxa para pequenas quantidades de 238,00 euros (IVA 19% DE). Em geral, aplica-se uma quantidade m\u00ednima de encomenda de 5 m2. A quantidade exacta da encomenda depende do formato.<\/p>\n\n\n\n<p class=\"is-style-border-s\">Por favor, calcule o corte. Dependendo do tipo de instala\u00e7\u00e3o, este pode ser de 10 &#8211; 15 % ou superior.<\/p>\n\n\n\n<div style=\"height:46px\" aria-hidden=\"true\" class=\"wp-block-spacer\"><\/div>\n\n\n\n<h5 class=\"wp-block-heading is-style-border-s\"><strong><strong>Rodap\u00e9s<\/strong><\/strong><\/h5>\n\n\n\n<div style=\"height:20px\" aria-hidden=\"true\" class=\"wp-block-spacer\"><\/div>\n\n\n\n<p class=\"is-style-border-s\">Aplica-se uma quantidade m\u00ednima de encomenda de 10 metros corridos por material e formato para rodap\u00e9s. Os rodap\u00e9s s\u00f3 podem ser encomendados em combina\u00e7\u00e3o com azulejos.<\/p>\n\n\n\n<p class=\"is-style-border-s\">As encomendas s\u00e3o sempre especificadas em metros corridos (mc). Os rodap\u00e9s individuais t\u00eam entre 0,20 m e 0,90 m de comprimento.<\/p>\n\n\n\n<div style=\"height:46px\" aria-hidden=\"true\" class=\"wp-block-spacer\"><\/div>\n\n\n\n<h5 class=\"wp-block-heading is-style-border-s\"><strong><strong>Prazos de entrega Europa<\/strong><\/strong><\/h5>\n\n\n\n<div style=\"height:20px\" aria-hidden=\"true\" class=\"wp-block-spacer\"><\/div>\n\n\n\n<p class=\"is-style-border-s\"><strong>Formatos at\u00e9 60 x 60 cm <span class='cm-info' onclick='toggleInchInfo(this)'>\u2139\ufe0f<\/span>\n        <div class='inch-info'>\u2248 23.6\" x 23.6\"<\/div><\/strong><\/p>\n\n\n\n<p class=\"is-style-border-s\">Necessitamos de 2 semanas para a produ\u00e7\u00e3o e 1 semana para o envio. Ap\u00f3s 3 semanas (por vezes 4 semanas), a encomenda \u00e9 entregue.<\/p>\n\n\n\n<p class=\"is-style-border-s\"><strong>Formato 80 x 80 cm <span class='cm-info' onclick='toggleInchInfo(this)'>\u2139\ufe0f<\/span>\n        <div class='inch-info'>\u2248 31.5\" x 31.5\"<\/div> \/ 100 x 100 cm <span class='cm-info' onclick='toggleInchInfo(this)'>\u2139\ufe0f<\/span>\n        <div class='inch-info'>\u2248 39.4\" x 39.4\"<\/div><\/strong><\/p>\n\n\n\n<p class=\"is-style-border-s\">Necessitamos de 3 semanas para a produ\u00e7\u00e3o e 1 semana para o envio. Ap\u00f3s 4 semanas (por vezes 5 semanas), a encomenda \u00e9 entregue.<\/p>\n\n\n\n<div style=\"height:46px\" aria-hidden=\"true\" class=\"wp-block-spacer\"><\/div>\n\n\n\n<h5 class=\"wp-block-heading is-style-border-s\"><strong><strong>Embalagem<\/strong><\/strong><\/h5>\n\n\n\n<div style=\"height:20px\" aria-hidden=\"true\" class=\"wp-block-spacer\"><\/div>\n\n\n\n<p class=\"is-style-border-s\">Entregamos azulejos e pavimentos em paletes de madeira Euro 120 x 80 cm <span class='cm-info' onclick='toggleInchInfo(this)'>\u2139\ufe0f<\/span>\n        <div class='inch-info'>\u2248 47.2\" x 31.5\"<\/div> ou em paletes especiais de sentido \u00fanico com ou sem caixa de madeira. Cerca de 34 m2 de material cabem numa palete. Cada palete pesa no m\u00e1ximo 1.000 kg.<\/p>\n\n\n\n<p class=\"is-style-border-s\">Os azulejos no formato 30,5 x 30,5 cm <span class='cm-info' onclick='toggleInchInfo(this)'>\u2139\ufe0f<\/span>\n        <div class='inch-info'>\u2248 12\" x 12\"<\/div> \/ 61 x 30,5 cm <span class='cm-info' onclick='toggleInchInfo(this)'>\u2139\ufe0f<\/span>\n        <div class='inch-info'>\u2248 24\" x 12\"<\/div> \/ 40 x 40 cm <span class='cm-info' onclick='toggleInchInfo(this)'>\u2139\ufe0f<\/span>\n        <div class='inch-info'>\u2248 15.7\" x 15.7\"<\/div> s\u00e3o normalmente entregues em caixas numa palete.<\/p>\n\n\n\n<p class=\"is-style-border-s\"><strong>Nota:<\/strong>\u00a0Ao desembalar os azulejos no formato 60 x 60 cm <span class='cm-info' onclick='toggleInchInfo(this)'>\u2139\ufe0f<\/span>\n        <div class='inch-info'>\u2248 23.6\" x 23.6\"<\/div> \/ 80 x 80 cm <span class='cm-info' onclick='toggleInchInfo(this)'>\u2139\ufe0f<\/span>\n        <div class='inch-info'>\u2248 31.5\" x 31.5\"<\/div> \/ 100 x 100 cm <span class='cm-info' onclick='toggleInchInfo(this)'>\u2139\ufe0f<\/span>\n        <div class='inch-info'>\u2248 39.4\" x 39.4\"<\/div>, certifique-se de que os azulejos s\u00e3o retirados uniformemente da palete. N\u00e3o deve haver excesso de peso de um dos lados. N\u00e3o aceitamos qualquer responsabilidade por danos causados por desembalagem incorrecta.<\/p>\n\n\n\n<div style=\"height:46px\" aria-hidden=\"true\" class=\"wp-block-spacer\"><\/div>\n\n\n\n<h5 class=\"wp-block-heading is-style-border-s\"><strong><strong>Instala\u00e7\u00e3o<\/strong><\/strong><\/h5>\n\n\n\n<div style=\"height:20px\" aria-hidden=\"true\" class=\"wp-block-spacer\"><\/div>\n\n\n\n<p class=\"is-style-border-s\">Todos os azulejos devem ser colocados por uma pessoa profissionalmente qualificada. N\u00e3o aceitamos qualquer responsabilidade por instala\u00e7\u00e3o inadequada.<\/p>\n\n\n\n<div style=\"height:46px\" aria-hidden=\"true\" class=\"wp-block-spacer\"><\/div>\n\n\n\n<h5 class=\"wp-block-heading is-style-border-s\"><strong><strong>A primeira impress\u00e3o<\/strong><\/strong><\/h5>\n\n\n\n<div style=\"height:20px\" aria-hidden=\"true\" class=\"wp-block-spacer\"><\/div>\n\n\n\n<p class=\"is-style-border-s\">A \u00e1gua \u00e9 necess\u00e1ria (e reciclada) para a produ\u00e7\u00e3o. Os ladrilhos s\u00e3o embalados imediatamente ap\u00f3s a produ\u00e7\u00e3o. Por conseguinte, os azulejos devem ser permitidos secar completamente ap\u00f3s a entrega. Os azulejos que n\u00e3o secaram parecem mais escuros. A tonalidade certa vem com a secagem. \u00c9 como depois de uma chuva: O ch\u00e3o seca e torna-se mais leve.<\/p>\n\n\n\n<div style=\"height:100px\" aria-hidden=\"true\" class=\"wp-block-spacer\"><\/div>\n\n        <script>\n        function toggleInchInfo(el) {\n            const infoBox = el.nextElementSibling;\n            if (infoBox.style.display === \"none\") {\n                infoBox.style.display = \"inline\";\n            } else {\n                infoBox.style.display = \"none\";\n            }\n        }\n        <\/script>\n        <style>\n            .cm-info {\n                cursor: pointer;\n                color: #0073aa;\n                font-weight: bold;\n                margin-left: 4px;\n            }\n            .inch-info {\n                display: none;\n                background: #f8f8f8;\n                border: 1px solid #ccc;\n                padding: 4px 8px;\n                margin-left: 5px;\n                font-size: 0.9em;\n                border-radius: 4px;\n            }\n        <\/style>","protected":false},"excerpt":{"rendered":"<p>Azulejos \/ PAVIMENTOS A partir de 15 m2, entregamos de acordo com as informa\u00e7\u00f5es de envio, sem custos de envio, exceto se indicado em contr\u00e1rio. Para quantidades de encomenda de 5 m2 at\u00e9 15 m2, cobramos uma sobretaxa para pequenas quantidades de 238,00 euros (IVA 19% DE). Em geral, aplica-se uma quantidade m\u00ednima de encomenda <a href=\"https:\/\/colourofstone.com\/pt-pt\/informacoes-sobre-pedidos\/\" class=\"more-link\">&#8230;<\/a><\/p>\n","protected":false},"author":2,"featured_media":0,"parent":0,"menu_order":0,"comment_status":"closed","ping_status":"closed","template":"","meta":{"footnotes":""},"class_list":["post-16955","page","type-page","status-publish","hentry"],"yoast_head":"<!-- This site is optimized with the Yoast SEO plugin v27.4 - https:\/\/yoast.com\/product\/yoast-seo-wordpress\/ -->\n<title>Informa\u00e7\u00f5es sobre pedidos - Colour of Stone<\/title>\n<meta name=\"description\" content=\"Entregaremos os seus azulejos de m\u00e1rmore \u00e0 sua porta da frente. Rodap\u00e9s? Temos em stock. Discover your style.\" \/>\n<meta name=\"robots\" content=\"index, follow, max-snippet:-1, max-image-preview:large, max-video-preview:-1\" \/>\n<link rel=\"canonical\" href=\"https:\/\/colourofstone.com\/pt-pt\/informacoes-sobre-pedidos\/\" \/>\n<meta property=\"og:locale\" content=\"pt_PT\" \/>\n<meta property=\"og:type\" content=\"article\" \/>\n<meta property=\"og:title\" content=\"Informa\u00e7\u00f5es sobre pedidos - Colour of Stone\" \/>\n<meta property=\"og:description\" content=\"Entregaremos os seus azulejos de m\u00e1rmore \u00e0 sua porta da frente. Rodap\u00e9s? Temos em stock. Discover your style.\" \/>\n<meta property=\"og:url\" content=\"https:\/\/colourofstone.com\/pt-pt\/informacoes-sobre-pedidos\/\" \/>\n<meta property=\"og:site_name\" content=\"Colour of Stone\" \/>\n<meta property=\"article:modified_time\" content=\"2025-06-17T20:11:41+00:00\" \/>\n<meta property=\"og:image\" content=\"https:\/\/colourofstone.com\/wp-content\/uploads\/Logo.png\" \/>\n\t<meta property=\"og:image:width\" content=\"1086\" \/>\n\t<meta property=\"og:image:height\" content=\"553\" \/>\n\t<meta property=\"og:image:type\" content=\"image\/png\" \/>\n<meta name=\"twitter:card\" content=\"summary_large_image\" \/>\n<meta name=\"twitter:label1\" content=\"Tempo estimado de leitura\" \/>\n\t<meta name=\"twitter:data1\" content=\"5 minutos\" \/>\n<script type=\"application\/ld+json\" class=\"yoast-schema-graph\">{\"@context\":\"https:\\\/\\\/schema.org\",\"@graph\":[{\"@type\":\"WebPage\",\"@id\":\"https:\\\/\\\/colourofstone.com\\\/pt-pt\\\/informacoes-sobre-pedidos\\\/\",\"url\":\"https:\\\/\\\/colourofstone.com\\\/pt-pt\\\/informacoes-sobre-pedidos\\\/\",\"name\":\"Informa\u00e7\u00f5es sobre pedidos - Colour of Stone\",\"isPartOf\":{\"@id\":\"https:\\\/\\\/colourofstone.com\\\/pt-pt\\\/#website\"},\"datePublished\":\"2021-03-02T07:21:00+00:00\",\"dateModified\":\"2025-06-17T20:11:41+00:00\",\"description\":\"Entregaremos os seus azulejos de m\u00e1rmore \u00e0 sua porta da frente. Rodap\u00e9s? Temos em stock. Discover your style.\",\"breadcrumb\":{\"@id\":\"https:\\\/\\\/colourofstone.com\\\/pt-pt\\\/informacoes-sobre-pedidos\\\/#breadcrumb\"},\"inLanguage\":\"pt-PT\",\"potentialAction\":[{\"@type\":\"ReadAction\",\"target\":[\"https:\\\/\\\/colourofstone.com\\\/pt-pt\\\/informacoes-sobre-pedidos\\\/\"]}]},{\"@type\":\"BreadcrumbList\",\"@id\":\"https:\\\/\\\/colourofstone.com\\\/pt-pt\\\/informacoes-sobre-pedidos\\\/#breadcrumb\",\"itemListElement\":[{\"@type\":\"ListItem\",\"position\":1,\"name\":\"Home\",\"item\":\"https:\\\/\\\/colourofstone.com\\\/pt-pt\\\/\"},{\"@type\":\"ListItem\",\"position\":2,\"name\":\"Informa\u00e7\u00f5es sobre pedidos\"}]},{\"@type\":\"WebSite\",\"@id\":\"https:\\\/\\\/colourofstone.com\\\/pt-pt\\\/#website\",\"url\":\"https:\\\/\\\/colourofstone.com\\\/pt-pt\\\/\",\"name\":\"Colour of Stone\",\"description\":\"Fliesen, Haus und Garten Produkte aus Naturstein - Online Shop\",\"publisher\":{\"@id\":\"https:\\\/\\\/colourofstone.com\\\/pt-pt\\\/#organization\"},\"potentialAction\":[{\"@type\":\"SearchAction\",\"target\":{\"@type\":\"EntryPoint\",\"urlTemplate\":\"https:\\\/\\\/colourofstone.com\\\/pt-pt\\\/?s={search_term_string}\"},\"query-input\":{\"@type\":\"PropertyValueSpecification\",\"valueRequired\":true,\"valueName\":\"search_term_string\"}}],\"inLanguage\":\"pt-PT\"},{\"@type\":\"Organization\",\"@id\":\"https:\\\/\\\/colourofstone.com\\\/pt-pt\\\/#organization\",\"name\":\"Colour of Stone GmbH\",\"url\":\"https:\\\/\\\/colourofstone.com\\\/pt-pt\\\/\",\"logo\":{\"@type\":\"ImageObject\",\"inLanguage\":\"pt-PT\",\"@id\":\"https:\\\/\\\/colourofstone.com\\\/pt-pt\\\/#\\\/schema\\\/logo\\\/image\\\/\",\"url\":\"https:\\\/\\\/colourofstone.com\\\/wp-content\\\/uploads\\\/99FC1526-DF3B-44F1-9816-9278D3194252-scaled.jpeg\",\"contentUrl\":\"https:\\\/\\\/colourofstone.com\\\/wp-content\\\/uploads\\\/99FC1526-DF3B-44F1-9816-9278D3194252-scaled.jpeg\",\"width\":2125,\"height\":2560,\"caption\":\"Colour of Stone GmbH\"},\"image\":{\"@id\":\"https:\\\/\\\/colourofstone.com\\\/pt-pt\\\/#\\\/schema\\\/logo\\\/image\\\/\"},\"sameAs\":[\"https:\\\/\\\/www.instagram.com\\\/colourofstone\\\/\"]}]}<\/script>\n<!-- \/ Yoast SEO plugin. -->","yoast_head_json":{"title":"Informa\u00e7\u00f5es sobre pedidos - Colour of Stone","description":"Entregaremos os seus azulejos de m\u00e1rmore \u00e0 sua porta da frente. Rodap\u00e9s? Temos em stock. Discover your style.","robots":{"index":"index","follow":"follow","max-snippet":"max-snippet:-1","max-image-preview":"max-image-preview:large","max-video-preview":"max-video-preview:-1"},"canonical":"https:\/\/colourofstone.com\/pt-pt\/informacoes-sobre-pedidos\/","og_locale":"pt_PT","og_type":"article","og_title":"Informa\u00e7\u00f5es sobre pedidos - Colour of Stone","og_description":"Entregaremos os seus azulejos de m\u00e1rmore \u00e0 sua porta da frente. Rodap\u00e9s? Temos em stock. Discover your style.","og_url":"https:\/\/colourofstone.com\/pt-pt\/informacoes-sobre-pedidos\/","og_site_name":"Colour of Stone","article_modified_time":"2025-06-17T20:11:41+00:00","og_image":[{"width":1086,"height":553,"url":"https:\/\/colourofstone.com\/wp-content\/uploads\/Logo.png","type":"image\/png"}],"twitter_card":"summary_large_image","twitter_misc":{"Tempo estimado de leitura":"5 minutos"},"schema":{"@context":"https:\/\/schema.org","@graph":[{"@type":"WebPage","@id":"https:\/\/colourofstone.com\/pt-pt\/informacoes-sobre-pedidos\/","url":"https:\/\/colourofstone.com\/pt-pt\/informacoes-sobre-pedidos\/","name":"Informa\u00e7\u00f5es sobre pedidos - Colour of Stone","isPartOf":{"@id":"https:\/\/colourofstone.com\/pt-pt\/#website"},"datePublished":"2021-03-02T07:21:00+00:00","dateModified":"2025-06-17T20:11:41+00:00","description":"Entregaremos os seus azulejos de m\u00e1rmore \u00e0 sua porta da frente. Rodap\u00e9s? Temos em stock. Discover your style.","breadcrumb":{"@id":"https:\/\/colourofstone.com\/pt-pt\/informacoes-sobre-pedidos\/#breadcrumb"},"inLanguage":"pt-PT","potentialAction":[{"@type":"ReadAction","target":["https:\/\/colourofstone.com\/pt-pt\/informacoes-sobre-pedidos\/"]}]},{"@type":"BreadcrumbList","@id":"https:\/\/colourofstone.com\/pt-pt\/informacoes-sobre-pedidos\/#breadcrumb","itemListElement":[{"@type":"ListItem","position":1,"name":"Home","item":"https:\/\/colourofstone.com\/pt-pt\/"},{"@type":"ListItem","position":2,"name":"Informa\u00e7\u00f5es sobre pedidos"}]},{"@type":"WebSite","@id":"https:\/\/colourofstone.com\/pt-pt\/#website","url":"https:\/\/colourofstone.com\/pt-pt\/","name":"Colour of Stone","description":"Fliesen, Haus und Garten Produkte aus Naturstein - Online Shop","publisher":{"@id":"https:\/\/colourofstone.com\/pt-pt\/#organization"},"potentialAction":[{"@type":"SearchAction","target":{"@type":"EntryPoint","urlTemplate":"https:\/\/colourofstone.com\/pt-pt\/?s={search_term_string}"},"query-input":{"@type":"PropertyValueSpecification","valueRequired":true,"valueName":"search_term_string"}}],"inLanguage":"pt-PT"},{"@type":"Organization","@id":"https:\/\/colourofstone.com\/pt-pt\/#organization","name":"Colour of Stone GmbH","url":"https:\/\/colourofstone.com\/pt-pt\/","logo":{"@type":"ImageObject","inLanguage":"pt-PT","@id":"https:\/\/colourofstone.com\/pt-pt\/#\/schema\/logo\/image\/","url":"https:\/\/colourofstone.com\/wp-content\/uploads\/99FC1526-DF3B-44F1-9816-9278D3194252-scaled.jpeg","contentUrl":"https:\/\/colourofstone.com\/wp-content\/uploads\/99FC1526-DF3B-44F1-9816-9278D3194252-scaled.jpeg","width":2125,"height":2560,"caption":"Colour of Stone GmbH"},"image":{"@id":"https:\/\/colourofstone.com\/pt-pt\/#\/schema\/logo\/image\/"},"sameAs":["https:\/\/www.instagram.com\/colourofstone\/"]}]}},"_links":{"self":[{"href":"https:\/\/colourofstone.com\/pt-pt\/wp-json\/wp\/v2\/pages\/16955","targetHints":{"allow":["GET"]}}],"collection":[{"href":"https:\/\/colourofstone.com\/pt-pt\/wp-json\/wp\/v2\/pages"}],"about":[{"href":"https:\/\/colourofstone.com\/pt-pt\/wp-json\/wp\/v2\/types\/page"}],"author":[{"embeddable":true,"href":"https:\/\/colourofstone.com\/pt-pt\/wp-json\/wp\/v2\/users\/2"}],"replies":[{"embeddable":true,"href":"https:\/\/colourofstone.com\/pt-pt\/wp-json\/wp\/v2\/comments?post=16955"}],"version-history":[{"count":10,"href":"https:\/\/colourofstone.com\/pt-pt\/wp-json\/wp\/v2\/pages\/16955\/revisions"}],"predecessor-version":[{"id":84650,"href":"https:\/\/colourofstone.com\/pt-pt\/wp-json\/wp\/v2\/pages\/16955\/revisions\/84650"}],"wp:attachment":[{"href":"https:\/\/colourofstone.com\/pt-pt\/wp-json\/wp\/v2\/media?parent=16955"}],"curies":[{"name":"wp","href":"https:\/\/api.w.org\/{rel}","templated":true}]}}