{"id":16973,"date":"2020-12-29T07:27:36","date_gmt":"2020-12-29T07:27:36","guid":{"rendered":"https:\/\/colourofstone.com\/imprimir\/"},"modified":"2025-07-29T07:25:27","modified_gmt":"2025-07-29T07:25:27","slug":"renuncia-legal","status":"publish","type":"page","link":"https:\/\/colourofstone.com\/pt-pt\/renuncia-legal\/","title":{"rendered":"Ren\u00fancia legal"},"content":{"rendered":"\n<h5 class=\"wp-block-heading is-style-border-s\"><strong><strong>Informa\u00e7\u00e3o de acordo com \u00a7 5 TMG:<\/strong><\/strong><\/h5>\n\n\n\n<div style=\"height:20px\" aria-hidden=\"true\" class=\"wp-block-spacer\"><\/div>\n\n\n\n<p class=\"is-style-border-s\">Colour of Stone GmbH<br>Albert-Einstein-Str. 10<br>31135 Hildesheim &#8211; GERMANY<\/p>\n\n\n\n<div style=\"height:20px\" aria-hidden=\"true\" class=\"wp-block-spacer\"><\/div>\n\n\n\n<p class=\"is-style-border-s\">Telefone <a href=\"tel:+495121102309\">+49 5121 102309<\/a><br>E-Mail <a href=\"mailto:hello@colourofstone.com\">hello@colourofstone.com<\/a><br>Website <a href=\"http:\/\/www.colourofstone.com\">colourofstone.com<\/a><\/p>\n\n\n\n<div style=\"height:20px\" aria-hidden=\"true\" class=\"wp-block-spacer\"><\/div>\n\n\n\n<p class=\"is-style-border-s\">Tribunal de registo: Tribunal local de Hildesheim<\/p>\n\n\n\n<p class=\"is-style-border-s\">N\u00famero de registo: HRB 207 255<\/p>\n\n\n\n<div style=\"height:20px\" aria-hidden=\"true\" class=\"wp-block-spacer\"><\/div>\n\n\n\n<p class=\"is-style-border-s\">Representante autorizado director-geral: Friedrich Aly<\/p>\n\n\n\n<div style=\"height:40px\" aria-hidden=\"true\" class=\"wp-block-spacer\"><\/div>\n\n\n\n<h5 class=\"wp-block-heading is-style-border-s\">N\u00famero de identifica\u00e7\u00e3o fiscal de Vendas de acordo com \u00a7 27a lei &nbsp;do imposto sobre o volume de neg\u00f3cios:<\/h5>\n\n\n\n<div style=\"height:20px\" aria-hidden=\"true\" class=\"wp-block-spacer\"><\/div>\n\n\n\n<p class=\"is-style-border-s\">DE 339 389 434&nbsp;<\/p>\n\n\n\n<div style=\"height:40px\" aria-hidden=\"true\" class=\"wp-block-spacer\"><\/div>\n\n\n\n<h5 class=\"wp-block-heading is-style-border-s\"><strong><strong>Dados profissionais<\/strong><\/strong><\/h5>\n\n\n\n<div style=\"height:20px\" aria-hidden=\"true\" class=\"wp-block-spacer\"><\/div>\n\n\n\n<p class=\"is-style-border-s\">Afilia\u00e7\u00e3o C\u00e2mara de Artesanato C\u00e2mara de Hildesheim-S\u00fcdniedersachsen<\/p>\n\n\n\n<div style=\"height:40px\" aria-hidden=\"true\" class=\"wp-block-spacer\"><\/div>\n\n\n\n<h5 class=\"wp-block-heading is-style-border-s\"><strong><strong>Responsabilidade pelo conte\u00fado de acordo com \u00a755 Abs. 2 RStV<\/strong><\/strong><\/h5>\n\n\n\n<div style=\"height:20px\" aria-hidden=\"true\" class=\"wp-block-spacer\"><\/div>\n\n\n\n<p class=\"is-style-border-s\">Colour of Stone GmbH<br>Friedrich Aly<br>Albert-Einstein-Str. 10<br>31135 Hildesheim &#8211; GERMANY<\/p>\n\n\n\n<div style=\"height:40px\" aria-hidden=\"true\" class=\"wp-block-spacer\"><\/div>\n\n\n\n<h5 class=\"wp-block-heading is-style-border-s\"><strong><strong>Fonte de informa\u00e7\u00e3o para as imagens e gr\u00e1ficos utilizados<\/strong><\/strong><\/h5>\n\n\n\n<div style=\"height:20px\" aria-hidden=\"true\" class=\"wp-block-spacer\"><\/div>\n\n\n\n<p class=\"is-style-border-s\">Joachim Altschaffel <\/p>\n\n\n\n<p class=\"is-style-border-s externalLink\"><a href=\"http:\/\/www.altschaffel.com\">altschaffel.com<\/a><\/p>\n\n\n\n<div style=\"height:20px\" aria-hidden=\"true\" class=\"wp-block-spacer\"><\/div>\n\n\n\n<p class=\"is-style-border-s\">Tim Dalhoff<\/p>\n\n\n\n<p class=\"is-style-border-s externalLink\"><a href=\"http:\/\/www.timdalhoff.de\">timdalhoff.de<\/a><\/p>\n\n\n\n<div style=\"height:20px\" aria-hidden=\"true\" class=\"wp-block-spacer\"><\/div>\n\n\n\n<p class=\"is-style-border-s\">Design Wandverkleidung FLUX (Bild Format \/ Farbe)<\/p>\n\n\n\n<p class=\"is-style-border-s externalLink\"><a href=\"http:\/\/www.timdalhoff.de\" target=\"_blank\" rel=\"noreferrer noopener\">voncori.com<\/a><\/p>\n\n\n\n<div style=\"height:40px\" aria-hidden=\"true\" class=\"wp-block-spacer\"><\/div>\n\n\n\n<h5 class=\"wp-block-heading is-style-border-s\"><strong><strong>Responsabilidade pelo conte\u00fado<\/strong><\/strong><\/h5>\n\n\n\n<div style=\"height:20px\" aria-hidden=\"true\" class=\"wp-block-spacer\"><\/div>\n\n\n\n<p class=\"is-style-border-s\">Como prestador de servi\u00e7os, somos respons\u00e1veis pelo nosso pr\u00f3prio conte\u00fado nestas p\u00e1ginas, de acordo com o \u00a7 7 Par. 1 da Lei Alem\u00e3 de Telemedia (TMG). De acordo com os \u00a7\u00a7 8 a 10 TMG, contudo, n\u00e3o somos obrigados, como prestador de servi\u00e7os, a monitorizar informa\u00e7\u00f5es transmitidas ou armazenadas por terceiros ou a investigar circunst\u00e2ncias que indiquem actividade ilegal.<\/p>\n\n\n\n<p class=\"is-style-border-s\">As obriga\u00e7\u00f5es de remover ou bloquear a utiliza\u00e7\u00e3o da informa\u00e7\u00e3o de acordo com as leis gerais n\u00e3o s\u00e3o afectadas por isto. No entanto, a responsabilidade a este respeito s\u00f3 \u00e9 poss\u00edvel a partir do momento em que uma infrac\u00e7\u00e3o concreta da lei se torne conhecida. Se tivermos conhecimento de tais infrac\u00e7\u00f5es, removeremos imediatamente o conte\u00fado relevante.<\/p>\n\n\n\n<div style=\"height:40px\" aria-hidden=\"true\" class=\"wp-block-spacer\"><\/div>\n\n\n\n<h5 class=\"wp-block-heading is-style-border-s\"><strong><strong>Responsabilidade por liga\u00e7\u00f5es<\/strong><\/strong><\/h5>\n\n\n\n<div style=\"height:20px\" aria-hidden=\"true\" class=\"wp-block-spacer\"><\/div>\n\n\n\n<p class=\"is-style-border-s\">A nossa oferta cont\u00e9m links para websites externos de terceiros, sobre cujos conte\u00fados n\u00e3o temos qualquer influ\u00eancia. Por conseguinte, n\u00e3o podemos assumir qualquer responsabilidade por estes conte\u00fados externos. O respectivo fornecedor ou operador das p\u00e1ginas \u00e9 sempre respons\u00e1vel pelo conte\u00fado das p\u00e1ginas ligadas. As p\u00e1ginas ligadas foram verificadas quanto a poss\u00edveis viola\u00e7\u00f5es legais no momento da liga\u00e7\u00e3o. Os conte\u00fados ilegais n\u00e3o eram reconhec\u00edveis no momento da liga\u00e7\u00e3o.<\/p>\n\n\n\n<p class=\"is-style-border-s\">No entanto, um controlo permanente do conte\u00fado das p\u00e1ginas ligadas n\u00e3o \u00e9 razo\u00e1vel sem provas concretas de uma viola\u00e7\u00e3o da lei. Se tivermos conhecimento de qualquer infrac\u00e7\u00e3o, removeremos imediatamente tais liga\u00e7\u00f5es.<\/p>\n\n\n\n<div style=\"height:40px\" aria-hidden=\"true\" class=\"wp-block-spacer\"><\/div>\n\n\n\n<h5 class=\"wp-block-heading is-style-border-s\"><strong><strong>Direitos de autor<\/strong><\/strong><\/h5>\n\n\n\n<div style=\"height:20px\" aria-hidden=\"true\" class=\"wp-block-spacer\"><\/div>\n\n\n\n<p class=\"is-style-border-s\">Os conte\u00fados e obras criados pelos operadores do s\u00edtio nestas p\u00e1ginas est\u00e3o sujeitos \u00e0 lei alem\u00e3 de direitos de autor. A duplica\u00e7\u00e3o, processamento, distribui\u00e7\u00e3o, ou qualquer forma de comercializa\u00e7\u00e3o de tal material para al\u00e9m do \u00e2mbito da lei de direitos de autor, exige o consentimento pr\u00e9vio por escrito do seu respectivo autor ou criador. Os downloads e c\u00f3pias deste site s\u00f3 s\u00e3o permitidos para uso privado e n\u00e3o comercial.<\/p>\n\n\n\n<p class=\"is-style-border-s\">Na medida em que o conte\u00fado deste s\u00edtio n\u00e3o foi criado pelo operador, os direitos de autor de terceiros s\u00e3o respeitados. Em particular, o conte\u00fado de terceiros \u00e9 identificado como tal. No entanto, se tiver conhecimento de uma viola\u00e7\u00e3o dos direitos de autor, informe-nos em conformidade. Se tivermos conhecimento de qualquer infrac\u00e7\u00e3o, removeremos imediatamente esse conte\u00fado.<\/p>\n\n\n\n<div style=\"height:40px\" aria-hidden=\"true\" class=\"wp-block-spacer\"><\/div>\n\n\n\n<p class=\"is-style-border-s\"><strong>Web-Design &amp; Programmierung:<\/strong><br><\/p>\n\n\n\n<figure class=\"wp-block-image is-resized is-style-border-s\"><img data-src=\"https:\/\/steinwolf.de\/wp-content\/uploads\/h4MLogo.png\" alt=\"\" class=\"wp-image-2182\" style=\"width:92px;height:92px\"\/><\/figure>\n\n\n\n<div style=\"height:20px\" aria-hidden=\"true\" class=\"wp-block-spacer\"><\/div>\n\n\n\n<p class=\"is-style-border-s\">hoch4Medien Dirk Sieker<\/p>\n\n\n\n<p class=\"is-style-border-s externalLink\">hoch4Medien.de<br>Email&nbsp;<a href=\"mailto:mail@hoch4Medien.de\">mail@hoch4Medien.de<\/a><br>Telefon&nbsp;<a href=\"tel:+4915222868180\">(01 52) 22 86 81 80<\/a><\/p>\n\n\n\n<div style=\"height:204px\" aria-hidden=\"true\" class=\"wp-block-spacer\"><\/div>\n\n        <script>\n        function toggleInchInfo(el) {\n            const infoBox = el.nextElementSibling;\n            if (infoBox.style.display === \"none\") {\n                infoBox.style.display = \"inline\";\n            } else {\n                infoBox.style.display = \"none\";\n            }\n        }\n        <\/script>\n        <style>\n            .cm-info {\n                cursor: pointer;\n                color: #0073aa;\n                font-weight: bold;\n                margin-left: 4px;\n            }\n            .inch-info {\n                display: none;\n                background: #f8f8f8;\n                border: 1px solid #ccc;\n                padding: 4px 8px;\n                margin-left: 5px;\n                font-size: 0.9em;\n                border-radius: 4px;\n            }\n        <\/style>","protected":false},"excerpt":{"rendered":"<p>Informa\u00e7\u00e3o de acordo com \u00a7 5 TMG: Colour of Stone GmbHAlbert-Einstein-Str. 1031135 Hildesheim &#8211; GERMANY Telefone +49 5121 102309E-Mail hello@colourofstone.comWebsite colourofstone.com Tribunal de registo: Tribunal local de Hildesheim N\u00famero de registo: HRB 207 255 Representante autorizado director-geral: Friedrich Aly N\u00famero de identifica\u00e7\u00e3o fiscal de Vendas de acordo com \u00a7 27a lei &nbsp;do imposto sobre o <a href=\"https:\/\/colourofstone.com\/pt-pt\/renuncia-legal\/\" class=\"more-link\">&#8230;<\/a><\/p>\n","protected":false},"author":2,"featured_media":0,"parent":0,"menu_order":0,"comment_status":"closed","ping_status":"closed","template":"","meta":{"footnotes":""},"class_list":["post-16973","page","type-page","status-publish","hentry"],"yoast_head":"<!-- This site is optimized with the Yoast SEO plugin v27.4 - https:\/\/yoast.com\/product\/yoast-seo-wordpress\/ -->\n<title>Ren\u00fancia legal - Colour of Stone<\/title>\n<meta name=\"robots\" content=\"noindex, nofollow\" \/>\n<meta property=\"og:locale\" content=\"pt_PT\" \/>\n<meta property=\"og:type\" content=\"article\" \/>\n<meta property=\"og:title\" content=\"Ren\u00fancia legal - Colour of Stone\" \/>\n<meta property=\"og:description\" content=\"Informa\u00e7\u00e3o de acordo com \u00a7 5 TMG: Colour of Stone GmbHAlbert-Einstein-Str. 1031135 Hildesheim &#8211; GERMANY Telefone +49 5121 102309E-Mail hello@colourofstone.comWebsite colourofstone.com Tribunal de registo: Tribunal local de Hildesheim N\u00famero de registo: HRB 207 255 Representante autorizado director-geral: Friedrich Aly N\u00famero de identifica\u00e7\u00e3o fiscal de Vendas de acordo com \u00a7 27a lei &nbsp;do imposto sobre o ...\" \/>\n<meta property=\"og:url\" content=\"https:\/\/colourofstone.com\/pt-pt\/renuncia-legal\/\" \/>\n<meta property=\"og:site_name\" content=\"Colour of Stone\" \/>\n<meta property=\"article:modified_time\" content=\"2025-07-29T07:25:27+00:00\" \/>\n<meta property=\"og:image\" content=\"https:\/\/steinwolf.de\/wp-content\/uploads\/h4MLogo.png\" \/>\n<meta name=\"twitter:card\" content=\"summary_large_image\" \/>\n<meta name=\"twitter:label1\" content=\"Tempo estimado de leitura\" \/>\n\t<meta name=\"twitter:data1\" content=\"3 minutos\" \/>\n<script type=\"application\/ld+json\" class=\"yoast-schema-graph\">{\"@context\":\"https:\\\/\\\/schema.org\",\"@graph\":[{\"@type\":\"WebPage\",\"@id\":\"https:\\\/\\\/colourofstone.com\\\/pt-pt\\\/renuncia-legal\\\/\",\"url\":\"https:\\\/\\\/colourofstone.com\\\/pt-pt\\\/renuncia-legal\\\/\",\"name\":\"Ren\u00fancia legal - Colour of Stone\",\"isPartOf\":{\"@id\":\"https:\\\/\\\/colourofstone.com\\\/pt-pt\\\/#website\"},\"primaryImageOfPage\":{\"@id\":\"https:\\\/\\\/colourofstone.com\\\/pt-pt\\\/renuncia-legal\\\/#primaryimage\"},\"image\":{\"@id\":\"https:\\\/\\\/colourofstone.com\\\/pt-pt\\\/renuncia-legal\\\/#primaryimage\"},\"thumbnailUrl\":\"https:\\\/\\\/steinwolf.de\\\/wp-content\\\/uploads\\\/h4MLogo.png\",\"datePublished\":\"2020-12-29T07:27:36+00:00\",\"dateModified\":\"2025-07-29T07:25:27+00:00\",\"breadcrumb\":{\"@id\":\"https:\\\/\\\/colourofstone.com\\\/pt-pt\\\/renuncia-legal\\\/#breadcrumb\"},\"inLanguage\":\"pt-PT\",\"potentialAction\":[{\"@type\":\"ReadAction\",\"target\":[\"https:\\\/\\\/colourofstone.com\\\/pt-pt\\\/renuncia-legal\\\/\"]}]},{\"@type\":\"ImageObject\",\"inLanguage\":\"pt-PT\",\"@id\":\"https:\\\/\\\/colourofstone.com\\\/pt-pt\\\/renuncia-legal\\\/#primaryimage\",\"url\":\"https:\\\/\\\/steinwolf.de\\\/wp-content\\\/uploads\\\/h4MLogo.png\",\"contentUrl\":\"https:\\\/\\\/steinwolf.de\\\/wp-content\\\/uploads\\\/h4MLogo.png\"},{\"@type\":\"BreadcrumbList\",\"@id\":\"https:\\\/\\\/colourofstone.com\\\/pt-pt\\\/renuncia-legal\\\/#breadcrumb\",\"itemListElement\":[{\"@type\":\"ListItem\",\"position\":1,\"name\":\"Home\",\"item\":\"https:\\\/\\\/colourofstone.com\\\/pt-pt\\\/\"},{\"@type\":\"ListItem\",\"position\":2,\"name\":\"Ren\u00fancia legal\"}]},{\"@type\":\"WebSite\",\"@id\":\"https:\\\/\\\/colourofstone.com\\\/pt-pt\\\/#website\",\"url\":\"https:\\\/\\\/colourofstone.com\\\/pt-pt\\\/\",\"name\":\"Colour of Stone\",\"description\":\"Fliesen, Haus und Garten Produkte aus Naturstein - Online Shop\",\"publisher\":{\"@id\":\"https:\\\/\\\/colourofstone.com\\\/pt-pt\\\/#organization\"},\"potentialAction\":[{\"@type\":\"SearchAction\",\"target\":{\"@type\":\"EntryPoint\",\"urlTemplate\":\"https:\\\/\\\/colourofstone.com\\\/pt-pt\\\/?s={search_term_string}\"},\"query-input\":{\"@type\":\"PropertyValueSpecification\",\"valueRequired\":true,\"valueName\":\"search_term_string\"}}],\"inLanguage\":\"pt-PT\"},{\"@type\":\"Organization\",\"@id\":\"https:\\\/\\\/colourofstone.com\\\/pt-pt\\\/#organization\",\"name\":\"Colour of Stone GmbH\",\"url\":\"https:\\\/\\\/colourofstone.com\\\/pt-pt\\\/\",\"logo\":{\"@type\":\"ImageObject\",\"inLanguage\":\"pt-PT\",\"@id\":\"https:\\\/\\\/colourofstone.com\\\/pt-pt\\\/#\\\/schema\\\/logo\\\/image\\\/\",\"url\":\"https:\\\/\\\/colourofstone.com\\\/wp-content\\\/uploads\\\/99FC1526-DF3B-44F1-9816-9278D3194252-scaled.jpeg\",\"contentUrl\":\"https:\\\/\\\/colourofstone.com\\\/wp-content\\\/uploads\\\/99FC1526-DF3B-44F1-9816-9278D3194252-scaled.jpeg\",\"width\":2125,\"height\":2560,\"caption\":\"Colour of Stone GmbH\"},\"image\":{\"@id\":\"https:\\\/\\\/colourofstone.com\\\/pt-pt\\\/#\\\/schema\\\/logo\\\/image\\\/\"},\"sameAs\":[\"https:\\\/\\\/www.instagram.com\\\/colourofstone\\\/\"]}]}<\/script>\n<!-- \/ Yoast SEO plugin. -->","yoast_head_json":{"title":"Ren\u00fancia legal - Colour of Stone","robots":{"index":"noindex","follow":"nofollow"},"og_locale":"pt_PT","og_type":"article","og_title":"Ren\u00fancia legal - Colour of Stone","og_description":"Informa\u00e7\u00e3o de acordo com \u00a7 5 TMG: Colour of Stone GmbHAlbert-Einstein-Str. 1031135 Hildesheim &#8211; GERMANY Telefone +49 5121 102309E-Mail hello@colourofstone.comWebsite colourofstone.com Tribunal de registo: Tribunal local de Hildesheim N\u00famero de registo: HRB 207 255 Representante autorizado director-geral: Friedrich Aly N\u00famero de identifica\u00e7\u00e3o fiscal de Vendas de acordo com \u00a7 27a lei &nbsp;do imposto sobre o ...","og_url":"https:\/\/colourofstone.com\/pt-pt\/renuncia-legal\/","og_site_name":"Colour of Stone","article_modified_time":"2025-07-29T07:25:27+00:00","og_image":[{"url":"https:\/\/steinwolf.de\/wp-content\/uploads\/h4MLogo.png","type":"","width":"","height":""}],"twitter_card":"summary_large_image","twitter_misc":{"Tempo estimado de leitura":"3 minutos"},"schema":{"@context":"https:\/\/schema.org","@graph":[{"@type":"WebPage","@id":"https:\/\/colourofstone.com\/pt-pt\/renuncia-legal\/","url":"https:\/\/colourofstone.com\/pt-pt\/renuncia-legal\/","name":"Ren\u00fancia legal - Colour of Stone","isPartOf":{"@id":"https:\/\/colourofstone.com\/pt-pt\/#website"},"primaryImageOfPage":{"@id":"https:\/\/colourofstone.com\/pt-pt\/renuncia-legal\/#primaryimage"},"image":{"@id":"https:\/\/colourofstone.com\/pt-pt\/renuncia-legal\/#primaryimage"},"thumbnailUrl":"https:\/\/steinwolf.de\/wp-content\/uploads\/h4MLogo.png","datePublished":"2020-12-29T07:27:36+00:00","dateModified":"2025-07-29T07:25:27+00:00","breadcrumb":{"@id":"https:\/\/colourofstone.com\/pt-pt\/renuncia-legal\/#breadcrumb"},"inLanguage":"pt-PT","potentialAction":[{"@type":"ReadAction","target":["https:\/\/colourofstone.com\/pt-pt\/renuncia-legal\/"]}]},{"@type":"ImageObject","inLanguage":"pt-PT","@id":"https:\/\/colourofstone.com\/pt-pt\/renuncia-legal\/#primaryimage","url":"https:\/\/steinwolf.de\/wp-content\/uploads\/h4MLogo.png","contentUrl":"https:\/\/steinwolf.de\/wp-content\/uploads\/h4MLogo.png"},{"@type":"BreadcrumbList","@id":"https:\/\/colourofstone.com\/pt-pt\/renuncia-legal\/#breadcrumb","itemListElement":[{"@type":"ListItem","position":1,"name":"Home","item":"https:\/\/colourofstone.com\/pt-pt\/"},{"@type":"ListItem","position":2,"name":"Ren\u00fancia legal"}]},{"@type":"WebSite","@id":"https:\/\/colourofstone.com\/pt-pt\/#website","url":"https:\/\/colourofstone.com\/pt-pt\/","name":"Colour of Stone","description":"Fliesen, Haus und Garten Produkte aus Naturstein - Online Shop","publisher":{"@id":"https:\/\/colourofstone.com\/pt-pt\/#organization"},"potentialAction":[{"@type":"SearchAction","target":{"@type":"EntryPoint","urlTemplate":"https:\/\/colourofstone.com\/pt-pt\/?s={search_term_string}"},"query-input":{"@type":"PropertyValueSpecification","valueRequired":true,"valueName":"search_term_string"}}],"inLanguage":"pt-PT"},{"@type":"Organization","@id":"https:\/\/colourofstone.com\/pt-pt\/#organization","name":"Colour of Stone GmbH","url":"https:\/\/colourofstone.com\/pt-pt\/","logo":{"@type":"ImageObject","inLanguage":"pt-PT","@id":"https:\/\/colourofstone.com\/pt-pt\/#\/schema\/logo\/image\/","url":"https:\/\/colourofstone.com\/wp-content\/uploads\/99FC1526-DF3B-44F1-9816-9278D3194252-scaled.jpeg","contentUrl":"https:\/\/colourofstone.com\/wp-content\/uploads\/99FC1526-DF3B-44F1-9816-9278D3194252-scaled.jpeg","width":2125,"height":2560,"caption":"Colour of Stone GmbH"},"image":{"@id":"https:\/\/colourofstone.com\/pt-pt\/#\/schema\/logo\/image\/"},"sameAs":["https:\/\/www.instagram.com\/colourofstone\/"]}]}},"_links":{"self":[{"href":"https:\/\/colourofstone.com\/pt-pt\/wp-json\/wp\/v2\/pages\/16973","targetHints":{"allow":["GET"]}}],"collection":[{"href":"https:\/\/colourofstone.com\/pt-pt\/wp-json\/wp\/v2\/pages"}],"about":[{"href":"https:\/\/colourofstone.com\/pt-pt\/wp-json\/wp\/v2\/types\/page"}],"author":[{"embeddable":true,"href":"https:\/\/colourofstone.com\/pt-pt\/wp-json\/wp\/v2\/users\/2"}],"replies":[{"embeddable":true,"href":"https:\/\/colourofstone.com\/pt-pt\/wp-json\/wp\/v2\/comments?post=16973"}],"version-history":[{"count":8,"href":"https:\/\/colourofstone.com\/pt-pt\/wp-json\/wp\/v2\/pages\/16973\/revisions"}],"predecessor-version":[{"id":84761,"href":"https:\/\/colourofstone.com\/pt-pt\/wp-json\/wp\/v2\/pages\/16973\/revisions\/84761"}],"wp:attachment":[{"href":"https:\/\/colourofstone.com\/pt-pt\/wp-json\/wp\/v2\/media?parent=16973"}],"curies":[{"name":"wp","href":"https:\/\/api.w.org\/{rel}","templated":true}]}}