{"id":16998,"date":"2020-12-29T07:37:04","date_gmt":"2020-12-29T07:37:04","guid":{"rendered":"https:\/\/colourofstone.com\/remessa\/"},"modified":"2025-07-29T05:48:56","modified_gmt":"2025-07-29T05:48:56","slug":"informacao-de-entrega","status":"publish","type":"page","link":"https:\/\/colourofstone.com\/pt-pt\/informacao-de-entrega\/","title":{"rendered":"Informa\u00e7\u00e3o de entrega"},"content":{"rendered":"\n<p class=\"is-style-border-s\">A entrega \u00e9 gratuita na cal\u00e7ada na estrada de asfalto. A descarga ocorre com plataforma elevat\u00f3ria e porta-paletes.<\/p>\n\n\n\n<p class=\"is-style-border-s\">A entrega \u00e9 realizada por ag\u00eancia de frete com caminh\u00f5es de 7,5 a 40 toneladas. A chegada e a partida sem problemas devem ser garantidas.<\/p>\n\n\n\n<div style=\"height:20px\" aria-hidden=\"true\" class=\"wp-block-spacer\"><\/div>\n\n\n\n<p class=\"is-style-border-s\"><strong><strong><strong>Entrega Europa<\/strong><\/strong><\/strong> <strong><strong><strong>livre de custos de envio (ilhas e \u00e1reas remotas exclu\u00eddas)<\/strong><\/strong><\/strong><\/p>\n\n\n\n<p class=\"is-style-border-l\">B\u00e9lgica, Alemanha, Fran\u00e7a, It\u00e1lia (incl. ilhas), Luxemburgo, Holanda, Portugal, Espanha (incl. Ilhas Baleares), \u00c1ustria, Cro\u00e1cia, Eslov\u00e9nia, Rep\u00fablica Checa, Est\u00f3nia, Pol\u00f3nia, Hungria, Rom\u00e9nia, Eslov\u00e1quia, Litu\u00e2nia, Let\u00f3nia, M\u00f3naco.<\/p>\n\n\n\n<div style=\"height:20px\" aria-hidden=\"true\" class=\"wp-block-spacer\"><\/div>\n\n\n\n<p class=\"is-style-border-s\"><strong><strong><strong>Entrega Europa<\/strong><\/strong><\/strong> <strong><strong><strong>com despesas de envio de taxa fixa ou sobretaxa da ilha de EUR 238,00 (IVA 19% DE)<\/strong><\/strong><\/strong><\/p>\n\n\n\n<p class=\"is-style-border-l\">Dinamarca, Finl\u00e2ndia, Su\u00e9cia, Bulg\u00e1ria, Gr\u00e9cia (sem ilhas), Irlanda, Liechtenstein, Su\u00ed\u00e7a, Ilhas Can\u00e1rias, C\u00f3rsega, Ilhas Alem\u00e3s, Ilhas Holandesas, Madeira<\/p>\n\n\n\n<div style=\"height:20px\" aria-hidden=\"true\" class=\"wp-block-spacer\"><\/div>\n\n\n\n<p class=\"is-style-border-s\"><strong><strong><strong>Entrega Europa<\/strong><\/strong><\/strong> <strong><strong><strong>com despesas de envio de taxa fixa ou sobretaxa da ilha de EUR 476,00 (IVA 19% DE)<\/strong><\/strong><\/strong><\/p>\n\n\n\n<p class=\"is-style-border-l\">Noruega, Reino Unido, A\u00e7ores, ilhas francesas (sem C\u00f3rsega), ilhas gregas, ilhas croatas, Ceuta, Melilla, Heligol\u00e2ndia<\/p>\n\n\n\n<div style=\"height:20px\" aria-hidden=\"true\" class=\"wp-block-spacer\"><\/div>\n\n\n\n<p class=\"is-style-border-s\"><strong>Entrega para os EUA por frete a\u00e9reo ou mar\u00edtimo<\/strong><\/p>\n\n\n\n<p class=\"is-style-border-l\">As entregas para os EUA s\u00e3o feitas por frete a\u00e9reo ou, mediante solicita\u00e7\u00e3o, por frete mar\u00edtimo. Os custos de entrega consistem no pre\u00e7o dos materiais encomendados, acrescidos dos custos de envio do frete a\u00e9reo. Estes \u00faltimos incluem transporte, frete a\u00e9reo padr\u00e3o, embalagem, documentos de exporta\u00e7\u00e3o, taxas, desembara\u00e7o aduaneiro e entrega no endere\u00e7o de destino. O valor total \u00e9 indicado em euros.<\/p>\n\n\n\n<p class=\"is-style-border-l\">As entregas para os EUA s\u00e3o consideradas entregas de exporta\u00e7\u00e3o isentas de impostos, de acordo com a Se\u00e7\u00e3o 6 da Lei Alem\u00e3 do Imposto sobre Valor Agregado (UStG). Observe que quaisquer taxas de importa\u00e7\u00e3o nos EUA, como taxas alfandeg\u00e1rias ou impostos de importa\u00e7\u00e3o, devem ser suportadas pelo destinat\u00e1rio.<\/p>\n\n\n\n<p class=\"is-style-border-l\">Uma alternativa mais econ\u00f4mica \u00e9 o envio por frete mar\u00edtimo. Esta op\u00e7\u00e3o \u00e9 particularmente adequada para grandes quantidades. Teremos prazer em fornecer prazos de entrega individuais e pre\u00e7os de frete mar\u00edtimo, mediante solicita\u00e7\u00e3o.<\/p>\n\n\n\n<div style=\"height:20px\" aria-hidden=\"true\" class=\"wp-block-spacer\"><\/div>\n\n\n\n<p class=\"is-style-border-s\">As entregas s\u00e3o feitas apenas no \u00e2mbito do Acordo de Schengen (salvo lista em contr\u00e1rio). Pa\u00edses ou territ\u00f3rios n\u00e3o listados, tais como Gronel\u00e2ndia, Ilhas Faro\u00e9, territ\u00f3rios ultramarinos franceses e holandeses n\u00e3o s\u00e3o fornecidos.<\/p>\n\n\n\n<div style=\"height:100px\" aria-hidden=\"true\" class=\"wp-block-spacer\"><\/div>\n\n\n\n<div class=\"wp-block-columns is-layout-flex wp-container-core-columns-is-layout-9d6595d7 wp-block-columns-is-layout-flex\">\n<div class=\"wp-block-column is-layout-flow wp-block-column-is-layout-flow\"><div class=\"wp-block-image is-style-default\">\n<figure class=\"aligncenter size-large\"><img width=\"1024\" height=\"768\" data-src=\"https:\/\/colourofstone.com\/wp-content\/uploads\/Versand-1024x768.jpg\" alt=\"\" class=\"wp-image-29664\" srcset=\"https:\/\/colourofstone.com\/wp-content\/uploads\/Versand-1024x768.jpg 1024w, https:\/\/colourofstone.com\/wp-content\/uploads\/Versand-800x600.jpg 800w, https:\/\/colourofstone.com\/wp-content\/uploads\/Versand-300x225.jpg 300w, https:\/\/colourofstone.com\/wp-content\/uploads\/Versand-1536x1152.jpg 1536w, https:\/\/colourofstone.com\/wp-content\/uploads\/Versand.jpg 2000w\" sizes=\"(max-width: 1024px) 100vw, 1024px\" \/><\/figure><\/div><\/div>\n\n\n\n<div class=\"wp-block-column is-layout-flow wp-block-column-is-layout-flow\"><div class=\"wp-block-image is-style-default\">\n<figure class=\"aligncenter size-large\"><img width=\"1024\" height=\"768\" data-src=\"https:\/\/colourofstone.com\/wp-content\/uploads\/Versand2-1024x768.jpg\" alt=\"\" class=\"wp-image-29674\" srcset=\"https:\/\/colourofstone.com\/wp-content\/uploads\/Versand2-1024x768.jpg 1024w, https:\/\/colourofstone.com\/wp-content\/uploads\/Versand2-800x600.jpg 800w, https:\/\/colourofstone.com\/wp-content\/uploads\/Versand2-300x225.jpg 300w, https:\/\/colourofstone.com\/wp-content\/uploads\/Versand2-1536x1152.jpg 1536w, https:\/\/colourofstone.com\/wp-content\/uploads\/Versand2-80x60.jpg 80w, https:\/\/colourofstone.com\/wp-content\/uploads\/Versand2-120x90.jpg 120w, https:\/\/colourofstone.com\/wp-content\/uploads\/Versand2.jpg 2000w\" sizes=\"(max-width: 1024px) 100vw, 1024px\" \/><\/figure><\/div><\/div>\n<\/div>\n\n        <script>\n        function toggleInchInfo(el) {\n            const infoBox = el.nextElementSibling;\n            if (infoBox.style.display === \"none\") {\n                infoBox.style.display = \"inline\";\n            } else {\n                infoBox.style.display = \"none\";\n            }\n        }\n        <\/script>\n        <style>\n            .cm-info {\n                cursor: pointer;\n                color: #0073aa;\n                font-weight: bold;\n                margin-left: 4px;\n            }\n            .inch-info {\n                display: none;\n                background: #f8f8f8;\n                border: 1px solid #ccc;\n                padding: 4px 8px;\n                margin-left: 5px;\n                font-size: 0.9em;\n                border-radius: 4px;\n            }\n        <\/style>","protected":false},"excerpt":{"rendered":"<p>A entrega \u00e9 gratuita na cal\u00e7ada na estrada de asfalto. A descarga ocorre com plataforma elevat\u00f3ria e porta-paletes. A entrega \u00e9 realizada por ag\u00eancia de frete com caminh\u00f5es de 7,5 a 40 toneladas. A chegada e a partida sem problemas devem ser garantidas. Entrega Europa livre de custos de envio (ilhas e \u00e1reas remotas exclu\u00eddas) <a href=\"https:\/\/colourofstone.com\/pt-pt\/informacao-de-entrega\/\" class=\"more-link\">&#8230;<\/a><\/p>\n","protected":false},"author":2,"featured_media":0,"parent":0,"menu_order":0,"comment_status":"closed","ping_status":"closed","template":"","meta":{"footnotes":""},"class_list":["post-16998","page","type-page","status-publish","hentry"],"yoast_head":"<!-- This site is optimized with the Yoast SEO plugin v27.4 - https:\/\/yoast.com\/product\/yoast-seo-wordpress\/ -->\n<title>Informa\u00e7\u00e3o de entrega - gratuito para muitos pa\u00edses - Colour of Stone<\/title>\n<meta name=\"description\" content=\"Entregamos azulejos de m\u00e1rmore em muitos formatos e superf\u00edcies at\u00e9 100 x 100 cm livres de custos de transporte para muitos pa\u00edses.\" \/>\n<meta name=\"robots\" content=\"index, follow, max-snippet:-1, max-image-preview:large, max-video-preview:-1\" \/>\n<link rel=\"canonical\" href=\"https:\/\/colourofstone.com\/pt-pt\/informacao-de-entrega\/\" \/>\n<meta property=\"og:locale\" content=\"pt_PT\" \/>\n<meta property=\"og:type\" content=\"article\" \/>\n<meta property=\"og:title\" content=\"Informa\u00e7\u00e3o de entrega - gratuito para muitos pa\u00edses - Colour of Stone\" \/>\n<meta property=\"og:description\" content=\"Entregamos azulejos de m\u00e1rmore em muitos formatos e superf\u00edcies at\u00e9 100 x 100 cm livres de custos de transporte para muitos pa\u00edses.\" \/>\n<meta property=\"og:url\" content=\"https:\/\/colourofstone.com\/pt-pt\/informacao-de-entrega\/\" \/>\n<meta property=\"og:site_name\" content=\"Colour of Stone\" \/>\n<meta property=\"article:modified_time\" content=\"2025-07-29T05:48:56+00:00\" \/>\n<meta property=\"og:image\" content=\"https:\/\/colourofstone.com\/wp-content\/uploads\/Versand-1024x768.jpg\" \/>\n<meta name=\"twitter:card\" content=\"summary_large_image\" \/>\n<meta name=\"twitter:label1\" content=\"Tempo estimado de leitura\" \/>\n\t<meta name=\"twitter:data1\" content=\"2 minutos\" \/>\n<script type=\"application\/ld+json\" class=\"yoast-schema-graph\">{\"@context\":\"https:\\\/\\\/schema.org\",\"@graph\":[{\"@type\":\"WebPage\",\"@id\":\"https:\\\/\\\/colourofstone.com\\\/pt-pt\\\/informacao-de-entrega\\\/\",\"url\":\"https:\\\/\\\/colourofstone.com\\\/pt-pt\\\/informacao-de-entrega\\\/\",\"name\":\"Informa\u00e7\u00e3o de entrega - gratuito para muitos pa\u00edses - Colour of Stone\",\"isPartOf\":{\"@id\":\"https:\\\/\\\/colourofstone.com\\\/pt-pt\\\/#website\"},\"primaryImageOfPage\":{\"@id\":\"https:\\\/\\\/colourofstone.com\\\/pt-pt\\\/informacao-de-entrega\\\/#primaryimage\"},\"image\":{\"@id\":\"https:\\\/\\\/colourofstone.com\\\/pt-pt\\\/informacao-de-entrega\\\/#primaryimage\"},\"thumbnailUrl\":\"https:\\\/\\\/colourofstone.com\\\/wp-content\\\/uploads\\\/Versand-1024x768.jpg\",\"datePublished\":\"2020-12-29T07:37:04+00:00\",\"dateModified\":\"2025-07-29T05:48:56+00:00\",\"description\":\"Entregamos azulejos de m\u00e1rmore em muitos formatos e superf\u00edcies at\u00e9 100 x 100 cm livres de custos de transporte para muitos pa\u00edses.\",\"breadcrumb\":{\"@id\":\"https:\\\/\\\/colourofstone.com\\\/pt-pt\\\/informacao-de-entrega\\\/#breadcrumb\"},\"inLanguage\":\"pt-PT\",\"potentialAction\":[{\"@type\":\"ReadAction\",\"target\":[\"https:\\\/\\\/colourofstone.com\\\/pt-pt\\\/informacao-de-entrega\\\/\"]}]},{\"@type\":\"ImageObject\",\"inLanguage\":\"pt-PT\",\"@id\":\"https:\\\/\\\/colourofstone.com\\\/pt-pt\\\/informacao-de-entrega\\\/#primaryimage\",\"url\":\"https:\\\/\\\/colourofstone.com\\\/wp-content\\\/uploads\\\/Versand-1024x768.jpg\",\"contentUrl\":\"https:\\\/\\\/colourofstone.com\\\/wp-content\\\/uploads\\\/Versand-1024x768.jpg\"},{\"@type\":\"BreadcrumbList\",\"@id\":\"https:\\\/\\\/colourofstone.com\\\/pt-pt\\\/informacao-de-entrega\\\/#breadcrumb\",\"itemListElement\":[{\"@type\":\"ListItem\",\"position\":1,\"name\":\"Home\",\"item\":\"https:\\\/\\\/colourofstone.com\\\/pt-pt\\\/\"},{\"@type\":\"ListItem\",\"position\":2,\"name\":\"Informa\u00e7\u00e3o de entrega\"}]},{\"@type\":\"WebSite\",\"@id\":\"https:\\\/\\\/colourofstone.com\\\/pt-pt\\\/#website\",\"url\":\"https:\\\/\\\/colourofstone.com\\\/pt-pt\\\/\",\"name\":\"Colour of Stone\",\"description\":\"Fliesen, Haus und Garten Produkte aus Naturstein - Online Shop\",\"publisher\":{\"@id\":\"https:\\\/\\\/colourofstone.com\\\/pt-pt\\\/#organization\"},\"potentialAction\":[{\"@type\":\"SearchAction\",\"target\":{\"@type\":\"EntryPoint\",\"urlTemplate\":\"https:\\\/\\\/colourofstone.com\\\/pt-pt\\\/?s={search_term_string}\"},\"query-input\":{\"@type\":\"PropertyValueSpecification\",\"valueRequired\":true,\"valueName\":\"search_term_string\"}}],\"inLanguage\":\"pt-PT\"},{\"@type\":\"Organization\",\"@id\":\"https:\\\/\\\/colourofstone.com\\\/pt-pt\\\/#organization\",\"name\":\"Colour of Stone GmbH\",\"url\":\"https:\\\/\\\/colourofstone.com\\\/pt-pt\\\/\",\"logo\":{\"@type\":\"ImageObject\",\"inLanguage\":\"pt-PT\",\"@id\":\"https:\\\/\\\/colourofstone.com\\\/pt-pt\\\/#\\\/schema\\\/logo\\\/image\\\/\",\"url\":\"https:\\\/\\\/colourofstone.com\\\/wp-content\\\/uploads\\\/99FC1526-DF3B-44F1-9816-9278D3194252-scaled.jpeg\",\"contentUrl\":\"https:\\\/\\\/colourofstone.com\\\/wp-content\\\/uploads\\\/99FC1526-DF3B-44F1-9816-9278D3194252-scaled.jpeg\",\"width\":2125,\"height\":2560,\"caption\":\"Colour of Stone GmbH\"},\"image\":{\"@id\":\"https:\\\/\\\/colourofstone.com\\\/pt-pt\\\/#\\\/schema\\\/logo\\\/image\\\/\"},\"sameAs\":[\"https:\\\/\\\/www.instagram.com\\\/colourofstone\\\/\"]}]}<\/script>\n<!-- \/ Yoast SEO plugin. -->","yoast_head_json":{"title":"Informa\u00e7\u00e3o de entrega - gratuito para muitos pa\u00edses - Colour of Stone","description":"Entregamos azulejos de m\u00e1rmore em muitos formatos e superf\u00edcies at\u00e9 100 x 100 cm livres de custos de transporte para muitos pa\u00edses.","robots":{"index":"index","follow":"follow","max-snippet":"max-snippet:-1","max-image-preview":"max-image-preview:large","max-video-preview":"max-video-preview:-1"},"canonical":"https:\/\/colourofstone.com\/pt-pt\/informacao-de-entrega\/","og_locale":"pt_PT","og_type":"article","og_title":"Informa\u00e7\u00e3o de entrega - gratuito para muitos pa\u00edses - Colour of Stone","og_description":"Entregamos azulejos de m\u00e1rmore em muitos formatos e superf\u00edcies at\u00e9 100 x 100 cm livres de custos de transporte para muitos pa\u00edses.","og_url":"https:\/\/colourofstone.com\/pt-pt\/informacao-de-entrega\/","og_site_name":"Colour of Stone","article_modified_time":"2025-07-29T05:48:56+00:00","og_image":[{"url":"https:\/\/colourofstone.com\/wp-content\/uploads\/Versand-1024x768.jpg","type":"","width":"","height":""}],"twitter_card":"summary_large_image","twitter_misc":{"Tempo estimado de leitura":"2 minutos"},"schema":{"@context":"https:\/\/schema.org","@graph":[{"@type":"WebPage","@id":"https:\/\/colourofstone.com\/pt-pt\/informacao-de-entrega\/","url":"https:\/\/colourofstone.com\/pt-pt\/informacao-de-entrega\/","name":"Informa\u00e7\u00e3o de entrega - gratuito para muitos pa\u00edses - Colour of Stone","isPartOf":{"@id":"https:\/\/colourofstone.com\/pt-pt\/#website"},"primaryImageOfPage":{"@id":"https:\/\/colourofstone.com\/pt-pt\/informacao-de-entrega\/#primaryimage"},"image":{"@id":"https:\/\/colourofstone.com\/pt-pt\/informacao-de-entrega\/#primaryimage"},"thumbnailUrl":"https:\/\/colourofstone.com\/wp-content\/uploads\/Versand-1024x768.jpg","datePublished":"2020-12-29T07:37:04+00:00","dateModified":"2025-07-29T05:48:56+00:00","description":"Entregamos azulejos de m\u00e1rmore em muitos formatos e superf\u00edcies at\u00e9 100 x 100 cm livres de custos de transporte para muitos pa\u00edses.","breadcrumb":{"@id":"https:\/\/colourofstone.com\/pt-pt\/informacao-de-entrega\/#breadcrumb"},"inLanguage":"pt-PT","potentialAction":[{"@type":"ReadAction","target":["https:\/\/colourofstone.com\/pt-pt\/informacao-de-entrega\/"]}]},{"@type":"ImageObject","inLanguage":"pt-PT","@id":"https:\/\/colourofstone.com\/pt-pt\/informacao-de-entrega\/#primaryimage","url":"https:\/\/colourofstone.com\/wp-content\/uploads\/Versand-1024x768.jpg","contentUrl":"https:\/\/colourofstone.com\/wp-content\/uploads\/Versand-1024x768.jpg"},{"@type":"BreadcrumbList","@id":"https:\/\/colourofstone.com\/pt-pt\/informacao-de-entrega\/#breadcrumb","itemListElement":[{"@type":"ListItem","position":1,"name":"Home","item":"https:\/\/colourofstone.com\/pt-pt\/"},{"@type":"ListItem","position":2,"name":"Informa\u00e7\u00e3o de entrega"}]},{"@type":"WebSite","@id":"https:\/\/colourofstone.com\/pt-pt\/#website","url":"https:\/\/colourofstone.com\/pt-pt\/","name":"Colour of Stone","description":"Fliesen, Haus und Garten Produkte aus Naturstein - Online Shop","publisher":{"@id":"https:\/\/colourofstone.com\/pt-pt\/#organization"},"potentialAction":[{"@type":"SearchAction","target":{"@type":"EntryPoint","urlTemplate":"https:\/\/colourofstone.com\/pt-pt\/?s={search_term_string}"},"query-input":{"@type":"PropertyValueSpecification","valueRequired":true,"valueName":"search_term_string"}}],"inLanguage":"pt-PT"},{"@type":"Organization","@id":"https:\/\/colourofstone.com\/pt-pt\/#organization","name":"Colour of Stone GmbH","url":"https:\/\/colourofstone.com\/pt-pt\/","logo":{"@type":"ImageObject","inLanguage":"pt-PT","@id":"https:\/\/colourofstone.com\/pt-pt\/#\/schema\/logo\/image\/","url":"https:\/\/colourofstone.com\/wp-content\/uploads\/99FC1526-DF3B-44F1-9816-9278D3194252-scaled.jpeg","contentUrl":"https:\/\/colourofstone.com\/wp-content\/uploads\/99FC1526-DF3B-44F1-9816-9278D3194252-scaled.jpeg","width":2125,"height":2560,"caption":"Colour of Stone GmbH"},"image":{"@id":"https:\/\/colourofstone.com\/pt-pt\/#\/schema\/logo\/image\/"},"sameAs":["https:\/\/www.instagram.com\/colourofstone\/"]}]}},"_links":{"self":[{"href":"https:\/\/colourofstone.com\/pt-pt\/wp-json\/wp\/v2\/pages\/16998","targetHints":{"allow":["GET"]}}],"collection":[{"href":"https:\/\/colourofstone.com\/pt-pt\/wp-json\/wp\/v2\/pages"}],"about":[{"href":"https:\/\/colourofstone.com\/pt-pt\/wp-json\/wp\/v2\/types\/page"}],"author":[{"embeddable":true,"href":"https:\/\/colourofstone.com\/pt-pt\/wp-json\/wp\/v2\/users\/2"}],"replies":[{"embeddable":true,"href":"https:\/\/colourofstone.com\/pt-pt\/wp-json\/wp\/v2\/comments?post=16998"}],"version-history":[{"count":10,"href":"https:\/\/colourofstone.com\/pt-pt\/wp-json\/wp\/v2\/pages\/16998\/revisions"}],"predecessor-version":[{"id":84755,"href":"https:\/\/colourofstone.com\/pt-pt\/wp-json\/wp\/v2\/pages\/16998\/revisions\/84755"}],"wp:attachment":[{"href":"https:\/\/colourofstone.com\/pt-pt\/wp-json\/wp\/v2\/media?parent=16998"}],"curies":[{"name":"wp","href":"https:\/\/api.w.org\/{rel}","templated":true}]}}