{"id":17008,"date":"2020-12-29T07:42:39","date_gmt":"2020-12-29T07:42:39","guid":{"rendered":"https:\/\/colourofstone.com\/direito-de-retirada\/"},"modified":"2021-03-05T20:29:25","modified_gmt":"2021-03-05T20:29:25","slug":"direito-de-retractacao","status":"publish","type":"page","link":"https:\/\/colourofstone.com\/pt-pt\/direito-de-retractacao\/","title":{"rendered":"Direito de retracta\u00e7\u00e3o"},"content":{"rendered":"\n<h5 class=\"is-style-border-s wp-block-heading\"><strong><strong>Direito de retracta\u00e7\u00e3o para os consumidores<\/strong><\/strong><\/h5>\n\n\n\n<div style=\"height:20px\" aria-hidden=\"true\" class=\"wp-block-spacer\"><\/div>\n\n\n\n<p class=\"is-style-border-s\">Na medida em que compre para fins que n\u00e3o sejam predominantemente atribu\u00edveis \u00e0 sua actividade comercial ou profissional independente e, portanto, fa\u00e7a uma encomenda connosco como consumidor e n\u00e3o concorde connosco em qualquer pagamento em presta\u00e7\u00f5es, tem o direito de revoga\u00e7\u00e3o de acordo com as seguintes instru\u00e7\u00f5es de revoga\u00e7\u00e3o:<\/p>\n\n\n\n<div style=\"height:40px\" aria-hidden=\"true\" class=\"wp-block-spacer\"><\/div>\n\n\n\n<h5 class=\"is-style-border-s wp-block-heading\"><strong><strong>Pol\u00edtica de cancelamento<\/strong><\/strong><\/h5>\n\n\n\n<div style=\"height:20px\" aria-hidden=\"true\" class=\"wp-block-spacer\"><\/div>\n\n\n\n<p class=\"is-style-border-s\">Tem o direito de rescindir este contrato sem dar qualquer motivo no prazo de 14 dias. O prazo de retirada expira 14 dias ap\u00f3s o dia em que ou o transportador ou um terceiro que n\u00e3o seja o transportador adquira a posse material do \u00faltimo destes bens.<\/p>\n\n\n\n<p class=\"is-style-border-s\">Para exercer o seu direito de rescis\u00e3o, deve notificar-nos (Colour of Stone GmbH, Albert-Einstein-Str. 10, 31135 Hildesheim, Tel. +49 5121 102309, E-Mail support@colourofstone.com) da sua decis\u00e3o de rescis\u00e3o do contrato por meio de uma declara\u00e7\u00e3o inequ\u00edvoca (por exemplo, uma carta enviada por correio ou e-mail). Pode utilizar o seguinte modelo de formul\u00e1rio de retirada, embora a sua utiliza\u00e7\u00e3o n\u00e3o seja obrigat\u00f3ria. Pode tamb\u00e9m preencher e submeter o formul\u00e1rio de retirada ou outra declara\u00e7\u00e3o clara online usando o formul\u00e1rio de contacto no nosso website. Se submeter o seu aviso de rescis\u00e3o online, enviar-lhe-emos um aviso de recep\u00e7\u00e3o sem atrasos injustificados. (por exemplo, e-mail). A fim de respeitar o prazo de retracta\u00e7\u00e3o, \u00e9 suficiente que a comunica\u00e7\u00e3o relativa ao exerc\u00edcio do direito de retracta\u00e7\u00e3o seja enviada antes do termo do prazo de retracta\u00e7\u00e3o.<\/p>\n\n\n\n<p class=\"is-style-border-s\"><strong><strong><a><strong>Consequ\u00eancias da revoga\u00e7\u00e3o<\/strong><\/a><\/strong><\/strong><\/p>\n\n\n\n<p class=\"is-style-border-s\">No caso da sua rescis\u00e3o, reembolsaremos quaisquer pagamentos que tenha efectuado, incluindo custos de envio (com excep\u00e7\u00e3o de quaisquer custos adicionais resultantes da sua escolha de um m\u00e9todo de envio que n\u00e3o o m\u00e9todo de envio padr\u00e3o menos dispendioso que oferecemos) sem qualquer atraso indevido e em qualquer caso no prazo de 14 dias a partir da data em que formos informados da sua decis\u00e3o de rescis\u00e3o do presente contrato. O reembolso ser\u00e1 efectuado utilizando o mesmo m\u00e9todo de pagamento utilizado para a transac\u00e7\u00e3o inicial, salvo acordo expresso em contr\u00e1rio. N\u00e3o lhe cobraremos qualquer taxa como resultado do reembolso. Podemos reter o reembolso at\u00e9 termos recebido a mercadoria, ou at\u00e9 o cliente ter fornecido prova da devolu\u00e7\u00e3o da mercadoria, o que ocorrer primeiro.<\/p>\n\n\n\n<p class=\"is-style-border-s\">A mercadoria deve ser devolvida ou entregue o mais tardar 14 dias depois de nos ter informado da sua decis\u00e3o de rescis\u00e3o do contrato. O prazo ser\u00e1 considerado cumprido se devolver a mercadoria antes de expirar o prazo de 14 dias. O custo da devolu\u00e7\u00e3o dos bens \u00e9 \u00e0 sua custa. Estes montantes atingem um m\u00e1ximo de EUR 500,00 por palete.<\/p>\n\n\n\n<p class=\"is-style-border-s\">S\u00f3 \u00e9 obrigado a cobrir a deprecia\u00e7\u00e3o do valor dos bens se a deprecia\u00e7\u00e3o resultar de um manuseamento incorrecto dos bens ao examinar o seu estado, propriedades e funcionamento.<\/p>\n\n\n\n<div style=\"height:40px\" aria-hidden=\"true\" class=\"wp-block-spacer\"><\/div>\n\n\n\n<h5 class=\"is-style-border-s wp-block-heading\"><strong><strong>Formul\u00e1rio de retirada<\/strong><\/strong><\/h5>\n\n\n\n<div style=\"height:20px\" aria-hidden=\"true\" class=\"wp-block-spacer\"><\/div>\n\n\n\n<p class=\"is-style-border-s\">(Se desejar rescindir o contrato, pode preencher e enviar-nos este formul\u00e1rio)<\/p>\n\n\n\n<p class=\"is-style-border-s\">Ao cuidado de: <br>Colour of Stone GmbH<br>Albert-Einstein-Str. 10<br>31135 Hildesheim \/ GERMANY<br><br>Tel. +49 (0) 5121 102309<br>E-Mail <a href=\"mailto:support@colourofstone.com\">support@colourofstone.com<\/a><\/p>\n\n\n\n<div style=\"height:40px\" aria-hidden=\"true\" class=\"wp-block-spacer\"><\/div>\n\n\n\n<p class=\"is-style-border-s\"><strong>Eu\/n\u00f3s informamos (*) que eu\/n\u00f3s desisto do nosso (*) contrato de venda do seguinte produto (*) \/:<\/strong><\/p>\n\n\n\n<div style=\"height:40px\" aria-hidden=\"true\" class=\"wp-block-spacer\"><\/div>\n\n\n\n<hr class=\"wp-block-separator is-style-border-s\"\/>\n\n\n\n<p class=\"is-style-border-s\">encomendado em (*) \/ recebido em (*)<\/p>\n\n\n\n<div style=\"height:40px\" aria-hidden=\"true\" class=\"wp-block-spacer\"><\/div>\n\n\n\n<hr class=\"wp-block-separator is-style-border-s is-style-default\"\/>\n\n\n\n<p class=\"is-style-border-s\">nome do(s) consumidor(es)<\/p>\n\n\n\n<div style=\"height:40px\" aria-hidden=\"true\" class=\"wp-block-spacer\"><\/div>\n\n\n\n<hr class=\"wp-block-separator is-style-border-s\"\/>\n\n\n\n<p class=\"is-style-border-s\">Endere\u00e7o do(s) consumidor(es)<\/p>\n\n\n\n<div style=\"height:80px\" aria-hidden=\"true\" class=\"wp-block-spacer\"><\/div>\n\n\n\n<hr class=\"wp-block-separator is-style-border-s\"\/>\n\n\n\n<p class=\"is-style-border-s\">Assinatura (se em papel)<\/p>\n\n\n\n<div style=\"height:40px\" aria-hidden=\"true\" class=\"wp-block-spacer\"><\/div>\n\n\n\n<hr class=\"wp-block-separator is-style-border-s\"\/>\n\n\n\n<p class=\"is-style-border-s\">Data<\/p>\n\n\n\n<div style=\"height:40px\" aria-hidden=\"true\" class=\"wp-block-spacer\"><\/div>\n\n\n\n<p class=\"is-style-border-s\">(*) Unzutreffendes streichen.<\/p>\n\n\n\n<div style=\"height:121px\" aria-hidden=\"true\" class=\"wp-block-spacer\"><\/div>\n\n        <script>\n        function toggleInchInfo(el) {\n            const infoBox = el.nextElementSibling;\n            if (infoBox.style.display === \"none\") {\n                infoBox.style.display = \"inline\";\n            } else {\n                infoBox.style.display = \"none\";\n            }\n        }\n        <\/script>\n        <style>\n            .cm-info {\n                cursor: pointer;\n                color: #0073aa;\n                font-weight: bold;\n                margin-left: 4px;\n            }\n            .inch-info {\n                display: none;\n                background: #f8f8f8;\n                border: 1px solid #ccc;\n                padding: 4px 8px;\n                margin-left: 5px;\n                font-size: 0.9em;\n                border-radius: 4px;\n            }\n        <\/style>","protected":false},"excerpt":{"rendered":"<p>Direito de retracta\u00e7\u00e3o para os consumidores Na medida em que compre para fins que n\u00e3o sejam predominantemente atribu\u00edveis \u00e0 sua actividade comercial ou profissional independente e, portanto, fa\u00e7a uma encomenda connosco como consumidor e n\u00e3o concorde connosco em qualquer pagamento em presta\u00e7\u00f5es, tem o direito de revoga\u00e7\u00e3o de acordo com as seguintes instru\u00e7\u00f5es de revoga\u00e7\u00e3o: <a href=\"https:\/\/colourofstone.com\/pt-pt\/direito-de-retractacao\/\" class=\"more-link\">&#8230;<\/a><\/p>\n","protected":false},"author":1,"featured_media":0,"parent":0,"menu_order":0,"comment_status":"closed","ping_status":"closed","template":"","meta":{"footnotes":""},"class_list":["post-17008","page","type-page","status-publish","hentry"],"yoast_head":"<!-- This site is optimized with the Yoast SEO plugin v27.3 - https:\/\/yoast.com\/product\/yoast-seo-wordpress\/ -->\n<title>Direito de retracta\u00e7\u00e3o - Colour of Stone<\/title>\n<meta name=\"robots\" content=\"noindex, nofollow\" \/>\n<meta property=\"og:locale\" content=\"pt_PT\" \/>\n<meta property=\"og:type\" content=\"article\" \/>\n<meta property=\"og:title\" content=\"Direito de retracta\u00e7\u00e3o - Colour of Stone\" \/>\n<meta property=\"og:description\" content=\"Direito de retracta\u00e7\u00e3o para os consumidores Na medida em que compre para fins que n\u00e3o sejam predominantemente atribu\u00edveis \u00e0 sua actividade comercial ou profissional independente e, portanto, fa\u00e7a uma encomenda connosco como consumidor e n\u00e3o concorde connosco em qualquer pagamento em presta\u00e7\u00f5es, tem o direito de revoga\u00e7\u00e3o de acordo com as seguintes instru\u00e7\u00f5es de revoga\u00e7\u00e3o: ...\" \/>\n<meta property=\"og:url\" content=\"https:\/\/colourofstone.com\/pt-pt\/direito-de-retractacao\/\" \/>\n<meta property=\"og:site_name\" content=\"Colour of Stone\" \/>\n<meta property=\"article:modified_time\" content=\"2021-03-05T20:29:25+00:00\" \/>\n<meta property=\"og:image\" content=\"https:\/\/colourofstone.com\/wp-content\/uploads\/Logo.png\" \/>\n\t<meta property=\"og:image:width\" content=\"1086\" \/>\n\t<meta property=\"og:image:height\" content=\"553\" \/>\n\t<meta property=\"og:image:type\" content=\"image\/png\" \/>\n<meta name=\"twitter:card\" content=\"summary_large_image\" \/>\n<meta name=\"twitter:label1\" content=\"Tempo estimado de leitura\" \/>\n\t<meta name=\"twitter:data1\" content=\"3 minutos\" \/>\n<script type=\"application\/ld+json\" class=\"yoast-schema-graph\">{\"@context\":\"https:\\\/\\\/schema.org\",\"@graph\":[{\"@type\":\"WebPage\",\"@id\":\"https:\\\/\\\/colourofstone.com\\\/pt-pt\\\/direito-de-retractacao\\\/\",\"url\":\"https:\\\/\\\/colourofstone.com\\\/pt-pt\\\/direito-de-retractacao\\\/\",\"name\":\"Direito de retracta\u00e7\u00e3o - Colour of Stone\",\"isPartOf\":{\"@id\":\"https:\\\/\\\/colourofstone.com\\\/pt-pt\\\/#website\"},\"datePublished\":\"2020-12-29T07:42:39+00:00\",\"dateModified\":\"2021-03-05T20:29:25+00:00\",\"breadcrumb\":{\"@id\":\"https:\\\/\\\/colourofstone.com\\\/pt-pt\\\/direito-de-retractacao\\\/#breadcrumb\"},\"inLanguage\":\"pt-PT\",\"potentialAction\":[{\"@type\":\"ReadAction\",\"target\":[\"https:\\\/\\\/colourofstone.com\\\/pt-pt\\\/direito-de-retractacao\\\/\"]}]},{\"@type\":\"BreadcrumbList\",\"@id\":\"https:\\\/\\\/colourofstone.com\\\/pt-pt\\\/direito-de-retractacao\\\/#breadcrumb\",\"itemListElement\":[{\"@type\":\"ListItem\",\"position\":1,\"name\":\"Home\",\"item\":\"https:\\\/\\\/colourofstone.com\\\/pt-pt\\\/\"},{\"@type\":\"ListItem\",\"position\":2,\"name\":\"Direito de retracta\u00e7\u00e3o\"}]},{\"@type\":\"WebSite\",\"@id\":\"https:\\\/\\\/colourofstone.com\\\/pt-pt\\\/#website\",\"url\":\"https:\\\/\\\/colourofstone.com\\\/pt-pt\\\/\",\"name\":\"Colour of Stone\",\"description\":\"Fliesen, Haus und Garten Produkte aus Naturstein - Online Shop\",\"publisher\":{\"@id\":\"https:\\\/\\\/colourofstone.com\\\/pt-pt\\\/#organization\"},\"potentialAction\":[{\"@type\":\"SearchAction\",\"target\":{\"@type\":\"EntryPoint\",\"urlTemplate\":\"https:\\\/\\\/colourofstone.com\\\/pt-pt\\\/?s={search_term_string}\"},\"query-input\":{\"@type\":\"PropertyValueSpecification\",\"valueRequired\":true,\"valueName\":\"search_term_string\"}}],\"inLanguage\":\"pt-PT\"},{\"@type\":\"Organization\",\"@id\":\"https:\\\/\\\/colourofstone.com\\\/pt-pt\\\/#organization\",\"name\":\"Colour of Stone GmbH\",\"url\":\"https:\\\/\\\/colourofstone.com\\\/pt-pt\\\/\",\"logo\":{\"@type\":\"ImageObject\",\"inLanguage\":\"pt-PT\",\"@id\":\"https:\\\/\\\/colourofstone.com\\\/pt-pt\\\/#\\\/schema\\\/logo\\\/image\\\/\",\"url\":\"https:\\\/\\\/colourofstone.com\\\/wp-content\\\/uploads\\\/99FC1526-DF3B-44F1-9816-9278D3194252-scaled.jpeg\",\"contentUrl\":\"https:\\\/\\\/colourofstone.com\\\/wp-content\\\/uploads\\\/99FC1526-DF3B-44F1-9816-9278D3194252-scaled.jpeg\",\"width\":2125,\"height\":2560,\"caption\":\"Colour of Stone GmbH\"},\"image\":{\"@id\":\"https:\\\/\\\/colourofstone.com\\\/pt-pt\\\/#\\\/schema\\\/logo\\\/image\\\/\"},\"sameAs\":[\"https:\\\/\\\/www.instagram.com\\\/colourofstone\\\/\"]}]}<\/script>\n<!-- \/ Yoast SEO plugin. -->","yoast_head_json":{"title":"Direito de retracta\u00e7\u00e3o - Colour of Stone","robots":{"index":"noindex","follow":"nofollow"},"og_locale":"pt_PT","og_type":"article","og_title":"Direito de retracta\u00e7\u00e3o - Colour of Stone","og_description":"Direito de retracta\u00e7\u00e3o para os consumidores Na medida em que compre para fins que n\u00e3o sejam predominantemente atribu\u00edveis \u00e0 sua actividade comercial ou profissional independente e, portanto, fa\u00e7a uma encomenda connosco como consumidor e n\u00e3o concorde connosco em qualquer pagamento em presta\u00e7\u00f5es, tem o direito de revoga\u00e7\u00e3o de acordo com as seguintes instru\u00e7\u00f5es de revoga\u00e7\u00e3o: ...","og_url":"https:\/\/colourofstone.com\/pt-pt\/direito-de-retractacao\/","og_site_name":"Colour of Stone","article_modified_time":"2021-03-05T20:29:25+00:00","og_image":[{"width":1086,"height":553,"url":"https:\/\/colourofstone.com\/wp-content\/uploads\/Logo.png","type":"image\/png"}],"twitter_card":"summary_large_image","twitter_misc":{"Tempo estimado de leitura":"3 minutos"},"schema":{"@context":"https:\/\/schema.org","@graph":[{"@type":"WebPage","@id":"https:\/\/colourofstone.com\/pt-pt\/direito-de-retractacao\/","url":"https:\/\/colourofstone.com\/pt-pt\/direito-de-retractacao\/","name":"Direito de retracta\u00e7\u00e3o - Colour of Stone","isPartOf":{"@id":"https:\/\/colourofstone.com\/pt-pt\/#website"},"datePublished":"2020-12-29T07:42:39+00:00","dateModified":"2021-03-05T20:29:25+00:00","breadcrumb":{"@id":"https:\/\/colourofstone.com\/pt-pt\/direito-de-retractacao\/#breadcrumb"},"inLanguage":"pt-PT","potentialAction":[{"@type":"ReadAction","target":["https:\/\/colourofstone.com\/pt-pt\/direito-de-retractacao\/"]}]},{"@type":"BreadcrumbList","@id":"https:\/\/colourofstone.com\/pt-pt\/direito-de-retractacao\/#breadcrumb","itemListElement":[{"@type":"ListItem","position":1,"name":"Home","item":"https:\/\/colourofstone.com\/pt-pt\/"},{"@type":"ListItem","position":2,"name":"Direito de retracta\u00e7\u00e3o"}]},{"@type":"WebSite","@id":"https:\/\/colourofstone.com\/pt-pt\/#website","url":"https:\/\/colourofstone.com\/pt-pt\/","name":"Colour of Stone","description":"Fliesen, Haus und Garten Produkte aus Naturstein - Online Shop","publisher":{"@id":"https:\/\/colourofstone.com\/pt-pt\/#organization"},"potentialAction":[{"@type":"SearchAction","target":{"@type":"EntryPoint","urlTemplate":"https:\/\/colourofstone.com\/pt-pt\/?s={search_term_string}"},"query-input":{"@type":"PropertyValueSpecification","valueRequired":true,"valueName":"search_term_string"}}],"inLanguage":"pt-PT"},{"@type":"Organization","@id":"https:\/\/colourofstone.com\/pt-pt\/#organization","name":"Colour of Stone GmbH","url":"https:\/\/colourofstone.com\/pt-pt\/","logo":{"@type":"ImageObject","inLanguage":"pt-PT","@id":"https:\/\/colourofstone.com\/pt-pt\/#\/schema\/logo\/image\/","url":"https:\/\/colourofstone.com\/wp-content\/uploads\/99FC1526-DF3B-44F1-9816-9278D3194252-scaled.jpeg","contentUrl":"https:\/\/colourofstone.com\/wp-content\/uploads\/99FC1526-DF3B-44F1-9816-9278D3194252-scaled.jpeg","width":2125,"height":2560,"caption":"Colour of Stone GmbH"},"image":{"@id":"https:\/\/colourofstone.com\/pt-pt\/#\/schema\/logo\/image\/"},"sameAs":["https:\/\/www.instagram.com\/colourofstone\/"]}]}},"_links":{"self":[{"href":"https:\/\/colourofstone.com\/pt-pt\/wp-json\/wp\/v2\/pages\/17008","targetHints":{"allow":["GET"]}}],"collection":[{"href":"https:\/\/colourofstone.com\/pt-pt\/wp-json\/wp\/v2\/pages"}],"about":[{"href":"https:\/\/colourofstone.com\/pt-pt\/wp-json\/wp\/v2\/types\/page"}],"author":[{"embeddable":true,"href":"https:\/\/colourofstone.com\/pt-pt\/wp-json\/wp\/v2\/users\/1"}],"replies":[{"embeddable":true,"href":"https:\/\/colourofstone.com\/pt-pt\/wp-json\/wp\/v2\/comments?post=17008"}],"version-history":[{"count":7,"href":"https:\/\/colourofstone.com\/pt-pt\/wp-json\/wp\/v2\/pages\/17008\/revisions"}],"predecessor-version":[{"id":30338,"href":"https:\/\/colourofstone.com\/pt-pt\/wp-json\/wp\/v2\/pages\/17008\/revisions\/30338"}],"wp:attachment":[{"href":"https:\/\/colourofstone.com\/pt-pt\/wp-json\/wp\/v2\/media?parent=17008"}],"curies":[{"name":"wp","href":"https:\/\/api.w.org\/{rel}","templated":true}]}}