{"id":17023,"date":"2020-12-29T07:47:48","date_gmt":"2020-12-29T07:47:48","guid":{"rendered":"https:\/\/colourofstone.com\/forma-de-pagamento\/"},"modified":"2024-03-26T10:28:34","modified_gmt":"2024-03-26T10:28:34","slug":"opcoes-de-pagamento","status":"publish","type":"page","link":"https:\/\/colourofstone.com\/pt-pt\/opcoes-de-pagamento\/","title":{"rendered":"Op\u00e7\u00f5es de pagamento"},"content":{"rendered":"\n<h5 class=\"wp-block-heading is-style-border-s\"><strong><strong>Pagamento com PayPal<\/strong><\/strong><\/h5>\n\n\n\n<div style=\"height:20px\" aria-hidden=\"true\" class=\"wp-block-spacer\"><\/div>\n\n\n\n<p class=\"is-style-border-s\">1. escolher PayPal como m\u00e9todo de pagamento no checkout<\/p>\n\n\n\n<p class=\"is-style-border-s\">2. ser\u00e1 redireccionado para o website PayPal<\/p>\n\n\n\n<p class=\"is-style-border-s\">3. se for cliente PayPal, pode iniciar sess\u00e3o com os seus dados de utilizador e confirmar o pagamento. Se \u00e9 novo no PayPal, crie uma conta e confirme o pagamento. 4.<\/p>\n\n\n\n<p class=\"is-style-border-s\">4. Depois ser\u00e1 redireccionado de volta para n\u00f3s. A sua encomenda e pagamento est\u00e3o conclu\u00eddos.<\/p>\n\n\n\n<div style=\"height:41px\" aria-hidden=\"true\" class=\"wp-block-spacer\"><\/div>\n\n\n\n<h5 class=\"wp-block-heading is-style-border-s\"><strong><strong>Pagamento com cart\u00e3o de cr\u00e9dito<\/strong><\/strong><\/h5>\n\n\n\n<div style=\"height:20px\" aria-hidden=\"true\" class=\"wp-block-spacer\"><\/div>\n\n\n\n<p class=\"is-style-border-s\">Pode pagar com os cart\u00f5es de cr\u00e9dito Mastercard, VISA ou American Express. Basta seleccionar o seu cart\u00e3o de cr\u00e9dito no processo de encomenda. Para al\u00e9m do n\u00famero do cart\u00e3o da sua empresa de cart\u00e3o de cr\u00e9dito, precisamos tamb\u00e9m da validade do cart\u00e3o de cr\u00e9dito e do d\u00edgito de controlo do seu cart\u00e3o. Os dados do seu cart\u00e3o de cr\u00e9dito ser\u00e3o encriptados por SSL e 3D-Secure.<\/p>\n\n\n\n<div style=\"height:41px\" aria-hidden=\"true\" class=\"wp-block-spacer\"><\/div>\n\n\n\n<h5 class=\"wp-block-heading is-style-border-s\"><strong><strong>Pagamento com d\u00e9bito directo \/ pr\u00e9-pagamento SEPA<\/strong><\/strong><\/h5>\n\n\n\n<div style=\"height:20px\" aria-hidden=\"true\" class=\"wp-block-spacer\"><\/div>\n\n\n\n<p class=\"is-style-border-s\">Ao pagar por d\u00e9bito directo \/ pr\u00e9-pagamento SEPA, transfere o montante da confirma\u00e7\u00e3o da encomenda no prazo de 3 dias. Ap\u00f3s a recep\u00e7\u00e3o do montante total, ser\u00e1 informado por n\u00f3s. Isto pode demorar at\u00e9 10 dias, dependendo do banco. Ap\u00f3s a recep\u00e7\u00e3o, come\u00e7aremos imediatamente a processar a sua encomenda.<\/p>\n\n\n\n<div style=\"height:20px\" aria-hidden=\"true\" class=\"wp-block-spacer\"><\/div>\n\n\n\n<div style=\"height:41px\" aria-hidden=\"true\" class=\"wp-block-spacer\"><\/div>\n\n\n\n<h5 class=\"wp-block-heading is-style-border-s\"><strong>PAGAMENTO COM <\/strong>Giropay \/ EPS<\/h5>\n\n\n\n<div style=\"height:20px\" aria-hidden=\"true\" class=\"wp-block-spacer\"><\/div>\n\n\n\n<p class=\"is-style-border-s\">1. No primeiro passo escolhe o seu banco ou caixa de poupan\u00e7a onde quer pagar.<\/p>\n\n\n\n<p class=\"is-style-border-s\">2. Faz o login com os seus dados de acesso banc\u00e1rio online (por exemplo, n\u00famero de conta e PIN).<\/p>\n\n\n\n<p class=\"is-style-border-s\">3. Libertar a transfer\u00eancia pr\u00e9-preenchida com um TAN.<\/p>\n\n\n\n<div style=\"height:41px\" aria-hidden=\"true\" class=\"wp-block-spacer\"><\/div>\n\n\n\n<h5 class=\"wp-block-heading is-style-border-s\"><strong><strong>Pagamento via IDEAL (NL)<\/strong><\/strong><\/h5>\n\n\n\n<div style=\"height:20px\" aria-hidden=\"true\" class=\"wp-block-spacer\"><\/div>\n\n\n\n<p class=\"is-style-border-s\">Durante o processo de checkout, seleccione IDEAL como m\u00e9todo de pagamento e depois seleccione o seu banco no menu. Ser\u00e1 ent\u00e3o redireccionado para o portal online do seu banco, onde poder\u00e1 fazer o login com as suas credenciais banc\u00e1rias online para efectuar o pagamento. Todos os detalhes da transac\u00e7\u00e3o aparecer\u00e3o pr\u00e9-preenchidos e s\u00f3 precisa de confirmar o pagamento. Posteriormente, ser\u00e1 redireccionado de volta para n\u00f3s. A sua encomenda e pagamento est\u00e3o conclu\u00eddos<\/p>\n\n\n\n<div style=\"height:41px\" aria-hidden=\"true\" class=\"wp-block-spacer\"><\/div>\n\n\n\n<h5 class=\"wp-block-heading is-style-border-s\"><strong><strong>Pagamento via Multibanco (PT)<\/strong><\/strong><\/h5>\n\n\n\n<div style=\"height:20px\" aria-hidden=\"true\" class=\"wp-block-spacer\"><\/div>\n\n\n\n<p class=\"is-style-border-s\">Para fazer um pagamento via Multibanco, receber\u00e1 uma refer\u00eancia de pagamento e um n\u00famero de unidade ao lado do montante em d\u00edvida ap\u00f3s a conclus\u00e3o com sucesso da encomenda, sem ser redireccionado para uma p\u00e1gina externa. Pode ent\u00e3o efectuar o pagamento introduzindo a refer\u00eancia de pagamento, o n\u00famero da unidade e o montante.<\/p>\n\n\n\n<div style=\"height:41px\" aria-hidden=\"true\" class=\"wp-block-spacer\"><\/div>\n\n\n\n<h5 class=\"wp-block-heading is-style-border-s\"><strong><strong>Pagamento via Przelewy24 (PO)<\/strong><\/strong><\/h5>\n\n\n\n<div style=\"height:20px\" aria-hidden=\"true\" class=\"wp-block-spacer\"><\/div>\n\n\n\n<p class=\"is-style-border-s\">Todas as informa\u00e7\u00f5es relevantes ser\u00e3o enviadas para Przelewy24, pelo que s\u00f3 precisa de seleccionar o seu banco e fazer o pagamento como faria para uma transfer\u00eancia banc\u00e1ria padr\u00e3o com TAN. Posteriormente, ser\u00e1 redireccionado de volta para n\u00f3s. A sua encomenda e pagamento est\u00e3o conclu\u00eddos.<\/p>\n\n\n\n<div style=\"height:41px\" aria-hidden=\"true\" class=\"wp-block-spacer\"><\/div>\n\n\n\n<h5 class=\"wp-block-heading is-style-border-s\"><strong><strong>Pagamento via Bancontact (BE)<\/strong><\/strong><\/h5>\n\n\n\n<div style=\"height:20px\" aria-hidden=\"true\" class=\"wp-block-spacer\"><\/div>\n\n\n\n<p class=\"is-style-border-s\">Seleccionar Bancontact como m\u00e9todo de pagamento durante o processo de encomenda. Ser\u00e1 ent\u00e3o redireccionado para o portal online Bancontact, onde poder\u00e1 utilizar a aplica\u00e7\u00e3o Bancontact ou introduzir manualmente os detalhes do seu cart\u00e3o Bancontact para iniciar o pagamento. Ser\u00e1 ent\u00e3o redireccionado de volta para n\u00f3s. A sua encomenda e pagamento est\u00e3o completos.<\/p>\n\n\n\n<div style=\"height:168px\" aria-hidden=\"true\" class=\"wp-block-spacer\"><\/div>\n\n\n\n<p class=\"is-style-border-s\"><\/p>\n\n        <script>\n        function toggleInchInfo(el) {\n            const infoBox = el.nextElementSibling;\n            if (infoBox.style.display === \"none\") {\n                infoBox.style.display = \"inline\";\n            } else {\n                infoBox.style.display = \"none\";\n            }\n        }\n        <\/script>\n        <style>\n            .cm-info {\n                cursor: pointer;\n                color: #0073aa;\n                font-weight: bold;\n                margin-left: 4px;\n            }\n            .inch-info {\n                display: none;\n                background: #f8f8f8;\n                border: 1px solid #ccc;\n                padding: 4px 8px;\n                margin-left: 5px;\n                font-size: 0.9em;\n                border-radius: 4px;\n            }\n        <\/style>","protected":false},"excerpt":{"rendered":"<p>Pagamento com PayPal 1. escolher PayPal como m\u00e9todo de pagamento no checkout 2. ser\u00e1 redireccionado para o website PayPal 3. se for cliente PayPal, pode iniciar sess\u00e3o com os seus dados de utilizador e confirmar o pagamento. Se \u00e9 novo no PayPal, crie uma conta e confirme o pagamento. 4. 4. Depois ser\u00e1 redireccionado de <a href=\"https:\/\/colourofstone.com\/pt-pt\/opcoes-de-pagamento\/\" class=\"more-link\">&#8230;<\/a><\/p>\n","protected":false},"author":2,"featured_media":0,"parent":0,"menu_order":0,"comment_status":"closed","ping_status":"closed","template":"","meta":{"footnotes":""},"class_list":["post-17023","page","type-page","status-publish","hentry"],"yoast_head":"<!-- This site is optimized with the Yoast SEO plugin v27.3 - https:\/\/yoast.com\/product\/yoast-seo-wordpress\/ -->\n<title>Op\u00e7\u00f5es de pagamento - Colour of Stone<\/title>\n<meta name=\"description\" content=\"A compra por conta, compra a presta\u00e7\u00f5es, compra atrav\u00e9s de cart\u00e3o de cr\u00e9dito, PayPal, SEPA e outros m\u00e9todos de pagamento s\u00e3o poss\u00edveis.\" \/>\n<meta name=\"robots\" content=\"index, follow, max-snippet:-1, max-image-preview:large, max-video-preview:-1\" \/>\n<link rel=\"canonical\" href=\"https:\/\/colourofstone.com\/pt-pt\/opcoes-de-pagamento\/\" \/>\n<meta property=\"og:locale\" content=\"pt_PT\" \/>\n<meta property=\"og:type\" content=\"article\" \/>\n<meta property=\"og:title\" content=\"Op\u00e7\u00f5es de pagamento - Colour of Stone\" \/>\n<meta property=\"og:description\" content=\"A compra por conta, compra a presta\u00e7\u00f5es, compra atrav\u00e9s de cart\u00e3o de cr\u00e9dito, PayPal, SEPA e outros m\u00e9todos de pagamento s\u00e3o poss\u00edveis.\" \/>\n<meta property=\"og:url\" content=\"https:\/\/colourofstone.com\/pt-pt\/opcoes-de-pagamento\/\" \/>\n<meta property=\"og:site_name\" content=\"Colour of Stone\" \/>\n<meta property=\"article:modified_time\" content=\"2024-03-26T10:28:34+00:00\" \/>\n<meta property=\"og:image\" content=\"https:\/\/colourofstone.com\/wp-content\/uploads\/Logo.png\" \/>\n\t<meta property=\"og:image:width\" content=\"1086\" \/>\n\t<meta property=\"og:image:height\" content=\"553\" \/>\n\t<meta property=\"og:image:type\" content=\"image\/png\" \/>\n<meta name=\"twitter:card\" content=\"summary_large_image\" \/>\n<meta name=\"twitter:label1\" content=\"Tempo estimado de leitura\" \/>\n\t<meta name=\"twitter:data1\" content=\"4 minutos\" \/>\n<script type=\"application\/ld+json\" class=\"yoast-schema-graph\">{\"@context\":\"https:\\\/\\\/schema.org\",\"@graph\":[{\"@type\":\"WebPage\",\"@id\":\"https:\\\/\\\/colourofstone.com\\\/pt-pt\\\/opcoes-de-pagamento\\\/\",\"url\":\"https:\\\/\\\/colourofstone.com\\\/pt-pt\\\/opcoes-de-pagamento\\\/\",\"name\":\"Op\u00e7\u00f5es de pagamento - Colour of Stone\",\"isPartOf\":{\"@id\":\"https:\\\/\\\/colourofstone.com\\\/pt-pt\\\/#website\"},\"datePublished\":\"2020-12-29T07:47:48+00:00\",\"dateModified\":\"2024-03-26T10:28:34+00:00\",\"description\":\"A compra por conta, compra a presta\u00e7\u00f5es, compra atrav\u00e9s de cart\u00e3o de cr\u00e9dito, PayPal, SEPA e outros m\u00e9todos de pagamento s\u00e3o poss\u00edveis.\",\"breadcrumb\":{\"@id\":\"https:\\\/\\\/colourofstone.com\\\/pt-pt\\\/opcoes-de-pagamento\\\/#breadcrumb\"},\"inLanguage\":\"pt-PT\",\"potentialAction\":[{\"@type\":\"ReadAction\",\"target\":[\"https:\\\/\\\/colourofstone.com\\\/pt-pt\\\/opcoes-de-pagamento\\\/\"]}]},{\"@type\":\"BreadcrumbList\",\"@id\":\"https:\\\/\\\/colourofstone.com\\\/pt-pt\\\/opcoes-de-pagamento\\\/#breadcrumb\",\"itemListElement\":[{\"@type\":\"ListItem\",\"position\":1,\"name\":\"Home\",\"item\":\"https:\\\/\\\/colourofstone.com\\\/pt-pt\\\/\"},{\"@type\":\"ListItem\",\"position\":2,\"name\":\"Op\u00e7\u00f5es de pagamento\"}]},{\"@type\":\"WebSite\",\"@id\":\"https:\\\/\\\/colourofstone.com\\\/pt-pt\\\/#website\",\"url\":\"https:\\\/\\\/colourofstone.com\\\/pt-pt\\\/\",\"name\":\"Colour of Stone\",\"description\":\"Fliesen, Haus und Garten Produkte aus Naturstein - Online Shop\",\"publisher\":{\"@id\":\"https:\\\/\\\/colourofstone.com\\\/pt-pt\\\/#organization\"},\"potentialAction\":[{\"@type\":\"SearchAction\",\"target\":{\"@type\":\"EntryPoint\",\"urlTemplate\":\"https:\\\/\\\/colourofstone.com\\\/pt-pt\\\/?s={search_term_string}\"},\"query-input\":{\"@type\":\"PropertyValueSpecification\",\"valueRequired\":true,\"valueName\":\"search_term_string\"}}],\"inLanguage\":\"pt-PT\"},{\"@type\":\"Organization\",\"@id\":\"https:\\\/\\\/colourofstone.com\\\/pt-pt\\\/#organization\",\"name\":\"Colour of Stone GmbH\",\"url\":\"https:\\\/\\\/colourofstone.com\\\/pt-pt\\\/\",\"logo\":{\"@type\":\"ImageObject\",\"inLanguage\":\"pt-PT\",\"@id\":\"https:\\\/\\\/colourofstone.com\\\/pt-pt\\\/#\\\/schema\\\/logo\\\/image\\\/\",\"url\":\"https:\\\/\\\/colourofstone.com\\\/wp-content\\\/uploads\\\/99FC1526-DF3B-44F1-9816-9278D3194252-scaled.jpeg\",\"contentUrl\":\"https:\\\/\\\/colourofstone.com\\\/wp-content\\\/uploads\\\/99FC1526-DF3B-44F1-9816-9278D3194252-scaled.jpeg\",\"width\":2125,\"height\":2560,\"caption\":\"Colour of Stone GmbH\"},\"image\":{\"@id\":\"https:\\\/\\\/colourofstone.com\\\/pt-pt\\\/#\\\/schema\\\/logo\\\/image\\\/\"},\"sameAs\":[\"https:\\\/\\\/www.instagram.com\\\/colourofstone\\\/\"]}]}<\/script>\n<!-- \/ Yoast SEO plugin. -->","yoast_head_json":{"title":"Op\u00e7\u00f5es de pagamento - Colour of Stone","description":"A compra por conta, compra a presta\u00e7\u00f5es, compra atrav\u00e9s de cart\u00e3o de cr\u00e9dito, PayPal, SEPA e outros m\u00e9todos de pagamento s\u00e3o poss\u00edveis.","robots":{"index":"index","follow":"follow","max-snippet":"max-snippet:-1","max-image-preview":"max-image-preview:large","max-video-preview":"max-video-preview:-1"},"canonical":"https:\/\/colourofstone.com\/pt-pt\/opcoes-de-pagamento\/","og_locale":"pt_PT","og_type":"article","og_title":"Op\u00e7\u00f5es de pagamento - Colour of Stone","og_description":"A compra por conta, compra a presta\u00e7\u00f5es, compra atrav\u00e9s de cart\u00e3o de cr\u00e9dito, PayPal, SEPA e outros m\u00e9todos de pagamento s\u00e3o poss\u00edveis.","og_url":"https:\/\/colourofstone.com\/pt-pt\/opcoes-de-pagamento\/","og_site_name":"Colour of Stone","article_modified_time":"2024-03-26T10:28:34+00:00","og_image":[{"width":1086,"height":553,"url":"https:\/\/colourofstone.com\/wp-content\/uploads\/Logo.png","type":"image\/png"}],"twitter_card":"summary_large_image","twitter_misc":{"Tempo estimado de leitura":"4 minutos"},"schema":{"@context":"https:\/\/schema.org","@graph":[{"@type":"WebPage","@id":"https:\/\/colourofstone.com\/pt-pt\/opcoes-de-pagamento\/","url":"https:\/\/colourofstone.com\/pt-pt\/opcoes-de-pagamento\/","name":"Op\u00e7\u00f5es de pagamento - Colour of Stone","isPartOf":{"@id":"https:\/\/colourofstone.com\/pt-pt\/#website"},"datePublished":"2020-12-29T07:47:48+00:00","dateModified":"2024-03-26T10:28:34+00:00","description":"A compra por conta, compra a presta\u00e7\u00f5es, compra atrav\u00e9s de cart\u00e3o de cr\u00e9dito, PayPal, SEPA e outros m\u00e9todos de pagamento s\u00e3o poss\u00edveis.","breadcrumb":{"@id":"https:\/\/colourofstone.com\/pt-pt\/opcoes-de-pagamento\/#breadcrumb"},"inLanguage":"pt-PT","potentialAction":[{"@type":"ReadAction","target":["https:\/\/colourofstone.com\/pt-pt\/opcoes-de-pagamento\/"]}]},{"@type":"BreadcrumbList","@id":"https:\/\/colourofstone.com\/pt-pt\/opcoes-de-pagamento\/#breadcrumb","itemListElement":[{"@type":"ListItem","position":1,"name":"Home","item":"https:\/\/colourofstone.com\/pt-pt\/"},{"@type":"ListItem","position":2,"name":"Op\u00e7\u00f5es de pagamento"}]},{"@type":"WebSite","@id":"https:\/\/colourofstone.com\/pt-pt\/#website","url":"https:\/\/colourofstone.com\/pt-pt\/","name":"Colour of Stone","description":"Fliesen, Haus und Garten Produkte aus Naturstein - Online Shop","publisher":{"@id":"https:\/\/colourofstone.com\/pt-pt\/#organization"},"potentialAction":[{"@type":"SearchAction","target":{"@type":"EntryPoint","urlTemplate":"https:\/\/colourofstone.com\/pt-pt\/?s={search_term_string}"},"query-input":{"@type":"PropertyValueSpecification","valueRequired":true,"valueName":"search_term_string"}}],"inLanguage":"pt-PT"},{"@type":"Organization","@id":"https:\/\/colourofstone.com\/pt-pt\/#organization","name":"Colour of Stone GmbH","url":"https:\/\/colourofstone.com\/pt-pt\/","logo":{"@type":"ImageObject","inLanguage":"pt-PT","@id":"https:\/\/colourofstone.com\/pt-pt\/#\/schema\/logo\/image\/","url":"https:\/\/colourofstone.com\/wp-content\/uploads\/99FC1526-DF3B-44F1-9816-9278D3194252-scaled.jpeg","contentUrl":"https:\/\/colourofstone.com\/wp-content\/uploads\/99FC1526-DF3B-44F1-9816-9278D3194252-scaled.jpeg","width":2125,"height":2560,"caption":"Colour of Stone GmbH"},"image":{"@id":"https:\/\/colourofstone.com\/pt-pt\/#\/schema\/logo\/image\/"},"sameAs":["https:\/\/www.instagram.com\/colourofstone\/"]}]}},"_links":{"self":[{"href":"https:\/\/colourofstone.com\/pt-pt\/wp-json\/wp\/v2\/pages\/17023","targetHints":{"allow":["GET"]}}],"collection":[{"href":"https:\/\/colourofstone.com\/pt-pt\/wp-json\/wp\/v2\/pages"}],"about":[{"href":"https:\/\/colourofstone.com\/pt-pt\/wp-json\/wp\/v2\/types\/page"}],"author":[{"embeddable":true,"href":"https:\/\/colourofstone.com\/pt-pt\/wp-json\/wp\/v2\/users\/2"}],"replies":[{"embeddable":true,"href":"https:\/\/colourofstone.com\/pt-pt\/wp-json\/wp\/v2\/comments?post=17023"}],"version-history":[{"count":7,"href":"https:\/\/colourofstone.com\/pt-pt\/wp-json\/wp\/v2\/pages\/17023\/revisions"}],"predecessor-version":[{"id":77119,"href":"https:\/\/colourofstone.com\/pt-pt\/wp-json\/wp\/v2\/pages\/17023\/revisions\/77119"}],"wp:attachment":[{"href":"https:\/\/colourofstone.com\/pt-pt\/wp-json\/wp\/v2\/media?parent=17023"}],"curies":[{"name":"wp","href":"https:\/\/api.w.org\/{rel}","templated":true}]}}