{"id":27040,"date":"2021-02-23T08:03:43","date_gmt":"2021-02-23T08:03:43","guid":{"rendered":"https:\/\/colourofstone.com\/?page_id=27040"},"modified":"2021-03-14T14:45:22","modified_gmt":"2021-03-14T14:45:22","slug":"limpeza","status":"publish","type":"page","link":"https:\/\/colourofstone.com\/pt-pt\/limpeza\/","title":{"rendered":"Limpeza"},"content":{"rendered":"\n<h5 class=\"is-style-border-s wp-block-heading\">Informa\u00e7\u00e3o sobre limpeza, protec\u00e7\u00e3o e cuidados<\/h5>\n\n\n\n<div style=\"height:20px\" aria-hidden=\"true\" class=\"wp-block-spacer\"><\/div>\n\n\n\n<p class=\"is-style-border-s\">Para al\u00e9m da instala\u00e7\u00e3o de telhas de m\u00e1rmore, uma limpeza posterior adequada \u00e9 um elemento muito importante. A limpeza ap\u00f3s a instala\u00e7\u00e3o, tamb\u00e9m chamada limpeza b\u00e1sica, destina-se a dar aos ladrilhos de pedra natural o aspecto apropriado ap\u00f3s a instala\u00e7\u00e3o.<\/p>\n\n\n\n<p class=\"is-style-border-s\">A limpeza \u00e9 um pr\u00e9-requisito para qualquer tratamento de protec\u00e7\u00e3o. Apesar de um tratamento protector, tamb\u00e9m chamado de impregna\u00e7\u00e3o, os azulejos de pedra natural devem ser submetidos a uma limpeza regular.<\/p>\n\n\n\n<p class=\"is-style-border-s\">Assim, h\u00e1 3 coisas importantes a ter em mente para dar aos azulejos de pedra natural um aspecto atraente e belo:<\/p>\n\n\n\n<div style=\"height:20px\" aria-hidden=\"true\" class=\"wp-block-spacer\"><\/div>\n\n\n\n<p class=\"is-style-border-l\">Limpeza<\/p>\n\n\n\n<p class=\"is-style-border-l\">Protec\u00e7\u00e3o<\/p>\n\n\n\n<p class=\"is-style-border-l\">Cuidados<\/p>\n\n\n\n<div style=\"height:20px\" aria-hidden=\"true\" class=\"wp-block-spacer\"><\/div>\n\n\n\n<p class=\"is-style-border-s\">As telhas feitas de m\u00e1rmore, travertino, calc\u00e1rio, arenito, lava bas\u00e1ltica s\u00e3o, como outras pedras naturais, muitas vezes n\u00e3o resistentes aos \u00e1cidos. \u00c9 portanto aconselh\u00e1vel a utiliza\u00e7\u00e3o de produtos sem \u00e1cido que se adaptem ao tipo de pedra em quest\u00e3o.<\/p>\n\n\n\n<p class=\"is-style-border-s\">O mercado de produtos para a limpeza, protec\u00e7\u00e3o e tratamento de pedras naturais \u00e9 muito grande. Muitos produtores oferecem conselhos abrangentes nos seus s\u00edtios web. Al\u00e9m das instru\u00e7\u00f5es de cuidados, h\u00e1 informa\u00e7\u00e3o detalhada e folhetos sobre os produtos apropriados.<\/p>\n\n\n\n<p class=\"is-style-border-s\">M\u00f6ller-Chemie, de Ihrlerstein, oferece muito boa informa\u00e7\u00e3o. Esta informa\u00e7\u00e3o \u00e9 abrangente e f\u00e1cil de compreender.<\/p>\n\n\n\n<p class=\"is-style-border-s\">Os links externos da M\u00f6ller-Chemie para limpeza, protec\u00e7\u00e3o e cuidados podem ser encontrados aqui:<\/p>\n\n\n\n<div style=\"height:20px\" aria-hidden=\"true\" class=\"wp-block-spacer\"><\/div>\n\n\n\n<p class=\"is-style-border-l externalLink\"><a href=\"http:\/\/www.moellerstonecare.eu\/pdf\/TI-pdf\/TI-03-1.pdf\" target=\"_blank\" rel=\"noreferrer noopener\">M\u00e1rmore &amp; Calc\u00e1rio<\/a><\/p>\n\n\n\n<p class=\"is-style-border-l externalLink\"><a href=\"http:\/\/www.moellerstonecare.eu\/pdf\/TI-pdf\/TI-11-1.pdf\" target=\"_blank\" rel=\"noreferrer noopener\">Arenito<\/a><\/p>\n\n\n\n<p class=\"is-style-border-l externalLink\"><a href=\"http:\/\/www.moellerstonecare.eu\/pdf\/TI-pdf\/TI-15-1.pdf\" target=\"_blank\" rel=\"noreferrer noopener\">Lava bas\u00e1ltica<\/a><\/p>\n\n\n\n<div style=\"height:20px\" aria-hidden=\"true\" class=\"wp-block-spacer\"><\/div>\n\n\n\n<p class=\"is-style-border-s\">Os produtos de outras empresas tamb\u00e9m podem ser utilizados. \u00c9 importante notar que estes produtos s\u00e3o combinados e adequados para o fim em quest\u00e3o.<\/p>\n\n\n\n<div style=\"height:100px\" aria-hidden=\"true\" class=\"wp-block-spacer\"><\/div>\n\n        <script>\n        function toggleInchInfo(el) {\n            const infoBox = el.nextElementSibling;\n            if (infoBox.style.display === \"none\") {\n                infoBox.style.display = \"inline\";\n            } else {\n                infoBox.style.display = \"none\";\n            }\n        }\n        <\/script>\n        <style>\n            .cm-info {\n                cursor: pointer;\n                color: #0073aa;\n                font-weight: bold;\n                margin-left: 4px;\n            }\n            .inch-info {\n                display: none;\n                background: #f8f8f8;\n                border: 1px solid #ccc;\n                padding: 4px 8px;\n                margin-left: 5px;\n                font-size: 0.9em;\n                border-radius: 4px;\n            }\n        <\/style>","protected":false},"excerpt":{"rendered":"<p>Informa\u00e7\u00e3o sobre limpeza, protec\u00e7\u00e3o e cuidados Para al\u00e9m da instala\u00e7\u00e3o de telhas de m\u00e1rmore, uma limpeza posterior adequada \u00e9 um elemento muito importante. A limpeza ap\u00f3s a instala\u00e7\u00e3o, tamb\u00e9m chamada limpeza b\u00e1sica, destina-se a dar aos ladrilhos de pedra natural o aspecto apropriado ap\u00f3s a instala\u00e7\u00e3o. A limpeza \u00e9 um pr\u00e9-requisito para qualquer tratamento de <a href=\"https:\/\/colourofstone.com\/pt-pt\/limpeza\/\" class=\"more-link\">&#8230;<\/a><\/p>\n","protected":false},"author":5,"featured_media":0,"parent":0,"menu_order":0,"comment_status":"closed","ping_status":"closed","template":"","meta":{"footnotes":""},"class_list":["post-27040","page","type-page","status-publish","hentry"],"yoast_head":"<!-- This site is optimized with the Yoast SEO plugin v27.3 - https:\/\/yoast.com\/product\/yoast-seo-wordpress\/ -->\n<title>Limpeza - Colour of Stone<\/title>\n<meta name=\"description\" content=\"Muitas informa\u00e7\u00f5es sobre limpeza, protec\u00e7\u00e3o e cuidado de azulejos feitos de m\u00e1rmore, pedra calc\u00e1ria e travertino simplesmente apresentadas.\" \/>\n<meta name=\"robots\" content=\"index, follow, max-snippet:-1, max-image-preview:large, max-video-preview:-1\" \/>\n<link rel=\"canonical\" href=\"https:\/\/colourofstone.com\/pt-pt\/limpeza\/\" \/>\n<meta property=\"og:locale\" content=\"pt_PT\" \/>\n<meta property=\"og:type\" content=\"article\" \/>\n<meta property=\"og:title\" content=\"Limpeza - Colour of Stone\" \/>\n<meta property=\"og:description\" content=\"Muitas informa\u00e7\u00f5es sobre limpeza, protec\u00e7\u00e3o e cuidado de azulejos feitos de m\u00e1rmore, pedra calc\u00e1ria e travertino simplesmente apresentadas.\" \/>\n<meta property=\"og:url\" content=\"https:\/\/colourofstone.com\/pt-pt\/limpeza\/\" \/>\n<meta property=\"og:site_name\" content=\"Colour of Stone\" \/>\n<meta property=\"article:modified_time\" content=\"2021-03-14T14:45:22+00:00\" \/>\n<meta property=\"og:image\" content=\"https:\/\/colourofstone.com\/wp-content\/uploads\/Logo.png\" \/>\n\t<meta property=\"og:image:width\" content=\"1086\" \/>\n\t<meta property=\"og:image:height\" content=\"553\" \/>\n\t<meta property=\"og:image:type\" content=\"image\/png\" \/>\n<meta name=\"twitter:card\" content=\"summary_large_image\" \/>\n<meta name=\"twitter:label1\" content=\"Tempo estimado de leitura\" \/>\n\t<meta name=\"twitter:data1\" content=\"2 minutos\" \/>\n<script type=\"application\/ld+json\" class=\"yoast-schema-graph\">{\"@context\":\"https:\\\/\\\/schema.org\",\"@graph\":[{\"@type\":\"WebPage\",\"@id\":\"https:\\\/\\\/colourofstone.com\\\/pt-pt\\\/limpeza\\\/\",\"url\":\"https:\\\/\\\/colourofstone.com\\\/pt-pt\\\/limpeza\\\/\",\"name\":\"Limpeza - Colour of Stone\",\"isPartOf\":{\"@id\":\"https:\\\/\\\/colourofstone.com\\\/pt-pt\\\/#website\"},\"datePublished\":\"2021-02-23T08:03:43+00:00\",\"dateModified\":\"2021-03-14T14:45:22+00:00\",\"description\":\"Muitas informa\u00e7\u00f5es sobre limpeza, protec\u00e7\u00e3o e cuidado de azulejos feitos de m\u00e1rmore, pedra calc\u00e1ria e travertino simplesmente apresentadas.\",\"breadcrumb\":{\"@id\":\"https:\\\/\\\/colourofstone.com\\\/pt-pt\\\/limpeza\\\/#breadcrumb\"},\"inLanguage\":\"pt-PT\",\"potentialAction\":[{\"@type\":\"ReadAction\",\"target\":[\"https:\\\/\\\/colourofstone.com\\\/pt-pt\\\/limpeza\\\/\"]}]},{\"@type\":\"BreadcrumbList\",\"@id\":\"https:\\\/\\\/colourofstone.com\\\/pt-pt\\\/limpeza\\\/#breadcrumb\",\"itemListElement\":[{\"@type\":\"ListItem\",\"position\":1,\"name\":\"Home\",\"item\":\"https:\\\/\\\/colourofstone.com\\\/pt-pt\\\/\"},{\"@type\":\"ListItem\",\"position\":2,\"name\":\"Limpeza\"}]},{\"@type\":\"WebSite\",\"@id\":\"https:\\\/\\\/colourofstone.com\\\/pt-pt\\\/#website\",\"url\":\"https:\\\/\\\/colourofstone.com\\\/pt-pt\\\/\",\"name\":\"Colour of Stone\",\"description\":\"Fliesen, Haus und Garten Produkte aus Naturstein - Online Shop\",\"publisher\":{\"@id\":\"https:\\\/\\\/colourofstone.com\\\/pt-pt\\\/#organization\"},\"potentialAction\":[{\"@type\":\"SearchAction\",\"target\":{\"@type\":\"EntryPoint\",\"urlTemplate\":\"https:\\\/\\\/colourofstone.com\\\/pt-pt\\\/?s={search_term_string}\"},\"query-input\":{\"@type\":\"PropertyValueSpecification\",\"valueRequired\":true,\"valueName\":\"search_term_string\"}}],\"inLanguage\":\"pt-PT\"},{\"@type\":\"Organization\",\"@id\":\"https:\\\/\\\/colourofstone.com\\\/pt-pt\\\/#organization\",\"name\":\"Colour of Stone GmbH\",\"url\":\"https:\\\/\\\/colourofstone.com\\\/pt-pt\\\/\",\"logo\":{\"@type\":\"ImageObject\",\"inLanguage\":\"pt-PT\",\"@id\":\"https:\\\/\\\/colourofstone.com\\\/pt-pt\\\/#\\\/schema\\\/logo\\\/image\\\/\",\"url\":\"https:\\\/\\\/colourofstone.com\\\/wp-content\\\/uploads\\\/99FC1526-DF3B-44F1-9816-9278D3194252-scaled.jpeg\",\"contentUrl\":\"https:\\\/\\\/colourofstone.com\\\/wp-content\\\/uploads\\\/99FC1526-DF3B-44F1-9816-9278D3194252-scaled.jpeg\",\"width\":2125,\"height\":2560,\"caption\":\"Colour of Stone GmbH\"},\"image\":{\"@id\":\"https:\\\/\\\/colourofstone.com\\\/pt-pt\\\/#\\\/schema\\\/logo\\\/image\\\/\"},\"sameAs\":[\"https:\\\/\\\/www.instagram.com\\\/colourofstone\\\/\"]}]}<\/script>\n<!-- \/ Yoast SEO plugin. -->","yoast_head_json":{"title":"Limpeza - Colour of Stone","description":"Muitas informa\u00e7\u00f5es sobre limpeza, protec\u00e7\u00e3o e cuidado de azulejos feitos de m\u00e1rmore, pedra calc\u00e1ria e travertino simplesmente apresentadas.","robots":{"index":"index","follow":"follow","max-snippet":"max-snippet:-1","max-image-preview":"max-image-preview:large","max-video-preview":"max-video-preview:-1"},"canonical":"https:\/\/colourofstone.com\/pt-pt\/limpeza\/","og_locale":"pt_PT","og_type":"article","og_title":"Limpeza - Colour of Stone","og_description":"Muitas informa\u00e7\u00f5es sobre limpeza, protec\u00e7\u00e3o e cuidado de azulejos feitos de m\u00e1rmore, pedra calc\u00e1ria e travertino simplesmente apresentadas.","og_url":"https:\/\/colourofstone.com\/pt-pt\/limpeza\/","og_site_name":"Colour of Stone","article_modified_time":"2021-03-14T14:45:22+00:00","og_image":[{"width":1086,"height":553,"url":"https:\/\/colourofstone.com\/wp-content\/uploads\/Logo.png","type":"image\/png"}],"twitter_card":"summary_large_image","twitter_misc":{"Tempo estimado de leitura":"2 minutos"},"schema":{"@context":"https:\/\/schema.org","@graph":[{"@type":"WebPage","@id":"https:\/\/colourofstone.com\/pt-pt\/limpeza\/","url":"https:\/\/colourofstone.com\/pt-pt\/limpeza\/","name":"Limpeza - Colour of Stone","isPartOf":{"@id":"https:\/\/colourofstone.com\/pt-pt\/#website"},"datePublished":"2021-02-23T08:03:43+00:00","dateModified":"2021-03-14T14:45:22+00:00","description":"Muitas informa\u00e7\u00f5es sobre limpeza, protec\u00e7\u00e3o e cuidado de azulejos feitos de m\u00e1rmore, pedra calc\u00e1ria e travertino simplesmente apresentadas.","breadcrumb":{"@id":"https:\/\/colourofstone.com\/pt-pt\/limpeza\/#breadcrumb"},"inLanguage":"pt-PT","potentialAction":[{"@type":"ReadAction","target":["https:\/\/colourofstone.com\/pt-pt\/limpeza\/"]}]},{"@type":"BreadcrumbList","@id":"https:\/\/colourofstone.com\/pt-pt\/limpeza\/#breadcrumb","itemListElement":[{"@type":"ListItem","position":1,"name":"Home","item":"https:\/\/colourofstone.com\/pt-pt\/"},{"@type":"ListItem","position":2,"name":"Limpeza"}]},{"@type":"WebSite","@id":"https:\/\/colourofstone.com\/pt-pt\/#website","url":"https:\/\/colourofstone.com\/pt-pt\/","name":"Colour of Stone","description":"Fliesen, Haus und Garten Produkte aus Naturstein - Online Shop","publisher":{"@id":"https:\/\/colourofstone.com\/pt-pt\/#organization"},"potentialAction":[{"@type":"SearchAction","target":{"@type":"EntryPoint","urlTemplate":"https:\/\/colourofstone.com\/pt-pt\/?s={search_term_string}"},"query-input":{"@type":"PropertyValueSpecification","valueRequired":true,"valueName":"search_term_string"}}],"inLanguage":"pt-PT"},{"@type":"Organization","@id":"https:\/\/colourofstone.com\/pt-pt\/#organization","name":"Colour of Stone GmbH","url":"https:\/\/colourofstone.com\/pt-pt\/","logo":{"@type":"ImageObject","inLanguage":"pt-PT","@id":"https:\/\/colourofstone.com\/pt-pt\/#\/schema\/logo\/image\/","url":"https:\/\/colourofstone.com\/wp-content\/uploads\/99FC1526-DF3B-44F1-9816-9278D3194252-scaled.jpeg","contentUrl":"https:\/\/colourofstone.com\/wp-content\/uploads\/99FC1526-DF3B-44F1-9816-9278D3194252-scaled.jpeg","width":2125,"height":2560,"caption":"Colour of Stone GmbH"},"image":{"@id":"https:\/\/colourofstone.com\/pt-pt\/#\/schema\/logo\/image\/"},"sameAs":["https:\/\/www.instagram.com\/colourofstone\/"]}]}},"_links":{"self":[{"href":"https:\/\/colourofstone.com\/pt-pt\/wp-json\/wp\/v2\/pages\/27040","targetHints":{"allow":["GET"]}}],"collection":[{"href":"https:\/\/colourofstone.com\/pt-pt\/wp-json\/wp\/v2\/pages"}],"about":[{"href":"https:\/\/colourofstone.com\/pt-pt\/wp-json\/wp\/v2\/types\/page"}],"author":[{"embeddable":true,"href":"https:\/\/colourofstone.com\/pt-pt\/wp-json\/wp\/v2\/users\/5"}],"replies":[{"embeddable":true,"href":"https:\/\/colourofstone.com\/pt-pt\/wp-json\/wp\/v2\/comments?post=27040"}],"version-history":[{"count":11,"href":"https:\/\/colourofstone.com\/pt-pt\/wp-json\/wp\/v2\/pages\/27040\/revisions"}],"predecessor-version":[{"id":29740,"href":"https:\/\/colourofstone.com\/pt-pt\/wp-json\/wp\/v2\/pages\/27040\/revisions\/29740"}],"wp:attachment":[{"href":"https:\/\/colourofstone.com\/pt-pt\/wp-json\/wp\/v2\/media?parent=27040"}],"curies":[{"name":"wp","href":"https:\/\/api.w.org\/{rel}","templated":true}]}}