{"id":27058,"date":"2021-02-23T08:25:25","date_gmt":"2021-02-23T08:25:25","guid":{"rendered":"https:\/\/colourofstone.com\/?page_id=27058"},"modified":"2021-03-14T16:38:25","modified_gmt":"2021-03-14T16:38:25","slug":"instalacao","status":"publish","type":"page","link":"https:\/\/colourofstone.com\/pt-pt\/instalacao\/","title":{"rendered":"Instala\u00e7\u00e3o"},"content":{"rendered":"\n<p class=\"is-style-border-s\">H\u00e1 algumas coisas a considerar ao instalar azulejos de pedra natural ou azulejos de m\u00e1rmore. Para al\u00e9m da componente profissional para a instala\u00e7\u00e3o, algumas coisas devem ser consideradas, como por exemplo<\/p>\n\n\n\n<div style=\"height:20px\" aria-hidden=\"true\" class=\"wp-block-spacer\"><\/div>\n\n\n\n<p class=\"is-style-border-l\">Em que tipo de sub-piso ser\u00e3o instalados os azulejos de m\u00e1rmore?<\/p>\n\n\n\n<p class=\"is-style-border-l\">O piso inferior est\u00e1 nivelado ou precisa de ser nivelado?<\/p>\n\n\n\n<p class=\"is-style-border-l\">Que m\u00e9todo ser\u00e1 utilizado para colocar as telhas de m\u00e1rmore?<\/p>\n\n\n\n<p class=\"is-style-border-l\">Qual \u00e9 o formato e a superf\u00edcie dos azulejos?<\/p>\n\n\n\n<div style=\"height:20px\" aria-hidden=\"true\" class=\"wp-block-spacer\"><\/div>\n\n\n\n<p class=\"is-style-border-s\">Decidir como deve ser a estrutura do pavimento, se \u00e9 necess\u00e1rio um prim\u00e1rio, qual o m\u00e9todo de coloca\u00e7\u00e3o a utilizar, se e como nivelar os desn\u00edveis, tudo isto pode ser encontrado na informa\u00e7\u00e3o do utilizador de fabricantes bem conhecidos para a coloca\u00e7\u00e3o.<\/p>\n\n\n\n<div style=\"height:40px\" aria-hidden=\"true\" class=\"wp-block-spacer\"><\/div>\n\n\n\n<p class=\"is-style-border-s\">Muito boa informa\u00e7\u00e3o sobre todos os aspectos da tecnologia de azulejos e pedra natural \u00e9 fornecida pela PCI, uma empresa sediada em Augsburg. <br>A \u2192 <a href=\"https:\/\/www.pci-augsburg.eu\">PCI Augsburg GmbH<\/a> tem sido um fabricante l\u00edder de produtos qu\u00edmicos para a constru\u00e7\u00e3o h\u00e1 70 anos.<\/p>\n\n\n\n<div style=\"height:20px\" aria-hidden=\"true\" class=\"wp-block-spacer\"><\/div>\n\n\n\n<p class=\"is-style-border-l externalLink\"><a href=\"https:\/\/colourofstone.com\/wp-content\/uploads\/PCI_Fliesen_und_Natursteintechnik.pdf\" target=\"_blank\" rel=\"noreferrer noopener\">PCI INSTALA\u00c7\u00c3O (PDF alem\u00e3o)<\/a><\/p>\n\n\n\n<div style=\"height:20px\" aria-hidden=\"true\" class=\"wp-block-spacer\"><\/div>\n\n\n\n<p class=\"is-style-border-s\">A decis\u00e3o de um fabricante apropriado n\u00e3o \u00e9 certamente f\u00e1cil. H\u00e1 muitos bons produtos num mercado muito grande. \u00c9 importante garantir que estes produtos s\u00e3o compat\u00edveis entre si e adequados para a coloca\u00e7\u00e3o de ladrilhos de pedra natural no seu pr\u00f3prio ambiente.<\/p>\n\n\n\n<p class=\"is-style-border-s\">Muitos fabricantes oferecem \u00e1reas de servi\u00e7o na sua homepage para respostas a perguntas, informa\u00e7\u00f5es sobre produtos e downloads. Estas fontes de informa\u00e7\u00e3o devem ser utilizadas.<\/p>\n\n\n\n<div style=\"height:120px\" aria-hidden=\"true\" class=\"wp-block-spacer\"><\/div>\n\n\n\n<div style=\"height:20px\" aria-hidden=\"true\" class=\"wp-block-spacer\"><\/div>\n\n        <script>\n        function toggleInchInfo(el) {\n            const infoBox = el.nextElementSibling;\n            if (infoBox.style.display === \"none\") {\n                infoBox.style.display = \"inline\";\n            } else {\n                infoBox.style.display = \"none\";\n            }\n        }\n        <\/script>\n        <style>\n            .cm-info {\n                cursor: pointer;\n                color: #0073aa;\n                font-weight: bold;\n                margin-left: 4px;\n            }\n            .inch-info {\n                display: none;\n                background: #f8f8f8;\n                border: 1px solid #ccc;\n                padding: 4px 8px;\n                margin-left: 5px;\n                font-size: 0.9em;\n                border-radius: 4px;\n            }\n        <\/style>","protected":false},"excerpt":{"rendered":"<p>H\u00e1 algumas coisas a considerar ao instalar azulejos de pedra natural ou azulejos de m\u00e1rmore. Para al\u00e9m da componente profissional para a instala\u00e7\u00e3o, algumas coisas devem ser consideradas, como por exemplo Em que tipo de sub-piso ser\u00e3o instalados os azulejos de m\u00e1rmore? O piso inferior est\u00e1 nivelado ou precisa de ser nivelado? Que m\u00e9todo ser\u00e1 <a href=\"https:\/\/colourofstone.com\/pt-pt\/instalacao\/\" class=\"more-link\">&#8230;<\/a><\/p>\n","protected":false},"author":5,"featured_media":0,"parent":0,"menu_order":0,"comment_status":"closed","ping_status":"closed","template":"","meta":{"footnotes":""},"class_list":["post-27058","page","type-page","status-publish","hentry"],"yoast_head":"<!-- This site is optimized with the Yoast SEO plugin v27.4 - https:\/\/yoast.com\/product\/yoast-seo-wordpress\/ -->\n<title>Instala\u00e7\u00e3o de m\u00e1rmore simplesmente explicada - Colour of Stone<\/title>\n<meta name=\"description\" content=\"Informa\u00e7\u00e3o sobre diferentes tipos de instala\u00e7\u00e3o, prim\u00e1rios e constru\u00e7\u00e3o de pavimentos de m\u00e1rmore, calc\u00e1rio e ladrilhos travertinos.\" \/>\n<meta name=\"robots\" content=\"index, follow, max-snippet:-1, max-image-preview:large, max-video-preview:-1\" \/>\n<link rel=\"canonical\" href=\"https:\/\/colourofstone.com\/pt-pt\/instalacao\/\" \/>\n<meta property=\"og:locale\" content=\"pt_PT\" \/>\n<meta property=\"og:type\" content=\"article\" \/>\n<meta property=\"og:title\" content=\"Instala\u00e7\u00e3o de m\u00e1rmore simplesmente explicada - Colour of Stone\" \/>\n<meta property=\"og:description\" content=\"Informa\u00e7\u00e3o sobre diferentes tipos de instala\u00e7\u00e3o, prim\u00e1rios e constru\u00e7\u00e3o de pavimentos de m\u00e1rmore, calc\u00e1rio e ladrilhos travertinos.\" \/>\n<meta property=\"og:url\" content=\"https:\/\/colourofstone.com\/pt-pt\/instalacao\/\" \/>\n<meta property=\"og:site_name\" content=\"Colour of Stone\" \/>\n<meta property=\"article:modified_time\" content=\"2021-03-14T16:38:25+00:00\" \/>\n<meta property=\"og:image\" content=\"https:\/\/colourofstone.com\/wp-content\/uploads\/Logo.png\" \/>\n\t<meta property=\"og:image:width\" content=\"1086\" \/>\n\t<meta property=\"og:image:height\" content=\"553\" \/>\n\t<meta property=\"og:image:type\" content=\"image\/png\" \/>\n<meta name=\"twitter:card\" content=\"summary_large_image\" \/>\n<meta name=\"twitter:label1\" content=\"Tempo estimado de leitura\" \/>\n\t<meta name=\"twitter:data1\" content=\"1 minuto\" \/>\n<script type=\"application\/ld+json\" class=\"yoast-schema-graph\">{\"@context\":\"https:\\\/\\\/schema.org\",\"@graph\":[{\"@type\":\"WebPage\",\"@id\":\"https:\\\/\\\/colourofstone.com\\\/pt-pt\\\/instalacao\\\/\",\"url\":\"https:\\\/\\\/colourofstone.com\\\/pt-pt\\\/instalacao\\\/\",\"name\":\"Instala\u00e7\u00e3o de m\u00e1rmore simplesmente explicada - Colour of Stone\",\"isPartOf\":{\"@id\":\"https:\\\/\\\/colourofstone.com\\\/pt-pt\\\/#website\"},\"datePublished\":\"2021-02-23T08:25:25+00:00\",\"dateModified\":\"2021-03-14T16:38:25+00:00\",\"description\":\"Informa\u00e7\u00e3o sobre diferentes tipos de instala\u00e7\u00e3o, prim\u00e1rios e constru\u00e7\u00e3o de pavimentos de m\u00e1rmore, calc\u00e1rio e ladrilhos travertinos.\",\"breadcrumb\":{\"@id\":\"https:\\\/\\\/colourofstone.com\\\/pt-pt\\\/instalacao\\\/#breadcrumb\"},\"inLanguage\":\"pt-PT\",\"potentialAction\":[{\"@type\":\"ReadAction\",\"target\":[\"https:\\\/\\\/colourofstone.com\\\/pt-pt\\\/instalacao\\\/\"]}]},{\"@type\":\"BreadcrumbList\",\"@id\":\"https:\\\/\\\/colourofstone.com\\\/pt-pt\\\/instalacao\\\/#breadcrumb\",\"itemListElement\":[{\"@type\":\"ListItem\",\"position\":1,\"name\":\"Home\",\"item\":\"https:\\\/\\\/colourofstone.com\\\/pt-pt\\\/\"},{\"@type\":\"ListItem\",\"position\":2,\"name\":\"Instala\u00e7\u00e3o\"}]},{\"@type\":\"WebSite\",\"@id\":\"https:\\\/\\\/colourofstone.com\\\/pt-pt\\\/#website\",\"url\":\"https:\\\/\\\/colourofstone.com\\\/pt-pt\\\/\",\"name\":\"Colour of Stone\",\"description\":\"Fliesen, Haus und Garten Produkte aus Naturstein - Online Shop\",\"publisher\":{\"@id\":\"https:\\\/\\\/colourofstone.com\\\/pt-pt\\\/#organization\"},\"potentialAction\":[{\"@type\":\"SearchAction\",\"target\":{\"@type\":\"EntryPoint\",\"urlTemplate\":\"https:\\\/\\\/colourofstone.com\\\/pt-pt\\\/?s={search_term_string}\"},\"query-input\":{\"@type\":\"PropertyValueSpecification\",\"valueRequired\":true,\"valueName\":\"search_term_string\"}}],\"inLanguage\":\"pt-PT\"},{\"@type\":\"Organization\",\"@id\":\"https:\\\/\\\/colourofstone.com\\\/pt-pt\\\/#organization\",\"name\":\"Colour of Stone GmbH\",\"url\":\"https:\\\/\\\/colourofstone.com\\\/pt-pt\\\/\",\"logo\":{\"@type\":\"ImageObject\",\"inLanguage\":\"pt-PT\",\"@id\":\"https:\\\/\\\/colourofstone.com\\\/pt-pt\\\/#\\\/schema\\\/logo\\\/image\\\/\",\"url\":\"https:\\\/\\\/colourofstone.com\\\/wp-content\\\/uploads\\\/99FC1526-DF3B-44F1-9816-9278D3194252-scaled.jpeg\",\"contentUrl\":\"https:\\\/\\\/colourofstone.com\\\/wp-content\\\/uploads\\\/99FC1526-DF3B-44F1-9816-9278D3194252-scaled.jpeg\",\"width\":2125,\"height\":2560,\"caption\":\"Colour of Stone GmbH\"},\"image\":{\"@id\":\"https:\\\/\\\/colourofstone.com\\\/pt-pt\\\/#\\\/schema\\\/logo\\\/image\\\/\"},\"sameAs\":[\"https:\\\/\\\/www.instagram.com\\\/colourofstone\\\/\"]}]}<\/script>\n<!-- \/ Yoast SEO plugin. -->","yoast_head_json":{"title":"Instala\u00e7\u00e3o de m\u00e1rmore simplesmente explicada - Colour of Stone","description":"Informa\u00e7\u00e3o sobre diferentes tipos de instala\u00e7\u00e3o, prim\u00e1rios e constru\u00e7\u00e3o de pavimentos de m\u00e1rmore, calc\u00e1rio e ladrilhos travertinos.","robots":{"index":"index","follow":"follow","max-snippet":"max-snippet:-1","max-image-preview":"max-image-preview:large","max-video-preview":"max-video-preview:-1"},"canonical":"https:\/\/colourofstone.com\/pt-pt\/instalacao\/","og_locale":"pt_PT","og_type":"article","og_title":"Instala\u00e7\u00e3o de m\u00e1rmore simplesmente explicada - Colour of Stone","og_description":"Informa\u00e7\u00e3o sobre diferentes tipos de instala\u00e7\u00e3o, prim\u00e1rios e constru\u00e7\u00e3o de pavimentos de m\u00e1rmore, calc\u00e1rio e ladrilhos travertinos.","og_url":"https:\/\/colourofstone.com\/pt-pt\/instalacao\/","og_site_name":"Colour of Stone","article_modified_time":"2021-03-14T16:38:25+00:00","og_image":[{"width":1086,"height":553,"url":"https:\/\/colourofstone.com\/wp-content\/uploads\/Logo.png","type":"image\/png"}],"twitter_card":"summary_large_image","twitter_misc":{"Tempo estimado de leitura":"1 minuto"},"schema":{"@context":"https:\/\/schema.org","@graph":[{"@type":"WebPage","@id":"https:\/\/colourofstone.com\/pt-pt\/instalacao\/","url":"https:\/\/colourofstone.com\/pt-pt\/instalacao\/","name":"Instala\u00e7\u00e3o de m\u00e1rmore simplesmente explicada - Colour of Stone","isPartOf":{"@id":"https:\/\/colourofstone.com\/pt-pt\/#website"},"datePublished":"2021-02-23T08:25:25+00:00","dateModified":"2021-03-14T16:38:25+00:00","description":"Informa\u00e7\u00e3o sobre diferentes tipos de instala\u00e7\u00e3o, prim\u00e1rios e constru\u00e7\u00e3o de pavimentos de m\u00e1rmore, calc\u00e1rio e ladrilhos travertinos.","breadcrumb":{"@id":"https:\/\/colourofstone.com\/pt-pt\/instalacao\/#breadcrumb"},"inLanguage":"pt-PT","potentialAction":[{"@type":"ReadAction","target":["https:\/\/colourofstone.com\/pt-pt\/instalacao\/"]}]},{"@type":"BreadcrumbList","@id":"https:\/\/colourofstone.com\/pt-pt\/instalacao\/#breadcrumb","itemListElement":[{"@type":"ListItem","position":1,"name":"Home","item":"https:\/\/colourofstone.com\/pt-pt\/"},{"@type":"ListItem","position":2,"name":"Instala\u00e7\u00e3o"}]},{"@type":"WebSite","@id":"https:\/\/colourofstone.com\/pt-pt\/#website","url":"https:\/\/colourofstone.com\/pt-pt\/","name":"Colour of Stone","description":"Fliesen, Haus und Garten Produkte aus Naturstein - Online Shop","publisher":{"@id":"https:\/\/colourofstone.com\/pt-pt\/#organization"},"potentialAction":[{"@type":"SearchAction","target":{"@type":"EntryPoint","urlTemplate":"https:\/\/colourofstone.com\/pt-pt\/?s={search_term_string}"},"query-input":{"@type":"PropertyValueSpecification","valueRequired":true,"valueName":"search_term_string"}}],"inLanguage":"pt-PT"},{"@type":"Organization","@id":"https:\/\/colourofstone.com\/pt-pt\/#organization","name":"Colour of Stone GmbH","url":"https:\/\/colourofstone.com\/pt-pt\/","logo":{"@type":"ImageObject","inLanguage":"pt-PT","@id":"https:\/\/colourofstone.com\/pt-pt\/#\/schema\/logo\/image\/","url":"https:\/\/colourofstone.com\/wp-content\/uploads\/99FC1526-DF3B-44F1-9816-9278D3194252-scaled.jpeg","contentUrl":"https:\/\/colourofstone.com\/wp-content\/uploads\/99FC1526-DF3B-44F1-9816-9278D3194252-scaled.jpeg","width":2125,"height":2560,"caption":"Colour of Stone GmbH"},"image":{"@id":"https:\/\/colourofstone.com\/pt-pt\/#\/schema\/logo\/image\/"},"sameAs":["https:\/\/www.instagram.com\/colourofstone\/"]}]}},"_links":{"self":[{"href":"https:\/\/colourofstone.com\/pt-pt\/wp-json\/wp\/v2\/pages\/27058","targetHints":{"allow":["GET"]}}],"collection":[{"href":"https:\/\/colourofstone.com\/pt-pt\/wp-json\/wp\/v2\/pages"}],"about":[{"href":"https:\/\/colourofstone.com\/pt-pt\/wp-json\/wp\/v2\/types\/page"}],"author":[{"embeddable":true,"href":"https:\/\/colourofstone.com\/pt-pt\/wp-json\/wp\/v2\/users\/5"}],"replies":[{"embeddable":true,"href":"https:\/\/colourofstone.com\/pt-pt\/wp-json\/wp\/v2\/comments?post=27058"}],"version-history":[{"count":6,"href":"https:\/\/colourofstone.com\/pt-pt\/wp-json\/wp\/v2\/pages\/27058\/revisions"}],"predecessor-version":[{"id":30947,"href":"https:\/\/colourofstone.com\/pt-pt\/wp-json\/wp\/v2\/pages\/27058\/revisions\/30947"}],"wp:attachment":[{"href":"https:\/\/colourofstone.com\/pt-pt\/wp-json\/wp\/v2\/media?parent=27058"}],"curies":[{"name":"wp","href":"https:\/\/api.w.org\/{rel}","templated":true}]}}