{"id":46110,"date":"2022-05-11T06:38:09","date_gmt":"2022-05-11T06:38:09","guid":{"rendered":"https:\/\/colourofstone.com\/?page_id=46110"},"modified":"2023-05-03T12:49:22","modified_gmt":"2023-05-03T12:49:22","slug":"magazine","status":"publish","type":"page","link":"https:\/\/colourofstone.com\/pt-pt\/magazine\/","title":{"rendered":"MAGAZINE"},"content":{"rendered":"\n<p class=\"is-style-border-s\"><\/p>\n\n\n\n<p class=\"is-style-border-s\">A nossa magazine oferece-lhe toda a informa\u00e7\u00e3o que necessita sobre pedra natural. Pode obter aqui not\u00edcias sobre m\u00e1rmore, granito ou amostras. A Cor da Pedra oferece informa\u00e7\u00e3o excitante e factos interessantes.<br>Bom divertimento.<\/p>\n\n\n\n<div style=\"height:100px\" aria-hidden=\"true\" class=\"wp-block-spacer\"><\/div>\n\n\n<section class=\"widget widget_flex-posts-list\"><div class=\"fp-row-blog fp-list-2 fp-flex MagicScroll2\" data-options=\"speed: 1400; loop: rewind; pagination: true; \">\n\n\t\n\t\t\n\t\t\t\t<div class=\"fp-row\">\n\t\t\t\t\t\t<a href=\"https:\/\/colourofstone.com\/pt-pt\/magazine\/pedra-natural-como-investimento-uma-joia-atemporal\/\">\n\t\t\t\t\t\t\t\t\t\t\n\t\t\t\t\t\t\t\t\t\t\t\t\t<img loading=\"lazy\" decoding=\"async\" width=\"816\" height=\"816\" src=\"https:\/\/colourofstone.com\/wp-content\/uploads\/PyramideTitel.jpg\" class=\"left-top wp-post-image\" alt=\"\" srcset=\"https:\/\/colourofstone.com\/wp-content\/uploads\/PyramideTitel.jpg 816w, https:\/\/colourofstone.com\/wp-content\/uploads\/PyramideTitel-300x300.jpg 300w, https:\/\/colourofstone.com\/wp-content\/uploads\/PyramideTitel-600x600.jpg 600w, https:\/\/colourofstone.com\/wp-content\/uploads\/PyramideTitel-150x150.jpg 150w\" sizes=\"auto, (max-width: 816px) 100vw, 816px\" \/>\t\t\t\t\t\t\t\t\t\t\t\n\t\t\t\t\t\t\n\n\t\t\t\n\t\t\t\t\t\t\t\t\t\t<div class=\"fp-imgBG\">\n\t\t\t\t\t\t\t\t\t\t<div class=\"fp-body\">\n\t\t\t\t\t\t\t\t\t\t\t\t<h4 class=\"fp-title \">\n\t\t\t\t\t\t\t\t\t\t\t\t\t\tPedra natural como investimento: uma joia atemporal\t\t\t\t\t\t\t\t\t\t\t\t<\/h4>\n\t\t\t\t\t\t\t\t\t\t\t\t<div class=\"fp-text-wirkung\">\n\t\t\t\t\t\t\t\t\t\t\t\t\t\t<p>Pedra natural na arquitetura: da import\u00e2ncia hist\u00f3rica \u00e0 eleg\u00e2ncia est\u00e9tica e \u00e0 sustentabilidade moderna &#8211; uma vis\u00e3o aprofundada de um investimento atemporal.<\/p>\n\t\t\t\t\t\t\t\t\t\t\t\t\t\t\t\t\t\t\t\t\t\t\t\t\t\t<\/div>\n\t\t\t\t\t\t\t\t\t\t<\/div>\n\t\t\t\t\t\t\t\t<\/div>\n\t\t\t\t\t\t\t<\/a>\n\t\t\t\t<\/div>\n\n\n\t\n\t\t\n\t\t\t\t<div class=\"fp-row\">\n\t\t\t\t\t\t<a href=\"https:\/\/colourofstone.com\/pt-pt\/magazine\/amostra-de-azulejos-para-tocar\/\">\n\t\t\t\t\t\t\t\t\t\t\n\t\t\t\t\t\t\t\t\t\t\t\t\t<img loading=\"lazy\" decoding=\"async\" width=\"1080\" height=\"1080\" src=\"https:\/\/colourofstone.com\/wp-content\/uploads\/Musterfliese-2.png\" class=\"left-top wp-post-image\" alt=\"\" srcset=\"https:\/\/colourofstone.com\/wp-content\/uploads\/Musterfliese-2.png 1080w, https:\/\/colourofstone.com\/wp-content\/uploads\/Musterfliese-2-300x300.png 300w, https:\/\/colourofstone.com\/wp-content\/uploads\/Musterfliese-2-1024x1024.png 1024w, https:\/\/colourofstone.com\/wp-content\/uploads\/Musterfliese-2-150x150.png 150w, https:\/\/colourofstone.com\/wp-content\/uploads\/Musterfliese-2-600x600.png 600w, https:\/\/colourofstone.com\/wp-content\/uploads\/Musterfliese-2-800x800.png 800w\" sizes=\"auto, (max-width: 1080px) 100vw, 1080px\" \/>\t\t\t\t\t\t\t\t\t\t\t\n\t\t\t\t\t\t\n\n\t\t\t\n\t\t\t\t\t\t\t\t\t\t<div class=\"fp-imgBG\">\n\t\t\t\t\t\t\t\t\t\t<div class=\"fp-body\">\n\t\t\t\t\t\t\t\t\t\t\t\t<h4 class=\"fp-title \">\n\t\t\t\t\t\t\t\t\t\t\t\t\t\tAmostra de azulejos para tocar!\t\t\t\t\t\t\t\t\t\t\t\t<\/h4>\n\t\t\t\t\t\t\t\t\t\t\t\t<div class=\"fp-text-wirkung\">\n\t\t\t\t\t\t\t\t\t\t\t\t\t\t<p>M\u00e1rmore, Calc\u00e1rio e Travertino s\u00e3o a nova tend\u00eancia no design de interiores. Experimente o m\u00e1rmore na sua casa.<\/p>\n\t\t\t\t\t\t\t\t\t\t\t\t\t\t\t\t\t\t\t\t\t\t\t\t\t\t<\/div>\n\t\t\t\t\t\t\t\t\t\t<\/div>\n\t\t\t\t\t\t\t\t<\/div>\n\t\t\t\t\t\t\t<\/a>\n\t\t\t\t<\/div>\n\n\n\t\n\t\t\n\t\t\t\t<div class=\"fp-row\">\n\t\t\t\t\t\t<a href=\"https:\/\/colourofstone.com\/pt-pt\/b2c-pt-pt\/bem-vindo-ao-portal-de-negocios-da-colour-of-stone-gmbh\/\">\n\t\t\t\t\t\t\t\t\t\t\n\t\t\t\t\t\t\t\t\t\t\t\t\t<img loading=\"lazy\" decoding=\"async\" width=\"2560\" height=\"1600\" src=\"https:\/\/colourofstone.com\/wp-content\/uploads\/HeaderB2B-3-scaled.jpg\" class=\"center-center wp-post-image\" alt=\"\" srcset=\"https:\/\/colourofstone.com\/wp-content\/uploads\/HeaderB2B-3-scaled.jpg 2560w, https:\/\/colourofstone.com\/wp-content\/uploads\/HeaderB2B-3-300x188.jpg 300w, https:\/\/colourofstone.com\/wp-content\/uploads\/HeaderB2B-3-1024x640.jpg 1024w, https:\/\/colourofstone.com\/wp-content\/uploads\/HeaderB2B-3-1536x960.jpg 1536w, https:\/\/colourofstone.com\/wp-content\/uploads\/HeaderB2B-3-2048x1280.jpg 2048w, https:\/\/colourofstone.com\/wp-content\/uploads\/HeaderB2B-3-400x250.jpg 400w, https:\/\/colourofstone.com\/wp-content\/uploads\/HeaderB2B-3-600x375.jpg 600w\" sizes=\"auto, (max-width: 2560px) 100vw, 2560px\" \/>\t\t\t\t\t\t\t\t\t\t\t\n\t\t\t\t\t\t\n\n\t\t\t\n\t\t\t\t\t\t\t\t\t\t<div class=\"fp-imgBG\">\n\t\t\t\t\t\t\t\t\t\t<div class=\"fp-body\">\n\t\t\t\t\t\t\t\t\t\t\t\t<h4 class=\"fp-title \">\n\t\t\t\t\t\t\t\t\t\t\t\t\t\tBem-vindo ao portal de neg\u00f3cios da Colour of Stone GmbH\t\t\t\t\t\t\t\t\t\t\t\t<\/h4>\n\t\t\t\t\t\t\t\t\t\t\t\t<div class=\"fp-text-wirkung\">\n\t\t\t\t\t\t\t\t\t\t\t\t\t\t<p>Entrega gratuita de acordo com as condi\u00e7\u00f5es de entrega<\/p>\n\t\t\t\t\t\t\t\t\t\t\t\t\t\t\t\t\t\t\t\t\t\t\t\t\t\t<\/div>\n\t\t\t\t\t\t\t\t\t\t<\/div>\n\t\t\t\t\t\t\t\t<\/div>\n\t\t\t\t\t\t\t<\/a>\n\t\t\t\t<\/div>\n\n\n\t\n\t\t\n\t\t\t\t<div class=\"fp-row\">\n\t\t\t\t\t\t<a href=\"https:\/\/colourofstone.com\/pt-pt\/magazine\/azulejos-de-granito-e-ardosia-novos-na-loja\/\">\n\t\t\t\t\t\t\t\t\t\t\n\t\t\t\t\t\t\t\t\t\t\t\t\t<img loading=\"lazy\" decoding=\"async\" width=\"400\" height=\"400\" src=\"https:\/\/colourofstone.com\/wp-content\/uploads\/bgNews04.png\" class=\"left-top wp-post-image\" alt=\"\" srcset=\"https:\/\/colourofstone.com\/wp-content\/uploads\/bgNews04.png 400w, https:\/\/colourofstone.com\/wp-content\/uploads\/bgNews04-300x300.png 300w, https:\/\/colourofstone.com\/wp-content\/uploads\/bgNews04-150x150.png 150w\" sizes=\"auto, (max-width: 400px) 100vw, 400px\" \/>\t\t\t\t\t\t\t\t\t\t\t\n\t\t\t\t\t\t\n\n\t\t\t\n\t\t\t\t\t\t\t\t\t\t<div class=\"fp-imgBG\">\n\t\t\t\t\t\t\t\t\t\t<div class=\"fp-body\">\n\t\t\t\t\t\t\t\t\t\t\t\t<h4 class=\"fp-title \">\n\t\t\t\t\t\t\t\t\t\t\t\t\t\tAzulejos de granito e ard\u00f3sia novos na loja!\t\t\t\t\t\t\t\t\t\t\t\t<\/h4>\n\t\t\t\t\t\t\t\t\t\t\t\t<div class=\"fp-text-wirkung\">\n\t\t\t\t\t\t\t\t\t\t\t\t\t\t<p>Com a expans\u00e3o da nossa loja online com azulejos de granito, temos uma oferta \u00fanica na Europa. <\/p>\n\t\t\t\t\t\t\t\t\t\t\t\t\t\t\t\t\t\t\t\t\t\t\t\t\t\t<\/div>\n\t\t\t\t\t\t\t\t\t\t<\/div>\n\t\t\t\t\t\t\t\t<\/div>\n\t\t\t\t\t\t\t<\/a>\n\t\t\t\t<\/div>\n\n\n\t\n\t\t\n\t\t\t\t<div class=\"fp-row\">\n\t\t\t\t\t\t<a href=\"https:\/\/colourofstone.com\/pt-pt\/magazine\/como-e-atractivo-comprar-azulejos-de-pedra-natural-da-colour-of-stone\/\">\n\t\t\t\t\t\t\t\t\t\t\n\t\t\t\t\t\t\t\t\t\t\t\t\t<img loading=\"lazy\" decoding=\"async\" width=\"400\" height=\"400\" src=\"https:\/\/colourofstone.com\/wp-content\/uploads\/bgNews02.png\" class=\"left-top wp-post-image\" alt=\"\" srcset=\"https:\/\/colourofstone.com\/wp-content\/uploads\/bgNews02.png 400w, https:\/\/colourofstone.com\/wp-content\/uploads\/bgNews02-300x300.png 300w, https:\/\/colourofstone.com\/wp-content\/uploads\/bgNews02-150x150.png 150w\" sizes=\"auto, (max-width: 400px) 100vw, 400px\" \/>\t\t\t\t\t\t\t\t\t\t\t\n\t\t\t\t\t\t\n\n\t\t\t\n\t\t\t\t\t\t\t\t\t\t<div class=\"fp-imgBG\">\n\t\t\t\t\t\t\t\t\t\t<div class=\"fp-body\">\n\t\t\t\t\t\t\t\t\t\t\t\t<h4 class=\"fp-title \">\n\t\t\t\t\t\t\t\t\t\t\t\t\t\tComo \u00e9 atractivo comprar azulejos de pedra natural da Colour of Stone\t\t\t\t\t\t\t\t\t\t\t\t<\/h4>\n\t\t\t\t\t\t\t\t\t\t\t\t<div class=\"fp-text-wirkung\">\n\t\t\t\t\t\t\t\t\t\t\t\t\t\t<p>Junte-se a n\u00f3s num novo mundo de pedra natural com uma variedade \u00fanica de escolhas em belas cores e tamanhos incr\u00edveis.<\/p>\n\t\t\t\t\t\t\t\t\t\t\t\t\t\t\t\t\t\t\t\t\t\t\t\t\t\t<\/div>\n\t\t\t\t\t\t\t\t\t\t<\/div>\n\t\t\t\t\t\t\t\t<\/div>\n\t\t\t\t\t\t\t<\/a>\n\t\t\t\t<\/div>\n\n\n\t\n\t\t\n\t\t\t\t<div class=\"fp-row\">\n\t\t\t\t\t\t<a href=\"https:\/\/colourofstone.com\/pt-pt\/magazine\/3-belas-superficies-que-se-adaptam-a-todos-os-estilos-de-vida\/\">\n\t\t\t\t\t\t\t\t\t\t\n\t\t\t\t\t\t\t\t\t\t\t\t\t<img loading=\"lazy\" decoding=\"async\" width=\"400\" height=\"400\" src=\"https:\/\/colourofstone.com\/wp-content\/uploads\/bgNews01.png\" class=\"left-top wp-post-image\" alt=\"\" srcset=\"https:\/\/colourofstone.com\/wp-content\/uploads\/bgNews01.png 400w, https:\/\/colourofstone.com\/wp-content\/uploads\/bgNews01-300x300.png 300w, https:\/\/colourofstone.com\/wp-content\/uploads\/bgNews01-150x150.png 150w\" sizes=\"auto, (max-width: 400px) 100vw, 400px\" \/>\t\t\t\t\t\t\t\t\t\t\t\n\t\t\t\t\t\t\n\n\t\t\t\n\t\t\t\t\t\t\t\t\t\t<div class=\"fp-imgBG\">\n\t\t\t\t\t\t\t\t\t\t<div class=\"fp-body\">\n\t\t\t\t\t\t\t\t\t\t\t\t<h4 class=\"fp-title \">\n\t\t\t\t\t\t\t\t\t\t\t\t\t\t3 belas superf\u00edcies que se adaptam a todos os estilos de vida\t\t\t\t\t\t\t\t\t\t\t\t<\/h4>\n\t\t\t\t\t\t\t\t\t\t\t\t<div class=\"fp-text-wirkung\">\n\t\t\t\t\t\t\t\t\t\t\t\t\t\t<p>Neste post, explicamos uma vis\u00e3o excitante das superf\u00edcies actuais.<\/p>\n\t\t\t\t\t\t\t\t\t\t\t\t\t\t\t\t\t\t\t\t\t\t\t\t\t\t<\/div>\n\t\t\t\t\t\t\t\t\t\t<\/div>\n\t\t\t\t\t\t\t\t<\/div>\n\t\t\t\t\t\t\t<\/a>\n\t\t\t\t<\/div>\n\n\n\t\n<\/div>\n<\/section>\n\n\n<div style=\"height:100px\" aria-hidden=\"true\" class=\"wp-block-spacer\"><\/div>\n\n        <script>\n        function toggleInchInfo(el) {\n            const infoBox = el.nextElementSibling;\n            if (infoBox.style.display === \"none\") {\n                infoBox.style.display = \"inline\";\n            } else {\n                infoBox.style.display = \"none\";\n            }\n        }\n        <\/script>\n        <style>\n            .cm-info {\n                cursor: pointer;\n                color: #0073aa;\n                font-weight: bold;\n                margin-left: 4px;\n            }\n            .inch-info {\n                display: none;\n                background: #f8f8f8;\n                border: 1px solid #ccc;\n                padding: 4px 8px;\n                margin-left: 5px;\n                font-size: 0.9em;\n                border-radius: 4px;\n            }\n        <\/style>","protected":false},"excerpt":{"rendered":"<p>A nossa magazine oferece-lhe toda a informa\u00e7\u00e3o que necessita sobre pedra natural. Pode obter aqui not\u00edcias sobre m\u00e1rmore, granito ou amostras. A Cor da Pedra oferece informa\u00e7\u00e3o excitante e factos interessantes.Bom divertimento.<\/p>\n","protected":false},"author":2,"featured_media":0,"parent":0,"menu_order":0,"comment_status":"closed","ping_status":"closed","template":"","meta":{"footnotes":""},"class_list":["post-46110","page","type-page","status-publish","hentry"],"yoast_head":"<!-- This site is optimized with the Yoast SEO plugin v27.4 - https:\/\/yoast.com\/product\/yoast-seo-wordpress\/ -->\n<title>MAGAZINE - Colour of Stone - Informa\u00e7\u00e3o sobre azulejos de pedra natural<\/title>\n<meta name=\"description\" content=\"O nosso blog oferece-lhe toda a informa\u00e7\u00e3o de que necessita sobre azulejos de pedra natural. Not\u00edcias sobre m\u00e1rmore, granito, amostras ou cashback podem ser encontradas aqui.\" \/>\n<meta name=\"robots\" content=\"index, follow, max-snippet:-1, max-image-preview:large, max-video-preview:-1\" \/>\n<link rel=\"canonical\" href=\"https:\/\/colourofstone.com\/pt-pt\/magazine\/\" \/>\n<meta property=\"og:locale\" content=\"pt_PT\" \/>\n<meta property=\"og:type\" content=\"article\" \/>\n<meta property=\"og:title\" content=\"MAGAZINE - Colour of Stone - Informa\u00e7\u00e3o sobre azulejos de pedra natural\" \/>\n<meta property=\"og:description\" content=\"O nosso blog oferece-lhe toda a informa\u00e7\u00e3o de que necessita sobre azulejos de pedra natural. Not\u00edcias sobre m\u00e1rmore, granito, amostras ou cashback podem ser encontradas aqui.\" \/>\n<meta property=\"og:url\" content=\"https:\/\/colourofstone.com\/pt-pt\/magazine\/\" \/>\n<meta property=\"og:site_name\" content=\"Colour of Stone\" \/>\n<meta property=\"article:modified_time\" content=\"2023-05-03T12:49:22+00:00\" \/>\n<meta property=\"og:image\" content=\"https:\/\/colourofstone.com\/wp-content\/uploads\/Logo.png\" \/>\n\t<meta property=\"og:image:width\" content=\"1086\" \/>\n\t<meta property=\"og:image:height\" content=\"553\" \/>\n\t<meta property=\"og:image:type\" content=\"image\/png\" \/>\n<meta name=\"twitter:card\" content=\"summary_large_image\" \/>\n<meta name=\"twitter:label1\" content=\"Tempo estimado de leitura\" \/>\n\t<meta name=\"twitter:data1\" content=\"1 minuto\" \/>\n<script type=\"application\/ld+json\" class=\"yoast-schema-graph\">{\"@context\":\"https:\\\/\\\/schema.org\",\"@graph\":[{\"@type\":\"WebPage\",\"@id\":\"https:\\\/\\\/colourofstone.com\\\/pt-pt\\\/magazine\\\/\",\"url\":\"https:\\\/\\\/colourofstone.com\\\/pt-pt\\\/magazine\\\/\",\"name\":\"MAGAZINE - Colour of Stone - Informa\u00e7\u00e3o sobre azulejos de pedra natural\",\"isPartOf\":{\"@id\":\"https:\\\/\\\/colourofstone.com\\\/pt-pt\\\/#website\"},\"datePublished\":\"2022-05-11T06:38:09+00:00\",\"dateModified\":\"2023-05-03T12:49:22+00:00\",\"description\":\"O nosso blog oferece-lhe toda a informa\u00e7\u00e3o de que necessita sobre azulejos de pedra natural. Not\u00edcias sobre m\u00e1rmore, granito, amostras ou cashback podem ser encontradas aqui.\",\"breadcrumb\":{\"@id\":\"https:\\\/\\\/colourofstone.com\\\/pt-pt\\\/magazine\\\/#breadcrumb\"},\"inLanguage\":\"pt-PT\",\"potentialAction\":[{\"@type\":\"ReadAction\",\"target\":[\"https:\\\/\\\/colourofstone.com\\\/pt-pt\\\/magazine\\\/\"]}]},{\"@type\":\"BreadcrumbList\",\"@id\":\"https:\\\/\\\/colourofstone.com\\\/pt-pt\\\/magazine\\\/#breadcrumb\",\"itemListElement\":[{\"@type\":\"ListItem\",\"position\":1,\"name\":\"Home\",\"item\":\"https:\\\/\\\/colourofstone.com\\\/pt-pt\\\/\"},{\"@type\":\"ListItem\",\"position\":2,\"name\":\"MAGAZINE\"}]},{\"@type\":\"WebSite\",\"@id\":\"https:\\\/\\\/colourofstone.com\\\/pt-pt\\\/#website\",\"url\":\"https:\\\/\\\/colourofstone.com\\\/pt-pt\\\/\",\"name\":\"Colour of Stone\",\"description\":\"Fliesen, Haus und Garten Produkte aus Naturstein - Online Shop\",\"publisher\":{\"@id\":\"https:\\\/\\\/colourofstone.com\\\/pt-pt\\\/#organization\"},\"potentialAction\":[{\"@type\":\"SearchAction\",\"target\":{\"@type\":\"EntryPoint\",\"urlTemplate\":\"https:\\\/\\\/colourofstone.com\\\/pt-pt\\\/?s={search_term_string}\"},\"query-input\":{\"@type\":\"PropertyValueSpecification\",\"valueRequired\":true,\"valueName\":\"search_term_string\"}}],\"inLanguage\":\"pt-PT\"},{\"@type\":\"Organization\",\"@id\":\"https:\\\/\\\/colourofstone.com\\\/pt-pt\\\/#organization\",\"name\":\"Colour of Stone GmbH\",\"url\":\"https:\\\/\\\/colourofstone.com\\\/pt-pt\\\/\",\"logo\":{\"@type\":\"ImageObject\",\"inLanguage\":\"pt-PT\",\"@id\":\"https:\\\/\\\/colourofstone.com\\\/pt-pt\\\/#\\\/schema\\\/logo\\\/image\\\/\",\"url\":\"https:\\\/\\\/colourofstone.com\\\/wp-content\\\/uploads\\\/99FC1526-DF3B-44F1-9816-9278D3194252-scaled.jpeg\",\"contentUrl\":\"https:\\\/\\\/colourofstone.com\\\/wp-content\\\/uploads\\\/99FC1526-DF3B-44F1-9816-9278D3194252-scaled.jpeg\",\"width\":2125,\"height\":2560,\"caption\":\"Colour of Stone GmbH\"},\"image\":{\"@id\":\"https:\\\/\\\/colourofstone.com\\\/pt-pt\\\/#\\\/schema\\\/logo\\\/image\\\/\"},\"sameAs\":[\"https:\\\/\\\/www.instagram.com\\\/colourofstone\\\/\"]}]}<\/script>\n<!-- \/ Yoast SEO plugin. -->","yoast_head_json":{"title":"MAGAZINE - Colour of Stone - Informa\u00e7\u00e3o sobre azulejos de pedra natural","description":"O nosso blog oferece-lhe toda a informa\u00e7\u00e3o de que necessita sobre azulejos de pedra natural. Not\u00edcias sobre m\u00e1rmore, granito, amostras ou cashback podem ser encontradas aqui.","robots":{"index":"index","follow":"follow","max-snippet":"max-snippet:-1","max-image-preview":"max-image-preview:large","max-video-preview":"max-video-preview:-1"},"canonical":"https:\/\/colourofstone.com\/pt-pt\/magazine\/","og_locale":"pt_PT","og_type":"article","og_title":"MAGAZINE - Colour of Stone - Informa\u00e7\u00e3o sobre azulejos de pedra natural","og_description":"O nosso blog oferece-lhe toda a informa\u00e7\u00e3o de que necessita sobre azulejos de pedra natural. Not\u00edcias sobre m\u00e1rmore, granito, amostras ou cashback podem ser encontradas aqui.","og_url":"https:\/\/colourofstone.com\/pt-pt\/magazine\/","og_site_name":"Colour of Stone","article_modified_time":"2023-05-03T12:49:22+00:00","og_image":[{"width":1086,"height":553,"url":"https:\/\/colourofstone.com\/wp-content\/uploads\/Logo.png","type":"image\/png"}],"twitter_card":"summary_large_image","twitter_misc":{"Tempo estimado de leitura":"1 minuto"},"schema":{"@context":"https:\/\/schema.org","@graph":[{"@type":"WebPage","@id":"https:\/\/colourofstone.com\/pt-pt\/magazine\/","url":"https:\/\/colourofstone.com\/pt-pt\/magazine\/","name":"MAGAZINE - Colour of Stone - Informa\u00e7\u00e3o sobre azulejos de pedra natural","isPartOf":{"@id":"https:\/\/colourofstone.com\/pt-pt\/#website"},"datePublished":"2022-05-11T06:38:09+00:00","dateModified":"2023-05-03T12:49:22+00:00","description":"O nosso blog oferece-lhe toda a informa\u00e7\u00e3o de que necessita sobre azulejos de pedra natural. Not\u00edcias sobre m\u00e1rmore, granito, amostras ou cashback podem ser encontradas aqui.","breadcrumb":{"@id":"https:\/\/colourofstone.com\/pt-pt\/magazine\/#breadcrumb"},"inLanguage":"pt-PT","potentialAction":[{"@type":"ReadAction","target":["https:\/\/colourofstone.com\/pt-pt\/magazine\/"]}]},{"@type":"BreadcrumbList","@id":"https:\/\/colourofstone.com\/pt-pt\/magazine\/#breadcrumb","itemListElement":[{"@type":"ListItem","position":1,"name":"Home","item":"https:\/\/colourofstone.com\/pt-pt\/"},{"@type":"ListItem","position":2,"name":"MAGAZINE"}]},{"@type":"WebSite","@id":"https:\/\/colourofstone.com\/pt-pt\/#website","url":"https:\/\/colourofstone.com\/pt-pt\/","name":"Colour of Stone","description":"Fliesen, Haus und Garten Produkte aus Naturstein - Online Shop","publisher":{"@id":"https:\/\/colourofstone.com\/pt-pt\/#organization"},"potentialAction":[{"@type":"SearchAction","target":{"@type":"EntryPoint","urlTemplate":"https:\/\/colourofstone.com\/pt-pt\/?s={search_term_string}"},"query-input":{"@type":"PropertyValueSpecification","valueRequired":true,"valueName":"search_term_string"}}],"inLanguage":"pt-PT"},{"@type":"Organization","@id":"https:\/\/colourofstone.com\/pt-pt\/#organization","name":"Colour of Stone GmbH","url":"https:\/\/colourofstone.com\/pt-pt\/","logo":{"@type":"ImageObject","inLanguage":"pt-PT","@id":"https:\/\/colourofstone.com\/pt-pt\/#\/schema\/logo\/image\/","url":"https:\/\/colourofstone.com\/wp-content\/uploads\/99FC1526-DF3B-44F1-9816-9278D3194252-scaled.jpeg","contentUrl":"https:\/\/colourofstone.com\/wp-content\/uploads\/99FC1526-DF3B-44F1-9816-9278D3194252-scaled.jpeg","width":2125,"height":2560,"caption":"Colour of Stone GmbH"},"image":{"@id":"https:\/\/colourofstone.com\/pt-pt\/#\/schema\/logo\/image\/"},"sameAs":["https:\/\/www.instagram.com\/colourofstone\/"]}]}},"_links":{"self":[{"href":"https:\/\/colourofstone.com\/pt-pt\/wp-json\/wp\/v2\/pages\/46110","targetHints":{"allow":["GET"]}}],"collection":[{"href":"https:\/\/colourofstone.com\/pt-pt\/wp-json\/wp\/v2\/pages"}],"about":[{"href":"https:\/\/colourofstone.com\/pt-pt\/wp-json\/wp\/v2\/types\/page"}],"author":[{"embeddable":true,"href":"https:\/\/colourofstone.com\/pt-pt\/wp-json\/wp\/v2\/users\/2"}],"replies":[{"embeddable":true,"href":"https:\/\/colourofstone.com\/pt-pt\/wp-json\/wp\/v2\/comments?post=46110"}],"version-history":[{"count":4,"href":"https:\/\/colourofstone.com\/pt-pt\/wp-json\/wp\/v2\/pages\/46110\/revisions"}],"predecessor-version":[{"id":63290,"href":"https:\/\/colourofstone.com\/pt-pt\/wp-json\/wp\/v2\/pages\/46110\/revisions\/63290"}],"wp:attachment":[{"href":"https:\/\/colourofstone.com\/pt-pt\/wp-json\/wp\/v2\/media?parent=46110"}],"curies":[{"name":"wp","href":"https:\/\/api.w.org\/{rel}","templated":true}]}}