{"id":13872,"date":"2021-03-20T01:14:56","date_gmt":"2020-07-07T19:00:56","guid":{"rendered":"https:\/\/colourofstone.com\/shop\/sem%20categoria\/calacatta-vagli\/"},"modified":"2023-02-10T20:24:49","modified_gmt":"2023-02-10T20:24:49","slug":"calacatta-vagli","status":"publish","type":"product","link":"https:\/\/colourofstone.com\/pt-pt\/shop\/pedra-natural\/azulejos\/calacatta-vagli\/","title":{"rendered":"Calacatta Vagli"},"content":{"rendered":"<p>Calacatta Vagli \u00e9 um m\u00e1rmore branco com belas veias. Esta pedra muito exclusiva \u00e9 um elemento excepcional em acess\u00f3rios de interior de luxo. Calacatta Vagli \u00e9 extra\u00edda nos Alpes Apuanos perto de Vagli Sotto.<\/p>\n<p>&nbsp;<\/p>\n<p>Esta pedra natural n\u00e3o \u00e9 resistente \u00e0 geada e aos \u00e1cidos. \u00c9 perfeitamente adequado para ambientes internos. Com a devida sensibilidade e conhecimento, esta pedra natural tamb\u00e9m pode ser utilizada em outras \u00e1reas.<\/p>\n\n        <script>\n        function toggleInchInfo(el) {\n            const infoBox = el.nextElementSibling;\n            if (infoBox.style.display === \"none\") {\n                infoBox.style.display = \"inline\";\n            } else {\n                infoBox.style.display = \"none\";\n            }\n        }\n        <\/script>\n        <style>\n            .cm-info {\n                cursor: pointer;\n                color: #0073aa;\n                font-weight: bold;\n                margin-left: 4px;\n            }\n            .inch-info {\n                display: none;\n                background: #f8f8f8;\n                border: 1px solid #ccc;\n                padding: 4px 8px;\n                margin-left: 5px;\n                font-size: 0.9em;\n                border-radius: 4px;\n            }\n        <\/style>","protected":false},"excerpt":{"rendered":"<p>Calacatta Vagli \u00e9 um m\u00e1rmore branco com belas veias. Esta pedra muito exclusiva \u00e9 um elemento excepcional em acess\u00f3rios de interior de luxo. Calacatta Vagli \u00e9 extra\u00edda nos Alpes Apuanos perto de Vagli Sotto. &nbsp; Esta pedra natural n\u00e3o \u00e9 resistente \u00e0 geada e aos \u00e1cidos. \u00c9 perfeitamente adequado para ambientes internos. Com a devida <a href=\"https:\/\/colourofstone.com\/pt-pt\/shop\/pedra-natural\/azulejos\/calacatta-vagli\/\" class=\"more-link\">&#8230;<\/a><\/p>\n","protected":false},"featured_media":27777,"template":"","meta":[],"product_brand":[],"product_cat":[528],"product_tag":[],"class_list":{"0":"post-13872","1":"product","2":"type-product","3":"status-publish","4":"has-post-thumbnail","6":"product_cat-azulejos","7":"pa_farbe-bege","8":"pa_farbe-branco","9":"pa_farbe-cinzento","10":"pa_farbe-claro","11":"pa_masseinheit-305-x-305-cm","12":"pa_masseinheit-61-x-305-cm","13":"pa_masseinheit-40-x-40-cm","14":"pa_masseinheit-457-x-457-cm","15":"pa_masseinheit-60-x-40-cm","16":"pa_masseinheit-60-x-60-cm","17":"pa_masseinheit-80-x-80-cm","18":"pa_masseinheit-100-x-100-cm","19":"pa_material-marmore","20":"pa_oberflaeche-polido","21":"pa_oberflaeche-lixado","22":"pa_oberflaeche-escovado","24":"first","25":"instock","26":"taxable","27":"shipping-taxable","28":"purchasable","29":"product-type-variable","30":"has-default-attributes"},"yoast_head":"<!-- This site is optimized with the Yoast SEO plugin v27.3 - https:\/\/yoast.com\/product\/yoast-seo-wordpress\/ -->\n<title>Calacatta Vagli - M\u00e1rmore Azulejos envio gr\u00e1tis - Colour of Stone<\/title>\n<meta name=\"description\" content=\"Calacatta Vagli \u00e9 um m\u00e1rmore branco com belas veias. Esta pedra muito exclusiva \u00e9 um elemento excepcional em acess\u00f3rios de interior de luxo. Calacatta ...\" \/>\n<meta name=\"robots\" content=\"index, follow, max-snippet:-1, max-image-preview:large, max-video-preview:-1\" \/>\n<link rel=\"canonical\" href=\"https:\/\/colourofstone.com\/pt-pt\/shop\/pedra-natural\/azulejos\/calacatta-vagli\/\" \/>\n<meta property=\"og:locale\" content=\"pt_PT\" \/>\n<meta property=\"og:type\" content=\"article\" \/>\n<meta property=\"og:title\" content=\"Calacatta Vagli - M\u00e1rmore Azulejos envio gr\u00e1tis - Colour of Stone\" \/>\n<meta property=\"og:description\" content=\"Calacatta Vagli \u00e9 um m\u00e1rmore branco com belas veias. Esta pedra muito exclusiva \u00e9 um elemento excepcional em acess\u00f3rios de interior de luxo. Calacatta ...\" \/>\n<meta property=\"og:url\" content=\"https:\/\/colourofstone.com\/pt-pt\/shop\/pedra-natural\/azulejos\/calacatta-vagli\/\" \/>\n<meta property=\"og:site_name\" content=\"Colour of Stone\" \/>\n<meta property=\"article:modified_time\" content=\"2023-02-10T20:24:49+00:00\" \/>\n<meta property=\"og:image\" content=\"https:\/\/colourofstone.com\/wp-content\/uploads\/Calacatta-Vagli-901_1.jpg\" \/>\n\t<meta property=\"og:image:width\" content=\"1600\" \/>\n\t<meta property=\"og:image:height\" content=\"1600\" \/>\n\t<meta property=\"og:image:type\" content=\"image\/jpeg\" \/>\n<meta name=\"twitter:card\" content=\"summary_large_image\" \/>\n<meta name=\"twitter:label1\" content=\"Tempo estimado de leitura\" \/>\n\t<meta name=\"twitter:data1\" content=\"1 minuto\" \/>\n<script type=\"application\/ld+json\" class=\"yoast-schema-graph\">{\"@context\":\"https:\\\/\\\/schema.org\",\"@graph\":[{\"@type\":\"WebPage\",\"@id\":\"https:\\\/\\\/colourofstone.com\\\/pt-pt\\\/shop\\\/pedra-natural\\\/azulejos\\\/calacatta-vagli\\\/\",\"url\":\"https:\\\/\\\/colourofstone.com\\\/pt-pt\\\/shop\\\/pedra-natural\\\/azulejos\\\/calacatta-vagli\\\/\",\"name\":\"Calacatta Vagli - M\u00e1rmore Azulejos envio gr\u00e1tis - Colour of Stone\",\"isPartOf\":{\"@id\":\"https:\\\/\\\/colourofstone.com\\\/pt-pt\\\/#website\"},\"primaryImageOfPage\":{\"@id\":\"https:\\\/\\\/colourofstone.com\\\/pt-pt\\\/shop\\\/pedra-natural\\\/azulejos\\\/calacatta-vagli\\\/#primaryimage\"},\"image\":{\"@id\":\"https:\\\/\\\/colourofstone.com\\\/pt-pt\\\/shop\\\/pedra-natural\\\/azulejos\\\/calacatta-vagli\\\/#primaryimage\"},\"thumbnailUrl\":\"https:\\\/\\\/colourofstone.com\\\/wp-content\\\/uploads\\\/Calacatta-Vagli-901_1.jpg\",\"datePublished\":\"2020-07-07T19:00:56+00:00\",\"dateModified\":\"2023-02-10T20:24:49+00:00\",\"description\":\"Calacatta Vagli \u00e9 um m\u00e1rmore branco com belas veias. Esta pedra muito exclusiva \u00e9 um elemento excepcional em acess\u00f3rios de interior de luxo. Calacatta ...\",\"breadcrumb\":{\"@id\":\"https:\\\/\\\/colourofstone.com\\\/pt-pt\\\/shop\\\/pedra-natural\\\/azulejos\\\/calacatta-vagli\\\/#breadcrumb\"},\"inLanguage\":\"pt-PT\",\"potentialAction\":[{\"@type\":\"ReadAction\",\"target\":[\"https:\\\/\\\/colourofstone.com\\\/pt-pt\\\/shop\\\/pedra-natural\\\/azulejos\\\/calacatta-vagli\\\/\"]}]},{\"@type\":\"ImageObject\",\"inLanguage\":\"pt-PT\",\"@id\":\"https:\\\/\\\/colourofstone.com\\\/pt-pt\\\/shop\\\/pedra-natural\\\/azulejos\\\/calacatta-vagli\\\/#primaryimage\",\"url\":\"https:\\\/\\\/colourofstone.com\\\/wp-content\\\/uploads\\\/Calacatta-Vagli-901_1.jpg\",\"contentUrl\":\"https:\\\/\\\/colourofstone.com\\\/wp-content\\\/uploads\\\/Calacatta-Vagli-901_1.jpg\",\"width\":1600,\"height\":1600,\"caption\":\"Calacatta Vagli\"},{\"@type\":\"BreadcrumbList\",\"@id\":\"https:\\\/\\\/colourofstone.com\\\/pt-pt\\\/shop\\\/pedra-natural\\\/azulejos\\\/calacatta-vagli\\\/#breadcrumb\",\"itemListElement\":[{\"@type\":\"ListItem\",\"position\":1,\"name\":\"Home\",\"item\":\"https:\\\/\\\/colourofstone.com\\\/pt-pt\\\/\"},{\"@type\":\"ListItem\",\"position\":2,\"name\":\"Shop\",\"item\":\"https:\\\/\\\/colourofstone.com\\\/pt-pt\\\/shop\\\/\"},{\"@type\":\"ListItem\",\"position\":3,\"name\":\"M\u00e1rmore\",\"item\":\"https:\\\/\\\/colourofstone.com\\\/pt-pt\\\/material\\\/marmore\\\/\"},{\"@type\":\"ListItem\",\"position\":4,\"name\":\"Calacatta Vagli\"}]},{\"@type\":\"WebSite\",\"@id\":\"https:\\\/\\\/colourofstone.com\\\/pt-pt\\\/#website\",\"url\":\"https:\\\/\\\/colourofstone.com\\\/pt-pt\\\/\",\"name\":\"Colour of Stone\",\"description\":\"Fliesen, Haus und Garten Produkte aus Naturstein - Online Shop\",\"publisher\":{\"@id\":\"https:\\\/\\\/colourofstone.com\\\/pt-pt\\\/#organization\"},\"potentialAction\":[{\"@type\":\"SearchAction\",\"target\":{\"@type\":\"EntryPoint\",\"urlTemplate\":\"https:\\\/\\\/colourofstone.com\\\/pt-pt\\\/?s={search_term_string}\"},\"query-input\":{\"@type\":\"PropertyValueSpecification\",\"valueRequired\":true,\"valueName\":\"search_term_string\"}}],\"inLanguage\":\"pt-PT\"},{\"@type\":\"Organization\",\"@id\":\"https:\\\/\\\/colourofstone.com\\\/pt-pt\\\/#organization\",\"name\":\"Colour of Stone GmbH\",\"url\":\"https:\\\/\\\/colourofstone.com\\\/pt-pt\\\/\",\"logo\":{\"@type\":\"ImageObject\",\"inLanguage\":\"pt-PT\",\"@id\":\"https:\\\/\\\/colourofstone.com\\\/pt-pt\\\/#\\\/schema\\\/logo\\\/image\\\/\",\"url\":\"https:\\\/\\\/colourofstone.com\\\/wp-content\\\/uploads\\\/99FC1526-DF3B-44F1-9816-9278D3194252-scaled.jpeg\",\"contentUrl\":\"https:\\\/\\\/colourofstone.com\\\/wp-content\\\/uploads\\\/99FC1526-DF3B-44F1-9816-9278D3194252-scaled.jpeg\",\"width\":2125,\"height\":2560,\"caption\":\"Colour of Stone GmbH\"},\"image\":{\"@id\":\"https:\\\/\\\/colourofstone.com\\\/pt-pt\\\/#\\\/schema\\\/logo\\\/image\\\/\"},\"sameAs\":[\"https:\\\/\\\/www.instagram.com\\\/colourofstone\\\/\"]}]}<\/script>\n<!-- \/ Yoast SEO plugin. -->","yoast_head_json":{"title":"Calacatta Vagli - M\u00e1rmore Azulejos envio gr\u00e1tis - Colour of Stone","description":"Calacatta Vagli \u00e9 um m\u00e1rmore branco com belas veias. Esta pedra muito exclusiva \u00e9 um elemento excepcional em acess\u00f3rios de interior de luxo. Calacatta ...","robots":{"index":"index","follow":"follow","max-snippet":"max-snippet:-1","max-image-preview":"max-image-preview:large","max-video-preview":"max-video-preview:-1"},"canonical":"https:\/\/colourofstone.com\/pt-pt\/shop\/pedra-natural\/azulejos\/calacatta-vagli\/","og_locale":"pt_PT","og_type":"article","og_title":"Calacatta Vagli - M\u00e1rmore Azulejos envio gr\u00e1tis - Colour of Stone","og_description":"Calacatta Vagli \u00e9 um m\u00e1rmore branco com belas veias. Esta pedra muito exclusiva \u00e9 um elemento excepcional em acess\u00f3rios de interior de luxo. Calacatta ...","og_url":"https:\/\/colourofstone.com\/pt-pt\/shop\/pedra-natural\/azulejos\/calacatta-vagli\/","og_site_name":"Colour of Stone","article_modified_time":"2023-02-10T20:24:49+00:00","og_image":[{"width":1600,"height":1600,"url":"https:\/\/colourofstone.com\/wp-content\/uploads\/Calacatta-Vagli-901_1.jpg","type":"image\/jpeg"}],"twitter_card":"summary_large_image","twitter_misc":{"Tempo estimado de leitura":"1 minuto"},"schema":{"@context":"https:\/\/schema.org","@graph":[{"@type":"WebPage","@id":"https:\/\/colourofstone.com\/pt-pt\/shop\/pedra-natural\/azulejos\/calacatta-vagli\/","url":"https:\/\/colourofstone.com\/pt-pt\/shop\/pedra-natural\/azulejos\/calacatta-vagli\/","name":"Calacatta Vagli - M\u00e1rmore Azulejos envio gr\u00e1tis - Colour of Stone","isPartOf":{"@id":"https:\/\/colourofstone.com\/pt-pt\/#website"},"primaryImageOfPage":{"@id":"https:\/\/colourofstone.com\/pt-pt\/shop\/pedra-natural\/azulejos\/calacatta-vagli\/#primaryimage"},"image":{"@id":"https:\/\/colourofstone.com\/pt-pt\/shop\/pedra-natural\/azulejos\/calacatta-vagli\/#primaryimage"},"thumbnailUrl":"https:\/\/colourofstone.com\/wp-content\/uploads\/Calacatta-Vagli-901_1.jpg","datePublished":"2020-07-07T19:00:56+00:00","dateModified":"2023-02-10T20:24:49+00:00","description":"Calacatta Vagli \u00e9 um m\u00e1rmore branco com belas veias. Esta pedra muito exclusiva \u00e9 um elemento excepcional em acess\u00f3rios de interior de luxo. Calacatta ...","breadcrumb":{"@id":"https:\/\/colourofstone.com\/pt-pt\/shop\/pedra-natural\/azulejos\/calacatta-vagli\/#breadcrumb"},"inLanguage":"pt-PT","potentialAction":[{"@type":"ReadAction","target":["https:\/\/colourofstone.com\/pt-pt\/shop\/pedra-natural\/azulejos\/calacatta-vagli\/"]}]},{"@type":"ImageObject","inLanguage":"pt-PT","@id":"https:\/\/colourofstone.com\/pt-pt\/shop\/pedra-natural\/azulejos\/calacatta-vagli\/#primaryimage","url":"https:\/\/colourofstone.com\/wp-content\/uploads\/Calacatta-Vagli-901_1.jpg","contentUrl":"https:\/\/colourofstone.com\/wp-content\/uploads\/Calacatta-Vagli-901_1.jpg","width":1600,"height":1600,"caption":"Calacatta Vagli"},{"@type":"BreadcrumbList","@id":"https:\/\/colourofstone.com\/pt-pt\/shop\/pedra-natural\/azulejos\/calacatta-vagli\/#breadcrumb","itemListElement":[{"@type":"ListItem","position":1,"name":"Home","item":"https:\/\/colourofstone.com\/pt-pt\/"},{"@type":"ListItem","position":2,"name":"Shop","item":"https:\/\/colourofstone.com\/pt-pt\/shop\/"},{"@type":"ListItem","position":3,"name":"M\u00e1rmore","item":"https:\/\/colourofstone.com\/pt-pt\/material\/marmore\/"},{"@type":"ListItem","position":4,"name":"Calacatta Vagli"}]},{"@type":"WebSite","@id":"https:\/\/colourofstone.com\/pt-pt\/#website","url":"https:\/\/colourofstone.com\/pt-pt\/","name":"Colour of Stone","description":"Fliesen, Haus und Garten Produkte aus Naturstein - Online Shop","publisher":{"@id":"https:\/\/colourofstone.com\/pt-pt\/#organization"},"potentialAction":[{"@type":"SearchAction","target":{"@type":"EntryPoint","urlTemplate":"https:\/\/colourofstone.com\/pt-pt\/?s={search_term_string}"},"query-input":{"@type":"PropertyValueSpecification","valueRequired":true,"valueName":"search_term_string"}}],"inLanguage":"pt-PT"},{"@type":"Organization","@id":"https:\/\/colourofstone.com\/pt-pt\/#organization","name":"Colour of Stone GmbH","url":"https:\/\/colourofstone.com\/pt-pt\/","logo":{"@type":"ImageObject","inLanguage":"pt-PT","@id":"https:\/\/colourofstone.com\/pt-pt\/#\/schema\/logo\/image\/","url":"https:\/\/colourofstone.com\/wp-content\/uploads\/99FC1526-DF3B-44F1-9816-9278D3194252-scaled.jpeg","contentUrl":"https:\/\/colourofstone.com\/wp-content\/uploads\/99FC1526-DF3B-44F1-9816-9278D3194252-scaled.jpeg","width":2125,"height":2560,"caption":"Colour of Stone GmbH"},"image":{"@id":"https:\/\/colourofstone.com\/pt-pt\/#\/schema\/logo\/image\/"},"sameAs":["https:\/\/www.instagram.com\/colourofstone\/"]}]}},"_links":{"self":[{"href":"https:\/\/colourofstone.com\/pt-pt\/wp-json\/wp\/v2\/product\/13872","targetHints":{"allow":["GET"]}}],"collection":[{"href":"https:\/\/colourofstone.com\/pt-pt\/wp-json\/wp\/v2\/product"}],"about":[{"href":"https:\/\/colourofstone.com\/pt-pt\/wp-json\/wp\/v2\/types\/product"}],"wp:featuredmedia":[{"embeddable":true,"href":"https:\/\/colourofstone.com\/pt-pt\/wp-json\/wp\/v2\/media\/27777"}],"wp:attachment":[{"href":"https:\/\/colourofstone.com\/pt-pt\/wp-json\/wp\/v2\/media?parent=13872"}],"wp:term":[{"taxonomy":"product_brand","embeddable":true,"href":"https:\/\/colourofstone.com\/pt-pt\/wp-json\/wp\/v2\/product_brand?post=13872"},{"taxonomy":"product_cat","embeddable":true,"href":"https:\/\/colourofstone.com\/pt-pt\/wp-json\/wp\/v2\/product_cat?post=13872"},{"taxonomy":"product_tag","embeddable":true,"href":"https:\/\/colourofstone.com\/pt-pt\/wp-json\/wp\/v2\/product_tag?post=13872"}],"curies":[{"name":"wp","href":"https:\/\/api.w.org\/{rel}","templated":true}]}}