{"id":36321,"date":"2021-10-26T21:40:03","date_gmt":"2021-10-26T21:40:03","guid":{"rendered":"https:\/\/colourofstone.com\/shop\/sem%20categoria\/nero-assoluto-zimbabwe\/"},"modified":"2023-02-10T20:17:36","modified_gmt":"2023-02-10T20:17:36","slug":"nero-assoluto-zimbabwe","status":"publish","type":"product","link":"https:\/\/colourofstone.com\/pt-pt\/shop\/pedra-natural\/azulejos\/nero-assoluto-zimbabwe\/","title":{"rendered":"Nero Assoluto Zimbabwe"},"content":{"rendered":"<p>Nero Assoluto Zimbabwe \u00e9 o granito cl\u00e1ssico e moderno (gabbro). Cada quarto torna-se uma experi\u00eancia com este azulejo preto. Com Nero Assoluto Zimbabwe, cada designer ou arquitecto tem uma grande variedade de op\u00e7\u00f5es de design. A sua cor preta uniforme faz dela uma estrela em qualquer interior. A oeste da capital Harare situa-se a prov\u00edncia de Mashonaland East. Existem numerosas pedreiras perto da cidade de Mutoko.<\/p>\n<p>&nbsp;<\/p>\n<p>Esta pedra natural \u00e9 resistente \u00e0 geada e resistente aos \u00e1cidos. \u00c9 perfeitamente adequado para interiores e exteriores.<\/p>\n\n        <script>\n        function toggleInchInfo(el) {\n            const infoBox = el.nextElementSibling;\n            if (infoBox.style.display === \"none\") {\n                infoBox.style.display = \"inline\";\n            } else {\n                infoBox.style.display = \"none\";\n            }\n        }\n        <\/script>\n        <style>\n            .cm-info {\n                cursor: pointer;\n                color: #0073aa;\n                font-weight: bold;\n                margin-left: 4px;\n            }\n            .inch-info {\n                display: none;\n                background: #f8f8f8;\n                border: 1px solid #ccc;\n                padding: 4px 8px;\n                margin-left: 5px;\n                font-size: 0.9em;\n                border-radius: 4px;\n            }\n        <\/style>","protected":false},"excerpt":{"rendered":"<p>Nero Assoluto Zimbabwe \u00e9 o granito cl\u00e1ssico e moderno (gabbro). Cada quarto torna-se uma experi\u00eancia com este azulejo preto. Com Nero Assoluto Zimbabwe, cada designer ou arquitecto tem uma grande variedade de op\u00e7\u00f5es de design. A sua cor preta uniforme faz dela uma estrela em qualquer interior. A oeste da capital Harare situa-se a prov\u00edncia <a href=\"https:\/\/colourofstone.com\/pt-pt\/shop\/pedra-natural\/azulejos\/nero-assoluto-zimbabwe\/\" class=\"more-link\">&#8230;<\/a><\/p>\n","protected":false},"featured_media":45666,"template":"","meta":[],"product_brand":[],"product_cat":[528],"product_tag":[],"class_list":{"0":"post-36321","1":"product","2":"type-product","3":"status-publish","4":"has-post-thumbnail","6":"product_cat-azulejos","7":"pa_farbe-negro","8":"pa_farbe-escuro","9":"pa_masseinheit-305-x-305-cm","10":"pa_masseinheit-61-x-305-cm","11":"pa_masseinheit-40-x-40-cm","12":"pa_masseinheit-60-x-40-cm","13":"pa_material-granito","14":"pa_oberflaeche-polido","15":"pa_oberflaeche-lixado","16":"pa_oberflaeche-escovado","17":"pa_oberflaeche-patinado","19":"first","20":"instock","21":"taxable","22":"shipping-taxable","23":"purchasable","24":"product-type-variable","25":"has-default-attributes"},"yoast_head":"<!-- This site is optimized with the Yoast SEO plugin v27.3 - https:\/\/yoast.com\/product\/yoast-seo-wordpress\/ -->\n<title>Nero Assoluto Zimbabwe - Gabbro, Granito Azulejos envio gr\u00e1tis - Colour of Stone<\/title>\n<meta name=\"description\" content=\"Nero Assoluto Zimbabwe \u00e9 o granito cl\u00e1ssico e moderno (gabbro). Cada quarto torna-se uma experi\u00eancia com este azulejo preto. Com Nero Assoluto Zimbabwe, ...\" \/>\n<meta name=\"robots\" content=\"index, follow, max-snippet:-1, max-image-preview:large, max-video-preview:-1\" \/>\n<link rel=\"canonical\" href=\"https:\/\/colourofstone.com\/pt-pt\/shop\/pedra-natural\/azulejos\/nero-assoluto-zimbabwe\/\" \/>\n<meta property=\"og:locale\" content=\"pt_PT\" \/>\n<meta property=\"og:type\" content=\"article\" \/>\n<meta property=\"og:title\" content=\"Nero Assoluto Zimbabwe - Gabbro, Granito Azulejos envio gr\u00e1tis - Colour of Stone\" \/>\n<meta property=\"og:description\" content=\"Nero Assoluto Zimbabwe \u00e9 o granito cl\u00e1ssico e moderno (gabbro). Cada quarto torna-se uma experi\u00eancia com este azulejo preto. Com Nero Assoluto Zimbabwe, ...\" \/>\n<meta property=\"og:url\" content=\"https:\/\/colourofstone.com\/pt-pt\/shop\/pedra-natural\/azulejos\/nero-assoluto-zimbabwe\/\" \/>\n<meta property=\"og:site_name\" content=\"Colour of Stone\" \/>\n<meta property=\"article:modified_time\" content=\"2023-02-10T20:17:36+00:00\" \/>\n<meta property=\"og:image\" content=\"https:\/\/colourofstone.com\/wp-content\/uploads\/NeroAssolutoZimbabwe-1600.jpg\" \/>\n\t<meta property=\"og:image:width\" content=\"1600\" \/>\n\t<meta property=\"og:image:height\" content=\"1600\" \/>\n\t<meta property=\"og:image:type\" content=\"image\/jpeg\" \/>\n<meta name=\"twitter:card\" content=\"summary_large_image\" \/>\n<script type=\"application\/ld+json\" class=\"yoast-schema-graph\">{\"@context\":\"https:\\\/\\\/schema.org\",\"@graph\":[{\"@type\":\"WebPage\",\"@id\":\"https:\\\/\\\/colourofstone.com\\\/pt-pt\\\/shop\\\/pedra-natural\\\/azulejos\\\/nero-assoluto-zimbabwe\\\/\",\"url\":\"https:\\\/\\\/colourofstone.com\\\/pt-pt\\\/shop\\\/pedra-natural\\\/azulejos\\\/nero-assoluto-zimbabwe\\\/\",\"name\":\"Nero Assoluto Zimbabwe - Gabbro, Granito Azulejos envio gr\u00e1tis - Colour of Stone\",\"isPartOf\":{\"@id\":\"https:\\\/\\\/colourofstone.com\\\/pt-pt\\\/#website\"},\"primaryImageOfPage\":{\"@id\":\"https:\\\/\\\/colourofstone.com\\\/pt-pt\\\/shop\\\/pedra-natural\\\/azulejos\\\/nero-assoluto-zimbabwe\\\/#primaryimage\"},\"image\":{\"@id\":\"https:\\\/\\\/colourofstone.com\\\/pt-pt\\\/shop\\\/pedra-natural\\\/azulejos\\\/nero-assoluto-zimbabwe\\\/#primaryimage\"},\"thumbnailUrl\":\"https:\\\/\\\/colourofstone.com\\\/wp-content\\\/uploads\\\/NeroAssolutoZimbabwe-1600.jpg\",\"datePublished\":\"2021-10-26T21:40:03+00:00\",\"dateModified\":\"2023-02-10T20:17:36+00:00\",\"description\":\"Nero Assoluto Zimbabwe \u00e9 o granito cl\u00e1ssico e moderno (gabbro). Cada quarto torna-se uma experi\u00eancia com este azulejo preto. Com Nero Assoluto Zimbabwe, ...\",\"breadcrumb\":{\"@id\":\"https:\\\/\\\/colourofstone.com\\\/pt-pt\\\/shop\\\/pedra-natural\\\/azulejos\\\/nero-assoluto-zimbabwe\\\/#breadcrumb\"},\"inLanguage\":\"pt-PT\",\"potentialAction\":[{\"@type\":\"ReadAction\",\"target\":[\"https:\\\/\\\/colourofstone.com\\\/pt-pt\\\/shop\\\/pedra-natural\\\/azulejos\\\/nero-assoluto-zimbabwe\\\/\"]}]},{\"@type\":\"ImageObject\",\"inLanguage\":\"pt-PT\",\"@id\":\"https:\\\/\\\/colourofstone.com\\\/pt-pt\\\/shop\\\/pedra-natural\\\/azulejos\\\/nero-assoluto-zimbabwe\\\/#primaryimage\",\"url\":\"https:\\\/\\\/colourofstone.com\\\/wp-content\\\/uploads\\\/NeroAssolutoZimbabwe-1600.jpg\",\"contentUrl\":\"https:\\\/\\\/colourofstone.com\\\/wp-content\\\/uploads\\\/NeroAssolutoZimbabwe-1600.jpg\",\"width\":1600,\"height\":1600,\"caption\":\"Nero Assoluto Zimbabwe\"},{\"@type\":\"BreadcrumbList\",\"@id\":\"https:\\\/\\\/colourofstone.com\\\/pt-pt\\\/shop\\\/pedra-natural\\\/azulejos\\\/nero-assoluto-zimbabwe\\\/#breadcrumb\",\"itemListElement\":[{\"@type\":\"ListItem\",\"position\":1,\"name\":\"Home\",\"item\":\"https:\\\/\\\/colourofstone.com\\\/pt-pt\\\/\"},{\"@type\":\"ListItem\",\"position\":2,\"name\":\"Shop\",\"item\":\"https:\\\/\\\/colourofstone.com\\\/pt-pt\\\/shop\\\/\"},{\"@type\":\"ListItem\",\"position\":3,\"name\":\"Granito\",\"item\":\"https:\\\/\\\/colourofstone.com\\\/pt-pt\\\/material\\\/granito\\\/\"},{\"@type\":\"ListItem\",\"position\":4,\"name\":\"Nero Assoluto Zimbabwe\"}]},{\"@type\":\"WebSite\",\"@id\":\"https:\\\/\\\/colourofstone.com\\\/pt-pt\\\/#website\",\"url\":\"https:\\\/\\\/colourofstone.com\\\/pt-pt\\\/\",\"name\":\"Colour of Stone\",\"description\":\"Fliesen, Haus und Garten Produkte aus Naturstein - Online Shop\",\"publisher\":{\"@id\":\"https:\\\/\\\/colourofstone.com\\\/pt-pt\\\/#organization\"},\"potentialAction\":[{\"@type\":\"SearchAction\",\"target\":{\"@type\":\"EntryPoint\",\"urlTemplate\":\"https:\\\/\\\/colourofstone.com\\\/pt-pt\\\/?s={search_term_string}\"},\"query-input\":{\"@type\":\"PropertyValueSpecification\",\"valueRequired\":true,\"valueName\":\"search_term_string\"}}],\"inLanguage\":\"pt-PT\"},{\"@type\":\"Organization\",\"@id\":\"https:\\\/\\\/colourofstone.com\\\/pt-pt\\\/#organization\",\"name\":\"Colour of Stone GmbH\",\"url\":\"https:\\\/\\\/colourofstone.com\\\/pt-pt\\\/\",\"logo\":{\"@type\":\"ImageObject\",\"inLanguage\":\"pt-PT\",\"@id\":\"https:\\\/\\\/colourofstone.com\\\/pt-pt\\\/#\\\/schema\\\/logo\\\/image\\\/\",\"url\":\"https:\\\/\\\/colourofstone.com\\\/wp-content\\\/uploads\\\/99FC1526-DF3B-44F1-9816-9278D3194252-scaled.jpeg\",\"contentUrl\":\"https:\\\/\\\/colourofstone.com\\\/wp-content\\\/uploads\\\/99FC1526-DF3B-44F1-9816-9278D3194252-scaled.jpeg\",\"width\":2125,\"height\":2560,\"caption\":\"Colour of Stone GmbH\"},\"image\":{\"@id\":\"https:\\\/\\\/colourofstone.com\\\/pt-pt\\\/#\\\/schema\\\/logo\\\/image\\\/\"},\"sameAs\":[\"https:\\\/\\\/www.instagram.com\\\/colourofstone\\\/\"]}]}<\/script>\n<!-- \/ Yoast SEO plugin. -->","yoast_head_json":{"title":"Nero Assoluto Zimbabwe - Gabbro, Granito Azulejos envio gr\u00e1tis - Colour of Stone","description":"Nero Assoluto Zimbabwe \u00e9 o granito cl\u00e1ssico e moderno (gabbro). Cada quarto torna-se uma experi\u00eancia com este azulejo preto. Com Nero Assoluto Zimbabwe, ...","robots":{"index":"index","follow":"follow","max-snippet":"max-snippet:-1","max-image-preview":"max-image-preview:large","max-video-preview":"max-video-preview:-1"},"canonical":"https:\/\/colourofstone.com\/pt-pt\/shop\/pedra-natural\/azulejos\/nero-assoluto-zimbabwe\/","og_locale":"pt_PT","og_type":"article","og_title":"Nero Assoluto Zimbabwe - Gabbro, Granito Azulejos envio gr\u00e1tis - Colour of Stone","og_description":"Nero Assoluto Zimbabwe \u00e9 o granito cl\u00e1ssico e moderno (gabbro). Cada quarto torna-se uma experi\u00eancia com este azulejo preto. Com Nero Assoluto Zimbabwe, ...","og_url":"https:\/\/colourofstone.com\/pt-pt\/shop\/pedra-natural\/azulejos\/nero-assoluto-zimbabwe\/","og_site_name":"Colour of Stone","article_modified_time":"2023-02-10T20:17:36+00:00","og_image":[{"width":1600,"height":1600,"url":"https:\/\/colourofstone.com\/wp-content\/uploads\/NeroAssolutoZimbabwe-1600.jpg","type":"image\/jpeg"}],"twitter_card":"summary_large_image","schema":{"@context":"https:\/\/schema.org","@graph":[{"@type":"WebPage","@id":"https:\/\/colourofstone.com\/pt-pt\/shop\/pedra-natural\/azulejos\/nero-assoluto-zimbabwe\/","url":"https:\/\/colourofstone.com\/pt-pt\/shop\/pedra-natural\/azulejos\/nero-assoluto-zimbabwe\/","name":"Nero Assoluto Zimbabwe - Gabbro, Granito Azulejos envio gr\u00e1tis - Colour of Stone","isPartOf":{"@id":"https:\/\/colourofstone.com\/pt-pt\/#website"},"primaryImageOfPage":{"@id":"https:\/\/colourofstone.com\/pt-pt\/shop\/pedra-natural\/azulejos\/nero-assoluto-zimbabwe\/#primaryimage"},"image":{"@id":"https:\/\/colourofstone.com\/pt-pt\/shop\/pedra-natural\/azulejos\/nero-assoluto-zimbabwe\/#primaryimage"},"thumbnailUrl":"https:\/\/colourofstone.com\/wp-content\/uploads\/NeroAssolutoZimbabwe-1600.jpg","datePublished":"2021-10-26T21:40:03+00:00","dateModified":"2023-02-10T20:17:36+00:00","description":"Nero Assoluto Zimbabwe \u00e9 o granito cl\u00e1ssico e moderno (gabbro). Cada quarto torna-se uma experi\u00eancia com este azulejo preto. Com Nero Assoluto Zimbabwe, ...","breadcrumb":{"@id":"https:\/\/colourofstone.com\/pt-pt\/shop\/pedra-natural\/azulejos\/nero-assoluto-zimbabwe\/#breadcrumb"},"inLanguage":"pt-PT","potentialAction":[{"@type":"ReadAction","target":["https:\/\/colourofstone.com\/pt-pt\/shop\/pedra-natural\/azulejos\/nero-assoluto-zimbabwe\/"]}]},{"@type":"ImageObject","inLanguage":"pt-PT","@id":"https:\/\/colourofstone.com\/pt-pt\/shop\/pedra-natural\/azulejos\/nero-assoluto-zimbabwe\/#primaryimage","url":"https:\/\/colourofstone.com\/wp-content\/uploads\/NeroAssolutoZimbabwe-1600.jpg","contentUrl":"https:\/\/colourofstone.com\/wp-content\/uploads\/NeroAssolutoZimbabwe-1600.jpg","width":1600,"height":1600,"caption":"Nero Assoluto Zimbabwe"},{"@type":"BreadcrumbList","@id":"https:\/\/colourofstone.com\/pt-pt\/shop\/pedra-natural\/azulejos\/nero-assoluto-zimbabwe\/#breadcrumb","itemListElement":[{"@type":"ListItem","position":1,"name":"Home","item":"https:\/\/colourofstone.com\/pt-pt\/"},{"@type":"ListItem","position":2,"name":"Shop","item":"https:\/\/colourofstone.com\/pt-pt\/shop\/"},{"@type":"ListItem","position":3,"name":"Granito","item":"https:\/\/colourofstone.com\/pt-pt\/material\/granito\/"},{"@type":"ListItem","position":4,"name":"Nero Assoluto Zimbabwe"}]},{"@type":"WebSite","@id":"https:\/\/colourofstone.com\/pt-pt\/#website","url":"https:\/\/colourofstone.com\/pt-pt\/","name":"Colour of Stone","description":"Fliesen, Haus und Garten Produkte aus Naturstein - Online Shop","publisher":{"@id":"https:\/\/colourofstone.com\/pt-pt\/#organization"},"potentialAction":[{"@type":"SearchAction","target":{"@type":"EntryPoint","urlTemplate":"https:\/\/colourofstone.com\/pt-pt\/?s={search_term_string}"},"query-input":{"@type":"PropertyValueSpecification","valueRequired":true,"valueName":"search_term_string"}}],"inLanguage":"pt-PT"},{"@type":"Organization","@id":"https:\/\/colourofstone.com\/pt-pt\/#organization","name":"Colour of Stone GmbH","url":"https:\/\/colourofstone.com\/pt-pt\/","logo":{"@type":"ImageObject","inLanguage":"pt-PT","@id":"https:\/\/colourofstone.com\/pt-pt\/#\/schema\/logo\/image\/","url":"https:\/\/colourofstone.com\/wp-content\/uploads\/99FC1526-DF3B-44F1-9816-9278D3194252-scaled.jpeg","contentUrl":"https:\/\/colourofstone.com\/wp-content\/uploads\/99FC1526-DF3B-44F1-9816-9278D3194252-scaled.jpeg","width":2125,"height":2560,"caption":"Colour of Stone GmbH"},"image":{"@id":"https:\/\/colourofstone.com\/pt-pt\/#\/schema\/logo\/image\/"},"sameAs":["https:\/\/www.instagram.com\/colourofstone\/"]}]}},"_links":{"self":[{"href":"https:\/\/colourofstone.com\/pt-pt\/wp-json\/wp\/v2\/product\/36321","targetHints":{"allow":["GET"]}}],"collection":[{"href":"https:\/\/colourofstone.com\/pt-pt\/wp-json\/wp\/v2\/product"}],"about":[{"href":"https:\/\/colourofstone.com\/pt-pt\/wp-json\/wp\/v2\/types\/product"}],"wp:featuredmedia":[{"embeddable":true,"href":"https:\/\/colourofstone.com\/pt-pt\/wp-json\/wp\/v2\/media\/45666"}],"wp:attachment":[{"href":"https:\/\/colourofstone.com\/pt-pt\/wp-json\/wp\/v2\/media?parent=36321"}],"wp:term":[{"taxonomy":"product_brand","embeddable":true,"href":"https:\/\/colourofstone.com\/pt-pt\/wp-json\/wp\/v2\/product_brand?post=36321"},{"taxonomy":"product_cat","embeddable":true,"href":"https:\/\/colourofstone.com\/pt-pt\/wp-json\/wp\/v2\/product_cat?post=36321"},{"taxonomy":"product_tag","embeddable":true,"href":"https:\/\/colourofstone.com\/pt-pt\/wp-json\/wp\/v2\/product_tag?post=36321"}],"curies":[{"name":"wp","href":"https:\/\/api.w.org\/{rel}","templated":true}]}}