{"id":50550,"date":"2022-11-03T10:52:44","date_gmt":"2022-11-03T10:53:43","guid":{"rendered":"https:\/\/colourofstone.com\/?post_type=product&#038;p=50550"},"modified":"2023-02-11T12:30:45","modified_gmt":"2023-02-11T12:30:45","slug":"travertino-romano-classico-poros-preenchidos","status":"publish","type":"product","link":"https:\/\/colourofstone.com\/pt-pt\/shop\/pedra-natural\/pavimento-pt-pt\/travertino-romano-classico-poros-preenchidos\/","title":{"rendered":"Travertino Romano Classico (poros preenchidos)"},"content":{"rendered":"<p>Travertino Romano Classico \u00e9 um travertino bege. Devido \u00e0 sua estrutura estriada homog\u00eanea com poros preenchidos, Travertino Romano Classico \u00e9 envolto por uma aura m\u00edstica. \u00c9 uma pedra natural minimalista discreta para um estilo de vida moderno. Em algumas situa\u00e7\u00f5es, tamb\u00e9m est\u00e1 dispon\u00edvel com uma estrutura turva. Esta pedra natural \u00e9 extra\u00edda nas pedreiras de Tivoli perto de Roma. Infelizmente, travertino de outros pa\u00edses \u00e9 freq\u00fcentemente vendido incorretamente como o original.<\/p>\n<p>&nbsp;<\/p>\n<p>Travertino \u00e9 sempre entregue recheado. Perguntas sobre travertino de poros abertos podem ser enviadas por e-mail.<\/p>\n<p>&nbsp;<\/p>\n<p>Esta pedra natural n\u00e3o \u00e9 resistente \u00e0 geada e aos \u00e1cidos. \u00c9 perfeitamente adequado para ambientes internos. Com a devida sensibilidade e conhecimento, esta pedra natural tamb\u00e9m pode ser utilizada em outras \u00e1reas.<\/p>\n\n        <script>\n        function toggleInchInfo(el) {\n            const infoBox = el.nextElementSibling;\n            if (infoBox.style.display === \"none\") {\n                infoBox.style.display = \"inline\";\n            } else {\n                infoBox.style.display = \"none\";\n            }\n        }\n        <\/script>\n        <style>\n            .cm-info {\n                cursor: pointer;\n                color: #0073aa;\n                font-weight: bold;\n                margin-left: 4px;\n            }\n            .inch-info {\n                display: none;\n                background: #f8f8f8;\n                border: 1px solid #ccc;\n                padding: 4px 8px;\n                margin-left: 5px;\n                font-size: 0.9em;\n                border-radius: 4px;\n            }\n        <\/style>","protected":false},"excerpt":{"rendered":"<p>Travertino Romano Classico \u00e9 um travertino bege. Devido \u00e0 sua estrutura estriada homog\u00eanea com poros preenchidos, Travertino Romano Classico \u00e9 envolto por uma aura m\u00edstica. \u00c9 uma pedra natural minimalista discreta para um estilo de vida moderno. Em algumas situa\u00e7\u00f5es, tamb\u00e9m est\u00e1 dispon\u00edvel com uma estrutura turva. Esta pedra natural \u00e9 extra\u00edda nas pedreiras de <a href=\"https:\/\/colourofstone.com\/pt-pt\/shop\/pedra-natural\/pavimento-pt-pt\/travertino-romano-classico-poros-preenchidos\/\" class=\"more-link\">&#8230;<\/a><\/p>\n","protected":false},"featured_media":29002,"template":"","meta":[],"product_brand":[],"product_cat":[2348],"product_tag":[],"class_list":{"0":"post-50550","1":"product","2":"type-product","3":"status-publish","4":"has-post-thumbnail","6":"product_cat-pavimento-pt-pt","7":"product_shipping_class-prazo-de-entrega-ca-3-semanas","8":"pa_farbe-bege","9":"pa_farbe-claro","10":"pa_masseinheit-30-x-30-cm","11":"pa_masseinheit-60-x-30-cm","12":"pa_masseinheit-40-x-40-cm","13":"pa_masseinheit-60-x-40-cm","14":"pa_masseinheit-60-x-60-cm","15":"pa_material-travertino","16":"pa_oberflaeche-polido","17":"pa_oberflaeche-lixado","18":"pa_oberflaeche-escovado","20":"first","21":"instock","22":"taxable","23":"shipping-taxable","24":"purchasable","25":"product-type-variable","26":"has-default-attributes"},"yoast_head":"<!-- This site is optimized with the Yoast SEO plugin v27.3 - https:\/\/yoast.com\/product\/yoast-seo-wordpress\/ -->\n<title>Travertino Romano Classico (poros preenchidos) - Travertino Pavimento envio gr\u00e1tis - Colour of Stone<\/title>\n<meta name=\"description\" content=\"Travertino Romano Classico \u00e9 um travertino bege. Devido \u00e0 sua estrutura estriada homog\u00eanea com poros preenchidos, Travertino Romano Classico \u00e9 envolto por ...\" \/>\n<meta name=\"robots\" content=\"index, follow, max-snippet:-1, max-image-preview:large, max-video-preview:-1\" \/>\n<link rel=\"canonical\" href=\"https:\/\/colourofstone.com\/pt-pt\/shop\/pedra-natural\/pavimento-pt-pt\/travertino-romano-classico-poros-preenchidos\/\" \/>\n<meta property=\"og:locale\" content=\"pt_PT\" \/>\n<meta property=\"og:type\" content=\"article\" \/>\n<meta property=\"og:title\" content=\"Travertino Romano Classico (poros preenchidos) - Travertino Pavimento envio gr\u00e1tis - Colour of Stone\" \/>\n<meta property=\"og:description\" content=\"Travertino Romano Classico \u00e9 um travertino bege. Devido \u00e0 sua estrutura estriada homog\u00eanea com poros preenchidos, Travertino Romano Classico \u00e9 envolto por ...\" \/>\n<meta property=\"og:url\" content=\"https:\/\/colourofstone.com\/pt-pt\/shop\/pedra-natural\/pavimento-pt-pt\/travertino-romano-classico-poros-preenchidos\/\" \/>\n<meta property=\"og:site_name\" content=\"Colour of Stone\" \/>\n<meta property=\"article:modified_time\" content=\"2023-02-11T12:30:45+00:00\" \/>\n<meta property=\"og:image\" content=\"https:\/\/colourofstone.com\/wp-content\/uploads\/Travertino-Classico-Romano-901_1.jpg\" \/>\n\t<meta property=\"og:image:width\" content=\"1600\" \/>\n\t<meta property=\"og:image:height\" content=\"1600\" \/>\n\t<meta property=\"og:image:type\" content=\"image\/jpeg\" \/>\n<meta name=\"twitter:card\" content=\"summary_large_image\" \/>\n<meta name=\"twitter:label1\" content=\"Tempo estimado de leitura\" \/>\n\t<meta name=\"twitter:data1\" content=\"1 minuto\" \/>\n<script type=\"application\/ld+json\" class=\"yoast-schema-graph\">{\"@context\":\"https:\\\/\\\/schema.org\",\"@graph\":[{\"@type\":\"WebPage\",\"@id\":\"https:\\\/\\\/colourofstone.com\\\/pt-pt\\\/shop\\\/pedra-natural\\\/pavimento-pt-pt\\\/travertino-romano-classico-poros-preenchidos\\\/\",\"url\":\"https:\\\/\\\/colourofstone.com\\\/pt-pt\\\/shop\\\/pedra-natural\\\/pavimento-pt-pt\\\/travertino-romano-classico-poros-preenchidos\\\/\",\"name\":\"Travertino Romano Classico (poros preenchidos) - Travertino Pavimento envio gr\u00e1tis - Colour of Stone\",\"isPartOf\":{\"@id\":\"https:\\\/\\\/colourofstone.com\\\/pt-pt\\\/#website\"},\"primaryImageOfPage\":{\"@id\":\"https:\\\/\\\/colourofstone.com\\\/pt-pt\\\/shop\\\/pedra-natural\\\/pavimento-pt-pt\\\/travertino-romano-classico-poros-preenchidos\\\/#primaryimage\"},\"image\":{\"@id\":\"https:\\\/\\\/colourofstone.com\\\/pt-pt\\\/shop\\\/pedra-natural\\\/pavimento-pt-pt\\\/travertino-romano-classico-poros-preenchidos\\\/#primaryimage\"},\"thumbnailUrl\":\"https:\\\/\\\/colourofstone.com\\\/wp-content\\\/uploads\\\/Travertino-Classico-Romano-901_1.jpg\",\"datePublished\":\"2022-11-03T10:53:43+00:00\",\"dateModified\":\"2023-02-11T12:30:45+00:00\",\"description\":\"Travertino Romano Classico \u00e9 um travertino bege. Devido \u00e0 sua estrutura estriada homog\u00eanea com poros preenchidos, Travertino Romano Classico \u00e9 envolto por ...\",\"breadcrumb\":{\"@id\":\"https:\\\/\\\/colourofstone.com\\\/pt-pt\\\/shop\\\/pedra-natural\\\/pavimento-pt-pt\\\/travertino-romano-classico-poros-preenchidos\\\/#breadcrumb\"},\"inLanguage\":\"pt-PT\",\"potentialAction\":[{\"@type\":\"ReadAction\",\"target\":[\"https:\\\/\\\/colourofstone.com\\\/pt-pt\\\/shop\\\/pedra-natural\\\/pavimento-pt-pt\\\/travertino-romano-classico-poros-preenchidos\\\/\"]}]},{\"@type\":\"ImageObject\",\"inLanguage\":\"pt-PT\",\"@id\":\"https:\\\/\\\/colourofstone.com\\\/pt-pt\\\/shop\\\/pedra-natural\\\/pavimento-pt-pt\\\/travertino-romano-classico-poros-preenchidos\\\/#primaryimage\",\"url\":\"https:\\\/\\\/colourofstone.com\\\/wp-content\\\/uploads\\\/Travertino-Classico-Romano-901_1.jpg\",\"contentUrl\":\"https:\\\/\\\/colourofstone.com\\\/wp-content\\\/uploads\\\/Travertino-Classico-Romano-901_1.jpg\",\"width\":1600,\"height\":1600,\"caption\":\"Travertino Classico Romano\"},{\"@type\":\"BreadcrumbList\",\"@id\":\"https:\\\/\\\/colourofstone.com\\\/pt-pt\\\/shop\\\/pedra-natural\\\/pavimento-pt-pt\\\/travertino-romano-classico-poros-preenchidos\\\/#breadcrumb\",\"itemListElement\":[{\"@type\":\"ListItem\",\"position\":1,\"name\":\"Home\",\"item\":\"https:\\\/\\\/colourofstone.com\\\/pt-pt\\\/\"},{\"@type\":\"ListItem\",\"position\":2,\"name\":\"Shop\",\"item\":\"https:\\\/\\\/colourofstone.com\\\/pt-pt\\\/shop\\\/\"},{\"@type\":\"ListItem\",\"position\":3,\"name\":\"Travertino\",\"item\":\"https:\\\/\\\/colourofstone.com\\\/pt-pt\\\/material\\\/travertino\\\/\"},{\"@type\":\"ListItem\",\"position\":4,\"name\":\"Travertino Romano Classico (poros preenchidos)\"}]},{\"@type\":\"WebSite\",\"@id\":\"https:\\\/\\\/colourofstone.com\\\/pt-pt\\\/#website\",\"url\":\"https:\\\/\\\/colourofstone.com\\\/pt-pt\\\/\",\"name\":\"Colour of Stone\",\"description\":\"Fliesen, Haus und Garten Produkte aus Naturstein - Online Shop\",\"publisher\":{\"@id\":\"https:\\\/\\\/colourofstone.com\\\/pt-pt\\\/#organization\"},\"potentialAction\":[{\"@type\":\"SearchAction\",\"target\":{\"@type\":\"EntryPoint\",\"urlTemplate\":\"https:\\\/\\\/colourofstone.com\\\/pt-pt\\\/?s={search_term_string}\"},\"query-input\":{\"@type\":\"PropertyValueSpecification\",\"valueRequired\":true,\"valueName\":\"search_term_string\"}}],\"inLanguage\":\"pt-PT\"},{\"@type\":\"Organization\",\"@id\":\"https:\\\/\\\/colourofstone.com\\\/pt-pt\\\/#organization\",\"name\":\"Colour of Stone GmbH\",\"url\":\"https:\\\/\\\/colourofstone.com\\\/pt-pt\\\/\",\"logo\":{\"@type\":\"ImageObject\",\"inLanguage\":\"pt-PT\",\"@id\":\"https:\\\/\\\/colourofstone.com\\\/pt-pt\\\/#\\\/schema\\\/logo\\\/image\\\/\",\"url\":\"https:\\\/\\\/colourofstone.com\\\/wp-content\\\/uploads\\\/99FC1526-DF3B-44F1-9816-9278D3194252-scaled.jpeg\",\"contentUrl\":\"https:\\\/\\\/colourofstone.com\\\/wp-content\\\/uploads\\\/99FC1526-DF3B-44F1-9816-9278D3194252-scaled.jpeg\",\"width\":2125,\"height\":2560,\"caption\":\"Colour of Stone GmbH\"},\"image\":{\"@id\":\"https:\\\/\\\/colourofstone.com\\\/pt-pt\\\/#\\\/schema\\\/logo\\\/image\\\/\"},\"sameAs\":[\"https:\\\/\\\/www.instagram.com\\\/colourofstone\\\/\"]}]}<\/script>\n<!-- \/ Yoast SEO plugin. -->","yoast_head_json":{"title":"Travertino Romano Classico (poros preenchidos) - Travertino Pavimento envio gr\u00e1tis - Colour of Stone","description":"Travertino Romano Classico \u00e9 um travertino bege. Devido \u00e0 sua estrutura estriada homog\u00eanea com poros preenchidos, Travertino Romano Classico \u00e9 envolto por ...","robots":{"index":"index","follow":"follow","max-snippet":"max-snippet:-1","max-image-preview":"max-image-preview:large","max-video-preview":"max-video-preview:-1"},"canonical":"https:\/\/colourofstone.com\/pt-pt\/shop\/pedra-natural\/pavimento-pt-pt\/travertino-romano-classico-poros-preenchidos\/","og_locale":"pt_PT","og_type":"article","og_title":"Travertino Romano Classico (poros preenchidos) - Travertino Pavimento envio gr\u00e1tis - Colour of Stone","og_description":"Travertino Romano Classico \u00e9 um travertino bege. Devido \u00e0 sua estrutura estriada homog\u00eanea com poros preenchidos, Travertino Romano Classico \u00e9 envolto por ...","og_url":"https:\/\/colourofstone.com\/pt-pt\/shop\/pedra-natural\/pavimento-pt-pt\/travertino-romano-classico-poros-preenchidos\/","og_site_name":"Colour of Stone","article_modified_time":"2023-02-11T12:30:45+00:00","og_image":[{"width":1600,"height":1600,"url":"https:\/\/colourofstone.com\/wp-content\/uploads\/Travertino-Classico-Romano-901_1.jpg","type":"image\/jpeg"}],"twitter_card":"summary_large_image","twitter_misc":{"Tempo estimado de leitura":"1 minuto"},"schema":{"@context":"https:\/\/schema.org","@graph":[{"@type":"WebPage","@id":"https:\/\/colourofstone.com\/pt-pt\/shop\/pedra-natural\/pavimento-pt-pt\/travertino-romano-classico-poros-preenchidos\/","url":"https:\/\/colourofstone.com\/pt-pt\/shop\/pedra-natural\/pavimento-pt-pt\/travertino-romano-classico-poros-preenchidos\/","name":"Travertino Romano Classico (poros preenchidos) - Travertino Pavimento envio gr\u00e1tis - Colour of Stone","isPartOf":{"@id":"https:\/\/colourofstone.com\/pt-pt\/#website"},"primaryImageOfPage":{"@id":"https:\/\/colourofstone.com\/pt-pt\/shop\/pedra-natural\/pavimento-pt-pt\/travertino-romano-classico-poros-preenchidos\/#primaryimage"},"image":{"@id":"https:\/\/colourofstone.com\/pt-pt\/shop\/pedra-natural\/pavimento-pt-pt\/travertino-romano-classico-poros-preenchidos\/#primaryimage"},"thumbnailUrl":"https:\/\/colourofstone.com\/wp-content\/uploads\/Travertino-Classico-Romano-901_1.jpg","datePublished":"2022-11-03T10:53:43+00:00","dateModified":"2023-02-11T12:30:45+00:00","description":"Travertino Romano Classico \u00e9 um travertino bege. Devido \u00e0 sua estrutura estriada homog\u00eanea com poros preenchidos, Travertino Romano Classico \u00e9 envolto por ...","breadcrumb":{"@id":"https:\/\/colourofstone.com\/pt-pt\/shop\/pedra-natural\/pavimento-pt-pt\/travertino-romano-classico-poros-preenchidos\/#breadcrumb"},"inLanguage":"pt-PT","potentialAction":[{"@type":"ReadAction","target":["https:\/\/colourofstone.com\/pt-pt\/shop\/pedra-natural\/pavimento-pt-pt\/travertino-romano-classico-poros-preenchidos\/"]}]},{"@type":"ImageObject","inLanguage":"pt-PT","@id":"https:\/\/colourofstone.com\/pt-pt\/shop\/pedra-natural\/pavimento-pt-pt\/travertino-romano-classico-poros-preenchidos\/#primaryimage","url":"https:\/\/colourofstone.com\/wp-content\/uploads\/Travertino-Classico-Romano-901_1.jpg","contentUrl":"https:\/\/colourofstone.com\/wp-content\/uploads\/Travertino-Classico-Romano-901_1.jpg","width":1600,"height":1600,"caption":"Travertino Classico Romano"},{"@type":"BreadcrumbList","@id":"https:\/\/colourofstone.com\/pt-pt\/shop\/pedra-natural\/pavimento-pt-pt\/travertino-romano-classico-poros-preenchidos\/#breadcrumb","itemListElement":[{"@type":"ListItem","position":1,"name":"Home","item":"https:\/\/colourofstone.com\/pt-pt\/"},{"@type":"ListItem","position":2,"name":"Shop","item":"https:\/\/colourofstone.com\/pt-pt\/shop\/"},{"@type":"ListItem","position":3,"name":"Travertino","item":"https:\/\/colourofstone.com\/pt-pt\/material\/travertino\/"},{"@type":"ListItem","position":4,"name":"Travertino Romano Classico (poros preenchidos)"}]},{"@type":"WebSite","@id":"https:\/\/colourofstone.com\/pt-pt\/#website","url":"https:\/\/colourofstone.com\/pt-pt\/","name":"Colour of Stone","description":"Fliesen, Haus und Garten Produkte aus Naturstein - Online Shop","publisher":{"@id":"https:\/\/colourofstone.com\/pt-pt\/#organization"},"potentialAction":[{"@type":"SearchAction","target":{"@type":"EntryPoint","urlTemplate":"https:\/\/colourofstone.com\/pt-pt\/?s={search_term_string}"},"query-input":{"@type":"PropertyValueSpecification","valueRequired":true,"valueName":"search_term_string"}}],"inLanguage":"pt-PT"},{"@type":"Organization","@id":"https:\/\/colourofstone.com\/pt-pt\/#organization","name":"Colour of Stone GmbH","url":"https:\/\/colourofstone.com\/pt-pt\/","logo":{"@type":"ImageObject","inLanguage":"pt-PT","@id":"https:\/\/colourofstone.com\/pt-pt\/#\/schema\/logo\/image\/","url":"https:\/\/colourofstone.com\/wp-content\/uploads\/99FC1526-DF3B-44F1-9816-9278D3194252-scaled.jpeg","contentUrl":"https:\/\/colourofstone.com\/wp-content\/uploads\/99FC1526-DF3B-44F1-9816-9278D3194252-scaled.jpeg","width":2125,"height":2560,"caption":"Colour of Stone GmbH"},"image":{"@id":"https:\/\/colourofstone.com\/pt-pt\/#\/schema\/logo\/image\/"},"sameAs":["https:\/\/www.instagram.com\/colourofstone\/"]}]}},"_links":{"self":[{"href":"https:\/\/colourofstone.com\/pt-pt\/wp-json\/wp\/v2\/product\/50550","targetHints":{"allow":["GET"]}}],"collection":[{"href":"https:\/\/colourofstone.com\/pt-pt\/wp-json\/wp\/v2\/product"}],"about":[{"href":"https:\/\/colourofstone.com\/pt-pt\/wp-json\/wp\/v2\/types\/product"}],"wp:featuredmedia":[{"embeddable":true,"href":"https:\/\/colourofstone.com\/pt-pt\/wp-json\/wp\/v2\/media\/29002"}],"wp:attachment":[{"href":"https:\/\/colourofstone.com\/pt-pt\/wp-json\/wp\/v2\/media?parent=50550"}],"wp:term":[{"taxonomy":"product_brand","embeddable":true,"href":"https:\/\/colourofstone.com\/pt-pt\/wp-json\/wp\/v2\/product_brand?post=50550"},{"taxonomy":"product_cat","embeddable":true,"href":"https:\/\/colourofstone.com\/pt-pt\/wp-json\/wp\/v2\/product_cat?post=50550"},{"taxonomy":"product_tag","embeddable":true,"href":"https:\/\/colourofstone.com\/pt-pt\/wp-json\/wp\/v2\/product_tag?post=50550"}],"curies":[{"name":"wp","href":"https:\/\/api.w.org\/{rel}","templated":true}]}}