{"id":59347,"date":"2023-01-15T12:04:10","date_gmt":"2023-01-15T12:05:14","guid":{"rendered":"https:\/\/colourofstone.com\/?post_type=product&#038;p=59347"},"modified":"2023-02-08T10:57:09","modified_gmt":"2023-02-08T10:57:09","slug":"giallo-reale-2cm","status":"publish","type":"product","link":"https:\/\/colourofstone.com\/pt-pt\/shop\/pedra-natural\/pavimento-pt-pt\/giallo-reale-2cm\/","title":{"rendered":"Giallo Reale"},"content":{"rendered":"<p>Giallo Reale impressiona pelas suas magn\u00edficas estruturas bege e amareladas com inclus\u00f5es avermelhadas. Giallo Reale \u00e9 perfeitamente adequado para interiores em estilo country. Este m\u00e1rmore incomum \u00e9 extra\u00eddo em pedreiras menores na prov\u00edncia de Vicenza, por exemplo em Velo Veronese.<\/p>\n<p>&nbsp;<\/p>\n<p>Esta pedra natural n\u00e3o \u00e9 resistente \u00e0 geada e aos \u00e1cidos. \u00c9 perfeitamente adequado para ambientes internos. Com a devida sensibilidade e conhecimento, esta pedra natural tamb\u00e9m pode ser utilizada em outras \u00e1reas.<\/p>\n\n        <script>\n        function toggleInchInfo(el) {\n            const infoBox = el.nextElementSibling;\n            if (infoBox.style.display === \"none\") {\n                infoBox.style.display = \"inline\";\n            } else {\n                infoBox.style.display = \"none\";\n            }\n        }\n        <\/script>\n        <style>\n            .cm-info {\n                cursor: pointer;\n                color: #0073aa;\n                font-weight: bold;\n                margin-left: 4px;\n            }\n            .inch-info {\n                display: none;\n                background: #f8f8f8;\n                border: 1px solid #ccc;\n                padding: 4px 8px;\n                margin-left: 5px;\n                font-size: 0.9em;\n                border-radius: 4px;\n            }\n        <\/style>","protected":false},"excerpt":{"rendered":"<p>Giallo Reale impressiona pelas suas magn\u00edficas estruturas bege e amareladas com inclus\u00f5es avermelhadas. Giallo Reale \u00e9 perfeitamente adequado para interiores em estilo country. Este m\u00e1rmore incomum \u00e9 extra\u00eddo em pedreiras menores na prov\u00edncia de Vicenza, por exemplo em Velo Veronese. &nbsp; Esta pedra natural n\u00e3o \u00e9 resistente \u00e0 geada e aos \u00e1cidos. \u00c9 perfeitamente adequado <a href=\"https:\/\/colourofstone.com\/pt-pt\/shop\/pedra-natural\/pavimento-pt-pt\/giallo-reale-2cm\/\" class=\"more-link\">&#8230;<\/a><\/p>\n","protected":false},"featured_media":28036,"template":"","meta":[],"product_brand":[],"product_cat":[2348],"product_tag":[],"class_list":{"0":"post-59347","1":"product","2":"type-product","3":"status-publish","4":"has-post-thumbnail","6":"product_cat-pavimento-pt-pt","7":"product_shipping_class-prazo-de-entrega-ca-3-semanas","8":"pa_farbe-bege","9":"pa_farbe-amarelo","10":"pa_farbe-vermelho","11":"pa_farbe-claro","12":"pa_masseinheit-30-x-30-cm","13":"pa_masseinheit-60-x-30-cm","14":"pa_masseinheit-40-x-40-cm","15":"pa_masseinheit-60-x-40-cm","16":"pa_masseinheit-60-x-60-cm","17":"pa_material-marmore","18":"pa_oberflaeche-polido","19":"pa_oberflaeche-lixado","20":"pa_oberflaeche-escovado","22":"first","23":"instock","24":"taxable","25":"shipping-taxable","26":"purchasable","27":"product-type-variable","28":"has-default-attributes"},"yoast_head":"<!-- This site is optimized with the Yoast SEO plugin v27.3 - https:\/\/yoast.com\/product\/yoast-seo-wordpress\/ -->\n<title>Giallo Reale - M\u00e1rmore Pavimento envio gr\u00e1tis - Colour of Stone<\/title>\n<meta name=\"description\" content=\"Giallo Reale impressiona pelas suas magn\u00edficas estruturas bege e amareladas com inclus\u00f5es avermelhadas. Giallo Reale \u00e9 perfeitamente adequado para ...\" \/>\n<meta name=\"robots\" content=\"index, follow, max-snippet:-1, max-image-preview:large, max-video-preview:-1\" \/>\n<link rel=\"canonical\" href=\"https:\/\/colourofstone.com\/pt-pt\/shop\/pedra-natural\/pavimento-pt-pt\/giallo-reale-2cm\/\" \/>\n<meta property=\"og:locale\" content=\"pt_PT\" \/>\n<meta property=\"og:type\" content=\"article\" \/>\n<meta property=\"og:title\" content=\"Giallo Reale - M\u00e1rmore Pavimento envio gr\u00e1tis - Colour of Stone\" \/>\n<meta property=\"og:description\" content=\"Giallo Reale impressiona pelas suas magn\u00edficas estruturas bege e amareladas com inclus\u00f5es avermelhadas. Giallo Reale \u00e9 perfeitamente adequado para ...\" \/>\n<meta property=\"og:url\" content=\"https:\/\/colourofstone.com\/pt-pt\/shop\/pedra-natural\/pavimento-pt-pt\/giallo-reale-2cm\/\" \/>\n<meta property=\"og:site_name\" content=\"Colour of Stone\" \/>\n<meta property=\"article:modified_time\" content=\"2023-02-08T10:57:09+00:00\" \/>\n<meta property=\"og:image\" content=\"https:\/\/colourofstone.com\/wp-content\/uploads\/Giallo-Reale-901_1.jpg\" \/>\n\t<meta property=\"og:image:width\" content=\"1600\" \/>\n\t<meta property=\"og:image:height\" content=\"1600\" \/>\n\t<meta property=\"og:image:type\" content=\"image\/jpeg\" \/>\n<meta name=\"twitter:card\" content=\"summary_large_image\" \/>\n<meta name=\"twitter:label1\" content=\"Tempo estimado de leitura\" \/>\n\t<meta name=\"twitter:data1\" content=\"1 minuto\" \/>\n<script type=\"application\/ld+json\" class=\"yoast-schema-graph\">{\"@context\":\"https:\\\/\\\/schema.org\",\"@graph\":[{\"@type\":\"WebPage\",\"@id\":\"https:\\\/\\\/colourofstone.com\\\/pt-pt\\\/shop\\\/pedra-natural\\\/pavimento-pt-pt\\\/giallo-reale-2cm\\\/\",\"url\":\"https:\\\/\\\/colourofstone.com\\\/pt-pt\\\/shop\\\/pedra-natural\\\/pavimento-pt-pt\\\/giallo-reale-2cm\\\/\",\"name\":\"Giallo Reale - M\u00e1rmore Pavimento envio gr\u00e1tis - Colour of Stone\",\"isPartOf\":{\"@id\":\"https:\\\/\\\/colourofstone.com\\\/pt-pt\\\/#website\"},\"primaryImageOfPage\":{\"@id\":\"https:\\\/\\\/colourofstone.com\\\/pt-pt\\\/shop\\\/pedra-natural\\\/pavimento-pt-pt\\\/giallo-reale-2cm\\\/#primaryimage\"},\"image\":{\"@id\":\"https:\\\/\\\/colourofstone.com\\\/pt-pt\\\/shop\\\/pedra-natural\\\/pavimento-pt-pt\\\/giallo-reale-2cm\\\/#primaryimage\"},\"thumbnailUrl\":\"https:\\\/\\\/colourofstone.com\\\/wp-content\\\/uploads\\\/Giallo-Reale-901_1.jpg\",\"datePublished\":\"2023-01-15T12:05:14+00:00\",\"dateModified\":\"2023-02-08T10:57:09+00:00\",\"description\":\"Giallo Reale impressiona pelas suas magn\u00edficas estruturas bege e amareladas com inclus\u00f5es avermelhadas. Giallo Reale \u00e9 perfeitamente adequado para ...\",\"breadcrumb\":{\"@id\":\"https:\\\/\\\/colourofstone.com\\\/pt-pt\\\/shop\\\/pedra-natural\\\/pavimento-pt-pt\\\/giallo-reale-2cm\\\/#breadcrumb\"},\"inLanguage\":\"pt-PT\",\"potentialAction\":[{\"@type\":\"ReadAction\",\"target\":[\"https:\\\/\\\/colourofstone.com\\\/pt-pt\\\/shop\\\/pedra-natural\\\/pavimento-pt-pt\\\/giallo-reale-2cm\\\/\"]}]},{\"@type\":\"ImageObject\",\"inLanguage\":\"pt-PT\",\"@id\":\"https:\\\/\\\/colourofstone.com\\\/pt-pt\\\/shop\\\/pedra-natural\\\/pavimento-pt-pt\\\/giallo-reale-2cm\\\/#primaryimage\",\"url\":\"https:\\\/\\\/colourofstone.com\\\/wp-content\\\/uploads\\\/Giallo-Reale-901_1.jpg\",\"contentUrl\":\"https:\\\/\\\/colourofstone.com\\\/wp-content\\\/uploads\\\/Giallo-Reale-901_1.jpg\",\"width\":1600,\"height\":1600,\"caption\":\"Giallo Reale\"},{\"@type\":\"BreadcrumbList\",\"@id\":\"https:\\\/\\\/colourofstone.com\\\/pt-pt\\\/shop\\\/pedra-natural\\\/pavimento-pt-pt\\\/giallo-reale-2cm\\\/#breadcrumb\",\"itemListElement\":[{\"@type\":\"ListItem\",\"position\":1,\"name\":\"Home\",\"item\":\"https:\\\/\\\/colourofstone.com\\\/pt-pt\\\/\"},{\"@type\":\"ListItem\",\"position\":2,\"name\":\"Shop\",\"item\":\"https:\\\/\\\/colourofstone.com\\\/pt-pt\\\/shop\\\/\"},{\"@type\":\"ListItem\",\"position\":3,\"name\":\"M\u00e1rmore\",\"item\":\"https:\\\/\\\/colourofstone.com\\\/pt-pt\\\/material\\\/marmore\\\/\"},{\"@type\":\"ListItem\",\"position\":4,\"name\":\"Giallo Reale\"}]},{\"@type\":\"WebSite\",\"@id\":\"https:\\\/\\\/colourofstone.com\\\/pt-pt\\\/#website\",\"url\":\"https:\\\/\\\/colourofstone.com\\\/pt-pt\\\/\",\"name\":\"Colour of Stone\",\"description\":\"Fliesen, Haus und Garten Produkte aus Naturstein - Online Shop\",\"publisher\":{\"@id\":\"https:\\\/\\\/colourofstone.com\\\/pt-pt\\\/#organization\"},\"potentialAction\":[{\"@type\":\"SearchAction\",\"target\":{\"@type\":\"EntryPoint\",\"urlTemplate\":\"https:\\\/\\\/colourofstone.com\\\/pt-pt\\\/?s={search_term_string}\"},\"query-input\":{\"@type\":\"PropertyValueSpecification\",\"valueRequired\":true,\"valueName\":\"search_term_string\"}}],\"inLanguage\":\"pt-PT\"},{\"@type\":\"Organization\",\"@id\":\"https:\\\/\\\/colourofstone.com\\\/pt-pt\\\/#organization\",\"name\":\"Colour of Stone GmbH\",\"url\":\"https:\\\/\\\/colourofstone.com\\\/pt-pt\\\/\",\"logo\":{\"@type\":\"ImageObject\",\"inLanguage\":\"pt-PT\",\"@id\":\"https:\\\/\\\/colourofstone.com\\\/pt-pt\\\/#\\\/schema\\\/logo\\\/image\\\/\",\"url\":\"https:\\\/\\\/colourofstone.com\\\/wp-content\\\/uploads\\\/99FC1526-DF3B-44F1-9816-9278D3194252-scaled.jpeg\",\"contentUrl\":\"https:\\\/\\\/colourofstone.com\\\/wp-content\\\/uploads\\\/99FC1526-DF3B-44F1-9816-9278D3194252-scaled.jpeg\",\"width\":2125,\"height\":2560,\"caption\":\"Colour of Stone GmbH\"},\"image\":{\"@id\":\"https:\\\/\\\/colourofstone.com\\\/pt-pt\\\/#\\\/schema\\\/logo\\\/image\\\/\"},\"sameAs\":[\"https:\\\/\\\/www.instagram.com\\\/colourofstone\\\/\"]}]}<\/script>\n<!-- \/ Yoast SEO plugin. -->","yoast_head_json":{"title":"Giallo Reale - M\u00e1rmore Pavimento envio gr\u00e1tis - Colour of Stone","description":"Giallo Reale impressiona pelas suas magn\u00edficas estruturas bege e amareladas com inclus\u00f5es avermelhadas. Giallo Reale \u00e9 perfeitamente adequado para ...","robots":{"index":"index","follow":"follow","max-snippet":"max-snippet:-1","max-image-preview":"max-image-preview:large","max-video-preview":"max-video-preview:-1"},"canonical":"https:\/\/colourofstone.com\/pt-pt\/shop\/pedra-natural\/pavimento-pt-pt\/giallo-reale-2cm\/","og_locale":"pt_PT","og_type":"article","og_title":"Giallo Reale - M\u00e1rmore Pavimento envio gr\u00e1tis - Colour of Stone","og_description":"Giallo Reale impressiona pelas suas magn\u00edficas estruturas bege e amareladas com inclus\u00f5es avermelhadas. Giallo Reale \u00e9 perfeitamente adequado para ...","og_url":"https:\/\/colourofstone.com\/pt-pt\/shop\/pedra-natural\/pavimento-pt-pt\/giallo-reale-2cm\/","og_site_name":"Colour of Stone","article_modified_time":"2023-02-08T10:57:09+00:00","og_image":[{"width":1600,"height":1600,"url":"https:\/\/colourofstone.com\/wp-content\/uploads\/Giallo-Reale-901_1.jpg","type":"image\/jpeg"}],"twitter_card":"summary_large_image","twitter_misc":{"Tempo estimado de leitura":"1 minuto"},"schema":{"@context":"https:\/\/schema.org","@graph":[{"@type":"WebPage","@id":"https:\/\/colourofstone.com\/pt-pt\/shop\/pedra-natural\/pavimento-pt-pt\/giallo-reale-2cm\/","url":"https:\/\/colourofstone.com\/pt-pt\/shop\/pedra-natural\/pavimento-pt-pt\/giallo-reale-2cm\/","name":"Giallo Reale - M\u00e1rmore Pavimento envio gr\u00e1tis - Colour of Stone","isPartOf":{"@id":"https:\/\/colourofstone.com\/pt-pt\/#website"},"primaryImageOfPage":{"@id":"https:\/\/colourofstone.com\/pt-pt\/shop\/pedra-natural\/pavimento-pt-pt\/giallo-reale-2cm\/#primaryimage"},"image":{"@id":"https:\/\/colourofstone.com\/pt-pt\/shop\/pedra-natural\/pavimento-pt-pt\/giallo-reale-2cm\/#primaryimage"},"thumbnailUrl":"https:\/\/colourofstone.com\/wp-content\/uploads\/Giallo-Reale-901_1.jpg","datePublished":"2023-01-15T12:05:14+00:00","dateModified":"2023-02-08T10:57:09+00:00","description":"Giallo Reale impressiona pelas suas magn\u00edficas estruturas bege e amareladas com inclus\u00f5es avermelhadas. Giallo Reale \u00e9 perfeitamente adequado para ...","breadcrumb":{"@id":"https:\/\/colourofstone.com\/pt-pt\/shop\/pedra-natural\/pavimento-pt-pt\/giallo-reale-2cm\/#breadcrumb"},"inLanguage":"pt-PT","potentialAction":[{"@type":"ReadAction","target":["https:\/\/colourofstone.com\/pt-pt\/shop\/pedra-natural\/pavimento-pt-pt\/giallo-reale-2cm\/"]}]},{"@type":"ImageObject","inLanguage":"pt-PT","@id":"https:\/\/colourofstone.com\/pt-pt\/shop\/pedra-natural\/pavimento-pt-pt\/giallo-reale-2cm\/#primaryimage","url":"https:\/\/colourofstone.com\/wp-content\/uploads\/Giallo-Reale-901_1.jpg","contentUrl":"https:\/\/colourofstone.com\/wp-content\/uploads\/Giallo-Reale-901_1.jpg","width":1600,"height":1600,"caption":"Giallo Reale"},{"@type":"BreadcrumbList","@id":"https:\/\/colourofstone.com\/pt-pt\/shop\/pedra-natural\/pavimento-pt-pt\/giallo-reale-2cm\/#breadcrumb","itemListElement":[{"@type":"ListItem","position":1,"name":"Home","item":"https:\/\/colourofstone.com\/pt-pt\/"},{"@type":"ListItem","position":2,"name":"Shop","item":"https:\/\/colourofstone.com\/pt-pt\/shop\/"},{"@type":"ListItem","position":3,"name":"M\u00e1rmore","item":"https:\/\/colourofstone.com\/pt-pt\/material\/marmore\/"},{"@type":"ListItem","position":4,"name":"Giallo Reale"}]},{"@type":"WebSite","@id":"https:\/\/colourofstone.com\/pt-pt\/#website","url":"https:\/\/colourofstone.com\/pt-pt\/","name":"Colour of Stone","description":"Fliesen, Haus und Garten Produkte aus Naturstein - Online Shop","publisher":{"@id":"https:\/\/colourofstone.com\/pt-pt\/#organization"},"potentialAction":[{"@type":"SearchAction","target":{"@type":"EntryPoint","urlTemplate":"https:\/\/colourofstone.com\/pt-pt\/?s={search_term_string}"},"query-input":{"@type":"PropertyValueSpecification","valueRequired":true,"valueName":"search_term_string"}}],"inLanguage":"pt-PT"},{"@type":"Organization","@id":"https:\/\/colourofstone.com\/pt-pt\/#organization","name":"Colour of Stone GmbH","url":"https:\/\/colourofstone.com\/pt-pt\/","logo":{"@type":"ImageObject","inLanguage":"pt-PT","@id":"https:\/\/colourofstone.com\/pt-pt\/#\/schema\/logo\/image\/","url":"https:\/\/colourofstone.com\/wp-content\/uploads\/99FC1526-DF3B-44F1-9816-9278D3194252-scaled.jpeg","contentUrl":"https:\/\/colourofstone.com\/wp-content\/uploads\/99FC1526-DF3B-44F1-9816-9278D3194252-scaled.jpeg","width":2125,"height":2560,"caption":"Colour of Stone GmbH"},"image":{"@id":"https:\/\/colourofstone.com\/pt-pt\/#\/schema\/logo\/image\/"},"sameAs":["https:\/\/www.instagram.com\/colourofstone\/"]}]}},"_links":{"self":[{"href":"https:\/\/colourofstone.com\/pt-pt\/wp-json\/wp\/v2\/product\/59347","targetHints":{"allow":["GET"]}}],"collection":[{"href":"https:\/\/colourofstone.com\/pt-pt\/wp-json\/wp\/v2\/product"}],"about":[{"href":"https:\/\/colourofstone.com\/pt-pt\/wp-json\/wp\/v2\/types\/product"}],"wp:featuredmedia":[{"embeddable":true,"href":"https:\/\/colourofstone.com\/pt-pt\/wp-json\/wp\/v2\/media\/28036"}],"wp:attachment":[{"href":"https:\/\/colourofstone.com\/pt-pt\/wp-json\/wp\/v2\/media?parent=59347"}],"wp:term":[{"taxonomy":"product_brand","embeddable":true,"href":"https:\/\/colourofstone.com\/pt-pt\/wp-json\/wp\/v2\/product_brand?post=59347"},{"taxonomy":"product_cat","embeddable":true,"href":"https:\/\/colourofstone.com\/pt-pt\/wp-json\/wp\/v2\/product_cat?post=59347"},{"taxonomy":"product_tag","embeddable":true,"href":"https:\/\/colourofstone.com\/pt-pt\/wp-json\/wp\/v2\/product_tag?post=59347"}],"curies":[{"name":"wp","href":"https:\/\/api.w.org\/{rel}","templated":true}]}}