{"id":64441,"date":"2023-05-01T08:10:20","date_gmt":"2023-05-01T08:11:31","guid":{"rendered":"https:\/\/colourofstone.com\/?post_type=product&#038;p=64441"},"modified":"2023-05-01T08:37:49","modified_gmt":"2023-05-01T08:37:49","slug":"bardiglio-imperiale-2cm","status":"publish","type":"product","link":"https:\/\/colourofstone.com\/pt-pt\/shop\/pedra-natural\/pavimento-pt-pt\/bardiglio-imperiale-2cm\/","title":{"rendered":"Bardiglio Imperiale"},"content":{"rendered":"<p>O Bardiglio Imperiale \u00e9 um m\u00e1rmore homog\u00e9neo. O seu gr\u00e3o atraente nas cores cinza e antracite combina com muitos estilos diferentes de mobili\u00e1rio.<\/p>\n<p>&nbsp;<\/p>\n<p>Azulejos feitos de pedra natural Bardiglio Imperiale est\u00e3o dispon\u00edveis em 8 formatos diferentes de 30,5 x 30,5 x 1 cm <span class='cm-info' onclick='toggleInchInfo(this)'>\u2139\ufe0f<\/span>\n        <div class='inch-info'>\u2248 12\" x 0.4\"<\/div> a 100 x 100 x 1 cm <span class='cm-info' onclick='toggleInchInfo(this)'>\u2139\ufe0f<\/span>\n        <div class='inch-info'>\u2248 39.4\" x 0.4\"<\/div>. Esta variedade \u00e9 \u00fanica e apenas permanentemente dispon\u00edvel na Colour of Stone.<\/p>\n<p>&nbsp;<\/p>\n<p>Bardiglio Imperiale \u00e9 extra\u00eddo na pedreira em It\u00e1lia, perto da cidade de Seravezza. Da pedreira tem-se uma vista fant\u00e1stica sobre a costa de Versilia.<\/p>\n<p>&nbsp;<\/p>\n<p>Esta pedra natural n\u00e3o \u00e9 resistente \u00e0 geada e n\u00e3o \u00e9 resistente aos \u00e1cidos. \u00c9 perfeitamente adequado para uso interior. Com a sensibilidade e conhecimento adequados, esta pedra natural tamb\u00e9m pode ser utilizada noutras \u00e1reas.<\/p>\n\n        <script>\n        function toggleInchInfo(el) {\n            const infoBox = el.nextElementSibling;\n            if (infoBox.style.display === \"none\") {\n                infoBox.style.display = \"inline\";\n            } else {\n                infoBox.style.display = \"none\";\n            }\n        }\n        <\/script>\n        <style>\n            .cm-info {\n                cursor: pointer;\n                color: #0073aa;\n                font-weight: bold;\n                margin-left: 4px;\n            }\n            .inch-info {\n                display: none;\n                background: #f8f8f8;\n                border: 1px solid #ccc;\n                padding: 4px 8px;\n                margin-left: 5px;\n                font-size: 0.9em;\n                border-radius: 4px;\n            }\n        <\/style>","protected":false},"excerpt":{"rendered":"<p>O Bardiglio Imperiale \u00e9 um m\u00e1rmore homog\u00e9neo. O seu gr\u00e3o atraente nas cores cinza e antracite combina com muitos estilos diferentes de mobili\u00e1rio. &nbsp; Azulejos feitos de pedra natural Bardiglio Imperiale est\u00e3o dispon\u00edveis em 8 formatos diferentes de 30,5 x 30,5 x 1 cm \u2139\ufe0f \u2248 12&#8243; x 0.4&#8243; a 100 x 100 x 1 <a href=\"https:\/\/colourofstone.com\/pt-pt\/shop\/pedra-natural\/pavimento-pt-pt\/bardiglio-imperiale-2cm\/\" class=\"more-link\">&#8230;<\/a><\/p>\n","protected":false},"featured_media":27259,"template":"","meta":[],"product_brand":[],"product_cat":[2348],"product_tag":[],"class_list":{"0":"post-64441","1":"product","2":"type-product","3":"status-publish","4":"has-post-thumbnail","6":"product_cat-pavimento-pt-pt","7":"pa_farbe-azul","8":"pa_farbe-cinzento","9":"pa_farbe-escuro","10":"pa_masseinheit-30-x-30-cm","11":"pa_masseinheit-60-x-30-cm","12":"pa_masseinheit-40-x-40-cm","13":"pa_masseinheit-60-x-40-cm","14":"pa_masseinheit-60-x-60-cm","15":"pa_material-marmore","16":"pa_oberflaeche-polido","17":"pa_oberflaeche-lixado","18":"pa_oberflaeche-escovado","20":"first","21":"instock","22":"taxable","23":"shipping-taxable","24":"purchasable","25":"product-type-variable","26":"has-default-attributes"},"yoast_head":"<!-- This site is optimized with the Yoast SEO plugin v27.3 - https:\/\/yoast.com\/product\/yoast-seo-wordpress\/ -->\n<title>Bardiglio Imperiale - M\u00e1rmore Pavimento envio gr\u00e1tis - Colour of Stone<\/title>\n<meta name=\"description\" content=\"O Bardiglio Imperiale \u00e9 um m\u00e1rmore homog\u00e9neo. O seu gr\u00e3o atraente nas cores cinza e antracite combina com muitos estilos diferentes de mobili\u00e1rio. &nbsp; ...\" \/>\n<meta name=\"robots\" content=\"index, follow, max-snippet:-1, max-image-preview:large, max-video-preview:-1\" \/>\n<link rel=\"canonical\" href=\"https:\/\/colourofstone.com\/pt-pt\/shop\/pedra-natural\/pavimento-pt-pt\/bardiglio-imperiale-2cm\/\" \/>\n<meta property=\"og:locale\" content=\"pt_PT\" \/>\n<meta property=\"og:type\" content=\"article\" \/>\n<meta property=\"og:title\" content=\"Bardiglio Imperiale - M\u00e1rmore Pavimento envio gr\u00e1tis - Colour of Stone\" \/>\n<meta property=\"og:description\" content=\"O Bardiglio Imperiale \u00e9 um m\u00e1rmore homog\u00e9neo. O seu gr\u00e3o atraente nas cores cinza e antracite combina com muitos estilos diferentes de mobili\u00e1rio. &nbsp; ...\" \/>\n<meta property=\"og:url\" content=\"https:\/\/colourofstone.com\/pt-pt\/shop\/pedra-natural\/pavimento-pt-pt\/bardiglio-imperiale-2cm\/\" \/>\n<meta property=\"og:site_name\" content=\"Colour of Stone\" \/>\n<meta property=\"article:modified_time\" content=\"2023-05-01T08:37:49+00:00\" \/>\n<meta property=\"og:image\" content=\"https:\/\/colourofstone.com\/wp-content\/uploads\/Bardiglio-Imperiale1.jpg\" \/>\n\t<meta property=\"og:image:width\" content=\"1600\" \/>\n\t<meta property=\"og:image:height\" content=\"1600\" \/>\n\t<meta property=\"og:image:type\" content=\"image\/jpeg\" \/>\n<meta name=\"twitter:card\" content=\"summary_large_image\" \/>\n<meta name=\"twitter:label1\" content=\"Tempo estimado de leitura\" \/>\n\t<meta name=\"twitter:data1\" content=\"1 minuto\" \/>\n<script type=\"application\/ld+json\" class=\"yoast-schema-graph\">{\"@context\":\"https:\\\/\\\/schema.org\",\"@graph\":[{\"@type\":\"WebPage\",\"@id\":\"https:\\\/\\\/colourofstone.com\\\/pt-pt\\\/shop\\\/pedra-natural\\\/pavimento-pt-pt\\\/bardiglio-imperiale-2cm\\\/\",\"url\":\"https:\\\/\\\/colourofstone.com\\\/pt-pt\\\/shop\\\/pedra-natural\\\/pavimento-pt-pt\\\/bardiglio-imperiale-2cm\\\/\",\"name\":\"Bardiglio Imperiale - M\u00e1rmore Pavimento envio gr\u00e1tis - Colour of Stone\",\"isPartOf\":{\"@id\":\"https:\\\/\\\/colourofstone.com\\\/pt-pt\\\/#website\"},\"primaryImageOfPage\":{\"@id\":\"https:\\\/\\\/colourofstone.com\\\/pt-pt\\\/shop\\\/pedra-natural\\\/pavimento-pt-pt\\\/bardiglio-imperiale-2cm\\\/#primaryimage\"},\"image\":{\"@id\":\"https:\\\/\\\/colourofstone.com\\\/pt-pt\\\/shop\\\/pedra-natural\\\/pavimento-pt-pt\\\/bardiglio-imperiale-2cm\\\/#primaryimage\"},\"thumbnailUrl\":\"https:\\\/\\\/colourofstone.com\\\/wp-content\\\/uploads\\\/Bardiglio-Imperiale1.jpg\",\"datePublished\":\"2023-05-01T08:11:31+00:00\",\"dateModified\":\"2023-05-01T08:37:49+00:00\",\"description\":\"O Bardiglio Imperiale \u00e9 um m\u00e1rmore homog\u00e9neo. O seu gr\u00e3o atraente nas cores cinza e antracite combina com muitos estilos diferentes de mobili\u00e1rio. &nbsp; ...\",\"breadcrumb\":{\"@id\":\"https:\\\/\\\/colourofstone.com\\\/pt-pt\\\/shop\\\/pedra-natural\\\/pavimento-pt-pt\\\/bardiglio-imperiale-2cm\\\/#breadcrumb\"},\"inLanguage\":\"pt-PT\",\"potentialAction\":[{\"@type\":\"ReadAction\",\"target\":[\"https:\\\/\\\/colourofstone.com\\\/pt-pt\\\/shop\\\/pedra-natural\\\/pavimento-pt-pt\\\/bardiglio-imperiale-2cm\\\/\"]}]},{\"@type\":\"ImageObject\",\"inLanguage\":\"pt-PT\",\"@id\":\"https:\\\/\\\/colourofstone.com\\\/pt-pt\\\/shop\\\/pedra-natural\\\/pavimento-pt-pt\\\/bardiglio-imperiale-2cm\\\/#primaryimage\",\"url\":\"https:\\\/\\\/colourofstone.com\\\/wp-content\\\/uploads\\\/Bardiglio-Imperiale1.jpg\",\"contentUrl\":\"https:\\\/\\\/colourofstone.com\\\/wp-content\\\/uploads\\\/Bardiglio-Imperiale1.jpg\",\"width\":1600,\"height\":1600,\"caption\":\"Bardiglio Imperiale\"},{\"@type\":\"BreadcrumbList\",\"@id\":\"https:\\\/\\\/colourofstone.com\\\/pt-pt\\\/shop\\\/pedra-natural\\\/pavimento-pt-pt\\\/bardiglio-imperiale-2cm\\\/#breadcrumb\",\"itemListElement\":[{\"@type\":\"ListItem\",\"position\":1,\"name\":\"Home\",\"item\":\"https:\\\/\\\/colourofstone.com\\\/pt-pt\\\/\"},{\"@type\":\"ListItem\",\"position\":2,\"name\":\"Shop\",\"item\":\"https:\\\/\\\/colourofstone.com\\\/pt-pt\\\/shop\\\/\"},{\"@type\":\"ListItem\",\"position\":3,\"name\":\"M\u00e1rmore\",\"item\":\"https:\\\/\\\/colourofstone.com\\\/pt-pt\\\/material\\\/marmore\\\/\"},{\"@type\":\"ListItem\",\"position\":4,\"name\":\"Bardiglio Imperiale\"}]},{\"@type\":\"WebSite\",\"@id\":\"https:\\\/\\\/colourofstone.com\\\/pt-pt\\\/#website\",\"url\":\"https:\\\/\\\/colourofstone.com\\\/pt-pt\\\/\",\"name\":\"Colour of Stone\",\"description\":\"Fliesen, Haus und Garten Produkte aus Naturstein - Online Shop\",\"publisher\":{\"@id\":\"https:\\\/\\\/colourofstone.com\\\/pt-pt\\\/#organization\"},\"potentialAction\":[{\"@type\":\"SearchAction\",\"target\":{\"@type\":\"EntryPoint\",\"urlTemplate\":\"https:\\\/\\\/colourofstone.com\\\/pt-pt\\\/?s={search_term_string}\"},\"query-input\":{\"@type\":\"PropertyValueSpecification\",\"valueRequired\":true,\"valueName\":\"search_term_string\"}}],\"inLanguage\":\"pt-PT\"},{\"@type\":\"Organization\",\"@id\":\"https:\\\/\\\/colourofstone.com\\\/pt-pt\\\/#organization\",\"name\":\"Colour of Stone GmbH\",\"url\":\"https:\\\/\\\/colourofstone.com\\\/pt-pt\\\/\",\"logo\":{\"@type\":\"ImageObject\",\"inLanguage\":\"pt-PT\",\"@id\":\"https:\\\/\\\/colourofstone.com\\\/pt-pt\\\/#\\\/schema\\\/logo\\\/image\\\/\",\"url\":\"https:\\\/\\\/colourofstone.com\\\/wp-content\\\/uploads\\\/99FC1526-DF3B-44F1-9816-9278D3194252-scaled.jpeg\",\"contentUrl\":\"https:\\\/\\\/colourofstone.com\\\/wp-content\\\/uploads\\\/99FC1526-DF3B-44F1-9816-9278D3194252-scaled.jpeg\",\"width\":2125,\"height\":2560,\"caption\":\"Colour of Stone GmbH\"},\"image\":{\"@id\":\"https:\\\/\\\/colourofstone.com\\\/pt-pt\\\/#\\\/schema\\\/logo\\\/image\\\/\"},\"sameAs\":[\"https:\\\/\\\/www.instagram.com\\\/colourofstone\\\/\"]}]}<\/script>\n<!-- \/ Yoast SEO plugin. -->","yoast_head_json":{"title":"Bardiglio Imperiale - M\u00e1rmore Pavimento envio gr\u00e1tis - Colour of Stone","description":"O Bardiglio Imperiale \u00e9 um m\u00e1rmore homog\u00e9neo. O seu gr\u00e3o atraente nas cores cinza e antracite combina com muitos estilos diferentes de mobili\u00e1rio. &nbsp; ...","robots":{"index":"index","follow":"follow","max-snippet":"max-snippet:-1","max-image-preview":"max-image-preview:large","max-video-preview":"max-video-preview:-1"},"canonical":"https:\/\/colourofstone.com\/pt-pt\/shop\/pedra-natural\/pavimento-pt-pt\/bardiglio-imperiale-2cm\/","og_locale":"pt_PT","og_type":"article","og_title":"Bardiglio Imperiale - M\u00e1rmore Pavimento envio gr\u00e1tis - Colour of Stone","og_description":"O Bardiglio Imperiale \u00e9 um m\u00e1rmore homog\u00e9neo. O seu gr\u00e3o atraente nas cores cinza e antracite combina com muitos estilos diferentes de mobili\u00e1rio. &nbsp; ...","og_url":"https:\/\/colourofstone.com\/pt-pt\/shop\/pedra-natural\/pavimento-pt-pt\/bardiglio-imperiale-2cm\/","og_site_name":"Colour of Stone","article_modified_time":"2023-05-01T08:37:49+00:00","og_image":[{"width":1600,"height":1600,"url":"https:\/\/colourofstone.com\/wp-content\/uploads\/Bardiglio-Imperiale1.jpg","type":"image\/jpeg"}],"twitter_card":"summary_large_image","twitter_misc":{"Tempo estimado de leitura":"1 minuto"},"schema":{"@context":"https:\/\/schema.org","@graph":[{"@type":"WebPage","@id":"https:\/\/colourofstone.com\/pt-pt\/shop\/pedra-natural\/pavimento-pt-pt\/bardiglio-imperiale-2cm\/","url":"https:\/\/colourofstone.com\/pt-pt\/shop\/pedra-natural\/pavimento-pt-pt\/bardiglio-imperiale-2cm\/","name":"Bardiglio Imperiale - M\u00e1rmore Pavimento envio gr\u00e1tis - Colour of Stone","isPartOf":{"@id":"https:\/\/colourofstone.com\/pt-pt\/#website"},"primaryImageOfPage":{"@id":"https:\/\/colourofstone.com\/pt-pt\/shop\/pedra-natural\/pavimento-pt-pt\/bardiglio-imperiale-2cm\/#primaryimage"},"image":{"@id":"https:\/\/colourofstone.com\/pt-pt\/shop\/pedra-natural\/pavimento-pt-pt\/bardiglio-imperiale-2cm\/#primaryimage"},"thumbnailUrl":"https:\/\/colourofstone.com\/wp-content\/uploads\/Bardiglio-Imperiale1.jpg","datePublished":"2023-05-01T08:11:31+00:00","dateModified":"2023-05-01T08:37:49+00:00","description":"O Bardiglio Imperiale \u00e9 um m\u00e1rmore homog\u00e9neo. O seu gr\u00e3o atraente nas cores cinza e antracite combina com muitos estilos diferentes de mobili\u00e1rio. &nbsp; ...","breadcrumb":{"@id":"https:\/\/colourofstone.com\/pt-pt\/shop\/pedra-natural\/pavimento-pt-pt\/bardiglio-imperiale-2cm\/#breadcrumb"},"inLanguage":"pt-PT","potentialAction":[{"@type":"ReadAction","target":["https:\/\/colourofstone.com\/pt-pt\/shop\/pedra-natural\/pavimento-pt-pt\/bardiglio-imperiale-2cm\/"]}]},{"@type":"ImageObject","inLanguage":"pt-PT","@id":"https:\/\/colourofstone.com\/pt-pt\/shop\/pedra-natural\/pavimento-pt-pt\/bardiglio-imperiale-2cm\/#primaryimage","url":"https:\/\/colourofstone.com\/wp-content\/uploads\/Bardiglio-Imperiale1.jpg","contentUrl":"https:\/\/colourofstone.com\/wp-content\/uploads\/Bardiglio-Imperiale1.jpg","width":1600,"height":1600,"caption":"Bardiglio Imperiale"},{"@type":"BreadcrumbList","@id":"https:\/\/colourofstone.com\/pt-pt\/shop\/pedra-natural\/pavimento-pt-pt\/bardiglio-imperiale-2cm\/#breadcrumb","itemListElement":[{"@type":"ListItem","position":1,"name":"Home","item":"https:\/\/colourofstone.com\/pt-pt\/"},{"@type":"ListItem","position":2,"name":"Shop","item":"https:\/\/colourofstone.com\/pt-pt\/shop\/"},{"@type":"ListItem","position":3,"name":"M\u00e1rmore","item":"https:\/\/colourofstone.com\/pt-pt\/material\/marmore\/"},{"@type":"ListItem","position":4,"name":"Bardiglio Imperiale"}]},{"@type":"WebSite","@id":"https:\/\/colourofstone.com\/pt-pt\/#website","url":"https:\/\/colourofstone.com\/pt-pt\/","name":"Colour of Stone","description":"Fliesen, Haus und Garten Produkte aus Naturstein - Online Shop","publisher":{"@id":"https:\/\/colourofstone.com\/pt-pt\/#organization"},"potentialAction":[{"@type":"SearchAction","target":{"@type":"EntryPoint","urlTemplate":"https:\/\/colourofstone.com\/pt-pt\/?s={search_term_string}"},"query-input":{"@type":"PropertyValueSpecification","valueRequired":true,"valueName":"search_term_string"}}],"inLanguage":"pt-PT"},{"@type":"Organization","@id":"https:\/\/colourofstone.com\/pt-pt\/#organization","name":"Colour of Stone GmbH","url":"https:\/\/colourofstone.com\/pt-pt\/","logo":{"@type":"ImageObject","inLanguage":"pt-PT","@id":"https:\/\/colourofstone.com\/pt-pt\/#\/schema\/logo\/image\/","url":"https:\/\/colourofstone.com\/wp-content\/uploads\/99FC1526-DF3B-44F1-9816-9278D3194252-scaled.jpeg","contentUrl":"https:\/\/colourofstone.com\/wp-content\/uploads\/99FC1526-DF3B-44F1-9816-9278D3194252-scaled.jpeg","width":2125,"height":2560,"caption":"Colour of Stone GmbH"},"image":{"@id":"https:\/\/colourofstone.com\/pt-pt\/#\/schema\/logo\/image\/"},"sameAs":["https:\/\/www.instagram.com\/colourofstone\/"]}]}},"_links":{"self":[{"href":"https:\/\/colourofstone.com\/pt-pt\/wp-json\/wp\/v2\/product\/64441","targetHints":{"allow":["GET"]}}],"collection":[{"href":"https:\/\/colourofstone.com\/pt-pt\/wp-json\/wp\/v2\/product"}],"about":[{"href":"https:\/\/colourofstone.com\/pt-pt\/wp-json\/wp\/v2\/types\/product"}],"wp:featuredmedia":[{"embeddable":true,"href":"https:\/\/colourofstone.com\/pt-pt\/wp-json\/wp\/v2\/media\/27259"}],"wp:attachment":[{"href":"https:\/\/colourofstone.com\/pt-pt\/wp-json\/wp\/v2\/media?parent=64441"}],"wp:term":[{"taxonomy":"product_brand","embeddable":true,"href":"https:\/\/colourofstone.com\/pt-pt\/wp-json\/wp\/v2\/product_brand?post=64441"},{"taxonomy":"product_cat","embeddable":true,"href":"https:\/\/colourofstone.com\/pt-pt\/wp-json\/wp\/v2\/product_cat?post=64441"},{"taxonomy":"product_tag","embeddable":true,"href":"https:\/\/colourofstone.com\/pt-pt\/wp-json\/wp\/v2\/product_tag?post=64441"}],"curies":[{"name":"wp","href":"https:\/\/api.w.org\/{rel}","templated":true}]}}