{"id":9873,"date":"2021-03-20T01:52:53","date_gmt":"2020-08-06T13:59:53","guid":{"rendered":"https:\/\/colourofstone.com\/shop\/sem%20categoria\/travertino-noce\/"},"modified":"2026-01-05T00:00:08","modified_gmt":"2026-01-05T00:00:08","slug":"travertino-noce","status":"publish","type":"product","link":"https:\/\/colourofstone.com\/pt-pt\/shop\/pedra-natural\/azulejos\/travertino-noce\/","title":{"rendered":"Travertino Noce (poros preenchidos)"},"content":{"rendered":"<p>Travertino Noce tem uma cor marrom quente. Travertino Noce irradia um ambiente confort\u00e1vel. Sua estrutura clara com seus poros preenchidos \u00e9 perfeita em qualquer situa\u00e7\u00e3o de decora\u00e7\u00e3o. Esta pedra muito fina \u00e9 extra\u00edda no Tivoli perto de Roma.<\/p>\n<p>&nbsp;<\/p>\n<p>Travertino \u00e9 sempre entregue recheado. Perguntas sobre travertino de poros abertos podem ser enviadas por e-mail.<\/p>\n<p>&nbsp;<\/p>\n<p>Esta pedra natural n\u00e3o \u00e9 resistente \u00e0 geada e aos \u00e1cidos. \u00c9 perfeitamente adequado para ambientes internos. Com a devida sensibilidade e conhecimento, esta pedra natural tamb\u00e9m pode ser utilizada em outras \u00e1reas.<\/p>\n\n        <script>\n        function toggleInchInfo(el) {\n            const infoBox = el.nextElementSibling;\n            if (infoBox.style.display === \"none\") {\n                infoBox.style.display = \"inline\";\n            } else {\n                infoBox.style.display = \"none\";\n            }\n        }\n        <\/script>\n        <style>\n            .cm-info {\n                cursor: pointer;\n                color: #0073aa;\n                font-weight: bold;\n                margin-left: 4px;\n            }\n            .inch-info {\n                display: none;\n                background: #f8f8f8;\n                border: 1px solid #ccc;\n                padding: 4px 8px;\n                margin-left: 5px;\n                font-size: 0.9em;\n                border-radius: 4px;\n            }\n        <\/style>","protected":false},"excerpt":{"rendered":"<p>Travertino Noce tem uma cor marrom quente. Travertino Noce irradia um ambiente confort\u00e1vel. Sua estrutura clara com seus poros preenchidos \u00e9 perfeita em qualquer situa\u00e7\u00e3o de decora\u00e7\u00e3o. Esta pedra muito fina \u00e9 extra\u00edda no Tivoli perto de Roma. &nbsp; Travertino \u00e9 sempre entregue recheado. Perguntas sobre travertino de poros abertos podem ser enviadas por e-mail. <a href=\"https:\/\/colourofstone.com\/pt-pt\/shop\/pedra-natural\/azulejos\/travertino-noce\/\" class=\"more-link\">&#8230;<\/a><\/p>\n","protected":false},"featured_media":29044,"template":"","meta":[],"product_brand":[],"product_cat":[528],"product_tag":[],"class_list":{"0":"post-9873","1":"product","2":"type-product","3":"status-publish","4":"has-post-thumbnail","6":"product_cat-azulejos","7":"pa_farbe-bege","8":"pa_farbe-castanho","9":"pa_farbe-escuro","10":"pa_farbe-claro","11":"pa_masseinheit-305-x-305-cm","12":"pa_masseinheit-61-x-305-cm","13":"pa_masseinheit-40-x-40-cm","14":"pa_masseinheit-457-x-457-cm","15":"pa_masseinheit-60-x-40-cm","16":"pa_masseinheit-60-x-60-cm","17":"pa_masseinheit-80-x-80-cm","18":"pa_masseinheit-100-x-100-cm","19":"pa_material-travertino","20":"pa_oberflaeche-polido","21":"pa_oberflaeche-lixado","22":"pa_oberflaeche-escovado","24":"first","25":"instock","26":"taxable","27":"shipping-taxable","28":"purchasable","29":"product-type-variable","30":"has-default-attributes"},"yoast_head":"<!-- This site is optimized with the Yoast SEO plugin v27.4 - https:\/\/yoast.com\/product\/yoast-seo-wordpress\/ -->\n<title>Travertino Noce (poros preenchidos) - Travertino Azulejos envio gr\u00e1tis - Colour of Stone<\/title>\n<meta name=\"description\" content=\"Travertino Noce tem uma cor marrom quente. Travertino Noce irradia um ambiente confort\u00e1vel. Sua estrutura clara com seus poros preenchidos \u00e9 perfeita em ...\" \/>\n<meta name=\"robots\" content=\"index, follow, max-snippet:-1, max-image-preview:large, max-video-preview:-1\" \/>\n<link rel=\"canonical\" href=\"https:\/\/colourofstone.com\/pt-pt\/shop\/pedra-natural\/azulejos\/travertino-noce\/\" \/>\n<meta property=\"og:locale\" content=\"pt_PT\" \/>\n<meta property=\"og:type\" content=\"article\" \/>\n<meta property=\"og:title\" content=\"Travertino Noce (poros preenchidos) - Travertino Azulejos envio gr\u00e1tis - Colour of Stone\" \/>\n<meta property=\"og:description\" content=\"Travertino Noce tem uma cor marrom quente. Travertino Noce irradia um ambiente confort\u00e1vel. Sua estrutura clara com seus poros preenchidos \u00e9 perfeita em ...\" \/>\n<meta property=\"og:url\" content=\"https:\/\/colourofstone.com\/pt-pt\/shop\/pedra-natural\/azulejos\/travertino-noce\/\" \/>\n<meta property=\"og:site_name\" content=\"Colour of Stone\" \/>\n<meta property=\"article:modified_time\" content=\"2026-01-05T00:00:08+00:00\" \/>\n<meta property=\"og:image\" content=\"https:\/\/colourofstone.com\/wp-content\/uploads\/Travertino-Noce-901_1.jpg\" \/>\n\t<meta property=\"og:image:width\" content=\"1600\" \/>\n\t<meta property=\"og:image:height\" content=\"1600\" \/>\n\t<meta property=\"og:image:type\" content=\"image\/jpeg\" \/>\n<meta name=\"twitter:card\" content=\"summary_large_image\" \/>\n<meta name=\"twitter:label1\" content=\"Tempo estimado de leitura\" \/>\n\t<meta name=\"twitter:data1\" content=\"1 minuto\" \/>\n<script type=\"application\/ld+json\" class=\"yoast-schema-graph\">{\"@context\":\"https:\\\/\\\/schema.org\",\"@graph\":[{\"@type\":\"WebPage\",\"@id\":\"https:\\\/\\\/colourofstone.com\\\/pt-pt\\\/shop\\\/pedra-natural\\\/azulejos\\\/travertino-noce\\\/\",\"url\":\"https:\\\/\\\/colourofstone.com\\\/pt-pt\\\/shop\\\/pedra-natural\\\/azulejos\\\/travertino-noce\\\/\",\"name\":\"Travertino Noce (poros preenchidos) - Travertino Azulejos envio gr\u00e1tis - Colour of Stone\",\"isPartOf\":{\"@id\":\"https:\\\/\\\/colourofstone.com\\\/pt-pt\\\/#website\"},\"primaryImageOfPage\":{\"@id\":\"https:\\\/\\\/colourofstone.com\\\/pt-pt\\\/shop\\\/pedra-natural\\\/azulejos\\\/travertino-noce\\\/#primaryimage\"},\"image\":{\"@id\":\"https:\\\/\\\/colourofstone.com\\\/pt-pt\\\/shop\\\/pedra-natural\\\/azulejos\\\/travertino-noce\\\/#primaryimage\"},\"thumbnailUrl\":\"https:\\\/\\\/colourofstone.com\\\/wp-content\\\/uploads\\\/Travertino-Noce-901_1.jpg\",\"datePublished\":\"2020-08-06T13:59:53+00:00\",\"dateModified\":\"2026-01-05T00:00:08+00:00\",\"description\":\"Travertino Noce tem uma cor marrom quente. Travertino Noce irradia um ambiente confort\u00e1vel. Sua estrutura clara com seus poros preenchidos \u00e9 perfeita em ...\",\"breadcrumb\":{\"@id\":\"https:\\\/\\\/colourofstone.com\\\/pt-pt\\\/shop\\\/pedra-natural\\\/azulejos\\\/travertino-noce\\\/#breadcrumb\"},\"inLanguage\":\"pt-PT\",\"potentialAction\":[{\"@type\":\"ReadAction\",\"target\":[\"https:\\\/\\\/colourofstone.com\\\/pt-pt\\\/shop\\\/pedra-natural\\\/azulejos\\\/travertino-noce\\\/\"]}]},{\"@type\":\"ImageObject\",\"inLanguage\":\"pt-PT\",\"@id\":\"https:\\\/\\\/colourofstone.com\\\/pt-pt\\\/shop\\\/pedra-natural\\\/azulejos\\\/travertino-noce\\\/#primaryimage\",\"url\":\"https:\\\/\\\/colourofstone.com\\\/wp-content\\\/uploads\\\/Travertino-Noce-901_1.jpg\",\"contentUrl\":\"https:\\\/\\\/colourofstone.com\\\/wp-content\\\/uploads\\\/Travertino-Noce-901_1.jpg\",\"width\":1600,\"height\":1600,\"caption\":\"Travertino Noce\"},{\"@type\":\"BreadcrumbList\",\"@id\":\"https:\\\/\\\/colourofstone.com\\\/pt-pt\\\/shop\\\/pedra-natural\\\/azulejos\\\/travertino-noce\\\/#breadcrumb\",\"itemListElement\":[{\"@type\":\"ListItem\",\"position\":1,\"name\":\"Home\",\"item\":\"https:\\\/\\\/colourofstone.com\\\/pt-pt\\\/\"},{\"@type\":\"ListItem\",\"position\":2,\"name\":\"Shop\",\"item\":\"https:\\\/\\\/colourofstone.com\\\/pt-pt\\\/shop\\\/\"},{\"@type\":\"ListItem\",\"position\":3,\"name\":\"Travertino\",\"item\":\"https:\\\/\\\/colourofstone.com\\\/pt-pt\\\/material\\\/travertino\\\/\"},{\"@type\":\"ListItem\",\"position\":4,\"name\":\"Travertino Noce (poros preenchidos)\"}]},{\"@type\":\"WebSite\",\"@id\":\"https:\\\/\\\/colourofstone.com\\\/pt-pt\\\/#website\",\"url\":\"https:\\\/\\\/colourofstone.com\\\/pt-pt\\\/\",\"name\":\"Colour of Stone\",\"description\":\"Fliesen, Haus und Garten Produkte aus Naturstein - Online Shop\",\"publisher\":{\"@id\":\"https:\\\/\\\/colourofstone.com\\\/pt-pt\\\/#organization\"},\"potentialAction\":[{\"@type\":\"SearchAction\",\"target\":{\"@type\":\"EntryPoint\",\"urlTemplate\":\"https:\\\/\\\/colourofstone.com\\\/pt-pt\\\/?s={search_term_string}\"},\"query-input\":{\"@type\":\"PropertyValueSpecification\",\"valueRequired\":true,\"valueName\":\"search_term_string\"}}],\"inLanguage\":\"pt-PT\"},{\"@type\":\"Organization\",\"@id\":\"https:\\\/\\\/colourofstone.com\\\/pt-pt\\\/#organization\",\"name\":\"Colour of Stone GmbH\",\"url\":\"https:\\\/\\\/colourofstone.com\\\/pt-pt\\\/\",\"logo\":{\"@type\":\"ImageObject\",\"inLanguage\":\"pt-PT\",\"@id\":\"https:\\\/\\\/colourofstone.com\\\/pt-pt\\\/#\\\/schema\\\/logo\\\/image\\\/\",\"url\":\"https:\\\/\\\/colourofstone.com\\\/wp-content\\\/uploads\\\/99FC1526-DF3B-44F1-9816-9278D3194252-scaled.jpeg\",\"contentUrl\":\"https:\\\/\\\/colourofstone.com\\\/wp-content\\\/uploads\\\/99FC1526-DF3B-44F1-9816-9278D3194252-scaled.jpeg\",\"width\":2125,\"height\":2560,\"caption\":\"Colour of Stone GmbH\"},\"image\":{\"@id\":\"https:\\\/\\\/colourofstone.com\\\/pt-pt\\\/#\\\/schema\\\/logo\\\/image\\\/\"},\"sameAs\":[\"https:\\\/\\\/www.instagram.com\\\/colourofstone\\\/\"]}]}<\/script>\n<!-- \/ Yoast SEO plugin. -->","yoast_head_json":{"title":"Travertino Noce (poros preenchidos) - Travertino Azulejos envio gr\u00e1tis - Colour of Stone","description":"Travertino Noce tem uma cor marrom quente. Travertino Noce irradia um ambiente confort\u00e1vel. Sua estrutura clara com seus poros preenchidos \u00e9 perfeita em ...","robots":{"index":"index","follow":"follow","max-snippet":"max-snippet:-1","max-image-preview":"max-image-preview:large","max-video-preview":"max-video-preview:-1"},"canonical":"https:\/\/colourofstone.com\/pt-pt\/shop\/pedra-natural\/azulejos\/travertino-noce\/","og_locale":"pt_PT","og_type":"article","og_title":"Travertino Noce (poros preenchidos) - Travertino Azulejos envio gr\u00e1tis - Colour of Stone","og_description":"Travertino Noce tem uma cor marrom quente. Travertino Noce irradia um ambiente confort\u00e1vel. Sua estrutura clara com seus poros preenchidos \u00e9 perfeita em ...","og_url":"https:\/\/colourofstone.com\/pt-pt\/shop\/pedra-natural\/azulejos\/travertino-noce\/","og_site_name":"Colour of Stone","article_modified_time":"2026-01-05T00:00:08+00:00","og_image":[{"width":1600,"height":1600,"url":"https:\/\/colourofstone.com\/wp-content\/uploads\/Travertino-Noce-901_1.jpg","type":"image\/jpeg"}],"twitter_card":"summary_large_image","twitter_misc":{"Tempo estimado de leitura":"1 minuto"},"schema":{"@context":"https:\/\/schema.org","@graph":[{"@type":"WebPage","@id":"https:\/\/colourofstone.com\/pt-pt\/shop\/pedra-natural\/azulejos\/travertino-noce\/","url":"https:\/\/colourofstone.com\/pt-pt\/shop\/pedra-natural\/azulejos\/travertino-noce\/","name":"Travertino Noce (poros preenchidos) - Travertino Azulejos envio gr\u00e1tis - Colour of Stone","isPartOf":{"@id":"https:\/\/colourofstone.com\/pt-pt\/#website"},"primaryImageOfPage":{"@id":"https:\/\/colourofstone.com\/pt-pt\/shop\/pedra-natural\/azulejos\/travertino-noce\/#primaryimage"},"image":{"@id":"https:\/\/colourofstone.com\/pt-pt\/shop\/pedra-natural\/azulejos\/travertino-noce\/#primaryimage"},"thumbnailUrl":"https:\/\/colourofstone.com\/wp-content\/uploads\/Travertino-Noce-901_1.jpg","datePublished":"2020-08-06T13:59:53+00:00","dateModified":"2026-01-05T00:00:08+00:00","description":"Travertino Noce tem uma cor marrom quente. Travertino Noce irradia um ambiente confort\u00e1vel. Sua estrutura clara com seus poros preenchidos \u00e9 perfeita em ...","breadcrumb":{"@id":"https:\/\/colourofstone.com\/pt-pt\/shop\/pedra-natural\/azulejos\/travertino-noce\/#breadcrumb"},"inLanguage":"pt-PT","potentialAction":[{"@type":"ReadAction","target":["https:\/\/colourofstone.com\/pt-pt\/shop\/pedra-natural\/azulejos\/travertino-noce\/"]}]},{"@type":"ImageObject","inLanguage":"pt-PT","@id":"https:\/\/colourofstone.com\/pt-pt\/shop\/pedra-natural\/azulejos\/travertino-noce\/#primaryimage","url":"https:\/\/colourofstone.com\/wp-content\/uploads\/Travertino-Noce-901_1.jpg","contentUrl":"https:\/\/colourofstone.com\/wp-content\/uploads\/Travertino-Noce-901_1.jpg","width":1600,"height":1600,"caption":"Travertino Noce"},{"@type":"BreadcrumbList","@id":"https:\/\/colourofstone.com\/pt-pt\/shop\/pedra-natural\/azulejos\/travertino-noce\/#breadcrumb","itemListElement":[{"@type":"ListItem","position":1,"name":"Home","item":"https:\/\/colourofstone.com\/pt-pt\/"},{"@type":"ListItem","position":2,"name":"Shop","item":"https:\/\/colourofstone.com\/pt-pt\/shop\/"},{"@type":"ListItem","position":3,"name":"Travertino","item":"https:\/\/colourofstone.com\/pt-pt\/material\/travertino\/"},{"@type":"ListItem","position":4,"name":"Travertino Noce (poros preenchidos)"}]},{"@type":"WebSite","@id":"https:\/\/colourofstone.com\/pt-pt\/#website","url":"https:\/\/colourofstone.com\/pt-pt\/","name":"Colour of Stone","description":"Fliesen, Haus und Garten Produkte aus Naturstein - Online Shop","publisher":{"@id":"https:\/\/colourofstone.com\/pt-pt\/#organization"},"potentialAction":[{"@type":"SearchAction","target":{"@type":"EntryPoint","urlTemplate":"https:\/\/colourofstone.com\/pt-pt\/?s={search_term_string}"},"query-input":{"@type":"PropertyValueSpecification","valueRequired":true,"valueName":"search_term_string"}}],"inLanguage":"pt-PT"},{"@type":"Organization","@id":"https:\/\/colourofstone.com\/pt-pt\/#organization","name":"Colour of Stone GmbH","url":"https:\/\/colourofstone.com\/pt-pt\/","logo":{"@type":"ImageObject","inLanguage":"pt-PT","@id":"https:\/\/colourofstone.com\/pt-pt\/#\/schema\/logo\/image\/","url":"https:\/\/colourofstone.com\/wp-content\/uploads\/99FC1526-DF3B-44F1-9816-9278D3194252-scaled.jpeg","contentUrl":"https:\/\/colourofstone.com\/wp-content\/uploads\/99FC1526-DF3B-44F1-9816-9278D3194252-scaled.jpeg","width":2125,"height":2560,"caption":"Colour of Stone GmbH"},"image":{"@id":"https:\/\/colourofstone.com\/pt-pt\/#\/schema\/logo\/image\/"},"sameAs":["https:\/\/www.instagram.com\/colourofstone\/"]}]}},"_links":{"self":[{"href":"https:\/\/colourofstone.com\/pt-pt\/wp-json\/wp\/v2\/product\/9873","targetHints":{"allow":["GET"]}}],"collection":[{"href":"https:\/\/colourofstone.com\/pt-pt\/wp-json\/wp\/v2\/product"}],"about":[{"href":"https:\/\/colourofstone.com\/pt-pt\/wp-json\/wp\/v2\/types\/product"}],"wp:featuredmedia":[{"embeddable":true,"href":"https:\/\/colourofstone.com\/pt-pt\/wp-json\/wp\/v2\/media\/29044"}],"wp:attachment":[{"href":"https:\/\/colourofstone.com\/pt-pt\/wp-json\/wp\/v2\/media?parent=9873"}],"wp:term":[{"taxonomy":"product_brand","embeddable":true,"href":"https:\/\/colourofstone.com\/pt-pt\/wp-json\/wp\/v2\/product_brand?post=9873"},{"taxonomy":"product_cat","embeddable":true,"href":"https:\/\/colourofstone.com\/pt-pt\/wp-json\/wp\/v2\/product_cat?post=9873"},{"taxonomy":"product_tag","embeddable":true,"href":"https:\/\/colourofstone.com\/pt-pt\/wp-json\/wp\/v2\/product_tag?post=9873"}],"curies":[{"name":"wp","href":"https:\/\/api.w.org\/{rel}","templated":true}]}}